{"id":6211,"date":"2016-10-18T09:37:37","date_gmt":"2016-10-18T09:37:37","guid":{"rendered":"http:\/\/certustestlane.com\/?page_id=6211&#038;lang=de"},"modified":"2016-10-18T09:37:37","modified_gmt":"2016-10-18T09:37:37","slug":"pruefstrassen-certus-3-loesungen-der-premium-klasse","status":"publish","type":"page","link":"https:\/\/certustestlane.com\/de\/pruefstrassen-certus-3-loesungen-der-premium-klasse\/","title":{"rendered":"Pr\u00fcfstra\u00dfen CERTUS 3: L\u00f6sungen der Premium-Klasse"},"content":{"rendered":"<p><strong>Pr\u00fcfstra\u00dfen CERTUS entstanden aus Leidenschaft zur Motorisierung.<\/strong><\/p>\n<a class=\"cbox\" href=\"http:\/\/www.wsop.pl\/cnt\/upld\/2014\/10\/Logo-Certus3.png\"><img loading=\"lazy\" decoding=\"async\" class=\"alignnone size-full wp-image-4677\" src=\"http:\/\/www.wsop.pl\/cnt\/upld\/2014\/10\/Logo-Certus3.png\" alt=\"Logo-Certus3\" width=\"800\" height=\"200\" \/><\/a>\n<p><a class=\"cbox\" href=\"http:\/\/www.wsop.pl\/cnt\/upld\/2014\/10\/certus3_szafa.jpg\"><img loading=\"lazy\" decoding=\"async\" class=\"alignright wp-image-4634 size-medium\" src=\"http:\/\/www.wsop.pl\/cnt\/upld\/2014\/10\/certus3_szafa-144x300.jpg\" alt=\"certus3_szafa\" width=\"144\" height=\"300\" \/><\/a>Die dritte Generation \u2013 CERTUS 3 \u2013 vereint in sich moderne elektronische L\u00f6sungen, robuste mechanische Elemente und attraktives Design. Neben den Erfahrungen vorheriger zwei Generationen nutzt sie all das, was aktueller Stand der Technik in der Fahrzeugdiagnose anbieten kann. CERTUS 3 hat also alles, was dazu berechtigt, sich um den Status der Premium-Klasse-Vorrichtungen zu bewerben. Wir laden Sie dazu ein, eine engere Bekanntschaft mit ihr zu schlie\u00dfen.<\/p>\n<p><strong>Wenn Sie CERTUSA 3 w\u00e4hlen, gewinnen Sie SICHERHEIT in Bereichen:<\/strong><\/p>\n<ul>\n<li>Messergebnisse<\/li>\n<li>Qualit\u00e4t<\/li>\n<li>Arbeitskomfort<\/li>\n<li>Attraktives Design<\/li>\n<li>Entwicklung<\/li>\n<\/ul>\n<a class=\"cbox\" href=\"http:\/\/www.wsop.pl\/cnt\/upld\/2014\/10\/certus3_01a.jpg\"><img loading=\"lazy\" decoding=\"async\" class=\"alignnone size-full wp-image-4633\" src=\"http:\/\/www.wsop.pl\/cnt\/upld\/2014\/10\/certus3_01a.jpg\" alt=\"certus3_01a\" width=\"800\" height=\"112\" \/><\/a>\n","protected":false},"excerpt":{"rendered":"<p>Pr\u00fcfstra\u00dfen CERTUS entstanden aus Leidenschaft zur Motorisierung. Die dritte Generation \u2013 CERTUS 3 \u2013 vereint in sich moderne elektronische L\u00f6sungen, robuste mechanische Elemente und attraktives Design. Neben den Erfahrungen vorheriger zwei Generationen nutzt sie all das, was aktueller Stand der Technik in der Fahrzeugdiagnose anbieten kann. CERTUS 3 hat also alles, was dazu berechtigt, sich [&hellip;]<\/p>\n","protected":false},"author":1,"featured_media":0,"parent":0,"menu_order":1,"comment_status":"closed","ping_status":"closed","template":"","meta":{"footnotes":""},"class_list":["post-6211","page","type-page","status-publish","hentry"],"yoast_head":"<!-- This site is optimized with the Yoast SEO plugin v26.9 - https:\/\/yoast.com\/product\/yoast-seo-wordpress\/ -->\n<title>Pr\u00fcfstra\u00dfen CERTUS 3: L\u00f6sungen der Premium-Klasse - Certus 3<\/title>\n<meta name=\"robots\" content=\"index, follow, max-snippet:-1, max-image-preview:large, max-video-preview:-1\" \/>\n<link rel=\"canonical\" href=\"https:\/\/certustestlane.com\/de\/pruefstrassen-certus-3-loesungen-der-premium-klasse\/\" \/>\n<meta property=\"og:locale\" content=\"de_DE\" \/>\n<meta property=\"og:type\" content=\"article\" \/>\n<meta property=\"og:title\" content=\"Pr\u00fcfstra\u00dfen CERTUS 3: L\u00f6sungen der Premium-Klasse - Certus 3\" \/>\n<meta property=\"og:description\" content=\"Pr\u00fcfstra\u00dfen CERTUS entstanden aus Leidenschaft zur Motorisierung. Die dritte Generation \u2013 CERTUS 3 \u2013 vereint in sich moderne elektronische L\u00f6sungen, robuste mechanische Elemente und attraktives Design. Neben den Erfahrungen vorheriger zwei Generationen nutzt sie all das, was aktueller Stand der Technik in der Fahrzeugdiagnose anbieten kann. CERTUS 3 hat also alles, was dazu berechtigt, sich [&hellip;]\" \/>\n<meta property=\"og:url\" content=\"https:\/\/certustestlane.com\/de\/pruefstrassen-certus-3-loesungen-der-premium-klasse\/\" \/>\n<meta property=\"og:site_name\" content=\"Certus 3\" \/>\n<meta property=\"og:image\" content=\"http:\/\/www.wsop.pl\/cnt\/upld\/2014\/10\/Logo-Certus3.png\" \/>\n<meta name=\"twitter:card\" content=\"summary_large_image\" \/>\n<script type=\"application\/ld+json\" class=\"yoast-schema-graph\">{\"@context\":\"https:\/\/schema.org\",\"@graph\":[{\"@type\":\"WebPage\",\"@id\":\"https:\/\/certustestlane.com\/de\/pruefstrassen-certus-3-loesungen-der-premium-klasse\/\",\"url\":\"https:\/\/certustestlane.com\/de\/pruefstrassen-certus-3-loesungen-der-premium-klasse\/\",\"name\":\"Pr\u00fcfstra\u00dfen CERTUS 3: L\u00f6sungen der Premium-Klasse - Certus 3\",\"isPartOf\":{\"@id\":\"https:\/\/certustestlane.com\/#website\"},\"primaryImageOfPage\":{\"@id\":\"https:\/\/certustestlane.com\/de\/pruefstrassen-certus-3-loesungen-der-premium-klasse\/#primaryimage\"},\"image\":{\"@id\":\"https:\/\/certustestlane.com\/de\/pruefstrassen-certus-3-loesungen-der-premium-klasse\/#primaryimage\"},\"thumbnailUrl\":\"http:\/\/www.wsop.pl\/cnt\/upld\/2014\/10\/Logo-Certus3.png\",\"datePublished\":\"2016-10-18T09:37:37+00:00\",\"breadcrumb\":{\"@id\":\"https:\/\/certustestlane.com\/de\/pruefstrassen-certus-3-loesungen-der-premium-klasse\/#breadcrumb\"},\"inLanguage\":\"de\",\"potentialAction\":[{\"@type\":\"ReadAction\",\"target\":[\"https:\/\/certustestlane.com\/de\/pruefstrassen-certus-3-loesungen-der-premium-klasse\/\"]}]},{\"@type\":\"ImageObject\",\"inLanguage\":\"de\",\"@id\":\"https:\/\/certustestlane.com\/de\/pruefstrassen-certus-3-loesungen-der-premium-klasse\/#primaryimage\",\"url\":\"http:\/\/www.wsop.pl\/cnt\/upld\/2014\/10\/Logo-Certus3.png\",\"contentUrl\":\"http:\/\/www.wsop.pl\/cnt\/upld\/2014\/10\/Logo-Certus3.png\"},{\"@type\":\"BreadcrumbList\",\"@id\":\"https:\/\/certustestlane.com\/de\/pruefstrassen-certus-3-loesungen-der-premium-klasse\/#breadcrumb\",\"itemListElement\":[{\"@type\":\"ListItem\",\"position\":1,\"name\":\"Home\",\"item\":\"https:\/\/certustestlane.com\/de\/home\/\"},{\"@type\":\"ListItem\",\"position\":2,\"name\":\"Pr\u00fcfstra\u00dfen CERTUS 3: L\u00f6sungen der Premium-Klasse\"}]},{\"@type\":\"WebSite\",\"@id\":\"https:\/\/certustestlane.com\/#website\",\"url\":\"https:\/\/certustestlane.com\/\",\"name\":\"Certus 3\",\"description\":\"vehicle test lanes\",\"potentialAction\":[{\"@type\":\"SearchAction\",\"target\":{\"@type\":\"EntryPoint\",\"urlTemplate\":\"https:\/\/certustestlane.com\/?s={search_term_string}\"},\"query-input\":{\"@type\":\"PropertyValueSpecification\",\"valueRequired\":true,\"valueName\":\"search_term_string\"}}],\"inLanguage\":\"de\"}]}<\/script>\n<!-- \/ Yoast SEO plugin. -->","yoast_head_json":{"title":"Pr\u00fcfstra\u00dfen CERTUS 3: L\u00f6sungen der Premium-Klasse - Certus 3","robots":{"index":"index","follow":"follow","max-snippet":"max-snippet:-1","max-image-preview":"max-image-preview:large","max-video-preview":"max-video-preview:-1"},"canonical":"https:\/\/certustestlane.com\/de\/pruefstrassen-certus-3-loesungen-der-premium-klasse\/","og_locale":"de_DE","og_type":"article","og_title":"Pr\u00fcfstra\u00dfen CERTUS 3: L\u00f6sungen der Premium-Klasse - Certus 3","og_description":"Pr\u00fcfstra\u00dfen CERTUS entstanden aus Leidenschaft zur Motorisierung. Die dritte Generation \u2013 CERTUS 3 \u2013 vereint in sich moderne elektronische L\u00f6sungen, robuste mechanische Elemente und attraktives Design. Neben den Erfahrungen vorheriger zwei Generationen nutzt sie all das, was aktueller Stand der Technik in der Fahrzeugdiagnose anbieten kann. CERTUS 3 hat also alles, was dazu berechtigt, sich [&hellip;]","og_url":"https:\/\/certustestlane.com\/de\/pruefstrassen-certus-3-loesungen-der-premium-klasse\/","og_site_name":"Certus 3","og_image":[{"url":"http:\/\/www.wsop.pl\/cnt\/upld\/2014\/10\/Logo-Certus3.png","type":"","width":"","height":""}],"twitter_card":"summary_large_image","schema":{"@context":"https:\/\/schema.org","@graph":[{"@type":"WebPage","@id":"https:\/\/certustestlane.com\/de\/pruefstrassen-certus-3-loesungen-der-premium-klasse\/","url":"https:\/\/certustestlane.com\/de\/pruefstrassen-certus-3-loesungen-der-premium-klasse\/","name":"Pr\u00fcfstra\u00dfen CERTUS 3: L\u00f6sungen der Premium-Klasse - Certus 3","isPartOf":{"@id":"https:\/\/certustestlane.com\/#website"},"primaryImageOfPage":{"@id":"https:\/\/certustestlane.com\/de\/pruefstrassen-certus-3-loesungen-der-premium-klasse\/#primaryimage"},"image":{"@id":"https:\/\/certustestlane.com\/de\/pruefstrassen-certus-3-loesungen-der-premium-klasse\/#primaryimage"},"thumbnailUrl":"http:\/\/www.wsop.pl\/cnt\/upld\/2014\/10\/Logo-Certus3.png","datePublished":"2016-10-18T09:37:37+00:00","breadcrumb":{"@id":"https:\/\/certustestlane.com\/de\/pruefstrassen-certus-3-loesungen-der-premium-klasse\/#breadcrumb"},"inLanguage":"de","potentialAction":[{"@type":"ReadAction","target":["https:\/\/certustestlane.com\/de\/pruefstrassen-certus-3-loesungen-der-premium-klasse\/"]}]},{"@type":"ImageObject","inLanguage":"de","@id":"https:\/\/certustestlane.com\/de\/pruefstrassen-certus-3-loesungen-der-premium-klasse\/#primaryimage","url":"http:\/\/www.wsop.pl\/cnt\/upld\/2014\/10\/Logo-Certus3.png","contentUrl":"http:\/\/www.wsop.pl\/cnt\/upld\/2014\/10\/Logo-Certus3.png"},{"@type":"BreadcrumbList","@id":"https:\/\/certustestlane.com\/de\/pruefstrassen-certus-3-loesungen-der-premium-klasse\/#breadcrumb","itemListElement":[{"@type":"ListItem","position":1,"name":"Home","item":"https:\/\/certustestlane.com\/de\/home\/"},{"@type":"ListItem","position":2,"name":"Pr\u00fcfstra\u00dfen CERTUS 3: L\u00f6sungen der Premium-Klasse"}]},{"@type":"WebSite","@id":"https:\/\/certustestlane.com\/#website","url":"https:\/\/certustestlane.com\/","name":"Certus 3","description":"vehicle test lanes","potentialAction":[{"@type":"SearchAction","target":{"@type":"EntryPoint","urlTemplate":"https:\/\/certustestlane.com\/?s={search_term_string}"},"query-input":{"@type":"PropertyValueSpecification","valueRequired":true,"valueName":"search_term_string"}}],"inLanguage":"de"}]}},"_links":{"self":[{"href":"https:\/\/certustestlane.com\/de\/wp-json\/wp\/v2\/pages\/6211","targetHints":{"allow":["GET"]}}],"collection":[{"href":"https:\/\/certustestlane.com\/de\/wp-json\/wp\/v2\/pages"}],"about":[{"href":"https:\/\/certustestlane.com\/de\/wp-json\/wp\/v2\/types\/page"}],"author":[{"embeddable":true,"href":"https:\/\/certustestlane.com\/de\/wp-json\/wp\/v2\/users\/1"}],"replies":[{"embeddable":true,"href":"https:\/\/certustestlane.com\/de\/wp-json\/wp\/v2\/comments?post=6211"}],"version-history":[{"count":0,"href":"https:\/\/certustestlane.com\/de\/wp-json\/wp\/v2\/pages\/6211\/revisions"}],"wp:attachment":[{"href":"https:\/\/certustestlane.com\/de\/wp-json\/wp\/v2\/media?parent=6211"}],"curies":[{"name":"wp","href":"https:\/\/api.w.org\/{rel}","templated":true}]}}