{"id":6212,"date":"2016-10-18T09:46:14","date_gmt":"2016-10-18T09:46:14","guid":{"rendered":"http:\/\/certustestlane.com\/?page_id=6212&#038;lang=de"},"modified":"2016-10-18T09:46:14","modified_gmt":"2016-10-18T09:46:14","slug":"pruefstrasse-certus-3-modernitaet-elektronischer-loesungen-und-betriebssicherheit","status":"publish","type":"page","link":"https:\/\/certustestlane.com\/de\/pruefstrasse-certus-3-modernitaet-elektronischer-loesungen-und-betriebssicherheit\/","title":{"rendered":"Pr\u00fcfstra\u00dfe CERTUS 3 \u2013 Modernit\u00e4t elektronischer L\u00f6sungen und Betriebssicherheit"},"content":{"rendered":"<p><strong>CERTUS 3 garantiert eine hohe Messgenauigkeit durch eine gro\u00dfe Erfassungsfrequenz der zu pr\u00fcfenden Werte. Die Software-Stabilit\u00e4t verst\u00e4rkt die Verwendung eines Konzentrators, der mit der Schrankhauptplatte verbunden ist, statt die Daten von jeder Pr\u00fcfstra\u00dfenvorrichtung separat an die zentrale Steuereinheit zu \u00fcbertragen. Hochwertige elektronische Bauteile sichern eine flie\u00dfende Softwarefunktion.<\/strong><\/p>\n<a class=\"cbox\" href=\"http:\/\/www.wsop.pl\/cnt\/upld\/2014\/10\/certus3-can-connection.jpg\"><img loading=\"lazy\" decoding=\"async\" class=\"alignnone size-large wp-image-4683\" src=\"http:\/\/www.wsop.pl\/cnt\/upld\/2014\/10\/certus3-can-connection-1024x452.jpg\" alt=\"certus3-can-connection\" width=\"1024\" height=\"452\" \/><\/a>\n<p><strong>CAN-Verbindungen<\/strong><br \/>\nDigitale \u00dcbertragung sammelt Messdaten im Hauptprozessor und sichert sie vor Au\u00dfenst\u00f6rungen.<\/p>\n<p><strong>Einzigartige standardm\u00e4\u00dfig erh\u00e4ltliche Wechselrichter<\/strong> in der universellen Rollenvorrichtung erh\u00f6hen die Best\u00e4ndigkeit des Antriebs\u00fcbertragungssystems sowie verbessern den Messkomfort, indem sie ein sanftes Hochfahren der Rollen erm\u00f6glichen, ohne l\u00e4stige ruckartige Bewegungen mit dem zu pr\u00fcfenden Fahrzeug.<\/p>\n<p><strong><a class=\"cbox\" href=\"http:\/\/www.wsop.pl\/cnt\/upld\/2014\/10\/Certus3-modular.jpg\"><img loading=\"lazy\" decoding=\"async\" class=\"alignright size-thumbnail wp-image-4636\" src=\"http:\/\/www.wsop.pl\/cnt\/upld\/2014\/10\/Certus3-modular-205x55.jpg\" alt=\"Certus3-modular\" width=\"205\" height=\"55\" \/><\/a>Modulaufbau der Pr\u00fcfstra\u00dfe<\/strong> erm\u00f6glicht eine beliebige Konfiguration, die Bed\u00fcrfnisse des Benutzers ber\u00fccksichtigt. Es ist m\u00f6glich, die Vorrichtungen in beliebiger Reihenfolge aufzustellen.<\/p>\n<p><strong>Drahtlose Kommunikation ZigBee\u00ae<\/strong> dient zur Daten\u00fcbertragung vom Druckmesser und den Drucksensoren an die zentrale Steuereinheit. ZigBee\u00ae ist ein modernes drahtloses Kommunikationssystem. Sie zeichnet sich durch niedrige Leistungsaufnahme, Durchsatz von bis zu 256 Kbps und Netzempfang zwischen Knoten von bis zu 100 Metern.<\/p>\n<p><strong><a class=\"cbox\" href=\"http:\/\/www.wsop.pl\/cnt\/upld\/2014\/10\/Certus3-zigbee.jpg\"><img loading=\"lazy\" decoding=\"async\" class=\"alignleft size-thumbnail wp-image-4637\" src=\"http:\/\/www.wsop.pl\/cnt\/upld\/2014\/10\/Certus3-zigbee-166x137.jpg\" alt=\"Certus3-zigbee\" width=\"166\" height=\"137\" \/><\/a>Fernbedienung CERTUS<\/strong> ist einfach und benutzerfreundlich. Sie ist klein, ergonomisch und hat nur ein paar unentbehrliche Tasten. Sie erm\u00f6glicht es, schnell und intuitiv im Bildschirmmen\u00fc zu navigieren. Der Diagnostiker kann den Testzyklus an seine Bed\u00fcrfnisse anpassen, die Pr\u00fcfung ganz oder teilweise zu unterbrechen oder zu wiederholen. Die Fernbedienung funktioniert in jedem Punkt der Halle. Die kapazit\u00e4tsreiche Batterie reicht f\u00fcr ein paar Arbeitsmonate aus, ohne sie nachladen zu m\u00fcssen.<\/p>\n","protected":false},"excerpt":{"rendered":"<p>CERTUS 3 garantiert eine hohe Messgenauigkeit durch eine gro\u00dfe Erfassungsfrequenz der zu pr\u00fcfenden Werte. Die Software-Stabilit\u00e4t verst\u00e4rkt die Verwendung eines Konzentrators, der mit der Schrankhauptplatte verbunden ist, statt die Daten von jeder Pr\u00fcfstra\u00dfenvorrichtung separat an die zentrale Steuereinheit zu \u00fcbertragen. Hochwertige elektronische Bauteile sichern eine flie\u00dfende Softwarefunktion. CAN-Verbindungen Digitale \u00dcbertragung sammelt Messdaten im Hauptprozessor und [&hellip;]<\/p>\n","protected":false},"author":1,"featured_media":0,"parent":0,"menu_order":2,"comment_status":"closed","ping_status":"closed","template":"","meta":{"footnotes":""},"class_list":["post-6212","page","type-page","status-publish","hentry"],"yoast_head":"<!-- This site is optimized with the Yoast SEO plugin v26.9 - https:\/\/yoast.com\/product\/yoast-seo-wordpress\/ -->\n<title>Pr\u00fcfstra\u00dfe CERTUS 3 \u2013 Modernit\u00e4t elektronischer L\u00f6sungen und Betriebssicherheit - Certus 3<\/title>\n<meta name=\"robots\" content=\"index, follow, max-snippet:-1, max-image-preview:large, max-video-preview:-1\" \/>\n<link rel=\"canonical\" href=\"https:\/\/certustestlane.com\/de\/pruefstrasse-certus-3-modernitaet-elektronischer-loesungen-und-betriebssicherheit\/\" \/>\n<meta property=\"og:locale\" content=\"de_DE\" \/>\n<meta property=\"og:type\" content=\"article\" \/>\n<meta property=\"og:title\" content=\"Pr\u00fcfstra\u00dfe CERTUS 3 \u2013 Modernit\u00e4t elektronischer L\u00f6sungen und Betriebssicherheit - Certus 3\" \/>\n<meta property=\"og:description\" content=\"CERTUS 3 garantiert eine hohe Messgenauigkeit durch eine gro\u00dfe Erfassungsfrequenz der zu pr\u00fcfenden Werte. Die Software-Stabilit\u00e4t verst\u00e4rkt die Verwendung eines Konzentrators, der mit der Schrankhauptplatte verbunden ist, statt die Daten von jeder Pr\u00fcfstra\u00dfenvorrichtung separat an die zentrale Steuereinheit zu \u00fcbertragen. Hochwertige elektronische Bauteile sichern eine flie\u00dfende Softwarefunktion. CAN-Verbindungen Digitale \u00dcbertragung sammelt Messdaten im Hauptprozessor und [&hellip;]\" \/>\n<meta property=\"og:url\" content=\"https:\/\/certustestlane.com\/de\/pruefstrasse-certus-3-modernitaet-elektronischer-loesungen-und-betriebssicherheit\/\" \/>\n<meta property=\"og:site_name\" content=\"Certus 3\" \/>\n<meta property=\"og:image\" content=\"http:\/\/www.wsop.pl\/cnt\/upld\/2014\/10\/certus3-can-connection-1024x452.jpg\" \/>\n<meta name=\"twitter:card\" content=\"summary_large_image\" \/>\n<meta name=\"twitter:label1\" content=\"Gesch\u00e4tzte Lesezeit\" \/>\n\t<meta name=\"twitter:data1\" content=\"1\u00a0Minute\" \/>\n<script type=\"application\/ld+json\" class=\"yoast-schema-graph\">{\"@context\":\"https:\/\/schema.org\",\"@graph\":[{\"@type\":\"WebPage\",\"@id\":\"https:\/\/certustestlane.com\/de\/pruefstrasse-certus-3-modernitaet-elektronischer-loesungen-und-betriebssicherheit\/\",\"url\":\"https:\/\/certustestlane.com\/de\/pruefstrasse-certus-3-modernitaet-elektronischer-loesungen-und-betriebssicherheit\/\",\"name\":\"Pr\u00fcfstra\u00dfe CERTUS 3 \u2013 Modernit\u00e4t elektronischer L\u00f6sungen und Betriebssicherheit - Certus 3\",\"isPartOf\":{\"@id\":\"https:\/\/certustestlane.com\/#website\"},\"primaryImageOfPage\":{\"@id\":\"https:\/\/certustestlane.com\/de\/pruefstrasse-certus-3-modernitaet-elektronischer-loesungen-und-betriebssicherheit\/#primaryimage\"},\"image\":{\"@id\":\"https:\/\/certustestlane.com\/de\/pruefstrasse-certus-3-modernitaet-elektronischer-loesungen-und-betriebssicherheit\/#primaryimage\"},\"thumbnailUrl\":\"http:\/\/www.wsop.pl\/cnt\/upld\/2014\/10\/certus3-can-connection-1024x452.jpg\",\"datePublished\":\"2016-10-18T09:46:14+00:00\",\"breadcrumb\":{\"@id\":\"https:\/\/certustestlane.com\/de\/pruefstrasse-certus-3-modernitaet-elektronischer-loesungen-und-betriebssicherheit\/#breadcrumb\"},\"inLanguage\":\"de\",\"potentialAction\":[{\"@type\":\"ReadAction\",\"target\":[\"https:\/\/certustestlane.com\/de\/pruefstrasse-certus-3-modernitaet-elektronischer-loesungen-und-betriebssicherheit\/\"]}]},{\"@type\":\"ImageObject\",\"inLanguage\":\"de\",\"@id\":\"https:\/\/certustestlane.com\/de\/pruefstrasse-certus-3-modernitaet-elektronischer-loesungen-und-betriebssicherheit\/#primaryimage\",\"url\":\"http:\/\/www.wsop.pl\/cnt\/upld\/2014\/10\/certus3-can-connection-1024x452.jpg\",\"contentUrl\":\"http:\/\/www.wsop.pl\/cnt\/upld\/2014\/10\/certus3-can-connection-1024x452.jpg\"},{\"@type\":\"BreadcrumbList\",\"@id\":\"https:\/\/certustestlane.com\/de\/pruefstrasse-certus-3-modernitaet-elektronischer-loesungen-und-betriebssicherheit\/#breadcrumb\",\"itemListElement\":[{\"@type\":\"ListItem\",\"position\":1,\"name\":\"Home\",\"item\":\"https:\/\/certustestlane.com\/de\/home\/\"},{\"@type\":\"ListItem\",\"position\":2,\"name\":\"Pr\u00fcfstra\u00dfe CERTUS 3 \u2013 Modernit\u00e4t elektronischer L\u00f6sungen und Betriebssicherheit\"}]},{\"@type\":\"WebSite\",\"@id\":\"https:\/\/certustestlane.com\/#website\",\"url\":\"https:\/\/certustestlane.com\/\",\"name\":\"Certus 3\",\"description\":\"vehicle test lanes\",\"potentialAction\":[{\"@type\":\"SearchAction\",\"target\":{\"@type\":\"EntryPoint\",\"urlTemplate\":\"https:\/\/certustestlane.com\/?s={search_term_string}\"},\"query-input\":{\"@type\":\"PropertyValueSpecification\",\"valueRequired\":true,\"valueName\":\"search_term_string\"}}],\"inLanguage\":\"de\"}]}<\/script>\n<!-- \/ Yoast SEO plugin. -->","yoast_head_json":{"title":"Pr\u00fcfstra\u00dfe CERTUS 3 \u2013 Modernit\u00e4t elektronischer L\u00f6sungen und Betriebssicherheit - Certus 3","robots":{"index":"index","follow":"follow","max-snippet":"max-snippet:-1","max-image-preview":"max-image-preview:large","max-video-preview":"max-video-preview:-1"},"canonical":"https:\/\/certustestlane.com\/de\/pruefstrasse-certus-3-modernitaet-elektronischer-loesungen-und-betriebssicherheit\/","og_locale":"de_DE","og_type":"article","og_title":"Pr\u00fcfstra\u00dfe CERTUS 3 \u2013 Modernit\u00e4t elektronischer L\u00f6sungen und Betriebssicherheit - Certus 3","og_description":"CERTUS 3 garantiert eine hohe Messgenauigkeit durch eine gro\u00dfe Erfassungsfrequenz der zu pr\u00fcfenden Werte. Die Software-Stabilit\u00e4t verst\u00e4rkt die Verwendung eines Konzentrators, der mit der Schrankhauptplatte verbunden ist, statt die Daten von jeder Pr\u00fcfstra\u00dfenvorrichtung separat an die zentrale Steuereinheit zu \u00fcbertragen. Hochwertige elektronische Bauteile sichern eine flie\u00dfende Softwarefunktion. CAN-Verbindungen Digitale \u00dcbertragung sammelt Messdaten im Hauptprozessor und [&hellip;]","og_url":"https:\/\/certustestlane.com\/de\/pruefstrasse-certus-3-modernitaet-elektronischer-loesungen-und-betriebssicherheit\/","og_site_name":"Certus 3","og_image":[{"url":"http:\/\/www.wsop.pl\/cnt\/upld\/2014\/10\/certus3-can-connection-1024x452.jpg","type":"","width":"","height":""}],"twitter_card":"summary_large_image","twitter_misc":{"Gesch\u00e4tzte Lesezeit":"1\u00a0Minute"},"schema":{"@context":"https:\/\/schema.org","@graph":[{"@type":"WebPage","@id":"https:\/\/certustestlane.com\/de\/pruefstrasse-certus-3-modernitaet-elektronischer-loesungen-und-betriebssicherheit\/","url":"https:\/\/certustestlane.com\/de\/pruefstrasse-certus-3-modernitaet-elektronischer-loesungen-und-betriebssicherheit\/","name":"Pr\u00fcfstra\u00dfe CERTUS 3 \u2013 Modernit\u00e4t elektronischer L\u00f6sungen und Betriebssicherheit - Certus 3","isPartOf":{"@id":"https:\/\/certustestlane.com\/#website"},"primaryImageOfPage":{"@id":"https:\/\/certustestlane.com\/de\/pruefstrasse-certus-3-modernitaet-elektronischer-loesungen-und-betriebssicherheit\/#primaryimage"},"image":{"@id":"https:\/\/certustestlane.com\/de\/pruefstrasse-certus-3-modernitaet-elektronischer-loesungen-und-betriebssicherheit\/#primaryimage"},"thumbnailUrl":"http:\/\/www.wsop.pl\/cnt\/upld\/2014\/10\/certus3-can-connection-1024x452.jpg","datePublished":"2016-10-18T09:46:14+00:00","breadcrumb":{"@id":"https:\/\/certustestlane.com\/de\/pruefstrasse-certus-3-modernitaet-elektronischer-loesungen-und-betriebssicherheit\/#breadcrumb"},"inLanguage":"de","potentialAction":[{"@type":"ReadAction","target":["https:\/\/certustestlane.com\/de\/pruefstrasse-certus-3-modernitaet-elektronischer-loesungen-und-betriebssicherheit\/"]}]},{"@type":"ImageObject","inLanguage":"de","@id":"https:\/\/certustestlane.com\/de\/pruefstrasse-certus-3-modernitaet-elektronischer-loesungen-und-betriebssicherheit\/#primaryimage","url":"http:\/\/www.wsop.pl\/cnt\/upld\/2014\/10\/certus3-can-connection-1024x452.jpg","contentUrl":"http:\/\/www.wsop.pl\/cnt\/upld\/2014\/10\/certus3-can-connection-1024x452.jpg"},{"@type":"BreadcrumbList","@id":"https:\/\/certustestlane.com\/de\/pruefstrasse-certus-3-modernitaet-elektronischer-loesungen-und-betriebssicherheit\/#breadcrumb","itemListElement":[{"@type":"ListItem","position":1,"name":"Home","item":"https:\/\/certustestlane.com\/de\/home\/"},{"@type":"ListItem","position":2,"name":"Pr\u00fcfstra\u00dfe CERTUS 3 \u2013 Modernit\u00e4t elektronischer L\u00f6sungen und Betriebssicherheit"}]},{"@type":"WebSite","@id":"https:\/\/certustestlane.com\/#website","url":"https:\/\/certustestlane.com\/","name":"Certus 3","description":"vehicle test lanes","potentialAction":[{"@type":"SearchAction","target":{"@type":"EntryPoint","urlTemplate":"https:\/\/certustestlane.com\/?s={search_term_string}"},"query-input":{"@type":"PropertyValueSpecification","valueRequired":true,"valueName":"search_term_string"}}],"inLanguage":"de"}]}},"_links":{"self":[{"href":"https:\/\/certustestlane.com\/de\/wp-json\/wp\/v2\/pages\/6212","targetHints":{"allow":["GET"]}}],"collection":[{"href":"https:\/\/certustestlane.com\/de\/wp-json\/wp\/v2\/pages"}],"about":[{"href":"https:\/\/certustestlane.com\/de\/wp-json\/wp\/v2\/types\/page"}],"author":[{"embeddable":true,"href":"https:\/\/certustestlane.com\/de\/wp-json\/wp\/v2\/users\/1"}],"replies":[{"embeddable":true,"href":"https:\/\/certustestlane.com\/de\/wp-json\/wp\/v2\/comments?post=6212"}],"version-history":[{"count":0,"href":"https:\/\/certustestlane.com\/de\/wp-json\/wp\/v2\/pages\/6212\/revisions"}],"wp:attachment":[{"href":"https:\/\/certustestlane.com\/de\/wp-json\/wp\/v2\/media?parent=6212"}],"curies":[{"name":"wp","href":"https:\/\/api.w.org\/{rel}","templated":true}]}}