{"id":6214,"date":"2016-10-18T09:53:42","date_gmt":"2016-10-18T09:53:42","guid":{"rendered":"http:\/\/certustestlane.com\/?page_id=6214&#038;lang=de"},"modified":"2016-10-18T09:53:42","modified_gmt":"2016-10-18T09:53:42","slug":"pruefstrasse-certus-3-zusatzoptionen","status":"publish","type":"page","link":"https:\/\/certustestlane.com\/de\/pruefstrasse-certus-3-zusatzoptionen\/","title":{"rendered":"Pr\u00fcfstra\u00dfe CERTUS 3 \u2013 Zusatzoptionen"},"content":{"rendered":"<p><strong>Der Investor gewinnt durch die Wahl der Pr\u00fcfstra\u00dfe CERTUS 3 f\u00fcr sein Objekt eine Reihe von Vorteilen, die Betriebssicherheit, Kostensenkung und Offenheit f\u00fcr eine weitere Entwicklung zur Folge haben. CERTUS 3 bildet f\u00fcr Pr\u00fcfstellen ein modernes Instrument zur schnellen und\u00a0 zuverl\u00e4ssigen Fahrzeugpr\u00fcfung. Die Pr\u00fcfstra\u00dfen CERTUS schaffen den autorisierten Autoservicestationen die M\u00f6glichkeit, eine vertiefte Fahrzeugdiagnose durchzuf\u00fchren sowie Software, Zusatzoptionen und Farbgebung den Anforderungen einzelner Marken anzupassen.<\/strong><\/p>\n<h2><img loading=\"lazy\" decoding=\"async\" class=\"alignleft size-full wp-image-4645\" style=\"margin-bottom: 7em;\" src=\"http:\/\/www.wsop.pl\/cnt\/upld\/2014\/10\/i-4x4.jpg\" alt=\"i-4x4\" width=\"102\" height=\"102\" \/>4&#215;4-Pr\u00fcfung<\/h2>\n<p><a class=\"cbox\" href=\"http:\/\/www.wsop.pl\/cnt\/upld\/2014\/10\/certus3-hamulce-zegary-przegladanie-ang.jpg\"><img loading=\"lazy\" decoding=\"async\" class=\"alignright size-thumbnail wp-image-4653\" src=\"http:\/\/www.wsop.pl\/cnt\/upld\/2014\/10\/certus3-hamulce-zegary-przegladanie-ang-205x115.jpg\" alt=\"certus3-hamulce-zegary-przegladanie-ang\" width=\"205\" height=\"115\" \/><\/a>Die Pr\u00fcfoption 4&#215;4 erm\u00f6glicht, die Bremskr\u00e4fte bei den meisten der zurzeit hergestellten Fahrzeugen von diesem Typ (darin auch LKWs) korrekt zu messen. Durch die Verwendung der Software CERTUS ist es nicht notwendig, bei der 4&#215;4-Messung Freilaufrollen oder Verz\u00f6gerungsmessger\u00e4te einzusetzen. Die Funktion erm\u00f6glicht es, die Bremskraft f\u00fcr jedes Rad separat zu pr\u00fcfen, und somit auch genauer den technischen Zustand des Fahrzeugs zu beurteilen.<\/p>\n<h2><img loading=\"lazy\" decoding=\"async\" class=\"alignleft size-full wp-image-4648\" style=\"margin-bottom: 9em;\" src=\"http:\/\/www.wsop.pl\/cnt\/upld\/2014\/10\/i-kartka.jpg\" alt=\"i-kartka\" width=\"102\" height=\"102\" \/>Erweiterte Darstellung der Messergebisse<\/h2>\n<p><a class=\"cbox\" href=\"http:\/\/www.wsop.pl\/cnt\/upld\/2014\/10\/certus3-przegladanie-wynikow-charakterystyka-hamulca-ang.jpg\"><img loading=\"lazy\" decoding=\"async\" class=\"alignright size-thumbnail wp-image-4654\" src=\"http:\/\/www.wsop.pl\/cnt\/upld\/2014\/10\/certus3-przegladanie-wynikow-charakterystyka-hamulca-ang-205x115.jpg\" alt=\"certus3-przegladanie-wynikow-charakterystyka-hamulca-ang\" width=\"205\" height=\"115\" \/><\/a>CERTUS stellt Ergebnisse jeder durchgef\u00fchrten Messung sowohl auf eine grundlegende als auch erweiterte Weise dar. Die Funktion ist besonders f\u00fcr autorisierte Servicestationen n\u00fctzlich, da sie eine sehr ausf\u00fchrliche Pr\u00fcfung des technischen Fahrzeugzustands erm\u00f6glicht. Der Diagnostiker hat erweiterte Berichte von den einzelnen die Pr\u00fcfstra\u00dfe bildenden Vorrichtungen samt eingehenden Diagrammen zur Verf\u00fcgung. Das sind Pr\u00fcfausdrucke von Bremsen, Aufh\u00e4ngung und Radeinstellung. Ein erweiterter Ausdruck enth\u00e4lt bei der Bremsenpr\u00fcfung unter anderen: Rollwiderst\u00e4nde, Bremskraftschwankungen, Gewicht\/statischer und dynamischer Druck, rechnerische Abbremsung in Bezug aufs statische\/dynamische Gewicht sowie eine Reihe anderer Parameter.<\/p>\n<h2><img loading=\"lazy\" decoding=\"async\" class=\"alignleft size-full wp-image-4649\" style=\"margin-bottom: 2em;\" src=\"http:\/\/www.wsop.pl\/cnt\/upld\/2014\/10\/i-krzyzyk.jpg\" alt=\"i-krzyzyk\" width=\"102\" height=\"102\" \/>Ausfahrunterst\u00fctzung von den Rollen<\/h2>\n<p>Viele Diagnostiker haben Probleme, mit Antriebsachsen mancher Fahrzeuge (z.B. Sattelschlepper) nach Beendigung der Pr\u00fcfung vom Rollenpr\u00fcfstand herauszufahren. Bei CERTUS 3 wurde das Problem durch ein Sonderverfahren gel\u00f6st, nachdem das Ausfahren unter Verwendung von\u00a0 Wechselrichtern unterst\u00fctzt wird. Doch in der PKW-Pr\u00fcfstra\u00dfe funktioniert die Option als automatische Einschaltung des Rollenantriebs, was besonders bei der Pr\u00fcfung von Fahrzeugen mit Automatikgetriebe und Lieferwagen n\u00fctzlich ist.<\/p>\n<h2><img loading=\"lazy\" decoding=\"async\" class=\"alignleft size-full wp-image-4651\" style=\"margin-bottom: 7em;\" src=\"http:\/\/www.wsop.pl\/cnt\/upld\/2014\/10\/i-waga.jpg\" alt=\"i-waga\" width=\"102\" height=\"102\" \/>Waage<\/h2>\n<p><a class=\"cbox\" href=\"http:\/\/www.wsop.pl\/cnt\/upld\/2014\/10\/certus3_waga-cmy1k.jpg\"><img loading=\"lazy\" decoding=\"async\" class=\"alignright size-thumbnail wp-image-4655\" src=\"http:\/\/www.wsop.pl\/cnt\/upld\/2014\/10\/certus3_waga-cmy1k-205x115.jpg\" alt=\"certus3_waga-cmy1k\" width=\"205\" height=\"115\" \/><\/a>Die Waage-Funktion erm\u00f6glicht eine genaue Beurteilung des technischen Fahrzeugzustands durch die Verwertung der Gewichtsmessung zu Abbremsungsberechnungen. Das erm\u00f6glicht, ungew\u00f6hnlich genaue Ergebnisse zu erlangen. Die Gewichtsmessung von Achsen ist auch in Transportst\u00fctzpunkten und anderen Punkten n\u00fctzlich, wo h\u00e4ufig Fahrzeuggruppen hinsichtlich der \u00dcberschreitung zul\u00e4ssiger Achsdrucke gewogen werden.<\/p>\n<h2><img loading=\"lazy\" decoding=\"async\" class=\"alignleft size-full wp-image-4646\" style=\"margin-bottom: 3em;\" src=\"http:\/\/www.wsop.pl\/cnt\/upld\/2014\/10\/i-ampli.jpg\" alt=\"i-ampli\" width=\"102\" height=\"102\" \/>Hilfe bei Diagnose l\u00e4stiger Klopfen und Ger\u00e4usche<\/h2>\n<p>Der D\u00e4mpfungspr\u00fcfstand f\u00fcr Aufh\u00e4ngungen kann als ein bequemes Instrument zur Diagnose von Klopfen in Aufh\u00e4ngungselementen und im Fahrzeugaufbau dienen. Mithilfe der Fernbedienung kann der Vorrichtungsantrieb kurz eingeschaltet werden, wodurch Radschallschwingungen mit solcher Frequenz und Amplitude entstehen, die ann\u00e4hernd den Stra\u00dfenbedingungen entsprechen. Das erm\u00f6glicht, schwerdiagnostizierbare Quellen von Klopfen, Knarren und unerw\u00fcnschten Schallen zu finden, die in der Aufh\u00e4ngung und im Aufbau beim Fahren entstehen. In der fortgeschritteneren Option kann die Zwangsfrequenz alle 2 Hz ge\u00e4ndert werden.<\/p>\n<h2><img loading=\"lazy\" decoding=\"async\" class=\"alignleft size-full wp-image-4647\" src=\"http:\/\/www.wsop.pl\/cnt\/upld\/2014\/10\/i-archi.jpg\" alt=\"i-archi\" width=\"102\" height=\"102\" \/>Archivierung und Ausdruck der Messergebnisse<\/h2>\n<p>CERTUS erm\u00f6glicht die Messergebnisse in komplexer Weise zu archivieren. Sie erm\u00f6glicht auch, Messergebnisse durch die Tastatur von beliebigen Au\u00dfenvorrichtungen einzutippen, die mit der Pr\u00fcfstra\u00dfe nicht verbunden sind (wie z.B. Rauchgastester, Abgaspr\u00fcfger\u00e4t, Reifenprofiltiefemessger\u00e4t etc.), ihre Archivierung und Gesamtausdruck.<\/p>\n<h2><img loading=\"lazy\" decoding=\"async\" class=\"alignleft size-full wp-image-4650\" style=\"margin-bottom: 7em;\" src=\"http:\/\/www.wsop.pl\/cnt\/upld\/2014\/10\/i-new.jpg\" alt=\"i-new\" width=\"102\" height=\"102\" \/>Offenheit gegen\u00fcber neuen technologischen Herausforderungen<\/h2>\n<p>Durch die moderne Softwarestruktur der Pr\u00fcfstra\u00dfe CERTUS 3 ist es m\u00f6glich, schnell \u00c4nderungen einzuf\u00fchren, die die Vorrichtungen den besonderen Benutzerbed\u00fcrfnissen anpassen. Solche L\u00f6sung\u00a0 sch\u00fctzt sie auch vor dem Hochkostenrisiko, falls die Vorrichtungen neuen Rechtsregelungen angepasst werden m\u00fcssen. CERTUS passt sich schnell neuen Bed\u00fcrfnissen an, und zyklisches Aktualisieren der Software garantiert ihren Anwendern eine m\u00fchelose Anpassung\u00a0 \u00e4lterer Vorrichtungen den neuen Versionen.<\/p>\n","protected":false},"excerpt":{"rendered":"<p>Der Investor gewinnt durch die Wahl der Pr\u00fcfstra\u00dfe CERTUS 3 f\u00fcr sein Objekt eine Reihe von Vorteilen, die Betriebssicherheit, Kostensenkung und Offenheit f\u00fcr eine weitere Entwicklung zur Folge haben. CERTUS 3 bildet f\u00fcr Pr\u00fcfstellen ein modernes Instrument zur schnellen und\u00a0 zuverl\u00e4ssigen Fahrzeugpr\u00fcfung. Die Pr\u00fcfstra\u00dfen CERTUS schaffen den autorisierten Autoservicestationen die M\u00f6glichkeit, eine vertiefte Fahrzeugdiagnose durchzuf\u00fchren [&hellip;]<\/p>\n","protected":false},"author":1,"featured_media":0,"parent":0,"menu_order":4,"comment_status":"closed","ping_status":"closed","template":"","meta":{"footnotes":""},"class_list":["post-6214","page","type-page","status-publish","hentry"],"yoast_head":"<!-- This site is optimized with the Yoast SEO plugin v26.9 - https:\/\/yoast.com\/product\/yoast-seo-wordpress\/ -->\n<title>Pr\u00fcfstra\u00dfe CERTUS 3 \u2013 Zusatzoptionen - Certus 3<\/title>\n<meta name=\"robots\" content=\"index, follow, max-snippet:-1, max-image-preview:large, max-video-preview:-1\" \/>\n<link rel=\"canonical\" href=\"https:\/\/certustestlane.com\/de\/pruefstrasse-certus-3-zusatzoptionen\/\" \/>\n<meta property=\"og:locale\" content=\"de_DE\" \/>\n<meta property=\"og:type\" content=\"article\" \/>\n<meta property=\"og:title\" content=\"Pr\u00fcfstra\u00dfe CERTUS 3 \u2013 Zusatzoptionen - Certus 3\" \/>\n<meta property=\"og:description\" content=\"Der Investor gewinnt durch die Wahl der Pr\u00fcfstra\u00dfe CERTUS 3 f\u00fcr sein Objekt eine Reihe von Vorteilen, die Betriebssicherheit, Kostensenkung und Offenheit f\u00fcr eine weitere Entwicklung zur Folge haben. CERTUS 3 bildet f\u00fcr Pr\u00fcfstellen ein modernes Instrument zur schnellen und\u00a0 zuverl\u00e4ssigen Fahrzeugpr\u00fcfung. Die Pr\u00fcfstra\u00dfen CERTUS schaffen den autorisierten Autoservicestationen die M\u00f6glichkeit, eine vertiefte Fahrzeugdiagnose durchzuf\u00fchren [&hellip;]\" \/>\n<meta property=\"og:url\" content=\"https:\/\/certustestlane.com\/de\/pruefstrasse-certus-3-zusatzoptionen\/\" \/>\n<meta property=\"og:site_name\" content=\"Certus 3\" \/>\n<meta property=\"og:image\" content=\"http:\/\/www.wsop.pl\/cnt\/upld\/2014\/10\/i-4x4.jpg\" \/>\n<meta name=\"twitter:card\" content=\"summary_large_image\" \/>\n<meta name=\"twitter:label1\" content=\"Gesch\u00e4tzte Lesezeit\" \/>\n\t<meta name=\"twitter:data1\" content=\"3\u00a0Minuten\" \/>\n<script type=\"application\/ld+json\" class=\"yoast-schema-graph\">{\"@context\":\"https:\/\/schema.org\",\"@graph\":[{\"@type\":\"WebPage\",\"@id\":\"https:\/\/certustestlane.com\/de\/pruefstrasse-certus-3-zusatzoptionen\/\",\"url\":\"https:\/\/certustestlane.com\/de\/pruefstrasse-certus-3-zusatzoptionen\/\",\"name\":\"Pr\u00fcfstra\u00dfe CERTUS 3 \u2013 Zusatzoptionen - Certus 3\",\"isPartOf\":{\"@id\":\"https:\/\/certustestlane.com\/#website\"},\"primaryImageOfPage\":{\"@id\":\"https:\/\/certustestlane.com\/de\/pruefstrasse-certus-3-zusatzoptionen\/#primaryimage\"},\"image\":{\"@id\":\"https:\/\/certustestlane.com\/de\/pruefstrasse-certus-3-zusatzoptionen\/#primaryimage\"},\"thumbnailUrl\":\"http:\/\/www.wsop.pl\/cnt\/upld\/2014\/10\/i-4x4.jpg\",\"datePublished\":\"2016-10-18T09:53:42+00:00\",\"breadcrumb\":{\"@id\":\"https:\/\/certustestlane.com\/de\/pruefstrasse-certus-3-zusatzoptionen\/#breadcrumb\"},\"inLanguage\":\"de\",\"potentialAction\":[{\"@type\":\"ReadAction\",\"target\":[\"https:\/\/certustestlane.com\/de\/pruefstrasse-certus-3-zusatzoptionen\/\"]}]},{\"@type\":\"ImageObject\",\"inLanguage\":\"de\",\"@id\":\"https:\/\/certustestlane.com\/de\/pruefstrasse-certus-3-zusatzoptionen\/#primaryimage\",\"url\":\"http:\/\/www.wsop.pl\/cnt\/upld\/2014\/10\/i-4x4.jpg\",\"contentUrl\":\"http:\/\/www.wsop.pl\/cnt\/upld\/2014\/10\/i-4x4.jpg\"},{\"@type\":\"BreadcrumbList\",\"@id\":\"https:\/\/certustestlane.com\/de\/pruefstrasse-certus-3-zusatzoptionen\/#breadcrumb\",\"itemListElement\":[{\"@type\":\"ListItem\",\"position\":1,\"name\":\"Home\",\"item\":\"https:\/\/certustestlane.com\/de\/home\/\"},{\"@type\":\"ListItem\",\"position\":2,\"name\":\"Pr\u00fcfstra\u00dfe CERTUS 3 \u2013 Zusatzoptionen\"}]},{\"@type\":\"WebSite\",\"@id\":\"https:\/\/certustestlane.com\/#website\",\"url\":\"https:\/\/certustestlane.com\/\",\"name\":\"Certus 3\",\"description\":\"vehicle test lanes\",\"potentialAction\":[{\"@type\":\"SearchAction\",\"target\":{\"@type\":\"EntryPoint\",\"urlTemplate\":\"https:\/\/certustestlane.com\/?s={search_term_string}\"},\"query-input\":{\"@type\":\"PropertyValueSpecification\",\"valueRequired\":true,\"valueName\":\"search_term_string\"}}],\"inLanguage\":\"de\"}]}<\/script>\n<!-- \/ Yoast SEO plugin. -->","yoast_head_json":{"title":"Pr\u00fcfstra\u00dfe CERTUS 3 \u2013 Zusatzoptionen - Certus 3","robots":{"index":"index","follow":"follow","max-snippet":"max-snippet:-1","max-image-preview":"max-image-preview:large","max-video-preview":"max-video-preview:-1"},"canonical":"https:\/\/certustestlane.com\/de\/pruefstrasse-certus-3-zusatzoptionen\/","og_locale":"de_DE","og_type":"article","og_title":"Pr\u00fcfstra\u00dfe CERTUS 3 \u2013 Zusatzoptionen - Certus 3","og_description":"Der Investor gewinnt durch die Wahl der Pr\u00fcfstra\u00dfe CERTUS 3 f\u00fcr sein Objekt eine Reihe von Vorteilen, die Betriebssicherheit, Kostensenkung und Offenheit f\u00fcr eine weitere Entwicklung zur Folge haben. CERTUS 3 bildet f\u00fcr Pr\u00fcfstellen ein modernes Instrument zur schnellen und\u00a0 zuverl\u00e4ssigen Fahrzeugpr\u00fcfung. Die Pr\u00fcfstra\u00dfen CERTUS schaffen den autorisierten Autoservicestationen die M\u00f6glichkeit, eine vertiefte Fahrzeugdiagnose durchzuf\u00fchren [&hellip;]","og_url":"https:\/\/certustestlane.com\/de\/pruefstrasse-certus-3-zusatzoptionen\/","og_site_name":"Certus 3","og_image":[{"url":"http:\/\/www.wsop.pl\/cnt\/upld\/2014\/10\/i-4x4.jpg","type":"","width":"","height":""}],"twitter_card":"summary_large_image","twitter_misc":{"Gesch\u00e4tzte Lesezeit":"3\u00a0Minuten"},"schema":{"@context":"https:\/\/schema.org","@graph":[{"@type":"WebPage","@id":"https:\/\/certustestlane.com\/de\/pruefstrasse-certus-3-zusatzoptionen\/","url":"https:\/\/certustestlane.com\/de\/pruefstrasse-certus-3-zusatzoptionen\/","name":"Pr\u00fcfstra\u00dfe CERTUS 3 \u2013 Zusatzoptionen - Certus 3","isPartOf":{"@id":"https:\/\/certustestlane.com\/#website"},"primaryImageOfPage":{"@id":"https:\/\/certustestlane.com\/de\/pruefstrasse-certus-3-zusatzoptionen\/#primaryimage"},"image":{"@id":"https:\/\/certustestlane.com\/de\/pruefstrasse-certus-3-zusatzoptionen\/#primaryimage"},"thumbnailUrl":"http:\/\/www.wsop.pl\/cnt\/upld\/2014\/10\/i-4x4.jpg","datePublished":"2016-10-18T09:53:42+00:00","breadcrumb":{"@id":"https:\/\/certustestlane.com\/de\/pruefstrasse-certus-3-zusatzoptionen\/#breadcrumb"},"inLanguage":"de","potentialAction":[{"@type":"ReadAction","target":["https:\/\/certustestlane.com\/de\/pruefstrasse-certus-3-zusatzoptionen\/"]}]},{"@type":"ImageObject","inLanguage":"de","@id":"https:\/\/certustestlane.com\/de\/pruefstrasse-certus-3-zusatzoptionen\/#primaryimage","url":"http:\/\/www.wsop.pl\/cnt\/upld\/2014\/10\/i-4x4.jpg","contentUrl":"http:\/\/www.wsop.pl\/cnt\/upld\/2014\/10\/i-4x4.jpg"},{"@type":"BreadcrumbList","@id":"https:\/\/certustestlane.com\/de\/pruefstrasse-certus-3-zusatzoptionen\/#breadcrumb","itemListElement":[{"@type":"ListItem","position":1,"name":"Home","item":"https:\/\/certustestlane.com\/de\/home\/"},{"@type":"ListItem","position":2,"name":"Pr\u00fcfstra\u00dfe CERTUS 3 \u2013 Zusatzoptionen"}]},{"@type":"WebSite","@id":"https:\/\/certustestlane.com\/#website","url":"https:\/\/certustestlane.com\/","name":"Certus 3","description":"vehicle test lanes","potentialAction":[{"@type":"SearchAction","target":{"@type":"EntryPoint","urlTemplate":"https:\/\/certustestlane.com\/?s={search_term_string}"},"query-input":{"@type":"PropertyValueSpecification","valueRequired":true,"valueName":"search_term_string"}}],"inLanguage":"de"}]}},"_links":{"self":[{"href":"https:\/\/certustestlane.com\/de\/wp-json\/wp\/v2\/pages\/6214","targetHints":{"allow":["GET"]}}],"collection":[{"href":"https:\/\/certustestlane.com\/de\/wp-json\/wp\/v2\/pages"}],"about":[{"href":"https:\/\/certustestlane.com\/de\/wp-json\/wp\/v2\/types\/page"}],"author":[{"embeddable":true,"href":"https:\/\/certustestlane.com\/de\/wp-json\/wp\/v2\/users\/1"}],"replies":[{"embeddable":true,"href":"https:\/\/certustestlane.com\/de\/wp-json\/wp\/v2\/comments?post=6214"}],"version-history":[{"count":0,"href":"https:\/\/certustestlane.com\/de\/wp-json\/wp\/v2\/pages\/6214\/revisions"}],"wp:attachment":[{"href":"https:\/\/certustestlane.com\/de\/wp-json\/wp\/v2\/media?parent=6214"}],"curies":[{"name":"wp","href":"https:\/\/api.w.org\/{rel}","templated":true}]}}