{"id":6215,"date":"2016-10-18T09:56:19","date_gmt":"2016-10-18T09:56:19","guid":{"rendered":"http:\/\/certustestlane.com\/?page_id=6215&#038;lang=de"},"modified":"2016-10-18T09:56:19","modified_gmt":"2016-10-18T09:56:19","slug":"certus-3-bestaendigkeit-und-qualitaet-mechanischer-loesungen","status":"publish","type":"page","link":"https:\/\/certustestlane.com\/de\/certus-3-bestaendigkeit-und-qualitaet-mechanischer-loesungen\/","title":{"rendered":"CERTUS 3 &#8211; Best\u00e4ndigkeit und Qualit\u00e4t mechanischer L\u00f6sungen"},"content":{"rendered":"<p><strong>Das Hauptziel der Konstrukteure der Pr\u00fcfstra\u00dfe CERTUS 3 war eine hohe Best\u00e4ndigkeit der Vorrichtungen zu erreichen. Um das zu erzielen, wurden sowohl Konstruktionsvoraussetzungen als auch Materialparameter sowie Qualit\u00e4t eingesetzter Untergruppen sorgf\u00e4ltig gew\u00e4hlt. Der so gefertigte mechanische Teil ist eine gute Erg\u00e4nzung f\u00fcr moderne elektronische Elemente.<br \/>\n<\/strong><\/p>\n<h2>Zuverl\u00e4ssige Konstruktion<\/h2>\n<p><a class=\"cbox\" href=\"http:\/\/www.wsop.pl\/cnt\/upld\/2014\/10\/certus3-rolki_hamulcowe-cmyk.jpg\"><img loading=\"lazy\" decoding=\"async\" class=\"alignright size-thumbnail wp-image-4658\" src=\"http:\/\/www.wsop.pl\/cnt\/upld\/2014\/10\/certus3-rolki_hamulcowe-cmyk-205x102.jpg\" alt=\"certus3-rolki_hamulcowe-cmyk\" width=\"205\" height=\"102\" \/><\/a>CERTUS-Vorrichtungen, insbesondere Bremsrollen verf\u00fcgen \u00fcber eine verst\u00e4rkte aus Hochqualit\u00e4tsstahl gefertigte Au\u00dfenkonstruktion. Mechanische Teile werden gegen Metallabbau durch ein spezielles Korrosionsschutzsystem gesichert, das auf Pulverfarben hoher Qualit\u00e4t basiert.<\/p>\n<h2>Untergruppen von den besten Herstellern<\/h2>\n<p><a class=\"cbox\" href=\"http:\/\/www.wsop.pl\/cnt\/upld\/2014\/10\/certus3-projekt-rolek-przekladnia2cz.jpg\"><img loading=\"lazy\" decoding=\"async\" class=\"alignleft size-thumbnail wp-image-4660\" src=\"http:\/\/www.wsop.pl\/cnt\/upld\/2014\/10\/certus3-projekt-rolek-przekladnia2cz-205x110.jpg\" alt=\"certus3-projekt-rolek-przekladnia2cz\" width=\"205\" height=\"110\" \/><\/a>Beim Entwerfen einzelner Vorrichtungen wurden Untergruppen gew\u00e4hlt, die von den besten europ\u00e4ischen Produzenten kommen. Die wichtigsten Elemente (wie Motor und Getriebe) k\u00f6nnen separat repariert werden, und brauchen nicht im Satz ausgetauscht zu werden, was etwaige Kosten f\u00fcr Nachgarantieservice senkt.<\/p>\n<h2>Motor und Getriebe \u2013 stabiler und ger\u00e4uscharmer Betrieb<\/h2>\n<p><a class=\"cbox\" href=\"http:\/\/www.wsop.pl\/cnt\/upld\/2014\/10\/certus3-trybiki.jpg\"><img loading=\"lazy\" decoding=\"async\" class=\"alignright size-thumbnail wp-image-4656\" src=\"http:\/\/www.wsop.pl\/cnt\/upld\/2014\/10\/certus3-trybiki-205x137.jpg\" alt=\"certus3-trybiki\" width=\"205\" height=\"137\" \/><\/a>Die in der universellen Rollenvorrichtung standardm\u00e4\u00dfig eingesetzten Planetengetriebe erh\u00f6hen die Best\u00e4ndigkeit des Antriebs\u00fcbertragungssystems. Durch eine hohe \u00dcbersetzung erm\u00f6glichen sie, erheblich h\u00f6here Bremskr\u00e4fte als in Vorrichtungen mit dem herk\u00f6mmlichen Wellengetriebe zu messen. Sorgf\u00e4ltig gew\u00e4hlte Motoren und Vibroisolatoren beeinflussen zus\u00e4tzlich den stabilen und ger\u00e4uscharmen Betrieb der Vorrichtung. Der Bremsrollenmotor f\u00fcr PKWs kann wiederum mit einer elektromagnetischen Bremse geliefert werden, die den 4&#215;4-Antriebsfahrzeugen und Lieferwagen eine flie\u00dfende Ausfahrt erleichtert.<\/p>\n<h2>Boge kann mehr<\/h2>\n<p><a class=\"cbox\" href=\"http:\/\/www.wsop.pl\/cnt\/upld\/2014\/10\/certus3-tester_amortyzatorowa11-cmyk.jpg\"><img loading=\"lazy\" decoding=\"async\" class=\"alignleft wp-image-4657 size-thumbnail\" src=\"http:\/\/www.wsop.pl\/cnt\/upld\/2014\/10\/certus3-tester_amortyzatorowa11-cmyk-e1413188626925-205x83.jpg\" alt=\"certus3-tester_amortyzatorowa11-cmyk\" width=\"205\" height=\"83\" \/><\/a>Der Achsd\u00e4mpfungspr\u00fcfstand CERTUS funktioniert nach der BOGE-Methode. Sie bietet breitere Pr\u00fcfm\u00f6glichkeiten als die Eusama-Methode, die lediglich die Bodenhaftung der R\u00e4der bewertet. Die BOGE-Methode ist auch weniger empfindlich gegen Aufh\u00e4ngungsart und -steifheit sowie gegen Bereifungsdruck des zu pr\u00fcfenden Fahrzeugs.<\/p>\n<h2>Mittelrolle mit gro\u00dfem Durchmesser<\/h2>\n<p><a class=\"cbox\" href=\"http:\/\/www.wsop.pl\/cnt\/upld\/2014\/10\/certus3-rolka_srodkowa1-cmyk.jpg\"><img loading=\"lazy\" decoding=\"async\" class=\"alignright size-thumbnail wp-image-4659\" src=\"http:\/\/www.wsop.pl\/cnt\/upld\/2014\/10\/certus3-rolka_srodkowa1-cmyk-205x130.jpg\" alt=\"certus3-rolka_srodkowa1-cmyk\" width=\"205\" height=\"130\" \/><\/a>Die Mittelrolle der Rollenvorrichtung hat einen gr\u00f6\u00dferen Durchmesser, um ein unkontrolliertes Schleudern des zu pr\u00fcfenden Rads zu vermeiden. Dadurch reagiert die Vorrichtung schneller aufs Drehschleudern bei der Bremskraftmessung.<\/p>\n<h2>Rollenbeschichtung<\/h2>\n<p><a class=\"cbox\" href=\"http:\/\/www.wsop.pl\/cnt\/upld\/2014\/10\/certus3-roller-coating.jpg\"><img loading=\"lazy\" decoding=\"async\" class=\"alignleft size-thumbnail wp-image-4661\" src=\"http:\/\/www.wsop.pl\/cnt\/upld\/2014\/10\/certus3-roller-coating-205x91.jpg\" alt=\"certus3-roller-coating\" width=\"205\" height=\"91\" \/><\/a>Die Best\u00e4ndigkeit der Rollenbeschichtung ist sehr wichtig f\u00fcr die Einhaltung der Messgenauigkeit, hat aber auch eine \u00e4sthetische Bedeutung. Das Material, mit dem die Trommeln beschichtet werden, zeichnet sich durch au\u00dfergew\u00f6hnliche mechanische Eigenschaften und eine hohe Verschlei\u00dfbest\u00e4ndigkeit aus.<\/p>\n","protected":false},"excerpt":{"rendered":"<p>Das Hauptziel der Konstrukteure der Pr\u00fcfstra\u00dfe CERTUS 3 war eine hohe Best\u00e4ndigkeit der Vorrichtungen zu erreichen. Um das zu erzielen, wurden sowohl Konstruktionsvoraussetzungen als auch Materialparameter sowie Qualit\u00e4t eingesetzter Untergruppen sorgf\u00e4ltig gew\u00e4hlt. Der so gefertigte mechanische Teil ist eine gute Erg\u00e4nzung f\u00fcr moderne elektronische Elemente. Zuverl\u00e4ssige Konstruktion CERTUS-Vorrichtungen, insbesondere Bremsrollen verf\u00fcgen \u00fcber eine verst\u00e4rkte aus [&hellip;]<\/p>\n","protected":false},"author":1,"featured_media":0,"parent":0,"menu_order":5,"comment_status":"closed","ping_status":"closed","template":"","meta":{"footnotes":""},"class_list":["post-6215","page","type-page","status-publish","hentry"],"yoast_head":"<!-- This site is optimized with the Yoast SEO plugin v26.9 - https:\/\/yoast.com\/product\/yoast-seo-wordpress\/ -->\n<title>CERTUS 3 - Best\u00e4ndigkeit und Qualit\u00e4t mechanischer L\u00f6sungen - Certus 3<\/title>\n<meta name=\"robots\" content=\"index, follow, max-snippet:-1, max-image-preview:large, max-video-preview:-1\" \/>\n<link rel=\"canonical\" href=\"https:\/\/certustestlane.com\/de\/certus-3-bestaendigkeit-und-qualitaet-mechanischer-loesungen\/\" \/>\n<meta property=\"og:locale\" content=\"de_DE\" \/>\n<meta property=\"og:type\" content=\"article\" \/>\n<meta property=\"og:title\" content=\"CERTUS 3 - Best\u00e4ndigkeit und Qualit\u00e4t mechanischer L\u00f6sungen - Certus 3\" \/>\n<meta property=\"og:description\" content=\"Das Hauptziel der Konstrukteure der Pr\u00fcfstra\u00dfe CERTUS 3 war eine hohe Best\u00e4ndigkeit der Vorrichtungen zu erreichen. Um das zu erzielen, wurden sowohl Konstruktionsvoraussetzungen als auch Materialparameter sowie Qualit\u00e4t eingesetzter Untergruppen sorgf\u00e4ltig gew\u00e4hlt. Der so gefertigte mechanische Teil ist eine gute Erg\u00e4nzung f\u00fcr moderne elektronische Elemente. Zuverl\u00e4ssige Konstruktion CERTUS-Vorrichtungen, insbesondere Bremsrollen verf\u00fcgen \u00fcber eine verst\u00e4rkte aus [&hellip;]\" \/>\n<meta property=\"og:url\" content=\"https:\/\/certustestlane.com\/de\/certus-3-bestaendigkeit-und-qualitaet-mechanischer-loesungen\/\" \/>\n<meta property=\"og:site_name\" content=\"Certus 3\" \/>\n<meta property=\"og:image\" content=\"http:\/\/www.wsop.pl\/cnt\/upld\/2014\/10\/certus3-rolki_hamulcowe-cmyk-205x102.jpg\" \/>\n<meta name=\"twitter:card\" content=\"summary_large_image\" \/>\n<meta name=\"twitter:label1\" content=\"Gesch\u00e4tzte Lesezeit\" \/>\n\t<meta name=\"twitter:data1\" content=\"2\u00a0Minuten\" \/>\n<script type=\"application\/ld+json\" class=\"yoast-schema-graph\">{\"@context\":\"https:\/\/schema.org\",\"@graph\":[{\"@type\":\"WebPage\",\"@id\":\"https:\/\/certustestlane.com\/de\/certus-3-bestaendigkeit-und-qualitaet-mechanischer-loesungen\/\",\"url\":\"https:\/\/certustestlane.com\/de\/certus-3-bestaendigkeit-und-qualitaet-mechanischer-loesungen\/\",\"name\":\"CERTUS 3 - Best\u00e4ndigkeit und Qualit\u00e4t mechanischer L\u00f6sungen - Certus 3\",\"isPartOf\":{\"@id\":\"https:\/\/certustestlane.com\/#website\"},\"primaryImageOfPage\":{\"@id\":\"https:\/\/certustestlane.com\/de\/certus-3-bestaendigkeit-und-qualitaet-mechanischer-loesungen\/#primaryimage\"},\"image\":{\"@id\":\"https:\/\/certustestlane.com\/de\/certus-3-bestaendigkeit-und-qualitaet-mechanischer-loesungen\/#primaryimage\"},\"thumbnailUrl\":\"http:\/\/www.wsop.pl\/cnt\/upld\/2014\/10\/certus3-rolki_hamulcowe-cmyk-205x102.jpg\",\"datePublished\":\"2016-10-18T09:56:19+00:00\",\"breadcrumb\":{\"@id\":\"https:\/\/certustestlane.com\/de\/certus-3-bestaendigkeit-und-qualitaet-mechanischer-loesungen\/#breadcrumb\"},\"inLanguage\":\"de\",\"potentialAction\":[{\"@type\":\"ReadAction\",\"target\":[\"https:\/\/certustestlane.com\/de\/certus-3-bestaendigkeit-und-qualitaet-mechanischer-loesungen\/\"]}]},{\"@type\":\"ImageObject\",\"inLanguage\":\"de\",\"@id\":\"https:\/\/certustestlane.com\/de\/certus-3-bestaendigkeit-und-qualitaet-mechanischer-loesungen\/#primaryimage\",\"url\":\"http:\/\/www.wsop.pl\/cnt\/upld\/2014\/10\/certus3-rolki_hamulcowe-cmyk-205x102.jpg\",\"contentUrl\":\"http:\/\/www.wsop.pl\/cnt\/upld\/2014\/10\/certus3-rolki_hamulcowe-cmyk-205x102.jpg\"},{\"@type\":\"BreadcrumbList\",\"@id\":\"https:\/\/certustestlane.com\/de\/certus-3-bestaendigkeit-und-qualitaet-mechanischer-loesungen\/#breadcrumb\",\"itemListElement\":[{\"@type\":\"ListItem\",\"position\":1,\"name\":\"Home\",\"item\":\"https:\/\/certustestlane.com\/de\/home\/\"},{\"@type\":\"ListItem\",\"position\":2,\"name\":\"CERTUS 3 &#8211; Best\u00e4ndigkeit und Qualit\u00e4t mechanischer L\u00f6sungen\"}]},{\"@type\":\"WebSite\",\"@id\":\"https:\/\/certustestlane.com\/#website\",\"url\":\"https:\/\/certustestlane.com\/\",\"name\":\"Certus 3\",\"description\":\"vehicle test lanes\",\"potentialAction\":[{\"@type\":\"SearchAction\",\"target\":{\"@type\":\"EntryPoint\",\"urlTemplate\":\"https:\/\/certustestlane.com\/?s={search_term_string}\"},\"query-input\":{\"@type\":\"PropertyValueSpecification\",\"valueRequired\":true,\"valueName\":\"search_term_string\"}}],\"inLanguage\":\"de\"}]}<\/script>\n<!-- \/ Yoast SEO plugin. -->","yoast_head_json":{"title":"CERTUS 3 - Best\u00e4ndigkeit und Qualit\u00e4t mechanischer L\u00f6sungen - Certus 3","robots":{"index":"index","follow":"follow","max-snippet":"max-snippet:-1","max-image-preview":"max-image-preview:large","max-video-preview":"max-video-preview:-1"},"canonical":"https:\/\/certustestlane.com\/de\/certus-3-bestaendigkeit-und-qualitaet-mechanischer-loesungen\/","og_locale":"de_DE","og_type":"article","og_title":"CERTUS 3 - Best\u00e4ndigkeit und Qualit\u00e4t mechanischer L\u00f6sungen - Certus 3","og_description":"Das Hauptziel der Konstrukteure der Pr\u00fcfstra\u00dfe CERTUS 3 war eine hohe Best\u00e4ndigkeit der Vorrichtungen zu erreichen. Um das zu erzielen, wurden sowohl Konstruktionsvoraussetzungen als auch Materialparameter sowie Qualit\u00e4t eingesetzter Untergruppen sorgf\u00e4ltig gew\u00e4hlt. Der so gefertigte mechanische Teil ist eine gute Erg\u00e4nzung f\u00fcr moderne elektronische Elemente. Zuverl\u00e4ssige Konstruktion CERTUS-Vorrichtungen, insbesondere Bremsrollen verf\u00fcgen \u00fcber eine verst\u00e4rkte aus [&hellip;]","og_url":"https:\/\/certustestlane.com\/de\/certus-3-bestaendigkeit-und-qualitaet-mechanischer-loesungen\/","og_site_name":"Certus 3","og_image":[{"url":"http:\/\/www.wsop.pl\/cnt\/upld\/2014\/10\/certus3-rolki_hamulcowe-cmyk-205x102.jpg","type":"","width":"","height":""}],"twitter_card":"summary_large_image","twitter_misc":{"Gesch\u00e4tzte Lesezeit":"2\u00a0Minuten"},"schema":{"@context":"https:\/\/schema.org","@graph":[{"@type":"WebPage","@id":"https:\/\/certustestlane.com\/de\/certus-3-bestaendigkeit-und-qualitaet-mechanischer-loesungen\/","url":"https:\/\/certustestlane.com\/de\/certus-3-bestaendigkeit-und-qualitaet-mechanischer-loesungen\/","name":"CERTUS 3 - Best\u00e4ndigkeit und Qualit\u00e4t mechanischer L\u00f6sungen - Certus 3","isPartOf":{"@id":"https:\/\/certustestlane.com\/#website"},"primaryImageOfPage":{"@id":"https:\/\/certustestlane.com\/de\/certus-3-bestaendigkeit-und-qualitaet-mechanischer-loesungen\/#primaryimage"},"image":{"@id":"https:\/\/certustestlane.com\/de\/certus-3-bestaendigkeit-und-qualitaet-mechanischer-loesungen\/#primaryimage"},"thumbnailUrl":"http:\/\/www.wsop.pl\/cnt\/upld\/2014\/10\/certus3-rolki_hamulcowe-cmyk-205x102.jpg","datePublished":"2016-10-18T09:56:19+00:00","breadcrumb":{"@id":"https:\/\/certustestlane.com\/de\/certus-3-bestaendigkeit-und-qualitaet-mechanischer-loesungen\/#breadcrumb"},"inLanguage":"de","potentialAction":[{"@type":"ReadAction","target":["https:\/\/certustestlane.com\/de\/certus-3-bestaendigkeit-und-qualitaet-mechanischer-loesungen\/"]}]},{"@type":"ImageObject","inLanguage":"de","@id":"https:\/\/certustestlane.com\/de\/certus-3-bestaendigkeit-und-qualitaet-mechanischer-loesungen\/#primaryimage","url":"http:\/\/www.wsop.pl\/cnt\/upld\/2014\/10\/certus3-rolki_hamulcowe-cmyk-205x102.jpg","contentUrl":"http:\/\/www.wsop.pl\/cnt\/upld\/2014\/10\/certus3-rolki_hamulcowe-cmyk-205x102.jpg"},{"@type":"BreadcrumbList","@id":"https:\/\/certustestlane.com\/de\/certus-3-bestaendigkeit-und-qualitaet-mechanischer-loesungen\/#breadcrumb","itemListElement":[{"@type":"ListItem","position":1,"name":"Home","item":"https:\/\/certustestlane.com\/de\/home\/"},{"@type":"ListItem","position":2,"name":"CERTUS 3 &#8211; Best\u00e4ndigkeit und Qualit\u00e4t mechanischer L\u00f6sungen"}]},{"@type":"WebSite","@id":"https:\/\/certustestlane.com\/#website","url":"https:\/\/certustestlane.com\/","name":"Certus 3","description":"vehicle test lanes","potentialAction":[{"@type":"SearchAction","target":{"@type":"EntryPoint","urlTemplate":"https:\/\/certustestlane.com\/?s={search_term_string}"},"query-input":{"@type":"PropertyValueSpecification","valueRequired":true,"valueName":"search_term_string"}}],"inLanguage":"de"}]}},"_links":{"self":[{"href":"https:\/\/certustestlane.com\/de\/wp-json\/wp\/v2\/pages\/6215","targetHints":{"allow":["GET"]}}],"collection":[{"href":"https:\/\/certustestlane.com\/de\/wp-json\/wp\/v2\/pages"}],"about":[{"href":"https:\/\/certustestlane.com\/de\/wp-json\/wp\/v2\/types\/page"}],"author":[{"embeddable":true,"href":"https:\/\/certustestlane.com\/de\/wp-json\/wp\/v2\/users\/1"}],"replies":[{"embeddable":true,"href":"https:\/\/certustestlane.com\/de\/wp-json\/wp\/v2\/comments?post=6215"}],"version-history":[{"count":0,"href":"https:\/\/certustestlane.com\/de\/wp-json\/wp\/v2\/pages\/6215\/revisions"}],"wp:attachment":[{"href":"https:\/\/certustestlane.com\/de\/wp-json\/wp\/v2\/media?parent=6215"}],"curies":[{"name":"wp","href":"https:\/\/api.w.org\/{rel}","templated":true}]}}