{"id":6216,"date":"2016-10-18T10:13:17","date_gmt":"2016-10-18T10:13:17","guid":{"rendered":"http:\/\/certustestlane.com\/?page_id=6216&#038;lang=de"},"modified":"2017-04-12T05:02:26","modified_gmt":"2017-04-12T05:02:26","slug":"pruefstrasse-certus-3-technische-parameter","status":"publish","type":"page","link":"https:\/\/certustestlane.com\/de\/pruefstrasse-certus-3-technische-parameter\/","title":{"rendered":"Pr\u00fcfstra\u00dfe CERTUS 3 \u2013 technische Parameter"},"content":{"rendered":"<h2>Steuerpult CERTUS Design<\/h2>\n<a class=\"cbox\" href=\"http:\/\/certustestlane.com\/cnt\/upld\/2014\/10\/certus3-design-control-unit.jpg\"><img loading=\"lazy\" decoding=\"async\" class=\"alignright size-medium wp-image-6167\" src=\"http:\/\/certustestlane.com\/cnt\/upld\/2014\/10\/certus3-design-control-unit-168x300.jpg\" alt=\"certus3-design-control-unit\" width=\"168\" height=\"300\" srcset=\"https:\/\/certustestlane.com\/cnt\/upld\/2014\/10\/certus3-design-control-unit-168x300.jpg 168w, https:\/\/certustestlane.com\/cnt\/upld\/2014\/10\/certus3-design-control-unit-574x1024.jpg 574w, https:\/\/certustestlane.com\/cnt\/upld\/2014\/10\/certus3-design-control-unit.jpg 718w\" sizes=\"auto, (max-width: 168px) 100vw, 168px\" \/><\/a>\n<table class=\"certus\" style=\"width: 90%;\">\n<tbody>\n<tr>\n<td><strong>Steuerpult CERTUS Design<\/strong><\/td>\n<td>mobil, aus Stahl, pulverlackiert<\/td>\n<\/tr>\n<tr>\n<td><strong>Steuerung der Motoren<\/strong><\/td>\n<td>elektronisch, 2 St\u00fcck Wechselrichter (betrifft: universelle Pr\u00fcfstra\u00dfe)<\/td>\n<\/tr>\n<tr>\n<td><strong>Verarbeitung der Ergebnisse<\/strong><\/td>\n<td>PC-Computerset, Vorbereitung zur Daten\u00fcbertragung ans Au\u00dfennetz<\/td>\n<\/tr>\n<tr>\n<td><strong>Hauptmonitor \/ Wiederholmonitoren<\/strong><\/td>\n<td>24 Zoll \/ 35-100 Zoll Full HD<\/td>\n<\/tr>\n<tr>\n<td><strong>Bildschirmgrafikaufl\u00f6sung<\/strong><\/td>\n<td>Full HD<\/td>\n<\/tr>\n<tr>\n<td><strong>Netzverbindung mit Bodenteilen<\/strong><\/td>\n<td>CAN-Netz<\/td>\n<\/tr>\n<tr>\n<td><strong>drahtlose Kommunikation<\/strong><\/td>\n<td>Fernbedienung, Drucksensor, Drucksensor (universelle Pr\u00fcfstra\u00dfe) ggf. andere Anpassung der Vorrichtung<\/td>\n<\/tr>\n<\/tbody>\n<\/table>\n<h2>Technische\u00a0 Parameter der Pr\u00fcfstra\u00dfe f\u00fcr Fahrzeuge mit zGG von bis zu 3,5t und f\u00fcr Motorr\u00e4der<\/h2>\n<h3><a class=\"cbox\" href=\"http:\/\/www.wsop.pl\/cnt\/upld\/2014\/10\/certus3-roller-brake.jpg\"><img loading=\"lazy\" decoding=\"async\" class=\"alignright size-thumbnail wp-image-4666\" src=\"http:\/\/www.wsop.pl\/cnt\/upld\/2014\/10\/certus3-roller-brake-205x137.jpg\" alt=\"certus3-roller-brake\" width=\"205\" height=\"137\" \/><\/a>Rollenvorrichtung CERTUS 3 CRB 3,5<\/h3>\n<table class=\"certus\">\n<tbody>\n<tr>\n<td><strong>Selbstragende Rollkasten (f\u00fcr einteilige Version)<\/strong><\/td>\n<td>pulverlackiert<\/td>\n<td><\/td>\n<\/tr>\n<tr>\n<td><strong>Achsdruck\u2013 zur \u00dcberfahrt<\/strong><\/td>\n<td>max. 4<\/td>\n<td>T<\/td>\n<\/tr>\n<tr>\n<td><strong>Radstandbereich min. \/ max.<\/strong><\/td>\n<td>800 \/ 2.200<\/td>\n<td>mm<\/td>\n<\/tr>\n<tr>\n<td><strong>Rollendurchmesser<\/strong><\/td>\n<td>205<\/td>\n<td>mm<\/td>\n<\/tr>\n<tr>\n<td><strong>mit Kunststoff beschichtete Stahlrollen<\/strong><\/td>\n<td>Haftung trocken \/ nass<\/td>\n<td>0,9 \/0,8<\/td>\n<\/tr>\n<tr>\n<td><strong>Durchmesser der Mittelrolle<\/strong><\/td>\n<td>50<\/td>\n<td>mm<\/td>\n<\/tr>\n<tr>\n<td><strong>Rollenachsabstand<\/strong><\/td>\n<td>410<\/td>\n<td>mm<\/td>\n<\/tr>\n<tr>\n<td><strong>Pr\u00fcfgeschwindigkeit \/ Leistung installierter Motoren<\/strong><\/td>\n<td>5 km\/h<\/td>\n<td>2 x 3 kW<\/td>\n<\/tr>\n<tr>\n<td><strong>Anzeigen der Bremskr\u00e4fte<\/strong><\/td>\n<td>0 &#8211; 6<\/td>\n<td>kN<\/td>\n<\/tr>\n<tr>\n<td><strong>Speisespannung<\/strong><\/td>\n<td>3 x 400 V<\/td>\n<td>50 Hz<\/td>\n<\/tr>\n<tr>\n<td><strong>Anschluss \/ Stromschutz<\/strong><\/td>\n<td>5 x 2,5 mm\u00b2<\/td>\n<td>32 A<\/td>\n<\/tr>\n<tr>\n<td><strong>Ma\u00dfe des (einteiligen) Rollenkastens<\/strong><\/td>\n<td>(B x L x H) 2.320 x 680 x 240<\/td>\n<\/tr>\n<tr>\n<td><strong>Eigengewicht<\/strong><\/td>\n<td>450<\/td>\n<td>kg<\/td>\n<\/tr>\n<\/tbody>\n<\/table>\n<h3><a class=\"cbox\" href=\"http:\/\/www.wsop.pl\/cnt\/upld\/2014\/10\/certus3-suspension.jpg\"><img loading=\"lazy\" decoding=\"async\" class=\"alignright size-thumbnail wp-image-4663\" src=\"http:\/\/www.wsop.pl\/cnt\/upld\/2014\/10\/certus3-suspension-205x137.jpg\" alt=\"certus3-suspension\" width=\"205\" height=\"137\" \/><\/a>Achsd\u00e4mpfungspr\u00fcfstand CERTUS 3 CSA<\/h3>\n<table class=\"certus\">\n<tbody>\n<tr>\n<td><strong>Messmethode<\/strong><\/td>\n<td>Boge<\/td>\n<td><\/td>\n<\/tr>\n<tr>\n<td><strong>Au\u00dfenma\u00dfe L x B x H<\/strong><\/td>\n<td>2.320 x 800 x 280<\/td>\n<td>mm<\/td>\n<\/tr>\n<tr>\n<td><strong>Radstand<\/strong><\/td>\n<td>800 &#8211; 2.200<\/td>\n<td>mm<\/td>\n<\/tr>\n<tr>\n<td><strong>Achsdruck zur \u00dcberfahrt<\/strong><\/td>\n<td>4<\/td>\n<td>T<\/td>\n<\/tr>\n<tr>\n<td><strong>Achsdruck zur Messung<\/strong><\/td>\n<td>2<\/td>\n<td>T<\/td>\n<\/tr>\n<tr>\n<td><strong>Zwangsfrequenz<\/strong><\/td>\n<td>16<\/td>\n<td>Hz<\/td>\n<\/tr>\n<tr>\n<td><strong>Maximalamplitude der Pr\u00fcfplatte<\/strong><\/td>\n<td>100<\/td>\n<td>mm<\/td>\n<\/tr>\n<tr>\n<td><strong>Leistung der Motoren<\/strong><\/td>\n<td>2 x 1,3<\/td>\n<td>kW<\/td>\n<\/tr>\n<tr>\n<td><strong>Versorgung<\/strong><\/td>\n<td>3 x 400 V<\/td>\n<td>50 Hz<\/td>\n<\/tr>\n<tr>\n<td><strong>Anschluss \/ Sicherung<\/strong><\/td>\n<td>5 x 2,5 mm\u00b2<\/td>\n<td>20 A<\/td>\n<\/tr>\n<\/tbody>\n<\/table>\n<h3><a class=\"cbox\" href=\"http:\/\/certustestlane.com\/cnt\/upld\/2014\/10\/certus3-side-slip-tester.jpg\"><img loading=\"lazy\" decoding=\"async\" class=\"alignright wp-image-6339\" src=\"http:\/\/certustestlane.com\/cnt\/upld\/2014\/10\/certus3-side-slip-tester-300x200.jpg\" alt=\"certus3-side-slip-tester\" width=\"200\" height=\"133\" srcset=\"https:\/\/certustestlane.com\/cnt\/upld\/2014\/10\/certus3-side-slip-tester-300x200.jpg 300w, https:\/\/certustestlane.com\/cnt\/upld\/2014\/10\/certus3-side-slip-tester-768x511.jpg 768w, https:\/\/certustestlane.com\/cnt\/upld\/2014\/10\/certus3-side-slip-tester-1024x681.jpg 1024w, https:\/\/certustestlane.com\/cnt\/upld\/2014\/10\/certus3-side-slip-tester.jpg 1200w, https:\/\/certustestlane.com\/cnt\/upld\/2014\/10\/certus3-side-slip-tester-272x182.jpg 272w\" sizes=\"auto, (max-width: 200px) 100vw, 200px\" \/><\/a>Radlauftester CERTUS 3 CPS 4.0<\/h3>\n<table class=\"certus\">\n<tbody>\n<tr>\n<td><strong>Pr\u00fcfplatte pulverlackiert<\/strong><\/td>\n<td>einteiliger Tester<\/td>\n<td><\/td>\n<\/tr>\n<tr>\n<td><strong>Wartungsfreies Messsystem<\/strong><\/td>\n<td>potentiometrisch<\/td>\n<td>DMS<\/td>\n<\/tr>\n<tr>\n<td><strong>Speisespannung<\/strong><\/td>\n<td>DC 12<\/td>\n<td>V<\/td>\n<\/tr>\n<tr>\n<td><strong>Ma\u00dfe der Messplatte CERTUS 3 CPS 4.0<\/strong><\/td>\n<td>(L x B x H) 1000 x 500 x 50<\/td>\n<td>mm<\/td>\n<\/tr>\n<\/tbody>\n<\/table>\n<h2>Technische\u00a0 Parameter der Universalpr\u00fcfstra\u00dfe f\u00fcr Fahrzeuge mit zGG bis und mehr als 3,5t sowie f\u00fcr Motorr\u00e4der<\/h2>\n<h3><a class=\"cbox\" href=\"http:\/\/www.wsop.pl\/cnt\/upld\/2014\/10\/certus3-roller-brake-DSC_2185-cmyk1.jpg\"><img loading=\"lazy\" decoding=\"async\" class=\"alignright size-thumbnail wp-image-4667\" src=\"http:\/\/www.wsop.pl\/cnt\/upld\/2014\/10\/certus3-roller-brake-DSC_2185-cmyk1-205x133.jpg\" alt=\"certus3-roller-brake-DSC_2185-cmyk1\" width=\"205\" height=\"133\" \/><\/a>Rollenbremsenpr\u00fcfstand f\u00fcr Fahrzeuge mit Achsdruck von bis zu 13 t \u2013 CERTUS 3 CRB 13<\/h3>\n<table class=\"certus\">\n<tbody>\n<tr>\n<td><strong>Rollensatz geteilt, pulverlackiert<\/strong><\/td>\n<td>Motoren unter den Rollen<\/td>\n<td><\/td>\n<\/tr>\n<tr>\n<td><strong>Rollensatzma\u00dfe B x L x H<\/strong><\/td>\n<td>1.200 x 1.045 x 554<\/td>\n<td>mm<\/td>\n<\/tr>\n<tr>\n<td><strong>Gewicht des einzelnen Rollensatzes<\/strong><\/td>\n<td>ca. 450<\/td>\n<td>kg<\/td>\n<\/tr>\n<tr>\n<td><strong>Rollentrommell\u00e4nge<\/strong><\/td>\n<td>1.000<\/td>\n<td>mm<\/td>\n<\/tr>\n<tr>\n<td><strong>Rollentrommeldurchmesser<\/strong><\/td>\n<td>CRB 13: 205<\/td>\n<td>mm<\/td>\n<\/tr>\n<tr>\n<td><strong>Rollentrommeln<\/strong><\/td>\n<td>aus Stahl, kunststoffbeschichtet<\/td>\n<td><\/td>\n<\/tr>\n<tr>\n<td><strong>Haftreibungsbeiwert trocken \/ nass<\/strong><\/td>\n<td>0,9 \/0,8<\/td>\n<td><\/td>\n<\/tr>\n<tr>\n<td><strong>Durchmesser der Mittelrolle<\/strong><\/td>\n<td>100<\/td>\n<td>mm<\/td>\n<\/tr>\n<tr>\n<td><strong>Rollenachsabstand<\/strong><\/td>\n<td>CRB 13: 420<\/td>\n<td>mm<\/td>\n<\/tr>\n<tr>\n<td><strong>Antriebs\u00fcbertragungssystem<\/strong><\/td>\n<td>Planetengetriebe mit Kettenantriebs\u00fcbertragung<\/td>\n<td><\/td>\n<\/tr>\n<tr>\n<td><strong>Pr\u00fcfgeschwindigkeit<\/strong><\/td>\n<td>2,6 und 5,2<\/td>\n<td>km\/h<\/td>\n<\/tr>\n<tr>\n<td><strong>Maximalachsdruck zur \u00dcberfahrt<\/strong><\/td>\n<td>13<\/td>\n<td>T<\/td>\n<\/tr>\n<tr>\n<td><strong>Nennleistung der Rollenantriebsmotoren<\/strong><\/td>\n<td>7,5<\/td>\n<td>kW<\/td>\n<\/tr>\n<tr>\n<td><strong>Speisespannung<\/strong><\/td>\n<td>3 x 400 \/50<\/td>\n<td>V \/ Hz<\/td>\n<\/tr>\n<tr>\n<td><strong>Versorgung \/ Sicherung<\/strong><\/td>\n<td>f\u00fcr Motoren 7,5 kW: 5 x 6 \/ 50<\/td>\n<td>mm\u00b2 \/ A<\/td>\n<\/tr>\n<tr>\n<td><strong>Messsystem, Schnittkraftsensor<\/strong><\/td>\n<td>integrierter Verst\u00e4rker<\/td>\n<td>DMS<\/td>\n<\/tr>\n<\/tbody>\n<\/table>\n<h3>Achsd\u00e4mpfungspr\u00fcfstand CERTUS 3 CSA<\/h3>\n<h3><a class=\"cbox\" href=\"http:\/\/www.wsop.pl\/cnt\/upld\/2014\/10\/certus3-tester_amortyzatorowa11-cmyk1.jpg\"><img loading=\"lazy\" decoding=\"async\" class=\"alignright size-thumbnail wp-image-4662\" src=\"http:\/\/www.wsop.pl\/cnt\/upld\/2014\/10\/certus3-tester_amortyzatorowa11-cmyk1-205x137.jpg\" alt=\"certus3-tester_amortyzatorowa11-cmyk\" width=\"205\" height=\"137\" \/><\/a><\/h3>\n<table class=\"certus\">\n<tbody>\n<tr>\n<td><strong>Messmethode<\/strong><\/td>\n<td>Boge<\/td>\n<td><\/td>\n<\/tr>\n<tr>\n<td><strong>Au\u00dfenma\u00dfe L x B x H<\/strong><\/td>\n<td>2.320 x 800 x 280<\/td>\n<td>mm<\/td>\n<\/tr>\n<tr>\n<td><strong>Radstand min. &#8211; max.<\/strong><\/td>\n<td>800 &#8211; 2.200<\/td>\n<td>mm<\/td>\n<\/tr>\n<tr>\n<td><strong>Achsdruck zur \u00dcberfahrt<\/strong><\/td>\n<td>13 T<\/td>\n<td>T<\/td>\n<\/tr>\n<tr>\n<td><strong>Achsdruck zur Messung<\/strong><\/td>\n<td>2<\/td>\n<td>T<\/td>\n<\/tr>\n<tr>\n<td><strong>Zwangsfrequenz<\/strong><\/td>\n<td>16<\/td>\n<td>Hz<\/td>\n<\/tr>\n<tr>\n<td><strong>Maximalamplitude der Pr\u00fcfplatte<\/strong><\/td>\n<td>100<\/td>\n<td>mm<\/td>\n<\/tr>\n<tr>\n<td><strong>Leistung der Motoren<\/strong><\/td>\n<td>2 x 1,3<\/td>\n<td>kW<\/td>\n<\/tr>\n<tr>\n<td><strong>Versorgung<\/strong><\/td>\n<td>3 x 400 V<\/td>\n<td>50 Hz<\/td>\n<\/tr>\n<tr>\n<td><strong>Anschluss \/ Sicherung<\/strong><\/td>\n<td>5 x 2,5 mm\u00b2<\/td>\n<td>20 A<\/td>\n<\/tr>\n<\/tbody>\n<\/table>\n<h3>Radlauftester CERTUS 3 CPS 15<a class=\"cbox\" href=\"http:\/\/certustestlane.com\/cnt\/upld\/2014\/10\/certus3-side-slip-tester.jpg\"><img loading=\"lazy\" decoding=\"async\" class=\"alignright wp-image-6339\" src=\"http:\/\/certustestlane.com\/cnt\/upld\/2014\/10\/certus3-side-slip-tester-300x200.jpg\" alt=\"certus3-side-slip-tester\" width=\"200\" height=\"133\" srcset=\"https:\/\/certustestlane.com\/cnt\/upld\/2014\/10\/certus3-side-slip-tester-300x200.jpg 300w, https:\/\/certustestlane.com\/cnt\/upld\/2014\/10\/certus3-side-slip-tester-768x511.jpg 768w, https:\/\/certustestlane.com\/cnt\/upld\/2014\/10\/certus3-side-slip-tester-1024x681.jpg 1024w, https:\/\/certustestlane.com\/cnt\/upld\/2014\/10\/certus3-side-slip-tester.jpg 1200w, https:\/\/certustestlane.com\/cnt\/upld\/2014\/10\/certus3-side-slip-tester-272x182.jpg 272w\" sizes=\"auto, (max-width: 200px) 100vw, 200px\" \/><\/a><\/h3>\n<table class=\"certus\">\n<tbody>\n<tr>\n<td><strong>Pr\u00fcfplatte<\/strong><\/td>\n<td>einteilig, pulverlackiert<\/td>\n<td><\/td>\n<\/tr>\n<tr>\n<td><strong>wartungsfreies Messsystem<\/strong><\/td>\n<td>potentiometrisch<\/td>\n<td>DMS<\/td>\n<\/tr>\n<tr>\n<td><strong>Speisespannung<\/strong><\/td>\n<td>DC 12<\/td>\n<td>V<\/td>\n<\/tr>\n<tr>\n<td><strong>Ma\u00dfe der Messplatte CERTUS 3 CPS 15<\/strong><\/td>\n<td>L 750 x B 990 x H 50<\/td>\n<td>mm<\/td>\n<\/tr>\n<\/tbody>\n<\/table>\n","protected":false},"excerpt":{"rendered":"<p>Steuerpult CERTUS Design Steuerpult CERTUS Design mobil, aus Stahl, pulverlackiert Steuerung der Motoren elektronisch, 2 St\u00fcck Wechselrichter (betrifft: universelle Pr\u00fcfstra\u00dfe) Verarbeitung der Ergebnisse PC-Computerset, Vorbereitung zur Daten\u00fcbertragung ans Au\u00dfennetz Hauptmonitor \/ Wiederholmonitoren 24 Zoll \/ 35-100 Zoll Full HD Bildschirmgrafikaufl\u00f6sung Full HD Netzverbindung mit Bodenteilen CAN-Netz drahtlose Kommunikation Fernbedienung, Drucksensor, Drucksensor (universelle Pr\u00fcfstra\u00dfe) ggf. andere [&hellip;]<\/p>\n","protected":false},"author":1,"featured_media":0,"parent":0,"menu_order":6,"comment_status":"closed","ping_status":"closed","template":"","meta":{"footnotes":""},"class_list":["post-6216","page","type-page","status-publish","hentry"],"yoast_head":"<!-- This site is optimized with the Yoast SEO plugin v26.9 - https:\/\/yoast.com\/product\/yoast-seo-wordpress\/ -->\n<title>Pr\u00fcfstra\u00dfe CERTUS 3 \u2013 technische Parameter - Certus 3<\/title>\n<meta name=\"robots\" content=\"index, follow, max-snippet:-1, max-image-preview:large, max-video-preview:-1\" \/>\n<link rel=\"canonical\" href=\"https:\/\/certustestlane.com\/de\/pruefstrasse-certus-3-technische-parameter\/\" \/>\n<meta property=\"og:locale\" content=\"de_DE\" \/>\n<meta property=\"og:type\" content=\"article\" \/>\n<meta property=\"og:title\" content=\"Pr\u00fcfstra\u00dfe CERTUS 3 \u2013 technische Parameter - Certus 3\" \/>\n<meta property=\"og:description\" content=\"Steuerpult CERTUS Design Steuerpult CERTUS Design mobil, aus Stahl, pulverlackiert Steuerung der Motoren elektronisch, 2 St\u00fcck Wechselrichter (betrifft: universelle Pr\u00fcfstra\u00dfe) Verarbeitung der Ergebnisse PC-Computerset, Vorbereitung zur Daten\u00fcbertragung ans Au\u00dfennetz Hauptmonitor \/ Wiederholmonitoren 24 Zoll \/ 35-100 Zoll Full HD Bildschirmgrafikaufl\u00f6sung Full HD Netzverbindung mit Bodenteilen CAN-Netz drahtlose Kommunikation Fernbedienung, Drucksensor, Drucksensor (universelle Pr\u00fcfstra\u00dfe) ggf. andere [&hellip;]\" \/>\n<meta property=\"og:url\" content=\"https:\/\/certustestlane.com\/de\/pruefstrasse-certus-3-technische-parameter\/\" \/>\n<meta property=\"og:site_name\" content=\"Certus 3\" \/>\n<meta property=\"article:modified_time\" content=\"2017-04-12T05:02:26+00:00\" \/>\n<meta property=\"og:image\" content=\"http:\/\/certustestlane.com\/cnt\/upld\/2014\/10\/certus3-design-control-unit-168x300.jpg\" \/>\n<meta name=\"twitter:card\" content=\"summary_large_image\" \/>\n<meta name=\"twitter:label1\" content=\"Gesch\u00e4tzte Lesezeit\" \/>\n\t<meta name=\"twitter:data1\" content=\"2\u00a0Minuten\" \/>\n<script type=\"application\/ld+json\" class=\"yoast-schema-graph\">{\"@context\":\"https:\/\/schema.org\",\"@graph\":[{\"@type\":\"WebPage\",\"@id\":\"https:\/\/certustestlane.com\/de\/pruefstrasse-certus-3-technische-parameter\/\",\"url\":\"https:\/\/certustestlane.com\/de\/pruefstrasse-certus-3-technische-parameter\/\",\"name\":\"Pr\u00fcfstra\u00dfe CERTUS 3 \u2013 technische Parameter - Certus 3\",\"isPartOf\":{\"@id\":\"https:\/\/certustestlane.com\/#website\"},\"primaryImageOfPage\":{\"@id\":\"https:\/\/certustestlane.com\/de\/pruefstrasse-certus-3-technische-parameter\/#primaryimage\"},\"image\":{\"@id\":\"https:\/\/certustestlane.com\/de\/pruefstrasse-certus-3-technische-parameter\/#primaryimage\"},\"thumbnailUrl\":\"http:\/\/certustestlane.com\/cnt\/upld\/2014\/10\/certus3-design-control-unit-168x300.jpg\",\"datePublished\":\"2016-10-18T10:13:17+00:00\",\"dateModified\":\"2017-04-12T05:02:26+00:00\",\"breadcrumb\":{\"@id\":\"https:\/\/certustestlane.com\/de\/pruefstrasse-certus-3-technische-parameter\/#breadcrumb\"},\"inLanguage\":\"de\",\"potentialAction\":[{\"@type\":\"ReadAction\",\"target\":[\"https:\/\/certustestlane.com\/de\/pruefstrasse-certus-3-technische-parameter\/\"]}]},{\"@type\":\"ImageObject\",\"inLanguage\":\"de\",\"@id\":\"https:\/\/certustestlane.com\/de\/pruefstrasse-certus-3-technische-parameter\/#primaryimage\",\"url\":\"http:\/\/certustestlane.com\/cnt\/upld\/2014\/10\/certus3-design-control-unit-168x300.jpg\",\"contentUrl\":\"http:\/\/certustestlane.com\/cnt\/upld\/2014\/10\/certus3-design-control-unit-168x300.jpg\"},{\"@type\":\"BreadcrumbList\",\"@id\":\"https:\/\/certustestlane.com\/de\/pruefstrasse-certus-3-technische-parameter\/#breadcrumb\",\"itemListElement\":[{\"@type\":\"ListItem\",\"position\":1,\"name\":\"Home\",\"item\":\"https:\/\/certustestlane.com\/de\/home\/\"},{\"@type\":\"ListItem\",\"position\":2,\"name\":\"Pr\u00fcfstra\u00dfe CERTUS 3 \u2013 technische Parameter\"}]},{\"@type\":\"WebSite\",\"@id\":\"https:\/\/certustestlane.com\/#website\",\"url\":\"https:\/\/certustestlane.com\/\",\"name\":\"Certus 3\",\"description\":\"vehicle test lanes\",\"potentialAction\":[{\"@type\":\"SearchAction\",\"target\":{\"@type\":\"EntryPoint\",\"urlTemplate\":\"https:\/\/certustestlane.com\/?s={search_term_string}\"},\"query-input\":{\"@type\":\"PropertyValueSpecification\",\"valueRequired\":true,\"valueName\":\"search_term_string\"}}],\"inLanguage\":\"de\"}]}<\/script>\n<!-- \/ Yoast SEO plugin. -->","yoast_head_json":{"title":"Pr\u00fcfstra\u00dfe CERTUS 3 \u2013 technische Parameter - Certus 3","robots":{"index":"index","follow":"follow","max-snippet":"max-snippet:-1","max-image-preview":"max-image-preview:large","max-video-preview":"max-video-preview:-1"},"canonical":"https:\/\/certustestlane.com\/de\/pruefstrasse-certus-3-technische-parameter\/","og_locale":"de_DE","og_type":"article","og_title":"Pr\u00fcfstra\u00dfe CERTUS 3 \u2013 technische Parameter - Certus 3","og_description":"Steuerpult CERTUS Design Steuerpult CERTUS Design mobil, aus Stahl, pulverlackiert Steuerung der Motoren elektronisch, 2 St\u00fcck Wechselrichter (betrifft: universelle Pr\u00fcfstra\u00dfe) Verarbeitung der Ergebnisse PC-Computerset, Vorbereitung zur Daten\u00fcbertragung ans Au\u00dfennetz Hauptmonitor \/ Wiederholmonitoren 24 Zoll \/ 35-100 Zoll Full HD Bildschirmgrafikaufl\u00f6sung Full HD Netzverbindung mit Bodenteilen CAN-Netz drahtlose Kommunikation Fernbedienung, Drucksensor, Drucksensor (universelle Pr\u00fcfstra\u00dfe) ggf. andere [&hellip;]","og_url":"https:\/\/certustestlane.com\/de\/pruefstrasse-certus-3-technische-parameter\/","og_site_name":"Certus 3","article_modified_time":"2017-04-12T05:02:26+00:00","og_image":[{"url":"http:\/\/certustestlane.com\/cnt\/upld\/2014\/10\/certus3-design-control-unit-168x300.jpg","type":"","width":"","height":""}],"twitter_card":"summary_large_image","twitter_misc":{"Gesch\u00e4tzte Lesezeit":"2\u00a0Minuten"},"schema":{"@context":"https:\/\/schema.org","@graph":[{"@type":"WebPage","@id":"https:\/\/certustestlane.com\/de\/pruefstrasse-certus-3-technische-parameter\/","url":"https:\/\/certustestlane.com\/de\/pruefstrasse-certus-3-technische-parameter\/","name":"Pr\u00fcfstra\u00dfe CERTUS 3 \u2013 technische Parameter - Certus 3","isPartOf":{"@id":"https:\/\/certustestlane.com\/#website"},"primaryImageOfPage":{"@id":"https:\/\/certustestlane.com\/de\/pruefstrasse-certus-3-technische-parameter\/#primaryimage"},"image":{"@id":"https:\/\/certustestlane.com\/de\/pruefstrasse-certus-3-technische-parameter\/#primaryimage"},"thumbnailUrl":"http:\/\/certustestlane.com\/cnt\/upld\/2014\/10\/certus3-design-control-unit-168x300.jpg","datePublished":"2016-10-18T10:13:17+00:00","dateModified":"2017-04-12T05:02:26+00:00","breadcrumb":{"@id":"https:\/\/certustestlane.com\/de\/pruefstrasse-certus-3-technische-parameter\/#breadcrumb"},"inLanguage":"de","potentialAction":[{"@type":"ReadAction","target":["https:\/\/certustestlane.com\/de\/pruefstrasse-certus-3-technische-parameter\/"]}]},{"@type":"ImageObject","inLanguage":"de","@id":"https:\/\/certustestlane.com\/de\/pruefstrasse-certus-3-technische-parameter\/#primaryimage","url":"http:\/\/certustestlane.com\/cnt\/upld\/2014\/10\/certus3-design-control-unit-168x300.jpg","contentUrl":"http:\/\/certustestlane.com\/cnt\/upld\/2014\/10\/certus3-design-control-unit-168x300.jpg"},{"@type":"BreadcrumbList","@id":"https:\/\/certustestlane.com\/de\/pruefstrasse-certus-3-technische-parameter\/#breadcrumb","itemListElement":[{"@type":"ListItem","position":1,"name":"Home","item":"https:\/\/certustestlane.com\/de\/home\/"},{"@type":"ListItem","position":2,"name":"Pr\u00fcfstra\u00dfe CERTUS 3 \u2013 technische Parameter"}]},{"@type":"WebSite","@id":"https:\/\/certustestlane.com\/#website","url":"https:\/\/certustestlane.com\/","name":"Certus 3","description":"vehicle test lanes","potentialAction":[{"@type":"SearchAction","target":{"@type":"EntryPoint","urlTemplate":"https:\/\/certustestlane.com\/?s={search_term_string}"},"query-input":{"@type":"PropertyValueSpecification","valueRequired":true,"valueName":"search_term_string"}}],"inLanguage":"de"}]}},"_links":{"self":[{"href":"https:\/\/certustestlane.com\/de\/wp-json\/wp\/v2\/pages\/6216","targetHints":{"allow":["GET"]}}],"collection":[{"href":"https:\/\/certustestlane.com\/de\/wp-json\/wp\/v2\/pages"}],"about":[{"href":"https:\/\/certustestlane.com\/de\/wp-json\/wp\/v2\/types\/page"}],"author":[{"embeddable":true,"href":"https:\/\/certustestlane.com\/de\/wp-json\/wp\/v2\/users\/1"}],"replies":[{"embeddable":true,"href":"https:\/\/certustestlane.com\/de\/wp-json\/wp\/v2\/comments?post=6216"}],"version-history":[{"count":0,"href":"https:\/\/certustestlane.com\/de\/wp-json\/wp\/v2\/pages\/6216\/revisions"}],"wp:attachment":[{"href":"https:\/\/certustestlane.com\/de\/wp-json\/wp\/v2\/media?parent=6216"}],"curies":[{"name":"wp","href":"https:\/\/api.w.org\/{rel}","templated":true}]}}