{"id":6217,"date":"2016-10-18T10:14:17","date_gmt":"2016-10-18T10:14:17","guid":{"rendered":"http:\/\/certustestlane.com\/de\/?page_id=6217"},"modified":"2016-10-25T12:03:09","modified_gmt":"2016-10-25T12:03:09","slug":"certus-im-betrieb","status":"publish","type":"page","link":"https:\/\/certustestlane.com\/de\/certus-im-betrieb\/","title":{"rendered":"CERTUS im Betrieb"},"content":{"rendered":"<p>Mit CERTUSEM 3 kommt die dritte Generation dieser Vorrichtungen auf den Markt.<\/p>\n<p>Durch moderne st\u00e4ndig vervollkommnende technische L\u00f6sungen und attraktives Design erh\u00f6hen sie die Konkurrenzf\u00e4higkeit der Objekte, in denen sie betrieben werden.<\/p>\n<p>CERTUS entwickelt sich dauernd und ist offen f\u00fcr \u00c4nderungen. Ihre Benutzer k\u00f6nnen sicher sein, dass sie, wenn n\u00f6tig, schnell und ohne hohe Kosten zu tragen, neue L\u00f6sungen erlangen, die von Kunden erwartet oder durch Vorschriften gefordert werden.<\/p>\n<p>Mehr als 500 Kunden vertrauten bis jetzt der Marke CERTUS. Wir laden Sie in ihren Kreis ein.<\/p>\n<p>&nbsp;<\/p>\n<div class=\"grid-x grid-padding-x small-up-2 medium-up-3 large-up-4 gallery\">\n<div class=\"cell\">\n<a class=\"cbox\" href=\"https:\/\/certustestlane.com\/cnt\/upld\/2014\/10\/Panorama14cmyk.jpg\"><img loading=\"lazy\" decoding=\"async\" src=\"https:\/\/certustestlane.com\/cnt\/upld\/2014\/10\/Panorama14cmyk-150x150.jpg\" width=\"150\" height=\"150\" alt=\"\" \/><\/a>\n<\/div>\n<div class=\"cell\">\n<a class=\"cbox\" href=\"https:\/\/certustestlane.com\/cnt\/upld\/2014\/10\/Panorama8cmyk.jpg\"><img loading=\"lazy\" decoding=\"async\" src=\"https:\/\/certustestlane.com\/cnt\/upld\/2014\/10\/Panorama8cmyk-150x150.jpg\" width=\"150\" height=\"150\" alt=\"\" \/><\/a>\n<\/div>\n<div class=\"cell\">\n<a class=\"cbox\" href=\"https:\/\/certustestlane.com\/cnt\/upld\/2014\/10\/Panorama6.jpg\"><img loading=\"lazy\" decoding=\"async\" src=\"https:\/\/certustestlane.com\/cnt\/upld\/2014\/10\/Panorama6-150x150.jpg\" width=\"150\" height=\"150\" alt=\"\" \/><\/a>\n<\/div>\n<div class=\"cell\">\n<a class=\"cbox\" href=\"https:\/\/certustestlane.com\/cnt\/upld\/2014\/10\/Panorama2cmyk.jpg\"><img loading=\"lazy\" decoding=\"async\" src=\"https:\/\/certustestlane.com\/cnt\/upld\/2014\/10\/Panorama2cmyk-150x150.jpg\" width=\"150\" height=\"150\" alt=\"\" \/><\/a>\n<\/div>\n<div class=\"cell\">\n<a class=\"cbox\" href=\"https:\/\/certustestlane.com\/cnt\/upld\/2014\/10\/DSC_0089cmyk.jpg\"><img loading=\"lazy\" decoding=\"async\" src=\"https:\/\/certustestlane.com\/cnt\/upld\/2014\/10\/DSC_0089cmyk-150x150.jpg\" width=\"150\" height=\"150\" alt=\"\" \/><\/a>\n<\/div>\n<div class=\"cell\">\n<a class=\"cbox\" href=\"https:\/\/certustestlane.com\/cnt\/upld\/2014\/10\/DSC_0055.jpg\"><img loading=\"lazy\" decoding=\"async\" src=\"https:\/\/certustestlane.com\/cnt\/upld\/2014\/10\/DSC_0055-150x150.jpg\" width=\"150\" height=\"150\" alt=\"\" \/><\/a>\n<\/div>\n<div class=\"cell\">\n<a class=\"cbox\" href=\"https:\/\/certustestlane.com\/cnt\/upld\/2014\/10\/aksel-plus-wnetrze.jpg\"><img loading=\"lazy\" decoding=\"async\" src=\"https:\/\/certustestlane.com\/cnt\/upld\/2014\/10\/aksel-plus-wnetrze-150x150.jpg\" width=\"150\" height=\"150\" alt=\"\" \/><\/a>\n<\/div>\n<div class=\"cell\">\n<a class=\"cbox\" href=\"https:\/\/certustestlane.com\/cnt\/upld\/2014\/10\/DSC_2363.jpg\"><img loading=\"lazy\" decoding=\"async\" src=\"https:\/\/certustestlane.com\/cnt\/upld\/2014\/10\/DSC_2363-150x150.jpg\" width=\"150\" height=\"150\" alt=\"\" \/><\/a>\n<\/div>\n<div class=\"cell\">\n<a class=\"cbox\" href=\"https:\/\/certustestlane.com\/cnt\/upld\/2014\/10\/DSC_2366.jpg\"><img loading=\"lazy\" decoding=\"async\" src=\"https:\/\/certustestlane.com\/cnt\/upld\/2014\/10\/DSC_2366-150x150.jpg\" width=\"150\" height=\"150\" alt=\"\" \/><\/a>\n<\/div>\n<div class=\"cell\">\n<a class=\"cbox\" href=\"https:\/\/certustestlane.com\/cnt\/upld\/2014\/10\/DSC_8192.jpg\"><img loading=\"lazy\" decoding=\"async\" src=\"https:\/\/certustestlane.com\/cnt\/upld\/2014\/10\/DSC_8192-150x150.jpg\" width=\"150\" height=\"150\" alt=\"\" \/><\/a>\n<\/div>\n<div class=\"cell\">\n<a class=\"cbox\" href=\"https:\/\/certustestlane.com\/cnt\/upld\/2014\/10\/IMG_9170.jpg\"><img loading=\"lazy\" decoding=\"async\" src=\"https:\/\/certustestlane.com\/cnt\/upld\/2014\/10\/IMG_9170-150x150.jpg\" width=\"150\" height=\"150\" alt=\"\" \/><\/a>\n<\/div>\n<div class=\"cell\">\n<a class=\"cbox\" href=\"https:\/\/certustestlane.com\/cnt\/upld\/2014\/10\/IMG_9215.jpg\"><img loading=\"lazy\" decoding=\"async\" src=\"https:\/\/certustestlane.com\/cnt\/upld\/2014\/10\/IMG_9215-150x150.jpg\" width=\"150\" height=\"150\" alt=\"\" \/><\/a>\n<\/div>\n<div class=\"cell\">\n<a class=\"cbox\" href=\"https:\/\/certustestlane.com\/cnt\/upld\/2014\/10\/IMG_9227.jpg\"><img loading=\"lazy\" decoding=\"async\" src=\"https:\/\/certustestlane.com\/cnt\/upld\/2014\/10\/IMG_9227-150x150.jpg\" width=\"150\" height=\"150\" alt=\"\" \/><\/a>\n<\/div>\n<\/div>\n\n","protected":false},"excerpt":{"rendered":"<p>Mit CERTUSEM 3 kommt die dritte Generation dieser Vorrichtungen auf den Markt. Durch moderne st\u00e4ndig vervollkommnende technische L\u00f6sungen und attraktives Design erh\u00f6hen sie die Konkurrenzf\u00e4higkeit der Objekte, in denen sie betrieben werden. CERTUS entwickelt sich dauernd und ist offen f\u00fcr \u00c4nderungen. Ihre Benutzer k\u00f6nnen sicher sein, dass sie, wenn n\u00f6tig, schnell und ohne hohe Kosten [&hellip;]<\/p>\n","protected":false},"author":1,"featured_media":0,"parent":0,"menu_order":7,"comment_status":"closed","ping_status":"closed","template":"","meta":{"footnotes":""},"class_list":["post-6217","page","type-page","status-publish","hentry"],"yoast_head":"<!-- This site is optimized with the Yoast SEO plugin v26.9 - https:\/\/yoast.com\/product\/yoast-seo-wordpress\/ -->\n<title>CERTUS im Betrieb - Certus 3<\/title>\n<meta name=\"robots\" content=\"index, follow, max-snippet:-1, max-image-preview:large, max-video-preview:-1\" \/>\n<link rel=\"canonical\" href=\"https:\/\/certustestlane.com\/de\/certus-im-betrieb\/\" \/>\n<meta property=\"og:locale\" content=\"de_DE\" \/>\n<meta property=\"og:type\" content=\"article\" \/>\n<meta property=\"og:title\" content=\"CERTUS im Betrieb - Certus 3\" \/>\n<meta property=\"og:description\" content=\"Mit CERTUSEM 3 kommt die dritte Generation dieser Vorrichtungen auf den Markt. Durch moderne st\u00e4ndig vervollkommnende technische L\u00f6sungen und attraktives Design erh\u00f6hen sie die Konkurrenzf\u00e4higkeit der Objekte, in denen sie betrieben werden. CERTUS entwickelt sich dauernd und ist offen f\u00fcr \u00c4nderungen. Ihre Benutzer k\u00f6nnen sicher sein, dass sie, wenn n\u00f6tig, schnell und ohne hohe Kosten [&hellip;]\" \/>\n<meta property=\"og:url\" content=\"https:\/\/certustestlane.com\/de\/certus-im-betrieb\/\" \/>\n<meta property=\"og:site_name\" content=\"Certus 3\" \/>\n<meta property=\"article:modified_time\" content=\"2016-10-25T12:03:09+00:00\" \/>\n<meta property=\"og:image\" content=\"https:\/\/certustestlane.com\/cnt\/upld\/2014\/10\/Panorama14cmyk-150x150.jpg\" \/>\n<meta name=\"twitter:card\" content=\"summary_large_image\" \/>\n<script type=\"application\/ld+json\" class=\"yoast-schema-graph\">{\"@context\":\"https:\/\/schema.org\",\"@graph\":[{\"@type\":\"WebPage\",\"@id\":\"https:\/\/certustestlane.com\/de\/certus-im-betrieb\/\",\"url\":\"https:\/\/certustestlane.com\/de\/certus-im-betrieb\/\",\"name\":\"CERTUS im Betrieb - Certus 3\",\"isPartOf\":{\"@id\":\"https:\/\/certustestlane.com\/#website\"},\"datePublished\":\"2016-10-18T10:14:17+00:00\",\"dateModified\":\"2016-10-25T12:03:09+00:00\",\"breadcrumb\":{\"@id\":\"https:\/\/certustestlane.com\/de\/certus-im-betrieb\/#breadcrumb\"},\"inLanguage\":\"de\",\"potentialAction\":[{\"@type\":\"ReadAction\",\"target\":[\"https:\/\/certustestlane.com\/de\/certus-im-betrieb\/\"]}]},{\"@type\":\"BreadcrumbList\",\"@id\":\"https:\/\/certustestlane.com\/de\/certus-im-betrieb\/#breadcrumb\",\"itemListElement\":[{\"@type\":\"ListItem\",\"position\":1,\"name\":\"Home\",\"item\":\"https:\/\/certustestlane.com\/de\/home\/\"},{\"@type\":\"ListItem\",\"position\":2,\"name\":\"CERTUS im Betrieb\"}]},{\"@type\":\"WebSite\",\"@id\":\"https:\/\/certustestlane.com\/#website\",\"url\":\"https:\/\/certustestlane.com\/\",\"name\":\"Certus 3\",\"description\":\"vehicle test lanes\",\"potentialAction\":[{\"@type\":\"SearchAction\",\"target\":{\"@type\":\"EntryPoint\",\"urlTemplate\":\"https:\/\/certustestlane.com\/?s={search_term_string}\"},\"query-input\":{\"@type\":\"PropertyValueSpecification\",\"valueRequired\":true,\"valueName\":\"search_term_string\"}}],\"inLanguage\":\"de\"}]}<\/script>\n<!-- \/ Yoast SEO plugin. -->","yoast_head_json":{"title":"CERTUS im Betrieb - Certus 3","robots":{"index":"index","follow":"follow","max-snippet":"max-snippet:-1","max-image-preview":"max-image-preview:large","max-video-preview":"max-video-preview:-1"},"canonical":"https:\/\/certustestlane.com\/de\/certus-im-betrieb\/","og_locale":"de_DE","og_type":"article","og_title":"CERTUS im Betrieb - Certus 3","og_description":"Mit CERTUSEM 3 kommt die dritte Generation dieser Vorrichtungen auf den Markt. Durch moderne st\u00e4ndig vervollkommnende technische L\u00f6sungen und attraktives Design erh\u00f6hen sie die Konkurrenzf\u00e4higkeit der Objekte, in denen sie betrieben werden. CERTUS entwickelt sich dauernd und ist offen f\u00fcr \u00c4nderungen. Ihre Benutzer k\u00f6nnen sicher sein, dass sie, wenn n\u00f6tig, schnell und ohne hohe Kosten [&hellip;]","og_url":"https:\/\/certustestlane.com\/de\/certus-im-betrieb\/","og_site_name":"Certus 3","article_modified_time":"2016-10-25T12:03:09+00:00","og_image":[{"url":"https:\/\/certustestlane.com\/cnt\/upld\/2014\/10\/Panorama14cmyk-150x150.jpg","type":"","width":"","height":""}],"twitter_card":"summary_large_image","schema":{"@context":"https:\/\/schema.org","@graph":[{"@type":"WebPage","@id":"https:\/\/certustestlane.com\/de\/certus-im-betrieb\/","url":"https:\/\/certustestlane.com\/de\/certus-im-betrieb\/","name":"CERTUS im Betrieb - Certus 3","isPartOf":{"@id":"https:\/\/certustestlane.com\/#website"},"datePublished":"2016-10-18T10:14:17+00:00","dateModified":"2016-10-25T12:03:09+00:00","breadcrumb":{"@id":"https:\/\/certustestlane.com\/de\/certus-im-betrieb\/#breadcrumb"},"inLanguage":"de","potentialAction":[{"@type":"ReadAction","target":["https:\/\/certustestlane.com\/de\/certus-im-betrieb\/"]}]},{"@type":"BreadcrumbList","@id":"https:\/\/certustestlane.com\/de\/certus-im-betrieb\/#breadcrumb","itemListElement":[{"@type":"ListItem","position":1,"name":"Home","item":"https:\/\/certustestlane.com\/de\/home\/"},{"@type":"ListItem","position":2,"name":"CERTUS im Betrieb"}]},{"@type":"WebSite","@id":"https:\/\/certustestlane.com\/#website","url":"https:\/\/certustestlane.com\/","name":"Certus 3","description":"vehicle test lanes","potentialAction":[{"@type":"SearchAction","target":{"@type":"EntryPoint","urlTemplate":"https:\/\/certustestlane.com\/?s={search_term_string}"},"query-input":{"@type":"PropertyValueSpecification","valueRequired":true,"valueName":"search_term_string"}}],"inLanguage":"de"}]}},"_links":{"self":[{"href":"https:\/\/certustestlane.com\/de\/wp-json\/wp\/v2\/pages\/6217","targetHints":{"allow":["GET"]}}],"collection":[{"href":"https:\/\/certustestlane.com\/de\/wp-json\/wp\/v2\/pages"}],"about":[{"href":"https:\/\/certustestlane.com\/de\/wp-json\/wp\/v2\/types\/page"}],"author":[{"embeddable":true,"href":"https:\/\/certustestlane.com\/de\/wp-json\/wp\/v2\/users\/1"}],"replies":[{"embeddable":true,"href":"https:\/\/certustestlane.com\/de\/wp-json\/wp\/v2\/comments?post=6217"}],"version-history":[{"count":0,"href":"https:\/\/certustestlane.com\/de\/wp-json\/wp\/v2\/pages\/6217\/revisions"}],"wp:attachment":[{"href":"https:\/\/certustestlane.com\/de\/wp-json\/wp\/v2\/media?parent=6217"}],"curies":[{"name":"wp","href":"https:\/\/api.w.org\/{rel}","templated":true}]}}