{"id":6219,"date":"2016-10-18T10:17:58","date_gmt":"2016-10-18T10:17:58","guid":{"rendered":"http:\/\/certustestlane.com\/de\/?page_id=6219"},"modified":"2017-08-22T12:08:49","modified_gmt":"2017-08-22T12:08:49","slug":"wir-suchen-vertriebshaendler","status":"publish","type":"page","link":"https:\/\/certustestlane.com\/de\/wir-suchen-vertriebshaendler\/","title":{"rendered":"Wir suchen Vertriebsh\u00e4ndler"},"content":{"rendered":"<p><strong>Wenn Sie ein bew\u00e4hrtes Produkt f\u00fcr Ihr Angebot suchen, dann sind Sie hier richtig: Wir suchen Vertriebsh\u00e4ndler f\u00fcr die von uns produzierte Pr\u00fcfstra\u00dfen CERTUS.<\/strong><\/p>\n<p>Unsere Firma verf\u00fcgt \u00fcber umfangreiche Erfahrungen in der Zusammenarbeit mit vielen ausl\u00e4ndischen Produzenten und wissen daher gut, welche Unterst\u00fctzung ein Vertriebsh\u00e4ndler ben\u00f6tigt. Wir m\u00f6chten unseren Vertriebsh\u00e4ndlern beim Bau ihres Erfolgs helfen und wollen langj\u00e4hrige Gesch\u00e4ftsbeziehungen aufbauen.<\/p>\n<h2>Wir bieten an:<\/h2>\n<ul>\n<li>bew\u00e4hrte, solide und moderne Ger\u00e4te,<\/li>\n<li>die Bereitschaft zur Weiterentwicklung der Ger\u00e4te in Anpassung an die Bed\u00fcrfnisse der lokalen M\u00e4rkte,<\/li>\n<li>System von Online-Verbindungen mit den arbeitenden Ger\u00e4ten (Hotline f\u00fcr den Vertriebsh\u00e4ndler),<\/li>\n<li>Schulungen f\u00fcr das technische Personal und die Handelsvertreter,<\/li>\n<li>Unterst\u00fctzung in jeder Etappe der Zusammenarbeit.<\/li>\n<\/ul>\n<h2>Kontaktperson:<\/h2>\n<p><strong>Tomasz Wasylewicz<\/strong><br \/>\ntelefon: +48 32 332 49 30 \/ mobil: +48 660 495 287<br \/>\ne-mail: <a href=\"&#109;&#x61;&#105;&#x6c;&#116;&#x6f;:&#x69;n&#x66;o&#64;&#x77;&#115;&#x6f;&#112;&#x2e;&#112;&#x6c;\">&#x69;&#110;&#x66;&#x6f;&#64;&#x77;&#115;o&#x70;&#46;p&#x6c;<\/a> \/ <a href=\"ma&#105;&#108;&#x74;&#x6f;&#x3a;&#x74;&#46;w&#97;&#115;&#x79;&#x6c;&#x65;&#x77;ic&#122;&#64;&#119;&#x73;&#x6f;&#x70;&#x2e;pl\">t.wasylewicz [at] wsop.pl<\/a><\/p>\n<p>&nbsp;<\/p>\n","protected":false},"excerpt":{"rendered":"<p>Wenn Sie ein bew\u00e4hrtes Produkt f\u00fcr Ihr Angebot suchen, dann sind Sie hier richtig: Wir suchen Vertriebsh\u00e4ndler f\u00fcr die von uns produzierte Pr\u00fcfstra\u00dfen CERTUS. Unsere Firma verf\u00fcgt \u00fcber umfangreiche Erfahrungen in der Zusammenarbeit mit vielen ausl\u00e4ndischen Produzenten und wissen daher gut, welche Unterst\u00fctzung ein Vertriebsh\u00e4ndler ben\u00f6tigt. Wir m\u00f6chten unseren Vertriebsh\u00e4ndlern beim Bau ihres Erfolgs helfen [&hellip;]<\/p>\n","protected":false},"author":1,"featured_media":0,"parent":0,"menu_order":9,"comment_status":"closed","ping_status":"closed","template":"","meta":{"footnotes":""},"class_list":["post-6219","page","type-page","status-publish","hentry"],"yoast_head":"<!-- This site is optimized with the Yoast SEO plugin v26.9 - https:\/\/yoast.com\/product\/yoast-seo-wordpress\/ -->\n<title>Wir suchen Vertriebsh\u00e4ndler - Certus 3<\/title>\n<meta name=\"robots\" content=\"index, follow, max-snippet:-1, max-image-preview:large, max-video-preview:-1\" \/>\n<link rel=\"canonical\" href=\"https:\/\/certustestlane.com\/de\/wir-suchen-vertriebshaendler\/\" \/>\n<meta property=\"og:locale\" content=\"de_DE\" \/>\n<meta property=\"og:type\" content=\"article\" \/>\n<meta property=\"og:title\" content=\"Wir suchen Vertriebsh\u00e4ndler - Certus 3\" \/>\n<meta property=\"og:description\" content=\"Wenn Sie ein bew\u00e4hrtes Produkt f\u00fcr Ihr Angebot suchen, dann sind Sie hier richtig: Wir suchen Vertriebsh\u00e4ndler f\u00fcr die von uns produzierte Pr\u00fcfstra\u00dfen CERTUS. Unsere Firma verf\u00fcgt \u00fcber umfangreiche Erfahrungen in der Zusammenarbeit mit vielen ausl\u00e4ndischen Produzenten und wissen daher gut, welche Unterst\u00fctzung ein Vertriebsh\u00e4ndler ben\u00f6tigt. Wir m\u00f6chten unseren Vertriebsh\u00e4ndlern beim Bau ihres Erfolgs helfen [&hellip;]\" \/>\n<meta property=\"og:url\" content=\"https:\/\/certustestlane.com\/de\/wir-suchen-vertriebshaendler\/\" \/>\n<meta property=\"og:site_name\" content=\"Certus 3\" \/>\n<meta property=\"article:modified_time\" content=\"2017-08-22T12:08:49+00:00\" \/>\n<meta name=\"twitter:card\" content=\"summary_large_image\" \/>\n<meta name=\"twitter:label1\" content=\"Gesch\u00e4tzte Lesezeit\" \/>\n\t<meta name=\"twitter:data1\" content=\"1\u00a0Minute\" \/>\n<script type=\"application\/ld+json\" class=\"yoast-schema-graph\">{\"@context\":\"https:\/\/schema.org\",\"@graph\":[{\"@type\":\"WebPage\",\"@id\":\"https:\/\/certustestlane.com\/de\/wir-suchen-vertriebshaendler\/\",\"url\":\"https:\/\/certustestlane.com\/de\/wir-suchen-vertriebshaendler\/\",\"name\":\"Wir suchen Vertriebsh\u00e4ndler - Certus 3\",\"isPartOf\":{\"@id\":\"https:\/\/certustestlane.com\/#website\"},\"datePublished\":\"2016-10-18T10:17:58+00:00\",\"dateModified\":\"2017-08-22T12:08:49+00:00\",\"breadcrumb\":{\"@id\":\"https:\/\/certustestlane.com\/de\/wir-suchen-vertriebshaendler\/#breadcrumb\"},\"inLanguage\":\"de\",\"potentialAction\":[{\"@type\":\"ReadAction\",\"target\":[\"https:\/\/certustestlane.com\/de\/wir-suchen-vertriebshaendler\/\"]}]},{\"@type\":\"BreadcrumbList\",\"@id\":\"https:\/\/certustestlane.com\/de\/wir-suchen-vertriebshaendler\/#breadcrumb\",\"itemListElement\":[{\"@type\":\"ListItem\",\"position\":1,\"name\":\"Home\",\"item\":\"https:\/\/certustestlane.com\/de\/home\/\"},{\"@type\":\"ListItem\",\"position\":2,\"name\":\"Wir suchen Vertriebsh\u00e4ndler\"}]},{\"@type\":\"WebSite\",\"@id\":\"https:\/\/certustestlane.com\/#website\",\"url\":\"https:\/\/certustestlane.com\/\",\"name\":\"Certus 3\",\"description\":\"vehicle test lanes\",\"potentialAction\":[{\"@type\":\"SearchAction\",\"target\":{\"@type\":\"EntryPoint\",\"urlTemplate\":\"https:\/\/certustestlane.com\/?s={search_term_string}\"},\"query-input\":{\"@type\":\"PropertyValueSpecification\",\"valueRequired\":true,\"valueName\":\"search_term_string\"}}],\"inLanguage\":\"de\"}]}<\/script>\n<!-- \/ Yoast SEO plugin. -->","yoast_head_json":{"title":"Wir suchen Vertriebsh\u00e4ndler - Certus 3","robots":{"index":"index","follow":"follow","max-snippet":"max-snippet:-1","max-image-preview":"max-image-preview:large","max-video-preview":"max-video-preview:-1"},"canonical":"https:\/\/certustestlane.com\/de\/wir-suchen-vertriebshaendler\/","og_locale":"de_DE","og_type":"article","og_title":"Wir suchen Vertriebsh\u00e4ndler - Certus 3","og_description":"Wenn Sie ein bew\u00e4hrtes Produkt f\u00fcr Ihr Angebot suchen, dann sind Sie hier richtig: Wir suchen Vertriebsh\u00e4ndler f\u00fcr die von uns produzierte Pr\u00fcfstra\u00dfen CERTUS. Unsere Firma verf\u00fcgt \u00fcber umfangreiche Erfahrungen in der Zusammenarbeit mit vielen ausl\u00e4ndischen Produzenten und wissen daher gut, welche Unterst\u00fctzung ein Vertriebsh\u00e4ndler ben\u00f6tigt. Wir m\u00f6chten unseren Vertriebsh\u00e4ndlern beim Bau ihres Erfolgs helfen [&hellip;]","og_url":"https:\/\/certustestlane.com\/de\/wir-suchen-vertriebshaendler\/","og_site_name":"Certus 3","article_modified_time":"2017-08-22T12:08:49+00:00","twitter_card":"summary_large_image","twitter_misc":{"Gesch\u00e4tzte Lesezeit":"1\u00a0Minute"},"schema":{"@context":"https:\/\/schema.org","@graph":[{"@type":"WebPage","@id":"https:\/\/certustestlane.com\/de\/wir-suchen-vertriebshaendler\/","url":"https:\/\/certustestlane.com\/de\/wir-suchen-vertriebshaendler\/","name":"Wir suchen Vertriebsh\u00e4ndler - Certus 3","isPartOf":{"@id":"https:\/\/certustestlane.com\/#website"},"datePublished":"2016-10-18T10:17:58+00:00","dateModified":"2017-08-22T12:08:49+00:00","breadcrumb":{"@id":"https:\/\/certustestlane.com\/de\/wir-suchen-vertriebshaendler\/#breadcrumb"},"inLanguage":"de","potentialAction":[{"@type":"ReadAction","target":["https:\/\/certustestlane.com\/de\/wir-suchen-vertriebshaendler\/"]}]},{"@type":"BreadcrumbList","@id":"https:\/\/certustestlane.com\/de\/wir-suchen-vertriebshaendler\/#breadcrumb","itemListElement":[{"@type":"ListItem","position":1,"name":"Home","item":"https:\/\/certustestlane.com\/de\/home\/"},{"@type":"ListItem","position":2,"name":"Wir suchen Vertriebsh\u00e4ndler"}]},{"@type":"WebSite","@id":"https:\/\/certustestlane.com\/#website","url":"https:\/\/certustestlane.com\/","name":"Certus 3","description":"vehicle test lanes","potentialAction":[{"@type":"SearchAction","target":{"@type":"EntryPoint","urlTemplate":"https:\/\/certustestlane.com\/?s={search_term_string}"},"query-input":{"@type":"PropertyValueSpecification","valueRequired":true,"valueName":"search_term_string"}}],"inLanguage":"de"}]}},"_links":{"self":[{"href":"https:\/\/certustestlane.com\/de\/wp-json\/wp\/v2\/pages\/6219","targetHints":{"allow":["GET"]}}],"collection":[{"href":"https:\/\/certustestlane.com\/de\/wp-json\/wp\/v2\/pages"}],"about":[{"href":"https:\/\/certustestlane.com\/de\/wp-json\/wp\/v2\/types\/page"}],"author":[{"embeddable":true,"href":"https:\/\/certustestlane.com\/de\/wp-json\/wp\/v2\/users\/1"}],"replies":[{"embeddable":true,"href":"https:\/\/certustestlane.com\/de\/wp-json\/wp\/v2\/comments?post=6219"}],"version-history":[{"count":0,"href":"https:\/\/certustestlane.com\/de\/wp-json\/wp\/v2\/pages\/6219\/revisions"}],"wp:attachment":[{"href":"https:\/\/certustestlane.com\/de\/wp-json\/wp\/v2\/media?parent=6219"}],"curies":[{"name":"wp","href":"https:\/\/api.w.org\/{rel}","templated":true}]}}