{"id":6221,"date":"2016-10-18T10:19:52","date_gmt":"2016-10-18T10:19:52","guid":{"rendered":"http:\/\/certustestlane.com\/de\/?page_id=6221"},"modified":"2016-10-25T10:20:16","modified_gmt":"2016-10-25T10:20:16","slug":"ueber-wsop","status":"publish","type":"page","link":"https:\/\/certustestlane.com\/de\/ueber-wsop\/","title":{"rendered":"\u00dcber WSOP"},"content":{"rendered":"<p>WSOP Sp. z o.o.<\/p>\n<p><strong>WSOP ist Hersteller der Pr\u00fcfstra\u00dfen CERTUS und Markf\u00fchrer bei der Ausstattung von Fahrzeugkontrollstationen in Polen. Die Firma existiert seit dem Jahre 1994 und hat in dieser Zeit \u00fcber 1.900 Kontrollstationen sowie mehrere Hundert Autowerkst\u00e4tten ausgestattet.<br \/>\n<\/strong><\/p>\n<a class=\"cbox\" href=\"http:\/\/www.wsop.pl\/cnt\/upld\/2014\/10\/certus3-can-connection.jpg\"><img loading=\"lazy\" decoding=\"async\" class=\"alignnone wp-image-4683 size-large\" src=\"http:\/\/www.wsop.pl\/cnt\/upld\/2014\/10\/certus3-can-connection-1024x452.jpg\" sizes=\"auto, (max-width: 1024px) 100vw, 1024px\" srcset=\"http:\/\/www.wsop.pl\/cnt\/upld\/2014\/10\/certus3-can-connection-1024x452.jpg 1024w, http:\/\/www.wsop.pl\/cnt\/upld\/2014\/10\/certus3-can-connection-205x90.jpg 205w, http:\/\/www.wsop.pl\/cnt\/upld\/2014\/10\/certus3-can-connection-300x132.jpg 300w, http:\/\/www.wsop.pl\/cnt\/upld\/2014\/10\/certus3-can-connection.jpg 1280w\" alt=\"certus3-can-connection\" width=\"1024\" height=\"452\" \/><\/a>\n<p>Wir sind als Hersteller t\u00e4tig, verf\u00fcgen aber ebenfalls \u00fcber umfangreiche Erfahrungen als Vertriebsh\u00e4ndler von Pr\u00fcfstra\u00dfen anderer Produzenten. Auf Grundlage unserer langj\u00e4hrigen Praxis haben wir ein eigenes Produkte unter der Marke CERTUS geschaffen und entwickeln dieses stetig weiter.<\/p>\n<p><strong>Wir produzieren:<\/strong><\/p>\n<ul>\n<li>komplette Diagnostiklinien (f\u00fcr Pkw, Lkw und als Universalversion),<\/li>\n<li>Rollebremsenpr\u00fcfstand,<\/li>\n<li>Achsd\u00e4mpfungspr\u00fcfstand,<\/li>\n<li>Radlauftester.<\/li>\n<\/ul>\n<p>Die Pr\u00fcfstra\u00dfen CERTUS wird zur Diagnose des technischen Zustands von Fahrzeugen eingesetzt. Sie verf\u00fcgt \u00fcber die rechtlich geforderten Zertifikate, die ihren Einsatz an polnischen Fahrzeugkontrollstationen zulassen.<\/p>\n<p><a class=\"cbox\" href=\"http:\/\/www.wsop.pl\/cnt\/upld\/2010\/01\/bmw-katowice.jpg\"><img loading=\"lazy\" decoding=\"async\" class=\"alignleft wp-image-4573 size-thumbnail\" src=\"http:\/\/www.wsop.pl\/cnt\/upld\/2010\/01\/bmw-katowice-205x120.jpg\" sizes=\"auto, (max-width: 205px) 100vw, 205px\" srcset=\"http:\/\/www.wsop.pl\/cnt\/upld\/2010\/01\/bmw-katowice-205x120.jpg 205w, http:\/\/www.wsop.pl\/cnt\/upld\/2010\/01\/bmw-katowice-300x176.jpg 300w, http:\/\/www.wsop.pl\/cnt\/upld\/2010\/01\/bmw-katowice-1024x604.jpg 1024w, http:\/\/www.wsop.pl\/cnt\/upld\/2010\/01\/bmw-katowice.jpg 1280w\" alt=\"bmw-katowice\" width=\"205\" height=\"120\" \/><\/a>CERTUS arbeitet au\u00dferdem in Autowerkst\u00e4tten (insbesondere autorisierten Werkst\u00e4tten solcher Marken, wie BMW, MAN, Skoda, Seat und anderer) und dient dort als Werkzeug zur Diagnose eines Fahrzeugs vor seiner Annahme zur Reparatur.<\/p>\n<p>Die Pr\u00fcfstra\u00dfen CERTUS wird ebenfalls in Forschungs- und Entwicklungseinheiten (z.B. der Schlesischen Technischen Universit\u00e4t) als Spezialwerkzeug zur komplexen Fahrzeugdiagnostik eingesetzt.<\/p>\n<p>Zu unseren Kunden bauen wir langj\u00e4hrige Beziehungen auf. Wir stellen den Garantie- und Nachgarantieservice f\u00fcr unsere Produkte sowie eine laufende technische Unterst\u00fctzung sicher.<\/p>\n<p>W\u00e4hrend der Investitionsetappe bieten wir die Hilfe eines speziell f\u00fcr den Kunden ausgew\u00e4hlten Beraters an und liefern vollst\u00e4ndige technologische und architektonische Entw\u00fcrfe.<\/p>\n<a class=\"cbox\" href=\"http:\/\/www.wsop.pl\/cnt\/upld\/2013\/11\/Panorama51.jpg\"><img loading=\"lazy\" decoding=\"async\" class=\"alignnone wp-image-4265 size-full\" src=\"http:\/\/www.wsop.pl\/cnt\/upld\/2013\/11\/Panorama51.jpg\" sizes=\"auto, (max-width: 1024px) 100vw, 1024px\" srcset=\"http:\/\/www.wsop.pl\/cnt\/upld\/2013\/11\/Panorama51.jpg 1024w, http:\/\/www.wsop.pl\/cnt\/upld\/2013\/11\/Panorama51-205x119.jpg 205w, http:\/\/www.wsop.pl\/cnt\/upld\/2013\/11\/Panorama51-300x174.jpg 300w\" alt=\"Panorama51\" width=\"1024\" height=\"597\" \/><\/a>\n","protected":false},"excerpt":{"rendered":"<p>WSOP Sp. z o.o. WSOP ist Hersteller der Pr\u00fcfstra\u00dfen CERTUS und Markf\u00fchrer bei der Ausstattung von Fahrzeugkontrollstationen in Polen. Die Firma existiert seit dem Jahre 1994 und hat in dieser Zeit \u00fcber 1.900 Kontrollstationen sowie mehrere Hundert Autowerkst\u00e4tten ausgestattet. Wir sind als Hersteller t\u00e4tig, verf\u00fcgen aber ebenfalls \u00fcber umfangreiche Erfahrungen als Vertriebsh\u00e4ndler von Pr\u00fcfstra\u00dfen anderer [&hellip;]<\/p>\n","protected":false},"author":1,"featured_media":0,"parent":0,"menu_order":10,"comment_status":"closed","ping_status":"closed","template":"","meta":{"footnotes":""},"class_list":["post-6221","page","type-page","status-publish","hentry"],"yoast_head":"<!-- This site is optimized with the Yoast SEO plugin v26.9 - https:\/\/yoast.com\/product\/yoast-seo-wordpress\/ -->\n<title>\u00dcber WSOP - Certus 3<\/title>\n<meta name=\"robots\" content=\"index, follow, max-snippet:-1, max-image-preview:large, max-video-preview:-1\" \/>\n<link rel=\"canonical\" href=\"https:\/\/certustestlane.com\/de\/ueber-wsop\/\" \/>\n<meta property=\"og:locale\" content=\"de_DE\" \/>\n<meta property=\"og:type\" content=\"article\" \/>\n<meta property=\"og:title\" content=\"\u00dcber WSOP - Certus 3\" \/>\n<meta property=\"og:description\" content=\"WSOP Sp. z o.o. WSOP ist Hersteller der Pr\u00fcfstra\u00dfen CERTUS und Markf\u00fchrer bei der Ausstattung von Fahrzeugkontrollstationen in Polen. Die Firma existiert seit dem Jahre 1994 und hat in dieser Zeit \u00fcber 1.900 Kontrollstationen sowie mehrere Hundert Autowerkst\u00e4tten ausgestattet. Wir sind als Hersteller t\u00e4tig, verf\u00fcgen aber ebenfalls \u00fcber umfangreiche Erfahrungen als Vertriebsh\u00e4ndler von Pr\u00fcfstra\u00dfen anderer [&hellip;]\" \/>\n<meta property=\"og:url\" content=\"https:\/\/certustestlane.com\/de\/ueber-wsop\/\" \/>\n<meta property=\"og:site_name\" content=\"Certus 3\" \/>\n<meta property=\"article:modified_time\" content=\"2016-10-25T10:20:16+00:00\" \/>\n<meta property=\"og:image\" content=\"http:\/\/www.wsop.pl\/cnt\/upld\/2014\/10\/certus3-can-connection-1024x452.jpg\" \/>\n<meta name=\"twitter:card\" content=\"summary_large_image\" \/>\n<meta name=\"twitter:label1\" content=\"Gesch\u00e4tzte Lesezeit\" \/>\n\t<meta name=\"twitter:data1\" content=\"1\u00a0Minute\" \/>\n<script type=\"application\/ld+json\" class=\"yoast-schema-graph\">{\"@context\":\"https:\/\/schema.org\",\"@graph\":[{\"@type\":\"WebPage\",\"@id\":\"https:\/\/certustestlane.com\/de\/ueber-wsop\/\",\"url\":\"https:\/\/certustestlane.com\/de\/ueber-wsop\/\",\"name\":\"\u00dcber WSOP - Certus 3\",\"isPartOf\":{\"@id\":\"https:\/\/certustestlane.com\/#website\"},\"primaryImageOfPage\":{\"@id\":\"https:\/\/certustestlane.com\/de\/ueber-wsop\/#primaryimage\"},\"image\":{\"@id\":\"https:\/\/certustestlane.com\/de\/ueber-wsop\/#primaryimage\"},\"thumbnailUrl\":\"http:\/\/www.wsop.pl\/cnt\/upld\/2014\/10\/certus3-can-connection-1024x452.jpg\",\"datePublished\":\"2016-10-18T10:19:52+00:00\",\"dateModified\":\"2016-10-25T10:20:16+00:00\",\"breadcrumb\":{\"@id\":\"https:\/\/certustestlane.com\/de\/ueber-wsop\/#breadcrumb\"},\"inLanguage\":\"de\",\"potentialAction\":[{\"@type\":\"ReadAction\",\"target\":[\"https:\/\/certustestlane.com\/de\/ueber-wsop\/\"]}]},{\"@type\":\"ImageObject\",\"inLanguage\":\"de\",\"@id\":\"https:\/\/certustestlane.com\/de\/ueber-wsop\/#primaryimage\",\"url\":\"http:\/\/www.wsop.pl\/cnt\/upld\/2014\/10\/certus3-can-connection-1024x452.jpg\",\"contentUrl\":\"http:\/\/www.wsop.pl\/cnt\/upld\/2014\/10\/certus3-can-connection-1024x452.jpg\"},{\"@type\":\"BreadcrumbList\",\"@id\":\"https:\/\/certustestlane.com\/de\/ueber-wsop\/#breadcrumb\",\"itemListElement\":[{\"@type\":\"ListItem\",\"position\":1,\"name\":\"Home\",\"item\":\"https:\/\/certustestlane.com\/de\/home\/\"},{\"@type\":\"ListItem\",\"position\":2,\"name\":\"\u00dcber WSOP\"}]},{\"@type\":\"WebSite\",\"@id\":\"https:\/\/certustestlane.com\/#website\",\"url\":\"https:\/\/certustestlane.com\/\",\"name\":\"Certus 3\",\"description\":\"vehicle test lanes\",\"potentialAction\":[{\"@type\":\"SearchAction\",\"target\":{\"@type\":\"EntryPoint\",\"urlTemplate\":\"https:\/\/certustestlane.com\/?s={search_term_string}\"},\"query-input\":{\"@type\":\"PropertyValueSpecification\",\"valueRequired\":true,\"valueName\":\"search_term_string\"}}],\"inLanguage\":\"de\"}]}<\/script>\n<!-- \/ Yoast SEO plugin. -->","yoast_head_json":{"title":"\u00dcber WSOP - Certus 3","robots":{"index":"index","follow":"follow","max-snippet":"max-snippet:-1","max-image-preview":"max-image-preview:large","max-video-preview":"max-video-preview:-1"},"canonical":"https:\/\/certustestlane.com\/de\/ueber-wsop\/","og_locale":"de_DE","og_type":"article","og_title":"\u00dcber WSOP - Certus 3","og_description":"WSOP Sp. z o.o. WSOP ist Hersteller der Pr\u00fcfstra\u00dfen CERTUS und Markf\u00fchrer bei der Ausstattung von Fahrzeugkontrollstationen in Polen. Die Firma existiert seit dem Jahre 1994 und hat in dieser Zeit \u00fcber 1.900 Kontrollstationen sowie mehrere Hundert Autowerkst\u00e4tten ausgestattet. Wir sind als Hersteller t\u00e4tig, verf\u00fcgen aber ebenfalls \u00fcber umfangreiche Erfahrungen als Vertriebsh\u00e4ndler von Pr\u00fcfstra\u00dfen anderer [&hellip;]","og_url":"https:\/\/certustestlane.com\/de\/ueber-wsop\/","og_site_name":"Certus 3","article_modified_time":"2016-10-25T10:20:16+00:00","og_image":[{"url":"http:\/\/www.wsop.pl\/cnt\/upld\/2014\/10\/certus3-can-connection-1024x452.jpg","type":"","width":"","height":""}],"twitter_card":"summary_large_image","twitter_misc":{"Gesch\u00e4tzte Lesezeit":"1\u00a0Minute"},"schema":{"@context":"https:\/\/schema.org","@graph":[{"@type":"WebPage","@id":"https:\/\/certustestlane.com\/de\/ueber-wsop\/","url":"https:\/\/certustestlane.com\/de\/ueber-wsop\/","name":"\u00dcber WSOP - Certus 3","isPartOf":{"@id":"https:\/\/certustestlane.com\/#website"},"primaryImageOfPage":{"@id":"https:\/\/certustestlane.com\/de\/ueber-wsop\/#primaryimage"},"image":{"@id":"https:\/\/certustestlane.com\/de\/ueber-wsop\/#primaryimage"},"thumbnailUrl":"http:\/\/www.wsop.pl\/cnt\/upld\/2014\/10\/certus3-can-connection-1024x452.jpg","datePublished":"2016-10-18T10:19:52+00:00","dateModified":"2016-10-25T10:20:16+00:00","breadcrumb":{"@id":"https:\/\/certustestlane.com\/de\/ueber-wsop\/#breadcrumb"},"inLanguage":"de","potentialAction":[{"@type":"ReadAction","target":["https:\/\/certustestlane.com\/de\/ueber-wsop\/"]}]},{"@type":"ImageObject","inLanguage":"de","@id":"https:\/\/certustestlane.com\/de\/ueber-wsop\/#primaryimage","url":"http:\/\/www.wsop.pl\/cnt\/upld\/2014\/10\/certus3-can-connection-1024x452.jpg","contentUrl":"http:\/\/www.wsop.pl\/cnt\/upld\/2014\/10\/certus3-can-connection-1024x452.jpg"},{"@type":"BreadcrumbList","@id":"https:\/\/certustestlane.com\/de\/ueber-wsop\/#breadcrumb","itemListElement":[{"@type":"ListItem","position":1,"name":"Home","item":"https:\/\/certustestlane.com\/de\/home\/"},{"@type":"ListItem","position":2,"name":"\u00dcber WSOP"}]},{"@type":"WebSite","@id":"https:\/\/certustestlane.com\/#website","url":"https:\/\/certustestlane.com\/","name":"Certus 3","description":"vehicle test lanes","potentialAction":[{"@type":"SearchAction","target":{"@type":"EntryPoint","urlTemplate":"https:\/\/certustestlane.com\/?s={search_term_string}"},"query-input":{"@type":"PropertyValueSpecification","valueRequired":true,"valueName":"search_term_string"}}],"inLanguage":"de"}]}},"_links":{"self":[{"href":"https:\/\/certustestlane.com\/de\/wp-json\/wp\/v2\/pages\/6221","targetHints":{"allow":["GET"]}}],"collection":[{"href":"https:\/\/certustestlane.com\/de\/wp-json\/wp\/v2\/pages"}],"about":[{"href":"https:\/\/certustestlane.com\/de\/wp-json\/wp\/v2\/types\/page"}],"author":[{"embeddable":true,"href":"https:\/\/certustestlane.com\/de\/wp-json\/wp\/v2\/users\/1"}],"replies":[{"embeddable":true,"href":"https:\/\/certustestlane.com\/de\/wp-json\/wp\/v2\/comments?post=6221"}],"version-history":[{"count":0,"href":"https:\/\/certustestlane.com\/de\/wp-json\/wp\/v2\/pages\/6221\/revisions"}],"wp:attachment":[{"href":"https:\/\/certustestlane.com\/de\/wp-json\/wp\/v2\/media?parent=6221"}],"curies":[{"name":"wp","href":"https:\/\/api.w.org\/{rel}","templated":true}]}}