{"id":6453,"date":"2014-10-10T09:25:30","date_gmt":"2014-10-10T09:25:30","guid":{"rendered":"http:\/\/certustestlane.com\/certus-3-vehicle-test-lanes-premium-class-solutions\/"},"modified":"2017-10-19T08:36:30","modified_gmt":"2017-10-19T08:36:30","slug":"lineas-de-inspeccion-certus-3-una-solucion-premium","status":"publish","type":"page","link":"https:\/\/certustestlane.com\/es\/lineas-de-inspeccion-certus-3-una-solucion-premium\/","title":{"rendered":"L\u00edneas de inspecci\u00f3n CERTUS 3: una soluci\u00f3n premium"},"content":{"rendered":"<p><strong>Las l\u00edneas de inspecci\u00f3n CERTUS se crearon a base de nuestra pasi\u00f3n por la automoci\u00f3n.<\/strong><\/p>\n<a class=\"cbox\" href=\"http:\/\/www.wsop.pl\/cnt\/upld\/2014\/10\/Logo-Certus3.png\"><img loading=\"lazy\" decoding=\"async\" class=\"alignnone size-full wp-image-4677\" src=\"http:\/\/www.wsop.pl\/cnt\/upld\/2014\/10\/Logo-Certus3.png\" alt=\"Logo-Certus3\" width=\"800\" height=\"200\" \/><\/a>\n<p><a class=\"cbox\" href=\"http:\/\/www.wsop.pl\/cnt\/upld\/2014\/10\/certus3_szafa.jpg\"><img loading=\"lazy\" decoding=\"async\" class=\"alignright wp-image-4634 size-medium\" src=\"http:\/\/www.wsop.pl\/cnt\/upld\/2014\/10\/certus3_szafa-144x300.jpg\" alt=\"certus3_szafa\" width=\"144\" height=\"300\" \/><\/a>La tercera generaci\u00f3n &#8211; CERTUS 3 &#8211; combina soluciones electr\u00f3nicas modernas, elementos mec\u00e1nicos duraderos y un dise\u00f1o atractivo. Aparte de la experiencia de las dos generaciones anteriores, hacemos uso de todo lo que puede ofrecer la tecnolog\u00eda contempor\u00e1nea para el diagn\u00f3stico de veh\u00edculos.<\/p>\n<p>Por lo tanto, CERTUS 3 incluye todo lo necesario para considerarse un equipo premium. Les invitamos a conocernos mejor.<\/p>\n<p><strong>Eligiendo CERTUS 3 pueden estar SEGUROS de:<\/strong><\/p>\n<ul>\n<li>Resultados de pruebas<\/li>\n<li>Calidad<\/li>\n<li>Comodidad de trabajo<\/li>\n<li>Dise\u00f1o atractivo<\/li>\n<li>Desarrollo<\/li>\n<\/ul>\n<a class=\"cbox\" href=\"http:\/\/www.wsop.pl\/cnt\/upld\/2014\/10\/certus3_01a.jpg\"><img loading=\"lazy\" decoding=\"async\" class=\"alignnone size-full wp-image-4633\" src=\"http:\/\/www.wsop.pl\/cnt\/upld\/2014\/10\/certus3_01a.jpg\" alt=\"certus3_01a\" width=\"800\" height=\"112\" \/><\/a>\n","protected":false},"excerpt":{"rendered":"<p>Las l\u00edneas de inspecci\u00f3n CERTUS se crearon a base de nuestra pasi\u00f3n por la automoci\u00f3n. La tercera generaci\u00f3n &#8211; CERTUS 3 &#8211; combina soluciones electr\u00f3nicas modernas, elementos mec\u00e1nicos duraderos y un dise\u00f1o atractivo. Aparte de la experiencia de las dos generaciones anteriores, hacemos uso de todo lo que puede ofrecer la tecnolog\u00eda contempor\u00e1nea para el [&hellip;]<\/p>\n","protected":false},"author":1,"featured_media":0,"parent":0,"menu_order":1,"comment_status":"closed","ping_status":"closed","template":"","meta":{"footnotes":""},"class_list":["post-6453","page","type-page","status-publish","hentry"],"yoast_head":"<!-- This site is optimized with the Yoast SEO plugin v26.9 - https:\/\/yoast.com\/product\/yoast-seo-wordpress\/ -->\n<title>L\u00edneas de inspecci\u00f3n CERTUS 3: una soluci\u00f3n premium - Certus 3<\/title>\n<meta name=\"robots\" content=\"index, follow, max-snippet:-1, max-image-preview:large, max-video-preview:-1\" \/>\n<link rel=\"canonical\" href=\"https:\/\/certustestlane.com\/es\/lineas-de-inspeccion-certus-3-una-solucion-premium\/\" \/>\n<meta property=\"og:locale\" content=\"es_ES\" \/>\n<meta property=\"og:type\" content=\"article\" \/>\n<meta property=\"og:title\" content=\"L\u00edneas de inspecci\u00f3n CERTUS 3: una soluci\u00f3n premium - Certus 3\" \/>\n<meta property=\"og:description\" content=\"Las l\u00edneas de inspecci\u00f3n CERTUS se crearon a base de nuestra pasi\u00f3n por la automoci\u00f3n. La tercera generaci\u00f3n &#8211; CERTUS 3 &#8211; combina soluciones electr\u00f3nicas modernas, elementos mec\u00e1nicos duraderos y un dise\u00f1o atractivo. Aparte de la experiencia de las dos generaciones anteriores, hacemos uso de todo lo que puede ofrecer la tecnolog\u00eda contempor\u00e1nea para el [&hellip;]\" \/>\n<meta property=\"og:url\" content=\"https:\/\/certustestlane.com\/es\/lineas-de-inspeccion-certus-3-una-solucion-premium\/\" \/>\n<meta property=\"og:site_name\" content=\"Certus 3\" \/>\n<meta property=\"article:modified_time\" content=\"2017-10-19T08:36:30+00:00\" \/>\n<meta property=\"og:image\" content=\"http:\/\/www.wsop.pl\/cnt\/upld\/2014\/10\/Logo-Certus3.png\" \/>\n<meta name=\"twitter:card\" content=\"summary_large_image\" \/>\n<meta name=\"twitter:label1\" content=\"Tiempo de lectura\" \/>\n\t<meta name=\"twitter:data1\" content=\"1 minuto\" \/>\n<script type=\"application\/ld+json\" class=\"yoast-schema-graph\">{\"@context\":\"https:\/\/schema.org\",\"@graph\":[{\"@type\":\"WebPage\",\"@id\":\"https:\/\/certustestlane.com\/es\/lineas-de-inspeccion-certus-3-una-solucion-premium\/\",\"url\":\"https:\/\/certustestlane.com\/es\/lineas-de-inspeccion-certus-3-una-solucion-premium\/\",\"name\":\"L\u00edneas de inspecci\u00f3n CERTUS 3: una soluci\u00f3n premium - Certus 3\",\"isPartOf\":{\"@id\":\"https:\/\/certustestlane.com\/#website\"},\"primaryImageOfPage\":{\"@id\":\"https:\/\/certustestlane.com\/es\/lineas-de-inspeccion-certus-3-una-solucion-premium\/#primaryimage\"},\"image\":{\"@id\":\"https:\/\/certustestlane.com\/es\/lineas-de-inspeccion-certus-3-una-solucion-premium\/#primaryimage\"},\"thumbnailUrl\":\"http:\/\/www.wsop.pl\/cnt\/upld\/2014\/10\/Logo-Certus3.png\",\"datePublished\":\"2014-10-10T09:25:30+00:00\",\"dateModified\":\"2017-10-19T08:36:30+00:00\",\"breadcrumb\":{\"@id\":\"https:\/\/certustestlane.com\/es\/lineas-de-inspeccion-certus-3-una-solucion-premium\/#breadcrumb\"},\"inLanguage\":\"es\",\"potentialAction\":[{\"@type\":\"ReadAction\",\"target\":[\"https:\/\/certustestlane.com\/es\/lineas-de-inspeccion-certus-3-una-solucion-premium\/\"]}]},{\"@type\":\"ImageObject\",\"inLanguage\":\"es\",\"@id\":\"https:\/\/certustestlane.com\/es\/lineas-de-inspeccion-certus-3-una-solucion-premium\/#primaryimage\",\"url\":\"http:\/\/www.wsop.pl\/cnt\/upld\/2014\/10\/Logo-Certus3.png\",\"contentUrl\":\"http:\/\/www.wsop.pl\/cnt\/upld\/2014\/10\/Logo-Certus3.png\"},{\"@type\":\"BreadcrumbList\",\"@id\":\"https:\/\/certustestlane.com\/es\/lineas-de-inspeccion-certus-3-una-solucion-premium\/#breadcrumb\",\"itemListElement\":[{\"@type\":\"ListItem\",\"position\":1,\"name\":\"Home\",\"item\":\"https:\/\/certustestlane.com\/es\/\"},{\"@type\":\"ListItem\",\"position\":2,\"name\":\"L\u00edneas de inspecci\u00f3n CERTUS 3: una soluci\u00f3n premium\"}]},{\"@type\":\"WebSite\",\"@id\":\"https:\/\/certustestlane.com\/#website\",\"url\":\"https:\/\/certustestlane.com\/\",\"name\":\"Certus 3\",\"description\":\"vehicle test lanes\",\"potentialAction\":[{\"@type\":\"SearchAction\",\"target\":{\"@type\":\"EntryPoint\",\"urlTemplate\":\"https:\/\/certustestlane.com\/?s={search_term_string}\"},\"query-input\":{\"@type\":\"PropertyValueSpecification\",\"valueRequired\":true,\"valueName\":\"search_term_string\"}}],\"inLanguage\":\"es\"}]}<\/script>\n<!-- \/ Yoast SEO plugin. -->","yoast_head_json":{"title":"L\u00edneas de inspecci\u00f3n CERTUS 3: una soluci\u00f3n premium - Certus 3","robots":{"index":"index","follow":"follow","max-snippet":"max-snippet:-1","max-image-preview":"max-image-preview:large","max-video-preview":"max-video-preview:-1"},"canonical":"https:\/\/certustestlane.com\/es\/lineas-de-inspeccion-certus-3-una-solucion-premium\/","og_locale":"es_ES","og_type":"article","og_title":"L\u00edneas de inspecci\u00f3n CERTUS 3: una soluci\u00f3n premium - Certus 3","og_description":"Las l\u00edneas de inspecci\u00f3n CERTUS se crearon a base de nuestra pasi\u00f3n por la automoci\u00f3n. La tercera generaci\u00f3n &#8211; CERTUS 3 &#8211; combina soluciones electr\u00f3nicas modernas, elementos mec\u00e1nicos duraderos y un dise\u00f1o atractivo. Aparte de la experiencia de las dos generaciones anteriores, hacemos uso de todo lo que puede ofrecer la tecnolog\u00eda contempor\u00e1nea para el [&hellip;]","og_url":"https:\/\/certustestlane.com\/es\/lineas-de-inspeccion-certus-3-una-solucion-premium\/","og_site_name":"Certus 3","article_modified_time":"2017-10-19T08:36:30+00:00","og_image":[{"url":"http:\/\/www.wsop.pl\/cnt\/upld\/2014\/10\/Logo-Certus3.png","type":"","width":"","height":""}],"twitter_card":"summary_large_image","twitter_misc":{"Tiempo de lectura":"1 minuto"},"schema":{"@context":"https:\/\/schema.org","@graph":[{"@type":"WebPage","@id":"https:\/\/certustestlane.com\/es\/lineas-de-inspeccion-certus-3-una-solucion-premium\/","url":"https:\/\/certustestlane.com\/es\/lineas-de-inspeccion-certus-3-una-solucion-premium\/","name":"L\u00edneas de inspecci\u00f3n CERTUS 3: una soluci\u00f3n premium - Certus 3","isPartOf":{"@id":"https:\/\/certustestlane.com\/#website"},"primaryImageOfPage":{"@id":"https:\/\/certustestlane.com\/es\/lineas-de-inspeccion-certus-3-una-solucion-premium\/#primaryimage"},"image":{"@id":"https:\/\/certustestlane.com\/es\/lineas-de-inspeccion-certus-3-una-solucion-premium\/#primaryimage"},"thumbnailUrl":"http:\/\/www.wsop.pl\/cnt\/upld\/2014\/10\/Logo-Certus3.png","datePublished":"2014-10-10T09:25:30+00:00","dateModified":"2017-10-19T08:36:30+00:00","breadcrumb":{"@id":"https:\/\/certustestlane.com\/es\/lineas-de-inspeccion-certus-3-una-solucion-premium\/#breadcrumb"},"inLanguage":"es","potentialAction":[{"@type":"ReadAction","target":["https:\/\/certustestlane.com\/es\/lineas-de-inspeccion-certus-3-una-solucion-premium\/"]}]},{"@type":"ImageObject","inLanguage":"es","@id":"https:\/\/certustestlane.com\/es\/lineas-de-inspeccion-certus-3-una-solucion-premium\/#primaryimage","url":"http:\/\/www.wsop.pl\/cnt\/upld\/2014\/10\/Logo-Certus3.png","contentUrl":"http:\/\/www.wsop.pl\/cnt\/upld\/2014\/10\/Logo-Certus3.png"},{"@type":"BreadcrumbList","@id":"https:\/\/certustestlane.com\/es\/lineas-de-inspeccion-certus-3-una-solucion-premium\/#breadcrumb","itemListElement":[{"@type":"ListItem","position":1,"name":"Home","item":"https:\/\/certustestlane.com\/es\/"},{"@type":"ListItem","position":2,"name":"L\u00edneas de inspecci\u00f3n CERTUS 3: una soluci\u00f3n premium"}]},{"@type":"WebSite","@id":"https:\/\/certustestlane.com\/#website","url":"https:\/\/certustestlane.com\/","name":"Certus 3","description":"vehicle test lanes","potentialAction":[{"@type":"SearchAction","target":{"@type":"EntryPoint","urlTemplate":"https:\/\/certustestlane.com\/?s={search_term_string}"},"query-input":{"@type":"PropertyValueSpecification","valueRequired":true,"valueName":"search_term_string"}}],"inLanguage":"es"}]}},"_links":{"self":[{"href":"https:\/\/certustestlane.com\/es\/wp-json\/wp\/v2\/pages\/6453","targetHints":{"allow":["GET"]}}],"collection":[{"href":"https:\/\/certustestlane.com\/es\/wp-json\/wp\/v2\/pages"}],"about":[{"href":"https:\/\/certustestlane.com\/es\/wp-json\/wp\/v2\/types\/page"}],"author":[{"embeddable":true,"href":"https:\/\/certustestlane.com\/es\/wp-json\/wp\/v2\/users\/1"}],"replies":[{"embeddable":true,"href":"https:\/\/certustestlane.com\/es\/wp-json\/wp\/v2\/comments?post=6453"}],"version-history":[{"count":0,"href":"https:\/\/certustestlane.com\/es\/wp-json\/wp\/v2\/pages\/6453\/revisions"}],"wp:attachment":[{"href":"https:\/\/certustestlane.com\/es\/wp-json\/wp\/v2\/media?parent=6453"}],"curies":[{"name":"wp","href":"https:\/\/api.w.org\/{rel}","templated":true}]}}