{"id":6455,"date":"2017-10-19T08:47:22","date_gmt":"2017-10-19T08:47:22","guid":{"rendered":"http:\/\/certustestlane.com\/?page_id=6455"},"modified":"2017-10-19T08:47:22","modified_gmt":"2017-10-19T08:47:22","slug":"linea-certus-soluciones-electronicas-modernas-y-estabilidad-de-funcionamiento","status":"publish","type":"page","link":"https:\/\/certustestlane.com\/es\/linea-certus-soluciones-electronicas-modernas-y-estabilidad-de-funcionamiento\/","title":{"rendered":"L\u00ednea CERTUS: soluciones electr\u00f3nicas modernas y estabilidad de funcionamiento"},"content":{"rendered":"<p><strong>CERTUS 3 garantiza una precisi\u00f3n de resultados excepcional gracias a la alta frecuencia de registrar los valores medidos. La estabilidad del software se ve reforzada por el uso de un concentrador conectado a la placa base del armario, en vez de mandar los datos por separado de cada uno de los equipos de la l\u00ednea al CPU. Componentes electr\u00f3nicos de gama alta aseguran un funcionamiento continuo del programa. <\/strong><\/p>\n<a class=\"cbox\" href=\"http:\/\/www.wsop.pl\/cnt\/upld\/2014\/10\/certus3-can-connection.jpg\"><img loading=\"lazy\" decoding=\"async\" class=\"alignnone size-large wp-image-4683\" src=\"http:\/\/www.wsop.pl\/cnt\/upld\/2014\/10\/certus3-can-connection-1024x452.jpg\" alt=\"certus3-can-connection\" width=\"1024\" height=\"452\" \/><\/a>\n<p><strong>Comunicaci\u00f3n CAN<\/strong><br \/>\nLa transmisi\u00f3n digital sirve para recoger los datos de medici\u00f3n en la unidad de control (CPU) y protegerlos contra cualquier interferencia exterior.<\/p>\n<p><strong>Nuestros variadores de frecuencia \u00fanicos, disponibles en la configuraci\u00f3n est\u00e1ndar<\/strong> del fren\u00f3metro universal, aumentan la durabilidad del sistema de transmisi\u00f3n. Adem\u00e1s, aumentan el confort de pruebas, permitiendo una aceleraci\u00f3n suave de los rodillos sin provocar sacudidas onerosas en el veh\u00edculo.<\/p>\n<p><strong><a class=\"cbox\" href=\"http:\/\/certustestlane.com\/cnt\/upld\/2017\/10\/linia-modulowa-es.jpg\"><img loading=\"lazy\" decoding=\"async\" class=\"alignright size-medium wp-image-6456\" src=\"http:\/\/certustestlane.com\/cnt\/upld\/2017\/10\/linia-modulowa-es-300x73.jpg\" alt=\"\" width=\"300\" height=\"73\" srcset=\"https:\/\/certustestlane.com\/cnt\/upld\/2017\/10\/linia-modulowa-es-300x73.jpg 300w, https:\/\/certustestlane.com\/cnt\/upld\/2017\/10\/linia-modulowa-es-768x188.jpg 768w, https:\/\/certustestlane.com\/cnt\/upld\/2017\/10\/linia-modulowa-es-1024x250.jpg 1024w, https:\/\/certustestlane.com\/cnt\/upld\/2017\/10\/linia-modulowa-es-1200x293.jpg 1200w, https:\/\/certustestlane.com\/cnt\/upld\/2017\/10\/linia-modulowa-es-1440x352.jpg 1440w, https:\/\/certustestlane.com\/cnt\/upld\/2017\/10\/linia-modulowa-es.jpg 1482w\" sizes=\"auto, (max-width: 300px) 100vw, 300px\" \/><\/a>La estructura modular de la l\u00ednea<\/strong> permite ajustar su configuraci\u00f3n exactamente a las necesidades del usuario. Los diferentes equipos pueden instalarse en el orden deseado.<\/p>\n<p><strong>Sistema de comunicaci\u00f3n inal\u00e1mbrica ZigBee\u00ae<\/strong> sirve para mandar datos del medidor de fuerza de contacto y sensores de presi\u00f3n a la CPU. ZigBee\u00ae es un sistema moderno de comunicaci\u00f3n inal\u00e1mbrica. Se caracteriza por un bajo consumo de energ\u00eda, capacidad de hasta 256\u00a0kbps y cobertura entre nodos de hasta 100 metros.<\/p>\n<p><strong><a class=\"cbox\" href=\"http:\/\/www.wsop.pl\/cnt\/upld\/2014\/10\/Certus3-zigbee.jpg\"><img loading=\"lazy\" decoding=\"async\" class=\"alignleft size-thumbnail wp-image-4637\" src=\"http:\/\/www.wsop.pl\/cnt\/upld\/2014\/10\/Certus3-zigbee-166x137.jpg\" alt=\"Certus3-zigbee\" width=\"166\" height=\"137\" \/><\/a>El control remoto de CERTUS<\/strong> destaca por su simplicidad y facilidad de uso. Es peque\u00f1o, ergon\u00f3mico y contiene s\u00f3lo los botones necesarios. Permite una navegaci\u00f3n r\u00e1pida e intuitiva por el men\u00fa en la pantalla. Le permite al operario adaptar el ciclo de pruebas a sus necesidades particulares: interrumpir o repetir una prueba en su totalidad o en parte. El mando a distancia funciona en cada lugar de la nave. La alta capacidad de la pila permite usar el mando durante meses antes de tener que cargar.<\/p>\n","protected":false},"excerpt":{"rendered":"<p>CERTUS 3 garantiza una precisi\u00f3n de resultados excepcional gracias a la alta frecuencia de registrar los valores medidos. La estabilidad del software se ve reforzada por el uso de un concentrador conectado a la placa base del armario, en vez de mandar los datos por separado de cada uno de los equipos de la l\u00ednea [&hellip;]<\/p>\n","protected":false},"author":1,"featured_media":0,"parent":0,"menu_order":2,"comment_status":"closed","ping_status":"closed","template":"","meta":{"footnotes":""},"class_list":["post-6455","page","type-page","status-publish","hentry"],"yoast_head":"<!-- This site is optimized with the Yoast SEO plugin v26.9 - https:\/\/yoast.com\/product\/yoast-seo-wordpress\/ -->\n<title>L\u00ednea CERTUS: soluciones electr\u00f3nicas modernas y estabilidad de funcionamiento - Certus 3<\/title>\n<meta name=\"robots\" content=\"index, follow, max-snippet:-1, max-image-preview:large, max-video-preview:-1\" \/>\n<link rel=\"canonical\" href=\"https:\/\/certustestlane.com\/es\/linea-certus-soluciones-electronicas-modernas-y-estabilidad-de-funcionamiento\/\" \/>\n<meta property=\"og:locale\" content=\"es_ES\" \/>\n<meta property=\"og:type\" content=\"article\" \/>\n<meta property=\"og:title\" content=\"L\u00ednea CERTUS: soluciones electr\u00f3nicas modernas y estabilidad de funcionamiento - Certus 3\" \/>\n<meta property=\"og:description\" content=\"CERTUS 3 garantiza una precisi\u00f3n de resultados excepcional gracias a la alta frecuencia de registrar los valores medidos. La estabilidad del software se ve reforzada por el uso de un concentrador conectado a la placa base del armario, en vez de mandar los datos por separado de cada uno de los equipos de la l\u00ednea [&hellip;]\" \/>\n<meta property=\"og:url\" content=\"https:\/\/certustestlane.com\/es\/linea-certus-soluciones-electronicas-modernas-y-estabilidad-de-funcionamiento\/\" \/>\n<meta property=\"og:site_name\" content=\"Certus 3\" \/>\n<meta property=\"og:image\" content=\"http:\/\/www.wsop.pl\/cnt\/upld\/2014\/10\/certus3-can-connection-1024x452.jpg\" \/>\n<meta name=\"twitter:card\" content=\"summary_large_image\" \/>\n<meta name=\"twitter:label1\" content=\"Tiempo de lectura\" \/>\n\t<meta name=\"twitter:data1\" content=\"2 minutos\" \/>\n<script type=\"application\/ld+json\" class=\"yoast-schema-graph\">{\"@context\":\"https:\/\/schema.org\",\"@graph\":[{\"@type\":\"WebPage\",\"@id\":\"https:\/\/certustestlane.com\/es\/linea-certus-soluciones-electronicas-modernas-y-estabilidad-de-funcionamiento\/\",\"url\":\"https:\/\/certustestlane.com\/es\/linea-certus-soluciones-electronicas-modernas-y-estabilidad-de-funcionamiento\/\",\"name\":\"L\u00ednea CERTUS: soluciones electr\u00f3nicas modernas y estabilidad de funcionamiento - Certus 3\",\"isPartOf\":{\"@id\":\"https:\/\/certustestlane.com\/#website\"},\"primaryImageOfPage\":{\"@id\":\"https:\/\/certustestlane.com\/es\/linea-certus-soluciones-electronicas-modernas-y-estabilidad-de-funcionamiento\/#primaryimage\"},\"image\":{\"@id\":\"https:\/\/certustestlane.com\/es\/linea-certus-soluciones-electronicas-modernas-y-estabilidad-de-funcionamiento\/#primaryimage\"},\"thumbnailUrl\":\"http:\/\/www.wsop.pl\/cnt\/upld\/2014\/10\/certus3-can-connection-1024x452.jpg\",\"datePublished\":\"2017-10-19T08:47:22+00:00\",\"breadcrumb\":{\"@id\":\"https:\/\/certustestlane.com\/es\/linea-certus-soluciones-electronicas-modernas-y-estabilidad-de-funcionamiento\/#breadcrumb\"},\"inLanguage\":\"es\",\"potentialAction\":[{\"@type\":\"ReadAction\",\"target\":[\"https:\/\/certustestlane.com\/es\/linea-certus-soluciones-electronicas-modernas-y-estabilidad-de-funcionamiento\/\"]}]},{\"@type\":\"ImageObject\",\"inLanguage\":\"es\",\"@id\":\"https:\/\/certustestlane.com\/es\/linea-certus-soluciones-electronicas-modernas-y-estabilidad-de-funcionamiento\/#primaryimage\",\"url\":\"http:\/\/www.wsop.pl\/cnt\/upld\/2014\/10\/certus3-can-connection-1024x452.jpg\",\"contentUrl\":\"http:\/\/www.wsop.pl\/cnt\/upld\/2014\/10\/certus3-can-connection-1024x452.jpg\"},{\"@type\":\"BreadcrumbList\",\"@id\":\"https:\/\/certustestlane.com\/es\/linea-certus-soluciones-electronicas-modernas-y-estabilidad-de-funcionamiento\/#breadcrumb\",\"itemListElement\":[{\"@type\":\"ListItem\",\"position\":1,\"name\":\"Home\",\"item\":\"https:\/\/certustestlane.com\/es\/\"},{\"@type\":\"ListItem\",\"position\":2,\"name\":\"L\u00ednea CERTUS: soluciones electr\u00f3nicas modernas y estabilidad de funcionamiento\"}]},{\"@type\":\"WebSite\",\"@id\":\"https:\/\/certustestlane.com\/#website\",\"url\":\"https:\/\/certustestlane.com\/\",\"name\":\"Certus 3\",\"description\":\"vehicle test lanes\",\"potentialAction\":[{\"@type\":\"SearchAction\",\"target\":{\"@type\":\"EntryPoint\",\"urlTemplate\":\"https:\/\/certustestlane.com\/?s={search_term_string}\"},\"query-input\":{\"@type\":\"PropertyValueSpecification\",\"valueRequired\":true,\"valueName\":\"search_term_string\"}}],\"inLanguage\":\"es\"}]}<\/script>\n<!-- \/ Yoast SEO plugin. -->","yoast_head_json":{"title":"L\u00ednea CERTUS: soluciones electr\u00f3nicas modernas y estabilidad de funcionamiento - Certus 3","robots":{"index":"index","follow":"follow","max-snippet":"max-snippet:-1","max-image-preview":"max-image-preview:large","max-video-preview":"max-video-preview:-1"},"canonical":"https:\/\/certustestlane.com\/es\/linea-certus-soluciones-electronicas-modernas-y-estabilidad-de-funcionamiento\/","og_locale":"es_ES","og_type":"article","og_title":"L\u00ednea CERTUS: soluciones electr\u00f3nicas modernas y estabilidad de funcionamiento - Certus 3","og_description":"CERTUS 3 garantiza una precisi\u00f3n de resultados excepcional gracias a la alta frecuencia de registrar los valores medidos. La estabilidad del software se ve reforzada por el uso de un concentrador conectado a la placa base del armario, en vez de mandar los datos por separado de cada uno de los equipos de la l\u00ednea [&hellip;]","og_url":"https:\/\/certustestlane.com\/es\/linea-certus-soluciones-electronicas-modernas-y-estabilidad-de-funcionamiento\/","og_site_name":"Certus 3","og_image":[{"url":"http:\/\/www.wsop.pl\/cnt\/upld\/2014\/10\/certus3-can-connection-1024x452.jpg","type":"","width":"","height":""}],"twitter_card":"summary_large_image","twitter_misc":{"Tiempo de lectura":"2 minutos"},"schema":{"@context":"https:\/\/schema.org","@graph":[{"@type":"WebPage","@id":"https:\/\/certustestlane.com\/es\/linea-certus-soluciones-electronicas-modernas-y-estabilidad-de-funcionamiento\/","url":"https:\/\/certustestlane.com\/es\/linea-certus-soluciones-electronicas-modernas-y-estabilidad-de-funcionamiento\/","name":"L\u00ednea CERTUS: soluciones electr\u00f3nicas modernas y estabilidad de funcionamiento - Certus 3","isPartOf":{"@id":"https:\/\/certustestlane.com\/#website"},"primaryImageOfPage":{"@id":"https:\/\/certustestlane.com\/es\/linea-certus-soluciones-electronicas-modernas-y-estabilidad-de-funcionamiento\/#primaryimage"},"image":{"@id":"https:\/\/certustestlane.com\/es\/linea-certus-soluciones-electronicas-modernas-y-estabilidad-de-funcionamiento\/#primaryimage"},"thumbnailUrl":"http:\/\/www.wsop.pl\/cnt\/upld\/2014\/10\/certus3-can-connection-1024x452.jpg","datePublished":"2017-10-19T08:47:22+00:00","breadcrumb":{"@id":"https:\/\/certustestlane.com\/es\/linea-certus-soluciones-electronicas-modernas-y-estabilidad-de-funcionamiento\/#breadcrumb"},"inLanguage":"es","potentialAction":[{"@type":"ReadAction","target":["https:\/\/certustestlane.com\/es\/linea-certus-soluciones-electronicas-modernas-y-estabilidad-de-funcionamiento\/"]}]},{"@type":"ImageObject","inLanguage":"es","@id":"https:\/\/certustestlane.com\/es\/linea-certus-soluciones-electronicas-modernas-y-estabilidad-de-funcionamiento\/#primaryimage","url":"http:\/\/www.wsop.pl\/cnt\/upld\/2014\/10\/certus3-can-connection-1024x452.jpg","contentUrl":"http:\/\/www.wsop.pl\/cnt\/upld\/2014\/10\/certus3-can-connection-1024x452.jpg"},{"@type":"BreadcrumbList","@id":"https:\/\/certustestlane.com\/es\/linea-certus-soluciones-electronicas-modernas-y-estabilidad-de-funcionamiento\/#breadcrumb","itemListElement":[{"@type":"ListItem","position":1,"name":"Home","item":"https:\/\/certustestlane.com\/es\/"},{"@type":"ListItem","position":2,"name":"L\u00ednea CERTUS: soluciones electr\u00f3nicas modernas y estabilidad de funcionamiento"}]},{"@type":"WebSite","@id":"https:\/\/certustestlane.com\/#website","url":"https:\/\/certustestlane.com\/","name":"Certus 3","description":"vehicle test lanes","potentialAction":[{"@type":"SearchAction","target":{"@type":"EntryPoint","urlTemplate":"https:\/\/certustestlane.com\/?s={search_term_string}"},"query-input":{"@type":"PropertyValueSpecification","valueRequired":true,"valueName":"search_term_string"}}],"inLanguage":"es"}]}},"_links":{"self":[{"href":"https:\/\/certustestlane.com\/es\/wp-json\/wp\/v2\/pages\/6455","targetHints":{"allow":["GET"]}}],"collection":[{"href":"https:\/\/certustestlane.com\/es\/wp-json\/wp\/v2\/pages"}],"about":[{"href":"https:\/\/certustestlane.com\/es\/wp-json\/wp\/v2\/types\/page"}],"author":[{"embeddable":true,"href":"https:\/\/certustestlane.com\/es\/wp-json\/wp\/v2\/users\/1"}],"replies":[{"embeddable":true,"href":"https:\/\/certustestlane.com\/es\/wp-json\/wp\/v2\/comments?post=6455"}],"version-history":[{"count":0,"href":"https:\/\/certustestlane.com\/es\/wp-json\/wp\/v2\/pages\/6455\/revisions"}],"wp:attachment":[{"href":"https:\/\/certustestlane.com\/es\/wp-json\/wp\/v2\/media?parent=6455"}],"curies":[{"name":"wp","href":"https:\/\/api.w.org\/{rel}","templated":true}]}}