{"id":6462,"date":"2017-10-19T08:50:39","date_gmt":"2017-10-19T08:50:39","guid":{"rendered":"http:\/\/certustestlane.com\/?page_id=6462"},"modified":"2017-10-19T08:50:39","modified_gmt":"2017-10-19T08:50:39","slug":"linea-certus-3-manejo-sencillo","status":"publish","type":"page","link":"https:\/\/certustestlane.com\/es\/linea-certus-3-manejo-sencillo\/","title":{"rendered":"L\u00ednea CERTUS 3: manejo sencillo"},"content":{"rendered":"<a class=\"cbox\" href=\"http:\/\/www.wsop.pl\/cnt\/upld\/2014\/10\/certus3-DSC_67931.jpg\"><img loading=\"lazy\" decoding=\"async\" class=\"alignleft wp-image-4639 size-thumbnail\" src=\"http:\/\/www.wsop.pl\/cnt\/upld\/2014\/10\/certus3-DSC_67931-205x101.jpg\" alt=\"certus3-DSC_67931\" width=\"205\" height=\"101\" \/><\/a>\n<p>El software de la l\u00ednea CERTUS se program\u00f3 como una herramienta inteligente que, entrando en di\u00e1logo con el t\u00e9cnico diagnosticador, permite llevar a cabo las pruebas y presentar el diagn\u00f3stico del veh\u00edculo de manera r\u00e1pida y eficiente.<\/p>\n<p>Nuestra interfaz intuitiva gu\u00eda al operario paso por paso tras todo el proceso diagn\u00f3stico del veh\u00edculo.<\/p>\n<div class=\"grid-x grid-padding-x small-up-2 medium-up-3 large-up-4 gallery\">\n<div class=\"cell\">\n<a class=\"cbox\" href=\"https:\/\/certustestlane.com\/cnt\/upld\/2014\/10\/certus3-tryb-pomiaru-ang.jpg\"><img loading=\"lazy\" decoding=\"async\" src=\"https:\/\/certustestlane.com\/cnt\/upld\/2014\/10\/certus3-tryb-pomiaru-ang-150x150.jpg\" width=\"150\" height=\"150\" alt=\"\" \/><\/a>\n<\/div>\n<div class=\"cell\">\n<a class=\"cbox\" href=\"https:\/\/certustestlane.com\/cnt\/upld\/2014\/10\/certus3-rozpocznij-badanie-ang.jpg\"><img loading=\"lazy\" decoding=\"async\" src=\"https:\/\/certustestlane.com\/cnt\/upld\/2014\/10\/certus3-rozpocznij-badanie-ang-150x150.jpg\" width=\"150\" height=\"150\" alt=\"\" \/><\/a>\n<\/div>\n<div class=\"cell\">\n<a class=\"cbox\" href=\"https:\/\/certustestlane.com\/cnt\/upld\/2014\/10\/certus3-przegladanie-wynikow-zegary-ang.jpg\"><img loading=\"lazy\" decoding=\"async\" src=\"https:\/\/certustestlane.com\/cnt\/upld\/2014\/10\/certus3-przegladanie-wynikow-zegary-ang-150x150.jpg\" width=\"150\" height=\"150\" alt=\"\" \/><\/a>\n<\/div>\n<\/div>\n\n<p><strong><a class=\"cbox\" href=\"http:\/\/www.wsop.pl\/cnt\/upld\/2014\/10\/certus3-badanie-w-toku-ang.jpg\"><img loading=\"lazy\" decoding=\"async\" class=\"alignright size-thumbnail wp-image-4641\" src=\"http:\/\/www.wsop.pl\/cnt\/upld\/2014\/10\/certus3-badanie-w-toku-ang-205x115.jpg\" alt=\"certus3-badanie-w-toku-ang\" width=\"205\" height=\"115\" \/><\/a>La pantalla \u00abpruebas en curso\u00bb es una soluci\u00f3n \u00fanica introducida para aumentar la comodidad de trabajo del operario.<\/strong> A lo largo de las mediciones, informa sobre las pruebas realizadas hasta el momento en los diferentes equipos, mostrando los datos registrados y evaluados.<\/p>\n<p><strong>El programa no s\u00f3lo mide, sino tambi\u00e9n eval\u00faa<\/strong><br \/>\nEl t\u00e9cnico diagnosticador no necesita servirse de tablas externas ni hacer c\u00e1lculos por su propia cuenta a base de los valores medidos.<\/p>\n<p>Evaluaci\u00f3n de amortiguaci\u00f3n de la rueda izquierda y derecha con el c\u00e1lculo de diferencia entre ellas<\/p>\n<a class=\"cbox\" href=\"http:\/\/www.wsop.pl\/cnt\/upld\/2014\/10\/certus3-assessment.jpg\"><img loading=\"lazy\" decoding=\"async\" class=\"alignnone size-large wp-image-4640\" src=\"http:\/\/www.wsop.pl\/cnt\/upld\/2014\/10\/certus3-assessment-1024x296.jpg\" alt=\"certus3-assessment\" width=\"1024\" height=\"296\" \/><\/a>\n<p>El programa calcula el coeficiente de frenado (BFC) por s\u00ed mismo y compara los resultados obtenidos con los valores l\u00edmite determinados a base del tipo de veh\u00edculo y la fecha de su primer registro<\/p>\n<p><strong><a class=\"cbox\" href=\"http:\/\/www.wsop.pl\/cnt\/upld\/2014\/10\/DSC_2220A.jpg\"><img loading=\"lazy\" decoding=\"async\" class=\"alignright size-thumbnail wp-image-4682\" src=\"http:\/\/www.wsop.pl\/cnt\/upld\/2014\/10\/DSC_2220A-205x137.jpg\" alt=\"DSC_2220A\" width=\"205\" height=\"137\" \/><\/a>Evaluaci\u00f3n ergon\u00f3mica sin obst\u00e1culos.<\/strong><br \/>\nNuestro banco de suspensiones reforzado permite la entrada de camiones sin tener que poner tapas protectoras.<\/p>\n<h2>L\u00ednea de inspecci\u00f3n CERTUS\u00a03: tres niveles de confort<\/h2>\n<p><strong>El t\u00e9cnico diagnosticador<\/strong> recibe, en la versi\u00f3n est\u00e1ndar, un software intuitivo y transparente que realiza todos los c\u00e1lculos de manera autom\u00e1tica. La opci\u00f3n de mando c\u00f3modo mediante un control remoto simplifica la realizaci\u00f3n de pruebas. Adem\u00e1s, el t\u00e9cnico tiene la posibilidad de interrumpir, guardar y continuar en el momento deseado.<\/p>\n<p><strong>El encargado de mantenimiento<\/strong> de los equipos va a apreciar la simplicidad del software que le va a guiar paso por paso tras el proceso de ajustar par\u00e1metros de trabajo de la l\u00ednea. Gracias a la conexi\u00f3n en l\u00ednea con el centro de apoyo t\u00e9cnico del fabricante, se puede realizar una evaluaci\u00f3n completa de toda la l\u00ednea.<\/p>\n<p><strong>Los conductores<\/strong> sin duda se fijar\u00e1n en los valores est\u00e9ticos de la l\u00ednea de inspecci\u00f3n, mientras que los gr\u00e1ficos les explicar\u00e1n de manera clara y comprensible cu\u00e1l es el estado t\u00e9cnico de su veh\u00edculo.<\/p>\n<p>&nbsp;<\/p>\n","protected":false},"excerpt":{"rendered":"<p>El software de la l\u00ednea CERTUS se program\u00f3 como una herramienta inteligente que, entrando en di\u00e1logo con el t\u00e9cnico diagnosticador, permite llevar a cabo las pruebas y presentar el diagn\u00f3stico del veh\u00edculo de manera r\u00e1pida y eficiente. Nuestra interfaz intuitiva gu\u00eda al operario paso por paso tras todo el proceso diagn\u00f3stico del veh\u00edculo. La pantalla [&hellip;]<\/p>\n","protected":false},"author":1,"featured_media":0,"parent":0,"menu_order":3,"comment_status":"closed","ping_status":"closed","template":"","meta":{"footnotes":""},"class_list":["post-6462","page","type-page","status-publish","hentry"],"yoast_head":"<!-- This site is optimized with the Yoast SEO plugin v26.9 - https:\/\/yoast.com\/product\/yoast-seo-wordpress\/ -->\n<title>L\u00ednea CERTUS 3: manejo sencillo - Certus 3<\/title>\n<meta name=\"robots\" content=\"index, follow, max-snippet:-1, max-image-preview:large, max-video-preview:-1\" \/>\n<link rel=\"canonical\" href=\"https:\/\/certustestlane.com\/es\/linea-certus-3-manejo-sencillo\/\" \/>\n<meta property=\"og:locale\" content=\"es_ES\" \/>\n<meta property=\"og:type\" content=\"article\" \/>\n<meta property=\"og:title\" content=\"L\u00ednea CERTUS 3: manejo sencillo - Certus 3\" \/>\n<meta property=\"og:description\" content=\"El software de la l\u00ednea CERTUS se program\u00f3 como una herramienta inteligente que, entrando en di\u00e1logo con el t\u00e9cnico diagnosticador, permite llevar a cabo las pruebas y presentar el diagn\u00f3stico del veh\u00edculo de manera r\u00e1pida y eficiente. Nuestra interfaz intuitiva gu\u00eda al operario paso por paso tras todo el proceso diagn\u00f3stico del veh\u00edculo. La pantalla [&hellip;]\" \/>\n<meta property=\"og:url\" content=\"https:\/\/certustestlane.com\/es\/linea-certus-3-manejo-sencillo\/\" \/>\n<meta property=\"og:site_name\" content=\"Certus 3\" \/>\n<meta property=\"og:image\" content=\"https:\/\/certustestlane.com\/cnt\/upld\/2014\/10\/certus3-tryb-pomiaru-ang-150x150.jpg\" \/>\n<meta name=\"twitter:card\" content=\"summary_large_image\" \/>\n<meta name=\"twitter:label1\" content=\"Tiempo de lectura\" \/>\n\t<meta name=\"twitter:data1\" content=\"2 minutos\" \/>\n<script type=\"application\/ld+json\" class=\"yoast-schema-graph\">{\"@context\":\"https:\/\/schema.org\",\"@graph\":[{\"@type\":\"WebPage\",\"@id\":\"https:\/\/certustestlane.com\/es\/linea-certus-3-manejo-sencillo\/\",\"url\":\"https:\/\/certustestlane.com\/es\/linea-certus-3-manejo-sencillo\/\",\"name\":\"L\u00ednea CERTUS 3: manejo sencillo - Certus 3\",\"isPartOf\":{\"@id\":\"https:\/\/certustestlane.com\/#website\"},\"primaryImageOfPage\":{\"@id\":\"https:\/\/certustestlane.com\/es\/linea-certus-3-manejo-sencillo\/#primaryimage\"},\"image\":{\"@id\":\"https:\/\/certustestlane.com\/es\/linea-certus-3-manejo-sencillo\/#primaryimage\"},\"thumbnailUrl\":\"http:\/\/www.wsop.pl\/cnt\/upld\/2014\/10\/certus3-DSC_67931-205x101.jpg\",\"datePublished\":\"2017-10-19T08:50:39+00:00\",\"breadcrumb\":{\"@id\":\"https:\/\/certustestlane.com\/es\/linea-certus-3-manejo-sencillo\/#breadcrumb\"},\"inLanguage\":\"es\",\"potentialAction\":[{\"@type\":\"ReadAction\",\"target\":[\"https:\/\/certustestlane.com\/es\/linea-certus-3-manejo-sencillo\/\"]}]},{\"@type\":\"ImageObject\",\"inLanguage\":\"es\",\"@id\":\"https:\/\/certustestlane.com\/es\/linea-certus-3-manejo-sencillo\/#primaryimage\",\"url\":\"http:\/\/www.wsop.pl\/cnt\/upld\/2014\/10\/certus3-DSC_67931-205x101.jpg\",\"contentUrl\":\"http:\/\/www.wsop.pl\/cnt\/upld\/2014\/10\/certus3-DSC_67931-205x101.jpg\"},{\"@type\":\"BreadcrumbList\",\"@id\":\"https:\/\/certustestlane.com\/es\/linea-certus-3-manejo-sencillo\/#breadcrumb\",\"itemListElement\":[{\"@type\":\"ListItem\",\"position\":1,\"name\":\"Home\",\"item\":\"https:\/\/certustestlane.com\/es\/\"},{\"@type\":\"ListItem\",\"position\":2,\"name\":\"L\u00ednea CERTUS 3: manejo sencillo\"}]},{\"@type\":\"WebSite\",\"@id\":\"https:\/\/certustestlane.com\/#website\",\"url\":\"https:\/\/certustestlane.com\/\",\"name\":\"Certus 3\",\"description\":\"vehicle test lanes\",\"potentialAction\":[{\"@type\":\"SearchAction\",\"target\":{\"@type\":\"EntryPoint\",\"urlTemplate\":\"https:\/\/certustestlane.com\/?s={search_term_string}\"},\"query-input\":{\"@type\":\"PropertyValueSpecification\",\"valueRequired\":true,\"valueName\":\"search_term_string\"}}],\"inLanguage\":\"es\"}]}<\/script>\n<!-- \/ Yoast SEO plugin. -->","yoast_head_json":{"title":"L\u00ednea CERTUS 3: manejo sencillo - Certus 3","robots":{"index":"index","follow":"follow","max-snippet":"max-snippet:-1","max-image-preview":"max-image-preview:large","max-video-preview":"max-video-preview:-1"},"canonical":"https:\/\/certustestlane.com\/es\/linea-certus-3-manejo-sencillo\/","og_locale":"es_ES","og_type":"article","og_title":"L\u00ednea CERTUS 3: manejo sencillo - Certus 3","og_description":"El software de la l\u00ednea CERTUS se program\u00f3 como una herramienta inteligente que, entrando en di\u00e1logo con el t\u00e9cnico diagnosticador, permite llevar a cabo las pruebas y presentar el diagn\u00f3stico del veh\u00edculo de manera r\u00e1pida y eficiente. Nuestra interfaz intuitiva gu\u00eda al operario paso por paso tras todo el proceso diagn\u00f3stico del veh\u00edculo. La pantalla [&hellip;]","og_url":"https:\/\/certustestlane.com\/es\/linea-certus-3-manejo-sencillo\/","og_site_name":"Certus 3","og_image":[{"url":"https:\/\/certustestlane.com\/cnt\/upld\/2014\/10\/certus3-tryb-pomiaru-ang-150x150.jpg","type":"","width":"","height":""}],"twitter_card":"summary_large_image","twitter_misc":{"Tiempo de lectura":"2 minutos"},"schema":{"@context":"https:\/\/schema.org","@graph":[{"@type":"WebPage","@id":"https:\/\/certustestlane.com\/es\/linea-certus-3-manejo-sencillo\/","url":"https:\/\/certustestlane.com\/es\/linea-certus-3-manejo-sencillo\/","name":"L\u00ednea CERTUS 3: manejo sencillo - Certus 3","isPartOf":{"@id":"https:\/\/certustestlane.com\/#website"},"primaryImageOfPage":{"@id":"https:\/\/certustestlane.com\/es\/linea-certus-3-manejo-sencillo\/#primaryimage"},"image":{"@id":"https:\/\/certustestlane.com\/es\/linea-certus-3-manejo-sencillo\/#primaryimage"},"thumbnailUrl":"http:\/\/www.wsop.pl\/cnt\/upld\/2014\/10\/certus3-DSC_67931-205x101.jpg","datePublished":"2017-10-19T08:50:39+00:00","breadcrumb":{"@id":"https:\/\/certustestlane.com\/es\/linea-certus-3-manejo-sencillo\/#breadcrumb"},"inLanguage":"es","potentialAction":[{"@type":"ReadAction","target":["https:\/\/certustestlane.com\/es\/linea-certus-3-manejo-sencillo\/"]}]},{"@type":"ImageObject","inLanguage":"es","@id":"https:\/\/certustestlane.com\/es\/linea-certus-3-manejo-sencillo\/#primaryimage","url":"http:\/\/www.wsop.pl\/cnt\/upld\/2014\/10\/certus3-DSC_67931-205x101.jpg","contentUrl":"http:\/\/www.wsop.pl\/cnt\/upld\/2014\/10\/certus3-DSC_67931-205x101.jpg"},{"@type":"BreadcrumbList","@id":"https:\/\/certustestlane.com\/es\/linea-certus-3-manejo-sencillo\/#breadcrumb","itemListElement":[{"@type":"ListItem","position":1,"name":"Home","item":"https:\/\/certustestlane.com\/es\/"},{"@type":"ListItem","position":2,"name":"L\u00ednea CERTUS 3: manejo sencillo"}]},{"@type":"WebSite","@id":"https:\/\/certustestlane.com\/#website","url":"https:\/\/certustestlane.com\/","name":"Certus 3","description":"vehicle test lanes","potentialAction":[{"@type":"SearchAction","target":{"@type":"EntryPoint","urlTemplate":"https:\/\/certustestlane.com\/?s={search_term_string}"},"query-input":{"@type":"PropertyValueSpecification","valueRequired":true,"valueName":"search_term_string"}}],"inLanguage":"es"}]}},"_links":{"self":[{"href":"https:\/\/certustestlane.com\/es\/wp-json\/wp\/v2\/pages\/6462","targetHints":{"allow":["GET"]}}],"collection":[{"href":"https:\/\/certustestlane.com\/es\/wp-json\/wp\/v2\/pages"}],"about":[{"href":"https:\/\/certustestlane.com\/es\/wp-json\/wp\/v2\/types\/page"}],"author":[{"embeddable":true,"href":"https:\/\/certustestlane.com\/es\/wp-json\/wp\/v2\/users\/1"}],"replies":[{"embeddable":true,"href":"https:\/\/certustestlane.com\/es\/wp-json\/wp\/v2\/comments?post=6462"}],"version-history":[{"count":0,"href":"https:\/\/certustestlane.com\/es\/wp-json\/wp\/v2\/pages\/6462\/revisions"}],"wp:attachment":[{"href":"https:\/\/certustestlane.com\/es\/wp-json\/wp\/v2\/media?parent=6462"}],"curies":[{"name":"wp","href":"https:\/\/api.w.org\/{rel}","templated":true}]}}