{"id":6466,"date":"2017-10-19T08:53:43","date_gmt":"2017-10-19T08:53:43","guid":{"rendered":"http:\/\/certustestlane.com\/?page_id=6466"},"modified":"2017-10-19T08:53:43","modified_gmt":"2017-10-19T08:53:43","slug":"linea-certus-3-opciones-adicionales","status":"publish","type":"page","link":"https:\/\/certustestlane.com\/es\/linea-certus-3-opciones-adicionales\/","title":{"rendered":"L\u00ednea CERTUS 3: opciones adicionales"},"content":{"rendered":"<p><strong>Al elegir la l\u00ednea CERTUS\u00a03 para su taller, el inversor puede aprovechar una serie de ventajas que van a garantizar la eficiencia de su trabajo, reducir sus costes y permitir desarrollo en el futuro. La l\u00ednea CERTUS\u00a03 es una herramienta moderna perfecta para un control de veh\u00edculos r\u00e1pido y fiable en un taller de ITV. Las l\u00edneas CERTUS les permiten a los talleres autorizados realizar pruebas de diagn\u00f3stico profundizadas, adaptar el software, a\u00f1adir una serie de opciones adicionales y modificar los colores de los equipos para responder a los requisitos de las marcas individuales.<\/strong><\/p>\n<div class=\"grid-x grid-padding-x small-up-2 medium-up-3 large-up-4 gallery\">\n<div class=\"cell\">\n<a class=\"cbox\" href=\"https:\/\/certustestlane.com\/cnt\/upld\/2014\/10\/DSC_5925-cmyk.jpg\"><img loading=\"lazy\" decoding=\"async\" src=\"https:\/\/certustestlane.com\/cnt\/upld\/2014\/10\/DSC_5925-cmyk-150x150.jpg\" width=\"150\" height=\"150\" alt=\"\" \/><\/a>\n<\/div>\n<div class=\"cell\">\n<a class=\"cbox\" href=\"https:\/\/certustestlane.com\/cnt\/upld\/2014\/10\/DSC_2224.jpg\"><img loading=\"lazy\" decoding=\"async\" src=\"https:\/\/certustestlane.com\/cnt\/upld\/2014\/10\/DSC_2224-150x150.jpg\" width=\"150\" height=\"150\" alt=\"\" \/><\/a>\n<\/div>\n<div class=\"cell\">\n<a class=\"cbox\" href=\"https:\/\/certustestlane.com\/cnt\/upld\/2014\/10\/DSC_00551.jpg\"><img loading=\"lazy\" decoding=\"async\" src=\"https:\/\/certustestlane.com\/cnt\/upld\/2014\/10\/DSC_00551-150x150.jpg\" width=\"150\" height=\"150\" alt=\"\" \/><\/a>\n<\/div>\n<\/div>\n\n<h2><img loading=\"lazy\" decoding=\"async\" class=\"alignleft size-full wp-image-4645\" style=\"margin-bottom: 7em;\" src=\"http:\/\/www.wsop.pl\/cnt\/upld\/2014\/10\/i-4x4.jpg\" alt=\"i-4x4\" width=\"102\" height=\"102\" \/>Pruebas 4&#215;4<\/h2>\n<p><a class=\"cbox\" href=\"http:\/\/www.wsop.pl\/cnt\/upld\/2014\/10\/certus3-hamulce-zegary-przegladanie-ang.jpg\"><img loading=\"lazy\" decoding=\"async\" class=\"alignright size-thumbnail wp-image-4653\" src=\"http:\/\/www.wsop.pl\/cnt\/upld\/2014\/10\/certus3-hamulce-zegary-przegladanie-ang-205x115.jpg\" alt=\"certus3-hamulce-zegary-przegladanie-ang\" width=\"205\" height=\"115\" \/><\/a>La opci\u00f3n de pruebas 4&#215;4 permite medir las fuerzas de frenado de manera adecuada en la mayor\u00eda de veh\u00edculos de este tipo fabricados hoy en d\u00eda (incluyendo camiones). Las pruebas 4&#215;4 realizadas con el programa de CERTUS permiten prescindir de la necesidad de usar rodillos locos o deceler\u00f3metros. Esta funci\u00f3n permite medir la fuerza de frenado para cada rueda por separado, para una evaluaci\u00f3n m\u00e1s precisa de la condici\u00f3n t\u00e9cnica del veh\u00edculo.<\/p>\n<h2><img loading=\"lazy\" decoding=\"async\" class=\"alignleft size-full wp-image-4648\" style=\"margin-bottom: 9em;\" src=\"http:\/\/www.wsop.pl\/cnt\/upld\/2014\/10\/i-kartka.jpg\" alt=\"i-kartka\" width=\"102\" height=\"102\" \/>Presentaci\u00f3n de resultados detallada<\/h2>\n<p><a class=\"cbox\" href=\"http:\/\/www.wsop.pl\/cnt\/upld\/2014\/10\/certus3-przegladanie-wynikow-charakterystyka-hamulca-ang.jpg\"><img loading=\"lazy\" decoding=\"async\" class=\"alignright size-thumbnail wp-image-4654\" src=\"http:\/\/www.wsop.pl\/cnt\/upld\/2014\/10\/certus3-przegladanie-wynikow-charakterystyka-hamulca-ang-205x115.jpg\" alt=\"certus3-przegladanie-wynikow-charakterystyka-hamulca-ang\" width=\"205\" height=\"115\" \/><\/a>CERTUS presenta los resultados de cada una de las pruebas realizadas tanto de manera b\u00e1sica como ampliada. Esta funci\u00f3n es sumamente \u00fatil para talleres autorizados, ya que permite examinar el estado t\u00e9cnico del veh\u00edculo muy a fondo. El usuario tiene a su disposici\u00f3n informes extensos de cada uno de los equipos incluidos en la l\u00ednea, junto con diagramas gr\u00e1ficos detallados. Son esquemas del control de: frenos, suspensi\u00f3n y geometr\u00eda de ruedas. Impresi\u00f3n del informe profundizado\u2013en el caso del control de frenos\u2013contiene, entre otras cosas: resistencia a la rodadura, variaciones en la fuerza de frenado, peso\/carga est\u00e1tica y din\u00e1mica, BFC de c\u00e1lculo respecto al peso est\u00e1tico\/din\u00e1mico y muchos m\u00e1s.<\/p>\n<h2><img loading=\"lazy\" decoding=\"async\" class=\"alignleft size-full wp-image-4649\" style=\"margin-bottom: 2em;\" src=\"http:\/\/www.wsop.pl\/cnt\/upld\/2014\/10\/i-krzyzyk.jpg\" alt=\"i-krzyzyk\" width=\"102\" height=\"102\" \/>Salida de rodillos asistida<\/h2>\n<p>Muchos usuarios tienen problemas al sacar los ejes de propulsi\u00f3n de algunos veh\u00edculos (por ej. las unidades tractoras) del banco de rodillos despu\u00e9s de terminar la prueba. En CERTUS\u00a03 hemos resuelto este problema mediante un mecanismo especial para asistir con la salida mediante el uso de variadores de frecuencia. En cambio, en la l\u00ednea de turismos esta opci\u00f3n consiste en poner en marcha la propulsi\u00f3n de los rodillos de manera autom\u00e1tica, lo que resulta \u00fatil sobre todo en pruebas de veh\u00edculos con caja de cambios autom\u00e1tica y furgonetas.<\/p>\n<h2><img loading=\"lazy\" decoding=\"async\" class=\"alignleft size-full wp-image-4651\" style=\"margin-bottom: 7em;\" src=\"http:\/\/www.wsop.pl\/cnt\/upld\/2014\/10\/i-waga.jpg\" alt=\"i-waga\" width=\"102\" height=\"102\" \/>B\u00e1scula<\/h2>\n<p><a class=\"cbox\" href=\"http:\/\/www.wsop.pl\/cnt\/upld\/2014\/10\/certus3_waga-cmy1k.jpg\"><img loading=\"lazy\" decoding=\"async\" class=\"alignright size-thumbnail wp-image-4655\" src=\"http:\/\/www.wsop.pl\/cnt\/upld\/2014\/10\/certus3_waga-cmy1k-205x115.jpg\" alt=\"certus3_waga-cmy1k\" width=\"205\" height=\"115\" \/><\/a>La funci\u00f3n de b\u00e1scula permite una evaluaci\u00f3n precisa del estado t\u00e9cnico del veh\u00edculo, ya que el peso medido se usa en el c\u00e1lculo de BFC. Por lo tanto, los resultados obtenidos son muy precisos. Adem\u00e1s, la medici\u00f3n de peso por eje es \u00fatil en centros de transporte y otros sitios donde a menudo se pesan conjuntos de veh\u00edculos para comprobar si no se excede el l\u00edmite de carga por eje.<\/p>\n<h2><img loading=\"lazy\" decoding=\"async\" class=\"alignleft size-full wp-image-4646\" style=\"margin-bottom: 3em;\" src=\"http:\/\/www.wsop.pl\/cnt\/upld\/2014\/10\/i-ampli.jpg\" alt=\"i-ampli\" width=\"102\" height=\"102\" \/>Asistencia en encontrar la causa de ruidos molestos<\/h2>\n<p>El banco de suspensiones puede servir como una herramienta c\u00f3moda para diagnosticar golpeteos en elementos de suspensi\u00f3n y carrocer\u00eda. Con la ayuda del mando a distancia se puede poner en marcha la propulsi\u00f3n del equipo para un momento, provocando vibraciones de ruedas de frecuencia y amplitud parecidas a las condiciones en carretera. De esta manera se pueden encontrar las causas de golpeteos o chirridos dif\u00edciles de diagnosticar, originados en la suspensi\u00f3n o carrocer\u00eda cuando el veh\u00edculo est\u00e1 en marcha. En la opci\u00f3n m\u00e1s avanzada, la frecuencia se puede cambiar cada 2\u00a0Hz.<\/p>\n<h2><img loading=\"lazy\" decoding=\"async\" class=\"alignleft size-full wp-image-4647\" src=\"http:\/\/www.wsop.pl\/cnt\/upld\/2014\/10\/i-archi.jpg\" alt=\"i-archi\" width=\"102\" height=\"102\" \/>Archivo e impresi\u00f3n de resultados<\/h2>\n<p>CERTUS permite archivar los resultados de pruebas de manera completa. Adem\u00e1s, permite introducir, mediante el teclado, resultados de pruebas realizadas en aparatos externos sin conexi\u00f3n con la l\u00ednea de inspecci\u00f3n (como por ej. opac\u00edmetro, analizador de gases, medidor de profundidad de la banda de rodamiento, etc.), archivarlos e imprimir todo el conjunto de datos.<\/p>\n<h2><img loading=\"lazy\" decoding=\"async\" class=\"alignleft size-full wp-image-4650\" style=\"margin-bottom: 7em;\" src=\"http:\/\/www.wsop.pl\/cnt\/upld\/2014\/10\/i-new.jpg\" alt=\"i-new\" width=\"102\" height=\"102\" \/>Estamos abiertos a nuevos retos t\u00e9cnicos<\/h2>\n<p>Gracias a la estructura moderna del software de la l\u00ednea CERTUS\u00a03, es posible introducir cambios r\u00e1pidamente para ajustar el equipo a las necesidades particulares del usuario. Adicionalmente, gracias a esta soluci\u00f3n no van a incurrir costes altos en el caso de tener que adaptar los equipos a nuevas regulaciones legales. CERTUS se adapta r\u00e1pidamente a nuevas necesidades, mientras que las actualizaciones regulares del software permiten a los usuarios una adaptaci\u00f3n f\u00e1cil de equipos m\u00e1s antiguos a versiones nuevas.<\/p>\n","protected":false},"excerpt":{"rendered":"<p>Al elegir la l\u00ednea CERTUS\u00a03 para su taller, el inversor puede aprovechar una serie de ventajas que van a garantizar la eficiencia de su trabajo, reducir sus costes y permitir desarrollo en el futuro. La l\u00ednea CERTUS\u00a03 es una herramienta moderna perfecta para un control de veh\u00edculos r\u00e1pido y fiable en un taller de ITV. [&hellip;]<\/p>\n","protected":false},"author":1,"featured_media":0,"parent":0,"menu_order":4,"comment_status":"closed","ping_status":"closed","template":"","meta":{"footnotes":""},"class_list":["post-6466","page","type-page","status-publish","hentry"],"yoast_head":"<!-- This site is optimized with the Yoast SEO plugin v26.9 - https:\/\/yoast.com\/product\/yoast-seo-wordpress\/ -->\n<title>L\u00ednea CERTUS 3: opciones adicionales - Certus 3<\/title>\n<meta name=\"robots\" content=\"index, follow, max-snippet:-1, max-image-preview:large, max-video-preview:-1\" \/>\n<link rel=\"canonical\" href=\"https:\/\/certustestlane.com\/es\/linea-certus-3-opciones-adicionales\/\" \/>\n<meta property=\"og:locale\" content=\"es_ES\" \/>\n<meta property=\"og:type\" content=\"article\" \/>\n<meta property=\"og:title\" content=\"L\u00ednea CERTUS 3: opciones adicionales - Certus 3\" \/>\n<meta property=\"og:description\" content=\"Al elegir la l\u00ednea CERTUS\u00a03 para su taller, el inversor puede aprovechar una serie de ventajas que van a garantizar la eficiencia de su trabajo, reducir sus costes y permitir desarrollo en el futuro. La l\u00ednea CERTUS\u00a03 es una herramienta moderna perfecta para un control de veh\u00edculos r\u00e1pido y fiable en un taller de ITV. [&hellip;]\" \/>\n<meta property=\"og:url\" content=\"https:\/\/certustestlane.com\/es\/linea-certus-3-opciones-adicionales\/\" \/>\n<meta property=\"og:site_name\" content=\"Certus 3\" \/>\n<meta property=\"og:image\" content=\"https:\/\/certustestlane.com\/cnt\/upld\/2014\/10\/DSC_5925-cmyk-150x150.jpg\" \/>\n<meta name=\"twitter:card\" content=\"summary_large_image\" \/>\n<meta name=\"twitter:label1\" content=\"Tiempo de lectura\" \/>\n\t<meta name=\"twitter:data1\" content=\"4 minutos\" \/>\n<script type=\"application\/ld+json\" class=\"yoast-schema-graph\">{\"@context\":\"https:\/\/schema.org\",\"@graph\":[{\"@type\":\"WebPage\",\"@id\":\"https:\/\/certustestlane.com\/es\/linea-certus-3-opciones-adicionales\/\",\"url\":\"https:\/\/certustestlane.com\/es\/linea-certus-3-opciones-adicionales\/\",\"name\":\"L\u00ednea CERTUS 3: opciones adicionales - Certus 3\",\"isPartOf\":{\"@id\":\"https:\/\/certustestlane.com\/#website\"},\"primaryImageOfPage\":{\"@id\":\"https:\/\/certustestlane.com\/es\/linea-certus-3-opciones-adicionales\/#primaryimage\"},\"image\":{\"@id\":\"https:\/\/certustestlane.com\/es\/linea-certus-3-opciones-adicionales\/#primaryimage\"},\"thumbnailUrl\":\"http:\/\/www.wsop.pl\/cnt\/upld\/2014\/10\/i-4x4.jpg\",\"datePublished\":\"2017-10-19T08:53:43+00:00\",\"breadcrumb\":{\"@id\":\"https:\/\/certustestlane.com\/es\/linea-certus-3-opciones-adicionales\/#breadcrumb\"},\"inLanguage\":\"es\",\"potentialAction\":[{\"@type\":\"ReadAction\",\"target\":[\"https:\/\/certustestlane.com\/es\/linea-certus-3-opciones-adicionales\/\"]}]},{\"@type\":\"ImageObject\",\"inLanguage\":\"es\",\"@id\":\"https:\/\/certustestlane.com\/es\/linea-certus-3-opciones-adicionales\/#primaryimage\",\"url\":\"http:\/\/www.wsop.pl\/cnt\/upld\/2014\/10\/i-4x4.jpg\",\"contentUrl\":\"http:\/\/www.wsop.pl\/cnt\/upld\/2014\/10\/i-4x4.jpg\"},{\"@type\":\"BreadcrumbList\",\"@id\":\"https:\/\/certustestlane.com\/es\/linea-certus-3-opciones-adicionales\/#breadcrumb\",\"itemListElement\":[{\"@type\":\"ListItem\",\"position\":1,\"name\":\"Home\",\"item\":\"https:\/\/certustestlane.com\/es\/\"},{\"@type\":\"ListItem\",\"position\":2,\"name\":\"L\u00ednea CERTUS 3: opciones adicionales\"}]},{\"@type\":\"WebSite\",\"@id\":\"https:\/\/certustestlane.com\/#website\",\"url\":\"https:\/\/certustestlane.com\/\",\"name\":\"Certus 3\",\"description\":\"vehicle test lanes\",\"potentialAction\":[{\"@type\":\"SearchAction\",\"target\":{\"@type\":\"EntryPoint\",\"urlTemplate\":\"https:\/\/certustestlane.com\/?s={search_term_string}\"},\"query-input\":{\"@type\":\"PropertyValueSpecification\",\"valueRequired\":true,\"valueName\":\"search_term_string\"}}],\"inLanguage\":\"es\"}]}<\/script>\n<!-- \/ Yoast SEO plugin. -->","yoast_head_json":{"title":"L\u00ednea CERTUS 3: opciones adicionales - Certus 3","robots":{"index":"index","follow":"follow","max-snippet":"max-snippet:-1","max-image-preview":"max-image-preview:large","max-video-preview":"max-video-preview:-1"},"canonical":"https:\/\/certustestlane.com\/es\/linea-certus-3-opciones-adicionales\/","og_locale":"es_ES","og_type":"article","og_title":"L\u00ednea CERTUS 3: opciones adicionales - Certus 3","og_description":"Al elegir la l\u00ednea CERTUS\u00a03 para su taller, el inversor puede aprovechar una serie de ventajas que van a garantizar la eficiencia de su trabajo, reducir sus costes y permitir desarrollo en el futuro. La l\u00ednea CERTUS\u00a03 es una herramienta moderna perfecta para un control de veh\u00edculos r\u00e1pido y fiable en un taller de ITV. [&hellip;]","og_url":"https:\/\/certustestlane.com\/es\/linea-certus-3-opciones-adicionales\/","og_site_name":"Certus 3","og_image":[{"url":"https:\/\/certustestlane.com\/cnt\/upld\/2014\/10\/DSC_5925-cmyk-150x150.jpg","type":"","width":"","height":""}],"twitter_card":"summary_large_image","twitter_misc":{"Tiempo de lectura":"4 minutos"},"schema":{"@context":"https:\/\/schema.org","@graph":[{"@type":"WebPage","@id":"https:\/\/certustestlane.com\/es\/linea-certus-3-opciones-adicionales\/","url":"https:\/\/certustestlane.com\/es\/linea-certus-3-opciones-adicionales\/","name":"L\u00ednea CERTUS 3: opciones adicionales - Certus 3","isPartOf":{"@id":"https:\/\/certustestlane.com\/#website"},"primaryImageOfPage":{"@id":"https:\/\/certustestlane.com\/es\/linea-certus-3-opciones-adicionales\/#primaryimage"},"image":{"@id":"https:\/\/certustestlane.com\/es\/linea-certus-3-opciones-adicionales\/#primaryimage"},"thumbnailUrl":"http:\/\/www.wsop.pl\/cnt\/upld\/2014\/10\/i-4x4.jpg","datePublished":"2017-10-19T08:53:43+00:00","breadcrumb":{"@id":"https:\/\/certustestlane.com\/es\/linea-certus-3-opciones-adicionales\/#breadcrumb"},"inLanguage":"es","potentialAction":[{"@type":"ReadAction","target":["https:\/\/certustestlane.com\/es\/linea-certus-3-opciones-adicionales\/"]}]},{"@type":"ImageObject","inLanguage":"es","@id":"https:\/\/certustestlane.com\/es\/linea-certus-3-opciones-adicionales\/#primaryimage","url":"http:\/\/www.wsop.pl\/cnt\/upld\/2014\/10\/i-4x4.jpg","contentUrl":"http:\/\/www.wsop.pl\/cnt\/upld\/2014\/10\/i-4x4.jpg"},{"@type":"BreadcrumbList","@id":"https:\/\/certustestlane.com\/es\/linea-certus-3-opciones-adicionales\/#breadcrumb","itemListElement":[{"@type":"ListItem","position":1,"name":"Home","item":"https:\/\/certustestlane.com\/es\/"},{"@type":"ListItem","position":2,"name":"L\u00ednea CERTUS 3: opciones adicionales"}]},{"@type":"WebSite","@id":"https:\/\/certustestlane.com\/#website","url":"https:\/\/certustestlane.com\/","name":"Certus 3","description":"vehicle test lanes","potentialAction":[{"@type":"SearchAction","target":{"@type":"EntryPoint","urlTemplate":"https:\/\/certustestlane.com\/?s={search_term_string}"},"query-input":{"@type":"PropertyValueSpecification","valueRequired":true,"valueName":"search_term_string"}}],"inLanguage":"es"}]}},"_links":{"self":[{"href":"https:\/\/certustestlane.com\/es\/wp-json\/wp\/v2\/pages\/6466","targetHints":{"allow":["GET"]}}],"collection":[{"href":"https:\/\/certustestlane.com\/es\/wp-json\/wp\/v2\/pages"}],"about":[{"href":"https:\/\/certustestlane.com\/es\/wp-json\/wp\/v2\/types\/page"}],"author":[{"embeddable":true,"href":"https:\/\/certustestlane.com\/es\/wp-json\/wp\/v2\/users\/1"}],"replies":[{"embeddable":true,"href":"https:\/\/certustestlane.com\/es\/wp-json\/wp\/v2\/comments?post=6466"}],"version-history":[{"count":0,"href":"https:\/\/certustestlane.com\/es\/wp-json\/wp\/v2\/pages\/6466\/revisions"}],"wp:attachment":[{"href":"https:\/\/certustestlane.com\/es\/wp-json\/wp\/v2\/media?parent=6466"}],"curies":[{"name":"wp","href":"https:\/\/api.w.org\/{rel}","templated":true}]}}