{"id":6470,"date":"2017-10-19T08:55:56","date_gmt":"2017-10-19T08:55:56","guid":{"rendered":"http:\/\/certustestlane.com\/?page_id=6470"},"modified":"2017-10-19T08:55:56","modified_gmt":"2017-10-19T08:55:56","slug":"certus-3-durabilidad-y-calidad-de-soluciones-mecanicas","status":"publish","type":"page","link":"https:\/\/certustestlane.com\/es\/certus-3-durabilidad-y-calidad-de-soluciones-mecanicas\/","title":{"rendered":"CERTUS 3: durabilidad y calidad de soluciones mec\u00e1nicas"},"content":{"rendered":"<p><strong>El objetivo principal de los constructores de la l\u00ednea CERTUS\u00a03 era alcanzar una buena durabilidad de los equipos. Para conseguirlo, prestamos mucha atenci\u00f3n tanto a las asunciones iniciales, como a los par\u00e1metros de materiales y la calidad de componentes. La parte mec\u00e1nica fabricada seg\u00fan esta filosof\u00eda complementa los elementos electr\u00f3nicos modernos de manera id\u00f3nea.<\/strong><\/p>\n<h2>Construcci\u00f3n robusta<\/h2>\n<p><a class=\"cbox\" href=\"http:\/\/www.wsop.pl\/cnt\/upld\/2014\/10\/certus3-rolki_hamulcowe-cmyk.jpg\"><img loading=\"lazy\" decoding=\"async\" class=\"alignright size-thumbnail wp-image-4658\" src=\"http:\/\/www.wsop.pl\/cnt\/upld\/2014\/10\/certus3-rolki_hamulcowe-cmyk-205x102.jpg\" alt=\"certus3-rolki_hamulcowe-cmyk\" width=\"205\" height=\"102\" \/><\/a>Los equipos CERTUS y, sobre todo, los rodillos del fren\u00f3metro, tienen una construcci\u00f3n externa reforzada, fabricada de acero de alta calidad. Un sistema anticorrosivo basado en pinturas en polvo de calidad superior protege el metal de las partes mec\u00e1nicas contra la degradaci\u00f3n.<\/p>\n<h2>Componentes de los mejores fabricantes<\/h2>\n<p><a class=\"cbox\" href=\"http:\/\/www.wsop.pl\/cnt\/upld\/2014\/10\/certus3-projekt-rolek-przekladnia2cz.jpg\"><img loading=\"lazy\" decoding=\"async\" class=\"alignleft size-thumbnail wp-image-4660\" src=\"http:\/\/www.wsop.pl\/cnt\/upld\/2014\/10\/certus3-projekt-rolek-przekladnia2cz-205x110.jpg\" alt=\"certus3-projekt-rolek-przekladnia2cz\" width=\"205\" height=\"110\" \/><\/a>Al dise\u00f1ar cada uno de los equipos, escogimos componentes provenientes de los mejores fabricantes europeos. Los elementos m\u00e1s importantes (como el motor y la transmisi\u00f3n) pueden repararse por separado y no tienen que reemplazarse como un conjunto, lo que reduce los costes potenciales del mantenimiento post-garant\u00eda.<\/p>\n<h2>Motor y transmisi\u00f3n &#8211; funcionamiento estable y silencioso<\/h2>\n<p><a class=\"cbox\" href=\"http:\/\/www.wsop.pl\/cnt\/upld\/2014\/10\/certus3-trybiki.jpg\"><img loading=\"lazy\" decoding=\"async\" class=\"alignright size-thumbnail wp-image-4656\" src=\"http:\/\/www.wsop.pl\/cnt\/upld\/2014\/10\/certus3-trybiki-205x137.jpg\" alt=\"certus3-trybiki\" width=\"205\" height=\"137\" \/><\/a>Los engranajes planetarios instalados por defecto en las bancadas de rodillos universales aumentan la resistencia del sistema de transmisi\u00f3n de propulsi\u00f3n. Gracias a un factor de transmisi\u00f3n alto, se pueden medir fuerzas de frenado m\u00e1s grandes que en equipos con transmisi\u00f3n cil\u00edndrica tradicional. Adicionalmente, los motores y vibroaislamiento elegidos con esmero contribuyen al trabajo estable y silencioso del equipo. El motor del fren\u00f3metro de rodillos para turismos puede suministrarse con freno electromagn\u00e9tico que facilita una salida suave para veh\u00edculos 4&#215;4 y furgonetas.<\/p>\n<h2>Boge puede m\u00e1s<\/h2>\n<p><a class=\"cbox\" href=\"http:\/\/www.wsop.pl\/cnt\/upld\/2014\/10\/certus3-tester_amortyzatorowa11-cmyk.jpg\"><img loading=\"lazy\" decoding=\"async\" class=\"alignleft wp-image-4657 size-thumbnail\" src=\"http:\/\/www.wsop.pl\/cnt\/upld\/2014\/10\/certus3-tester_amortyzatorowa11-cmyk-e1413188626925-205x83.jpg\" alt=\"certus3-tester_amortyzatorowa11-cmyk\" width=\"205\" height=\"83\" \/><\/a>El banco de suspensiones CERTUS funciona seg\u00fan el m\u00e9todo BOGE. Ofrece posibilidades de diagn\u00f3stico m\u00e1s amplias que el m\u00e9todo Eusama que eval\u00faa tan s\u00f3lo la adherencia de ruedas al suelo. Adem\u00e1s, el m\u00e9todo BOGE es menos sensitivo al tipo y rigidez de la suspensi\u00f3n, as\u00ed como la presi\u00f3n en los neum\u00e1ticos del veh\u00edculo evaluado.<\/p>\n<h2>Mayor di\u00e1metro del rodillo central<\/h2>\n<p><a class=\"cbox\" href=\"http:\/\/www.wsop.pl\/cnt\/upld\/2014\/10\/certus3-rolka_srodkowa1-cmyk.jpg\"><img loading=\"lazy\" decoding=\"async\" class=\"alignright size-thumbnail wp-image-4659\" src=\"http:\/\/www.wsop.pl\/cnt\/upld\/2014\/10\/certus3-rolka_srodkowa1-cmyk-205x130.jpg\" alt=\"certus3-rolka_srodkowa1-cmyk\" width=\"205\" height=\"130\" \/><\/a>El rodillo central del fren\u00f3metro tiene mayor di\u00e1metro para evitar deslizamientos incontrolables de la rueda evaluada. Gracias a ello, el equipo reacciona m\u00e1s r\u00e1pido al deslizamiento de rueda durante la prueba de fuerza de frenado.<\/p>\n<h2>Recubrimiento de rodillos<\/h2>\n<p><a class=\"cbox\" href=\"http:\/\/www.wsop.pl\/cnt\/upld\/2014\/10\/certus3-roller-coating.jpg\"><img loading=\"lazy\" decoding=\"async\" class=\"alignleft size-thumbnail wp-image-4661\" src=\"http:\/\/www.wsop.pl\/cnt\/upld\/2014\/10\/certus3-roller-coating-205x91.jpg\" alt=\"certus3-roller-coating\" width=\"205\" height=\"91\" \/><\/a>La durabilidad del recubrimiento de los rodillos juega un papel importante para la precisi\u00f3n de las pruebas, y tambi\u00e9n influye en los valores est\u00e9ticos. El material con el cual se recubren los tambores tiene propiedades mec\u00e1nicas excepcionales y alta resistencia al desgaste.<\/p>\n","protected":false},"excerpt":{"rendered":"<p>El objetivo principal de los constructores de la l\u00ednea CERTUS\u00a03 era alcanzar una buena durabilidad de los equipos. Para conseguirlo, prestamos mucha atenci\u00f3n tanto a las asunciones iniciales, como a los par\u00e1metros de materiales y la calidad de componentes. La parte mec\u00e1nica fabricada seg\u00fan esta filosof\u00eda complementa los elementos electr\u00f3nicos modernos de manera id\u00f3nea. Construcci\u00f3n [&hellip;]<\/p>\n","protected":false},"author":1,"featured_media":0,"parent":0,"menu_order":5,"comment_status":"closed","ping_status":"closed","template":"","meta":{"footnotes":""},"class_list":["post-6470","page","type-page","status-publish","hentry"],"yoast_head":"<!-- This site is optimized with the Yoast SEO plugin v26.9 - https:\/\/yoast.com\/product\/yoast-seo-wordpress\/ -->\n<title>CERTUS 3: durabilidad y calidad de soluciones mec\u00e1nicas - Certus 3<\/title>\n<meta name=\"robots\" content=\"index, follow, max-snippet:-1, max-image-preview:large, max-video-preview:-1\" \/>\n<link rel=\"canonical\" href=\"https:\/\/certustestlane.com\/es\/certus-3-durabilidad-y-calidad-de-soluciones-mecanicas\/\" \/>\n<meta property=\"og:locale\" content=\"es_ES\" \/>\n<meta property=\"og:type\" content=\"article\" \/>\n<meta property=\"og:title\" content=\"CERTUS 3: durabilidad y calidad de soluciones mec\u00e1nicas - Certus 3\" \/>\n<meta property=\"og:description\" content=\"El objetivo principal de los constructores de la l\u00ednea CERTUS\u00a03 era alcanzar una buena durabilidad de los equipos. Para conseguirlo, prestamos mucha atenci\u00f3n tanto a las asunciones iniciales, como a los par\u00e1metros de materiales y la calidad de componentes. La parte mec\u00e1nica fabricada seg\u00fan esta filosof\u00eda complementa los elementos electr\u00f3nicos modernos de manera id\u00f3nea. Construcci\u00f3n [&hellip;]\" \/>\n<meta property=\"og:url\" content=\"https:\/\/certustestlane.com\/es\/certus-3-durabilidad-y-calidad-de-soluciones-mecanicas\/\" \/>\n<meta property=\"og:site_name\" content=\"Certus 3\" \/>\n<meta property=\"og:image\" content=\"http:\/\/www.wsop.pl\/cnt\/upld\/2014\/10\/certus3-rolki_hamulcowe-cmyk-205x102.jpg\" \/>\n<meta name=\"twitter:card\" content=\"summary_large_image\" \/>\n<meta name=\"twitter:label1\" content=\"Tiempo de lectura\" \/>\n\t<meta name=\"twitter:data1\" content=\"2 minutos\" \/>\n<script type=\"application\/ld+json\" class=\"yoast-schema-graph\">{\"@context\":\"https:\/\/schema.org\",\"@graph\":[{\"@type\":\"WebPage\",\"@id\":\"https:\/\/certustestlane.com\/es\/certus-3-durabilidad-y-calidad-de-soluciones-mecanicas\/\",\"url\":\"https:\/\/certustestlane.com\/es\/certus-3-durabilidad-y-calidad-de-soluciones-mecanicas\/\",\"name\":\"CERTUS 3: durabilidad y calidad de soluciones mec\u00e1nicas - Certus 3\",\"isPartOf\":{\"@id\":\"https:\/\/certustestlane.com\/#website\"},\"primaryImageOfPage\":{\"@id\":\"https:\/\/certustestlane.com\/es\/certus-3-durabilidad-y-calidad-de-soluciones-mecanicas\/#primaryimage\"},\"image\":{\"@id\":\"https:\/\/certustestlane.com\/es\/certus-3-durabilidad-y-calidad-de-soluciones-mecanicas\/#primaryimage\"},\"thumbnailUrl\":\"http:\/\/www.wsop.pl\/cnt\/upld\/2014\/10\/certus3-rolki_hamulcowe-cmyk-205x102.jpg\",\"datePublished\":\"2017-10-19T08:55:56+00:00\",\"breadcrumb\":{\"@id\":\"https:\/\/certustestlane.com\/es\/certus-3-durabilidad-y-calidad-de-soluciones-mecanicas\/#breadcrumb\"},\"inLanguage\":\"es\",\"potentialAction\":[{\"@type\":\"ReadAction\",\"target\":[\"https:\/\/certustestlane.com\/es\/certus-3-durabilidad-y-calidad-de-soluciones-mecanicas\/\"]}]},{\"@type\":\"ImageObject\",\"inLanguage\":\"es\",\"@id\":\"https:\/\/certustestlane.com\/es\/certus-3-durabilidad-y-calidad-de-soluciones-mecanicas\/#primaryimage\",\"url\":\"http:\/\/www.wsop.pl\/cnt\/upld\/2014\/10\/certus3-rolki_hamulcowe-cmyk-205x102.jpg\",\"contentUrl\":\"http:\/\/www.wsop.pl\/cnt\/upld\/2014\/10\/certus3-rolki_hamulcowe-cmyk-205x102.jpg\"},{\"@type\":\"BreadcrumbList\",\"@id\":\"https:\/\/certustestlane.com\/es\/certus-3-durabilidad-y-calidad-de-soluciones-mecanicas\/#breadcrumb\",\"itemListElement\":[{\"@type\":\"ListItem\",\"position\":1,\"name\":\"Home\",\"item\":\"https:\/\/certustestlane.com\/es\/\"},{\"@type\":\"ListItem\",\"position\":2,\"name\":\"CERTUS 3: durabilidad y calidad de soluciones mec\u00e1nicas\"}]},{\"@type\":\"WebSite\",\"@id\":\"https:\/\/certustestlane.com\/#website\",\"url\":\"https:\/\/certustestlane.com\/\",\"name\":\"Certus 3\",\"description\":\"vehicle test lanes\",\"potentialAction\":[{\"@type\":\"SearchAction\",\"target\":{\"@type\":\"EntryPoint\",\"urlTemplate\":\"https:\/\/certustestlane.com\/?s={search_term_string}\"},\"query-input\":{\"@type\":\"PropertyValueSpecification\",\"valueRequired\":true,\"valueName\":\"search_term_string\"}}],\"inLanguage\":\"es\"}]}<\/script>\n<!-- \/ Yoast SEO plugin. -->","yoast_head_json":{"title":"CERTUS 3: durabilidad y calidad de soluciones mec\u00e1nicas - Certus 3","robots":{"index":"index","follow":"follow","max-snippet":"max-snippet:-1","max-image-preview":"max-image-preview:large","max-video-preview":"max-video-preview:-1"},"canonical":"https:\/\/certustestlane.com\/es\/certus-3-durabilidad-y-calidad-de-soluciones-mecanicas\/","og_locale":"es_ES","og_type":"article","og_title":"CERTUS 3: durabilidad y calidad de soluciones mec\u00e1nicas - Certus 3","og_description":"El objetivo principal de los constructores de la l\u00ednea CERTUS\u00a03 era alcanzar una buena durabilidad de los equipos. Para conseguirlo, prestamos mucha atenci\u00f3n tanto a las asunciones iniciales, como a los par\u00e1metros de materiales y la calidad de componentes. La parte mec\u00e1nica fabricada seg\u00fan esta filosof\u00eda complementa los elementos electr\u00f3nicos modernos de manera id\u00f3nea. Construcci\u00f3n [&hellip;]","og_url":"https:\/\/certustestlane.com\/es\/certus-3-durabilidad-y-calidad-de-soluciones-mecanicas\/","og_site_name":"Certus 3","og_image":[{"url":"http:\/\/www.wsop.pl\/cnt\/upld\/2014\/10\/certus3-rolki_hamulcowe-cmyk-205x102.jpg","type":"","width":"","height":""}],"twitter_card":"summary_large_image","twitter_misc":{"Tiempo de lectura":"2 minutos"},"schema":{"@context":"https:\/\/schema.org","@graph":[{"@type":"WebPage","@id":"https:\/\/certustestlane.com\/es\/certus-3-durabilidad-y-calidad-de-soluciones-mecanicas\/","url":"https:\/\/certustestlane.com\/es\/certus-3-durabilidad-y-calidad-de-soluciones-mecanicas\/","name":"CERTUS 3: durabilidad y calidad de soluciones mec\u00e1nicas - Certus 3","isPartOf":{"@id":"https:\/\/certustestlane.com\/#website"},"primaryImageOfPage":{"@id":"https:\/\/certustestlane.com\/es\/certus-3-durabilidad-y-calidad-de-soluciones-mecanicas\/#primaryimage"},"image":{"@id":"https:\/\/certustestlane.com\/es\/certus-3-durabilidad-y-calidad-de-soluciones-mecanicas\/#primaryimage"},"thumbnailUrl":"http:\/\/www.wsop.pl\/cnt\/upld\/2014\/10\/certus3-rolki_hamulcowe-cmyk-205x102.jpg","datePublished":"2017-10-19T08:55:56+00:00","breadcrumb":{"@id":"https:\/\/certustestlane.com\/es\/certus-3-durabilidad-y-calidad-de-soluciones-mecanicas\/#breadcrumb"},"inLanguage":"es","potentialAction":[{"@type":"ReadAction","target":["https:\/\/certustestlane.com\/es\/certus-3-durabilidad-y-calidad-de-soluciones-mecanicas\/"]}]},{"@type":"ImageObject","inLanguage":"es","@id":"https:\/\/certustestlane.com\/es\/certus-3-durabilidad-y-calidad-de-soluciones-mecanicas\/#primaryimage","url":"http:\/\/www.wsop.pl\/cnt\/upld\/2014\/10\/certus3-rolki_hamulcowe-cmyk-205x102.jpg","contentUrl":"http:\/\/www.wsop.pl\/cnt\/upld\/2014\/10\/certus3-rolki_hamulcowe-cmyk-205x102.jpg"},{"@type":"BreadcrumbList","@id":"https:\/\/certustestlane.com\/es\/certus-3-durabilidad-y-calidad-de-soluciones-mecanicas\/#breadcrumb","itemListElement":[{"@type":"ListItem","position":1,"name":"Home","item":"https:\/\/certustestlane.com\/es\/"},{"@type":"ListItem","position":2,"name":"CERTUS 3: durabilidad y calidad de soluciones mec\u00e1nicas"}]},{"@type":"WebSite","@id":"https:\/\/certustestlane.com\/#website","url":"https:\/\/certustestlane.com\/","name":"Certus 3","description":"vehicle test lanes","potentialAction":[{"@type":"SearchAction","target":{"@type":"EntryPoint","urlTemplate":"https:\/\/certustestlane.com\/?s={search_term_string}"},"query-input":{"@type":"PropertyValueSpecification","valueRequired":true,"valueName":"search_term_string"}}],"inLanguage":"es"}]}},"_links":{"self":[{"href":"https:\/\/certustestlane.com\/es\/wp-json\/wp\/v2\/pages\/6470","targetHints":{"allow":["GET"]}}],"collection":[{"href":"https:\/\/certustestlane.com\/es\/wp-json\/wp\/v2\/pages"}],"about":[{"href":"https:\/\/certustestlane.com\/es\/wp-json\/wp\/v2\/types\/page"}],"author":[{"embeddable":true,"href":"https:\/\/certustestlane.com\/es\/wp-json\/wp\/v2\/users\/1"}],"replies":[{"embeddable":true,"href":"https:\/\/certustestlane.com\/es\/wp-json\/wp\/v2\/comments?post=6470"}],"version-history":[{"count":0,"href":"https:\/\/certustestlane.com\/es\/wp-json\/wp\/v2\/pages\/6470\/revisions"}],"wp:attachment":[{"href":"https:\/\/certustestlane.com\/es\/wp-json\/wp\/v2\/media?parent=6470"}],"curies":[{"name":"wp","href":"https:\/\/api.w.org\/{rel}","templated":true}]}}