{"id":6471,"date":"2017-10-19T09:18:19","date_gmt":"2017-10-19T09:18:19","guid":{"rendered":"http:\/\/certustestlane.com\/?page_id=6471"},"modified":"2017-10-19T09:18:19","modified_gmt":"2017-10-19T09:18:19","slug":"linea-certus-3-parametros-tecnicos","status":"publish","type":"page","link":"https:\/\/certustestlane.com\/es\/linea-certus-3-parametros-tecnicos\/","title":{"rendered":"L\u00ednea CERTUS\u00a03: par\u00e1metros t\u00e9cnicos"},"content":{"rendered":"<h2>Pantalla de control CERTUS Design<\/h2>\n<a class=\"cbox\" href=\"http:\/\/certustestlane.com\/cnt\/upld\/2014\/10\/certus3-design-control-unit.jpg\"><img loading=\"lazy\" decoding=\"async\" class=\"alignright size-medium wp-image-6167\" src=\"http:\/\/certustestlane.com\/cnt\/upld\/2014\/10\/certus3-design-control-unit-168x300.jpg\" alt=\"certus3-design-control-unit\" width=\"168\" height=\"300\" srcset=\"https:\/\/certustestlane.com\/cnt\/upld\/2014\/10\/certus3-design-control-unit-168x300.jpg 168w, https:\/\/certustestlane.com\/cnt\/upld\/2014\/10\/certus3-design-control-unit-574x1024.jpg 574w, https:\/\/certustestlane.com\/cnt\/upld\/2014\/10\/certus3-design-control-unit.jpg 718w\" sizes=\"auto, (max-width: 168px) 100vw, 168px\" \/><\/a>\n<table class=\"certus\" style=\"width: 90%;\">\n<tbody>\n<tr>\n<th>Pantalla de control CERTUS Design<\/th>\n<td>M\u00f3vil, de acero, esmalte en polvo<\/td>\n<\/tr>\n<tr>\n<th>Control de motores<\/th>\n<td>Electr\u00f3nica, 2 variadores de frecuencia (en la l\u00ednea universal)<\/td>\n<\/tr>\n<tr>\n<th>Procesamiento de resultados<\/th>\n<td>Unidad de computadora PC, preparaci\u00f3n para la transmisi\u00f3n de datos a una red externa<\/td>\n<\/tr>\n<tr>\n<th>Pantalla principal \/ pantallas secundarias<\/th>\n<td>24 pulgadas \/ 35-100 pulgadas Full HD<\/td>\n<\/tr>\n<tr>\n<th>Resoluci\u00f3n de la pantalla<\/th>\n<td>Full HD<\/td>\n<\/tr>\n<tr>\n<th>Conexi\u00f3n de red con las partes en el suelo<\/th>\n<td>Red CAN<\/td>\n<\/tr>\n<tr>\n<th>Conexi\u00f3n inal\u00e1mbrica<\/th>\n<td>Mando a distancia, sensor de carga, sensor de presi\u00f3n (l\u00ednea universal) u otra adaptaci\u00f3n del equipo<\/td>\n<\/tr>\n<\/tbody>\n<\/table>\n<h2>Par\u00e1metros t\u00e9cnicos de l\u00ednea de inspecci\u00f3n para veh\u00edculos hasta 3,5\u00a0t MMA y motos<\/h2>\n<h3><a class=\"cbox\" href=\"http:\/\/www.wsop.pl\/cnt\/upld\/2014\/10\/certus3-roller-brake.jpg\"><img loading=\"lazy\" decoding=\"async\" class=\"alignright size-thumbnail wp-image-4666\" src=\"http:\/\/www.wsop.pl\/cnt\/upld\/2014\/10\/certus3-roller-brake-205x137.jpg\" alt=\"certus3-roller-brake\" width=\"205\" height=\"137\" \/><\/a>Banco de rodillos CERTUS\u00a03 CRB 3,5<\/h3>\n<div class=\"tg-wrap\">\n<table class=\"certus\">\n<tbody>\n<tr>\n<th>Bancada de rodillos autoportante (para la versi\u00f3n monobloque)<\/th>\n<td>esmalte en polvo<\/td>\n<td>&#8211;<\/td>\n<\/tr>\n<tr>\n<th>Carga por eje &#8211; de paso<\/th>\n<td>m\u00e1x. 4<\/td>\n<td>T<\/td>\n<\/tr>\n<tr>\n<th>V\u00eda admisible min. \/m\u00e1x.<\/th>\n<td>800 \/ 2.200<\/td>\n<td>mm<\/td>\n<\/tr>\n<tr>\n<th>Di\u00e1metro de rodillos<\/th>\n<td>205<\/td>\n<td>mm<\/td>\n<\/tr>\n<tr>\n<th>Rodillos de acero con recubrimiento<\/th>\n<td>adherencia en seco\/h\u00famedo<\/td>\n<td>0,9 \/0,8<\/td>\n<\/tr>\n<tr>\n<th>Di\u00e1metro de rodillo central<\/th>\n<td>50<\/td>\n<td>mm<\/td>\n<\/tr>\n<tr>\n<th>Distancia entre ejes de rodillos<\/th>\n<td>410<\/td>\n<td>mm<\/td>\n<\/tr>\n<tr>\n<th>Velocidad de prueba \/ potencia de motores<\/th>\n<td>5 km\/h<\/td>\n<td>2 x 3 kW<\/td>\n<\/tr>\n<tr>\n<th>Presentaci\u00f3n de fuerza de frenado<\/th>\n<td>0 &#8211; 6<\/td>\n<td>kN<\/td>\n<\/tr>\n<tr>\n<th>Voltaje de alimentaci\u00f3n<\/th>\n<td>3 x 400 V<\/td>\n<td>50 Hz<\/td>\n<\/tr>\n<tr>\n<th>Conexi\u00f3n \/ protecci\u00f3n el\u00e9ctrica inerte<\/th>\n<td>5 x 2,5 mm\u00b2<\/td>\n<td>32 A<\/td>\n<\/tr>\n<tr>\n<th>Dimensiones de la bancada de rodillos (monobloque)<\/th>\n<td>(anch. x long. x alt.) 2.320 x 680 x 240<\/td>\n<td>mm<\/td>\n<\/tr>\n<tr>\n<th>Peso propio<\/th>\n<td>450<\/td>\n<td>kg<\/td>\n<\/tr>\n<\/tbody>\n<\/table>\n<\/div>\n<h3><a class=\"cbox\" href=\"http:\/\/www.wsop.pl\/cnt\/upld\/2014\/10\/certus3-suspension.jpg\"><img loading=\"lazy\" decoding=\"async\" class=\"alignright size-thumbnail wp-image-4663\" src=\"http:\/\/www.wsop.pl\/cnt\/upld\/2014\/10\/certus3-suspension-205x137.jpg\" alt=\"certus3-suspension\" width=\"205\" height=\"137\" \/><\/a>Banco de suspensiones CERTUS 3 CSA<\/h3>\n<div class=\"tg-wrap\">\n<table class=\"certus\">\n<tr>\n<th>M\u00e9todo de medici\u00f3n<\/th>\n<td>Boge<\/td>\n<td>&#8211;<\/td>\n<\/tr>\n<tr>\n<th>Dimensiones externas anch. x long. x alt.<\/th>\n<td>2.320 x 800 x 280<\/td>\n<td>mm<\/td>\n<\/tr>\n<tr>\n<th>V\u00eda admisible<\/th>\n<td>800 &#8211; 2.200<\/td>\n<td>mm<\/td>\n<\/tr>\n<tr>\n<th>Carga m\u00e1x. por eje &#8211; de paso<\/th>\n<td>4<\/td>\n<td>T<\/td>\n<\/tr>\n<tr>\n<th>Carga m\u00e1x. por eje &#8211; de prueba<\/th>\n<td>2<\/td>\n<td>T<\/td>\n<\/tr>\n<tr>\n<th>Frecuencia de excitaci\u00f3n<\/th>\n<td>16<\/td>\n<td>Hz<\/td>\n<\/tr>\n<tr>\n<th>Amplitud m\u00e1x. de la placa de control<\/th>\n<td>100<\/td>\n<td>mm<\/td>\n<\/tr>\n<tr>\n<th>Potencia motores<\/th>\n<td>2 x 1,3<\/td>\n<td>kW<\/td>\n<\/tr>\n<tr>\n<th>Alimentaci\u00f3n<\/th>\n<td>3 x 400 V<\/td>\n<td>50 Hz<\/td>\n<\/tr>\n<tr>\n<th>Conexi\u00f3n \/ protecci\u00f3n<\/th>\n<td>5 x 2,5 mm\u00b2<\/td>\n<td>20 A<\/td>\n<\/tr>\n<\/table>\n<\/div>\n<h3><a class=\"cbox\" href=\"http:\/\/certustestlane.com\/cnt\/upld\/2014\/10\/certus3-side-slip-tester.jpg\"><img loading=\"lazy\" decoding=\"async\" class=\"alignright wp-image-6339\" src=\"http:\/\/certustestlane.com\/cnt\/upld\/2014\/10\/certus3-side-slip-tester-300x200.jpg\" alt=\"certus3-side-slip-tester\" width=\"200\" height=\"133\" srcset=\"https:\/\/certustestlane.com\/cnt\/upld\/2014\/10\/certus3-side-slip-tester-300x200.jpg 300w, https:\/\/certustestlane.com\/cnt\/upld\/2014\/10\/certus3-side-slip-tester-768x511.jpg 768w, https:\/\/certustestlane.com\/cnt\/upld\/2014\/10\/certus3-side-slip-tester-1024x681.jpg 1024w, https:\/\/certustestlane.com\/cnt\/upld\/2014\/10\/certus3-side-slip-tester.jpg 1200w, https:\/\/certustestlane.com\/cnt\/upld\/2014\/10\/certus3-side-slip-tester-272x182.jpg 272w\" sizes=\"auto, (max-width: 200px) 100vw, 200px\" \/><\/a>Alineador al paso CERTUS 3 CPS 4.0<\/h3>\n<div class=\"tg-wrap\">\n<table class=\"certus\">\n<tr>\n<th>Placa cubierta con esmalte en polvo<\/th>\n<td>Equipo monobloque<\/td>\n<td><\/td>\n<\/tr>\n<tr>\n<th>Sistema de prueba automatizado<\/th>\n<td>potenciom\u00e9trico<\/td>\n<td>DMS<\/td>\n<\/tr>\n<tr>\n<th>Voltaje de alimentaci\u00f3n<\/th>\n<td>DC 12<\/td>\n<td>V<\/td>\n<\/tr>\n<tr>\n<th>Dimensiones placa de prueba CERTUS 3 CPS 4.0<\/th>\n<td>(anch. x long. x alt.) 1000 x 500 x 50<\/td>\n<td>mm<\/td>\n<\/tr>\n<\/table>\n<\/div>\n<h2>Par\u00e1metros t\u00e9cnicos de la l\u00ednea de inspecci\u00f3n universal para veh\u00edculos hasta y m\u00e1s pesados de 3,5 t MMA y motos<\/h2>\n<h3><a class=\"cbox\" href=\"http:\/\/www.wsop.pl\/cnt\/upld\/2014\/10\/certus3-roller-brake-DSC_2185-cmyk1.jpg\"><img loading=\"lazy\" decoding=\"async\" class=\"alignright size-thumbnail wp-image-4667\" src=\"http:\/\/www.wsop.pl\/cnt\/upld\/2014\/10\/certus3-roller-brake-DSC_2185-cmyk1-205x133.jpg\" alt=\"certus3-roller-brake-DSC_2185-cmyk1\" width=\"205\" height=\"133\" \/><\/a>Banco de rodillos para veh\u00edculos con carga m\u00e1x. por eje de 13\u00a0T \u2013 CERTUS 3 CRB 13<\/h3>\n<div class=\"tg-wrap\">\n<table>\n<tr>\n<th>Banco de rodillos dividido, esmalte en polvo<\/th>\n<td>Motores bajo rodillos<\/td>\n<td><\/td>\n<\/tr>\n<tr>\n<th>Dimensiones del banco de rodillos anch. x long. x alt.<\/th>\n<td>1.200 x 1.045 x 554<\/td>\n<td>mm<\/td>\n<\/tr>\n<tr>\n<th>Peso de un conjunto de rodillos individual<\/th>\n<td>ca. 450<\/td>\n<td>kg<\/td>\n<\/tr>\n<tr>\n<th>Longitud tambores rodillos<\/th>\n<td>1.01.2000<\/td>\n<td>mm<\/td>\n<\/tr>\n<tr>\n<th>Di\u00e1metro tambores rodillos<\/th>\n<td>CRB 13: 205<\/td>\n<td>mm<\/td>\n<\/tr>\n<tr>\n<th>Tambores de rodillos<\/th>\n<td>Acero con recubrimiento<\/td>\n<td><\/td>\n<\/tr>\n<tr>\n<th>Adherencia en seco \/ h\u00famedo<\/th>\n<td>0,9 \/0,8<\/td>\n<td><\/td>\n<\/tr>\n<tr>\n<th>Di\u00e1metro de rodillo central<\/th>\n<td>100<\/td>\n<td>mm<\/td>\n<\/tr>\n<tr>\n<th>Distancia entre ejes de rodillos<\/th>\n<td>CRB 13: 420<\/td>\n<td>mm<\/td>\n<\/tr>\n<tr>\n<th>Sistema transmisi\u00f3n propulsi\u00f3n<\/th>\n<td>Engranaje planetario con cadena de transmisi\u00f3n<\/td>\n<td><\/td>\n<\/tr>\n<tr>\n<th>Velocidad de prueba<\/th>\n<td>2,6 y 5,2<\/td>\n<td>km\/h<\/td>\n<\/tr>\n<tr>\n<th>Carga m\u00e1x. por eje &#8211; de paso<\/th>\n<td>13<\/td>\n<td>T<\/td>\n<\/tr>\n<tr>\n<th>Potencia nominal motores rodillos<\/th>\n<td>7,5<\/td>\n<td>kW<\/td>\n<\/tr>\n<tr>\n<th>Voltaje de alimentaci\u00f3n<\/th>\n<td>3 x 400 \/50<\/td>\n<td>V \/ Hz<\/td>\n<\/tr>\n<tr>\n<th>Alimentaci\u00f3n \/ protecci\u00f3n<\/th>\n<td>para motores 7,5 kW: 5 x 6 \/ 50<\/td>\n<td>mm\u00b2 \/ A<\/td>\n<\/tr>\n<tr>\n<th>Sistema de prueba, sensor de fuerza cortante<\/th>\n<td>Amplificador integrado<\/td>\n<td>DMS<\/td>\n<\/tr>\n<\/table>\n<\/div>\n<h3>Banco de suspensiones CERTUS 3 CSA<\/h3>\n<h3><a class=\"cbox\" href=\"http:\/\/www.wsop.pl\/cnt\/upld\/2014\/10\/certus3-tester_amortyzatorowa11-cmyk1.jpg\"><img loading=\"lazy\" decoding=\"async\" class=\"alignright size-thumbnail wp-image-4662\" src=\"http:\/\/www.wsop.pl\/cnt\/upld\/2014\/10\/certus3-tester_amortyzatorowa11-cmyk1-205x137.jpg\" alt=\"certus3-tester_amortyzatorowa11-cmyk\" width=\"205\" height=\"137\" \/><\/a><\/h3>\n<div class=\"tg-wrap\">\n<table class=\"certus\">\n<tr>\n<th>M\u00e9todo de medici\u00f3n<\/th>\n<td>Boge<\/td>\n<td><\/td>\n<\/tr>\n<tr>\n<th>Dimensiones externas anch. x long. x alt.<\/th>\n<td>2.320 x 800 x 280<\/td>\n<td>mm<\/td>\n<\/tr>\n<tr>\n<th>V\u00eda admisible min. &#8211; m\u00e1x.<\/th>\n<td>800 &#8211; 2.200<\/td>\n<td>mm<\/td>\n<\/tr>\n<tr>\n<th>Carga m\u00e1x. por eje &#8211; de paso<\/th>\n<td>13 T<\/td>\n<td>T<\/td>\n<\/tr>\n<tr>\n<th>Carga m\u00e1x. por eje &#8211; de prueba<\/th>\n<td>2<\/td>\n<td>T<\/td>\n<\/tr>\n<tr>\n<th>Frecuencia de excitaci\u00f3n<\/th>\n<td>16<\/td>\n<td>Hz<\/td>\n<\/tr>\n<tr>\n<th>Amplitud m\u00e1x. de la placa de prueba<\/th>\n<td>100<\/td>\n<td>mm<\/td>\n<\/tr>\n<tr>\n<th>Potencia motores<\/th>\n<td>2 x 1,3<\/td>\n<td>kW<\/td>\n<\/tr>\n<tr>\n<th>Alimentaci\u00f3n<\/th>\n<td>3 x 400 V<\/td>\n<td>50 Hz<\/td>\n<\/tr>\n<tr>\n<th>Conexi\u00f3n \/ protecci\u00f3n<\/th>\n<td>5 x 2,5 mm\u00b2<\/td>\n<td>20 A<\/td>\n<\/tr>\n<\/table>\n<\/div>\n<h3>Alineador al paso CERTUS 3 CPS 15<a class=\"cbox\" href=\"http:\/\/certustestlane.com\/cnt\/upld\/2014\/10\/certus3-side-slip-tester.jpg\"><img loading=\"lazy\" decoding=\"async\" class=\"alignright wp-image-6339\" src=\"http:\/\/certustestlane.com\/cnt\/upld\/2014\/10\/certus3-side-slip-tester-300x200.jpg\" alt=\"certus3-side-slip-tester\" width=\"200\" height=\"133\" srcset=\"https:\/\/certustestlane.com\/cnt\/upld\/2014\/10\/certus3-side-slip-tester-300x200.jpg 300w, https:\/\/certustestlane.com\/cnt\/upld\/2014\/10\/certus3-side-slip-tester-768x511.jpg 768w, https:\/\/certustestlane.com\/cnt\/upld\/2014\/10\/certus3-side-slip-tester-1024x681.jpg 1024w, https:\/\/certustestlane.com\/cnt\/upld\/2014\/10\/certus3-side-slip-tester.jpg 1200w, https:\/\/certustestlane.com\/cnt\/upld\/2014\/10\/certus3-side-slip-tester-272x182.jpg 272w\" sizes=\"auto, (max-width: 200px) 100vw, 200px\" \/><\/a><\/h3>\n<div class=\"tg-wrap\">\n<table class=\"certus\">\n<tr>\n<th>Placa de prueba<\/th>\n<td>Monobloque, esmalte en polvo<\/td>\n<td><\/td>\n<\/tr>\n<tr>\n<th>Sistema de prueba automatizado<\/th>\n<td>potenciom\u00e9trico<\/td>\n<td>DMS<\/td>\n<\/tr>\n<tr>\n<th>Voltaje de alimentaci\u00f3n<\/th>\n<td>DC 12<\/td>\n<td>V<\/td>\n<\/tr>\n<tr>\n<th>Dimensiones placa de prueba CERTUS CPS 15<\/th>\n<td>long. 750 x anch. 990 x alt. 50<\/td>\n<td>mm<\/td>\n<\/tr>\n<\/table>\n<\/div>\n","protected":false},"excerpt":{"rendered":"<p>Pantalla de control CERTUS Design Pantalla de control CERTUS Design M\u00f3vil, de acero, esmalte en polvo Control de motores Electr\u00f3nica, 2 variadores de frecuencia (en la l\u00ednea universal) Procesamiento de resultados Unidad de computadora PC, preparaci\u00f3n para la transmisi\u00f3n de datos a una red externa Pantalla principal \/ pantallas secundarias 24 pulgadas \/ 35-100 pulgadas [&hellip;]<\/p>\n","protected":false},"author":1,"featured_media":0,"parent":0,"menu_order":6,"comment_status":"closed","ping_status":"closed","template":"","meta":{"footnotes":""},"class_list":["post-6471","page","type-page","status-publish","hentry"],"yoast_head":"<!-- This site is optimized with the Yoast SEO plugin v26.9 - https:\/\/yoast.com\/product\/yoast-seo-wordpress\/ -->\n<title>L\u00ednea CERTUS\u00a03: par\u00e1metros t\u00e9cnicos - Certus 3<\/title>\n<meta name=\"robots\" content=\"index, follow, max-snippet:-1, max-image-preview:large, max-video-preview:-1\" \/>\n<link rel=\"canonical\" href=\"https:\/\/certustestlane.com\/es\/linea-certus-3-parametros-tecnicos\/\" \/>\n<meta property=\"og:locale\" content=\"es_ES\" \/>\n<meta property=\"og:type\" content=\"article\" \/>\n<meta property=\"og:title\" content=\"L\u00ednea CERTUS\u00a03: par\u00e1metros t\u00e9cnicos - Certus 3\" \/>\n<meta property=\"og:description\" content=\"Pantalla de control CERTUS Design Pantalla de control CERTUS Design M\u00f3vil, de acero, esmalte en polvo Control de motores Electr\u00f3nica, 2 variadores de frecuencia (en la l\u00ednea universal) Procesamiento de resultados Unidad de computadora PC, preparaci\u00f3n para la transmisi\u00f3n de datos a una red externa Pantalla principal \/ pantallas secundarias 24 pulgadas \/ 35-100 pulgadas [&hellip;]\" \/>\n<meta property=\"og:url\" content=\"https:\/\/certustestlane.com\/es\/linea-certus-3-parametros-tecnicos\/\" \/>\n<meta property=\"og:site_name\" content=\"Certus 3\" \/>\n<meta property=\"og:image\" content=\"http:\/\/certustestlane.com\/cnt\/upld\/2014\/10\/certus3-design-control-unit-168x300.jpg\" \/>\n<meta name=\"twitter:card\" content=\"summary_large_image\" \/>\n<meta name=\"twitter:label1\" content=\"Tiempo de lectura\" \/>\n\t<meta name=\"twitter:data1\" content=\"3 minutos\" \/>\n<script type=\"application\/ld+json\" class=\"yoast-schema-graph\">{\"@context\":\"https:\/\/schema.org\",\"@graph\":[{\"@type\":\"WebPage\",\"@id\":\"https:\/\/certustestlane.com\/es\/linea-certus-3-parametros-tecnicos\/\",\"url\":\"https:\/\/certustestlane.com\/es\/linea-certus-3-parametros-tecnicos\/\",\"name\":\"L\u00ednea CERTUS\u00a03: par\u00e1metros t\u00e9cnicos - Certus 3\",\"isPartOf\":{\"@id\":\"https:\/\/certustestlane.com\/#website\"},\"primaryImageOfPage\":{\"@id\":\"https:\/\/certustestlane.com\/es\/linea-certus-3-parametros-tecnicos\/#primaryimage\"},\"image\":{\"@id\":\"https:\/\/certustestlane.com\/es\/linea-certus-3-parametros-tecnicos\/#primaryimage\"},\"thumbnailUrl\":\"http:\/\/certustestlane.com\/cnt\/upld\/2014\/10\/certus3-design-control-unit-168x300.jpg\",\"datePublished\":\"2017-10-19T09:18:19+00:00\",\"breadcrumb\":{\"@id\":\"https:\/\/certustestlane.com\/es\/linea-certus-3-parametros-tecnicos\/#breadcrumb\"},\"inLanguage\":\"es\",\"potentialAction\":[{\"@type\":\"ReadAction\",\"target\":[\"https:\/\/certustestlane.com\/es\/linea-certus-3-parametros-tecnicos\/\"]}]},{\"@type\":\"ImageObject\",\"inLanguage\":\"es\",\"@id\":\"https:\/\/certustestlane.com\/es\/linea-certus-3-parametros-tecnicos\/#primaryimage\",\"url\":\"http:\/\/certustestlane.com\/cnt\/upld\/2014\/10\/certus3-design-control-unit-168x300.jpg\",\"contentUrl\":\"http:\/\/certustestlane.com\/cnt\/upld\/2014\/10\/certus3-design-control-unit-168x300.jpg\"},{\"@type\":\"BreadcrumbList\",\"@id\":\"https:\/\/certustestlane.com\/es\/linea-certus-3-parametros-tecnicos\/#breadcrumb\",\"itemListElement\":[{\"@type\":\"ListItem\",\"position\":1,\"name\":\"Home\",\"item\":\"https:\/\/certustestlane.com\/es\/\"},{\"@type\":\"ListItem\",\"position\":2,\"name\":\"L\u00ednea CERTUS\u00a03: par\u00e1metros t\u00e9cnicos\"}]},{\"@type\":\"WebSite\",\"@id\":\"https:\/\/certustestlane.com\/#website\",\"url\":\"https:\/\/certustestlane.com\/\",\"name\":\"Certus 3\",\"description\":\"vehicle test lanes\",\"potentialAction\":[{\"@type\":\"SearchAction\",\"target\":{\"@type\":\"EntryPoint\",\"urlTemplate\":\"https:\/\/certustestlane.com\/?s={search_term_string}\"},\"query-input\":{\"@type\":\"PropertyValueSpecification\",\"valueRequired\":true,\"valueName\":\"search_term_string\"}}],\"inLanguage\":\"es\"}]}<\/script>\n<!-- \/ Yoast SEO plugin. -->","yoast_head_json":{"title":"L\u00ednea CERTUS\u00a03: par\u00e1metros t\u00e9cnicos - Certus 3","robots":{"index":"index","follow":"follow","max-snippet":"max-snippet:-1","max-image-preview":"max-image-preview:large","max-video-preview":"max-video-preview:-1"},"canonical":"https:\/\/certustestlane.com\/es\/linea-certus-3-parametros-tecnicos\/","og_locale":"es_ES","og_type":"article","og_title":"L\u00ednea CERTUS\u00a03: par\u00e1metros t\u00e9cnicos - Certus 3","og_description":"Pantalla de control CERTUS Design Pantalla de control CERTUS Design M\u00f3vil, de acero, esmalte en polvo Control de motores Electr\u00f3nica, 2 variadores de frecuencia (en la l\u00ednea universal) Procesamiento de resultados Unidad de computadora PC, preparaci\u00f3n para la transmisi\u00f3n de datos a una red externa Pantalla principal \/ pantallas secundarias 24 pulgadas \/ 35-100 pulgadas [&hellip;]","og_url":"https:\/\/certustestlane.com\/es\/linea-certus-3-parametros-tecnicos\/","og_site_name":"Certus 3","og_image":[{"url":"http:\/\/certustestlane.com\/cnt\/upld\/2014\/10\/certus3-design-control-unit-168x300.jpg","type":"","width":"","height":""}],"twitter_card":"summary_large_image","twitter_misc":{"Tiempo de lectura":"3 minutos"},"schema":{"@context":"https:\/\/schema.org","@graph":[{"@type":"WebPage","@id":"https:\/\/certustestlane.com\/es\/linea-certus-3-parametros-tecnicos\/","url":"https:\/\/certustestlane.com\/es\/linea-certus-3-parametros-tecnicos\/","name":"L\u00ednea CERTUS\u00a03: par\u00e1metros t\u00e9cnicos - Certus 3","isPartOf":{"@id":"https:\/\/certustestlane.com\/#website"},"primaryImageOfPage":{"@id":"https:\/\/certustestlane.com\/es\/linea-certus-3-parametros-tecnicos\/#primaryimage"},"image":{"@id":"https:\/\/certustestlane.com\/es\/linea-certus-3-parametros-tecnicos\/#primaryimage"},"thumbnailUrl":"http:\/\/certustestlane.com\/cnt\/upld\/2014\/10\/certus3-design-control-unit-168x300.jpg","datePublished":"2017-10-19T09:18:19+00:00","breadcrumb":{"@id":"https:\/\/certustestlane.com\/es\/linea-certus-3-parametros-tecnicos\/#breadcrumb"},"inLanguage":"es","potentialAction":[{"@type":"ReadAction","target":["https:\/\/certustestlane.com\/es\/linea-certus-3-parametros-tecnicos\/"]}]},{"@type":"ImageObject","inLanguage":"es","@id":"https:\/\/certustestlane.com\/es\/linea-certus-3-parametros-tecnicos\/#primaryimage","url":"http:\/\/certustestlane.com\/cnt\/upld\/2014\/10\/certus3-design-control-unit-168x300.jpg","contentUrl":"http:\/\/certustestlane.com\/cnt\/upld\/2014\/10\/certus3-design-control-unit-168x300.jpg"},{"@type":"BreadcrumbList","@id":"https:\/\/certustestlane.com\/es\/linea-certus-3-parametros-tecnicos\/#breadcrumb","itemListElement":[{"@type":"ListItem","position":1,"name":"Home","item":"https:\/\/certustestlane.com\/es\/"},{"@type":"ListItem","position":2,"name":"L\u00ednea CERTUS\u00a03: par\u00e1metros t\u00e9cnicos"}]},{"@type":"WebSite","@id":"https:\/\/certustestlane.com\/#website","url":"https:\/\/certustestlane.com\/","name":"Certus 3","description":"vehicle test lanes","potentialAction":[{"@type":"SearchAction","target":{"@type":"EntryPoint","urlTemplate":"https:\/\/certustestlane.com\/?s={search_term_string}"},"query-input":{"@type":"PropertyValueSpecification","valueRequired":true,"valueName":"search_term_string"}}],"inLanguage":"es"}]}},"_links":{"self":[{"href":"https:\/\/certustestlane.com\/es\/wp-json\/wp\/v2\/pages\/6471","targetHints":{"allow":["GET"]}}],"collection":[{"href":"https:\/\/certustestlane.com\/es\/wp-json\/wp\/v2\/pages"}],"about":[{"href":"https:\/\/certustestlane.com\/es\/wp-json\/wp\/v2\/types\/page"}],"author":[{"embeddable":true,"href":"https:\/\/certustestlane.com\/es\/wp-json\/wp\/v2\/users\/1"}],"replies":[{"embeddable":true,"href":"https:\/\/certustestlane.com\/es\/wp-json\/wp\/v2\/comments?post=6471"}],"version-history":[{"count":0,"href":"https:\/\/certustestlane.com\/es\/wp-json\/wp\/v2\/pages\/6471\/revisions"}],"wp:attachment":[{"href":"https:\/\/certustestlane.com\/es\/wp-json\/wp\/v2\/media?parent=6471"}],"curies":[{"name":"wp","href":"https:\/\/api.w.org\/{rel}","templated":true}]}}