{"id":6474,"date":"2017-10-19T09:19:26","date_gmt":"2017-10-19T09:19:26","guid":{"rendered":"http:\/\/certustestlane.com\/?page_id=6474"},"modified":"2017-10-19T09:19:26","modified_gmt":"2017-10-19T09:19:26","slug":"trabajando-con-certus","status":"publish","type":"page","link":"https:\/\/certustestlane.com\/es\/trabajando-con-certus\/","title":{"rendered":"Trabajando con CERTUS"},"content":{"rendered":"<p>Junto con CERTUS\u00a03, lanzamos la tercera generaci\u00f3n de estos equipos al mercado.<\/p>\n<p>Gracias a soluciones t\u00e9cnicas modernas continuamente perfeccionadas y al dise\u00f1o atractivo, nuestras l\u00edneas mejoran la competitividad de los talleres en los que se instalan.<\/p>\n<p>CERTUS se desarrolla incesamente y est\u00e1 abierto a cambios. Sus usuarios pueden estar seguros de que, en caso de necesidad, las nuevas soluciones requeridas por los clientes o exigidas por la ley van a suministrarse de manera r\u00e1pida y sin costes excesivos.<\/p>\n<p>Hasta el d\u00eda de hoy, m\u00e1s de 500 clientes han confiado en la marca CERTUS. Esperamos que Usted sea el siguiente.<\/p>\n<p>&nbsp;<\/p>\n<div class=\"grid-x grid-padding-x small-up-2 medium-up-3 large-up-4 gallery\">\n<div class=\"cell\">\n<a class=\"cbox\" href=\"https:\/\/certustestlane.com\/cnt\/upld\/2014\/10\/Panorama14cmyk.jpg\"><img loading=\"lazy\" decoding=\"async\" src=\"https:\/\/certustestlane.com\/cnt\/upld\/2014\/10\/Panorama14cmyk-150x150.jpg\" width=\"150\" height=\"150\" alt=\"\" \/><\/a>\n<\/div>\n<div class=\"cell\">\n<a class=\"cbox\" href=\"https:\/\/certustestlane.com\/cnt\/upld\/2014\/10\/Panorama8cmyk.jpg\"><img loading=\"lazy\" decoding=\"async\" src=\"https:\/\/certustestlane.com\/cnt\/upld\/2014\/10\/Panorama8cmyk-150x150.jpg\" width=\"150\" height=\"150\" alt=\"\" \/><\/a>\n<\/div>\n<div class=\"cell\">\n<a class=\"cbox\" href=\"https:\/\/certustestlane.com\/cnt\/upld\/2014\/10\/Panorama6.jpg\"><img loading=\"lazy\" decoding=\"async\" src=\"https:\/\/certustestlane.com\/cnt\/upld\/2014\/10\/Panorama6-150x150.jpg\" width=\"150\" height=\"150\" alt=\"\" \/><\/a>\n<\/div>\n<div class=\"cell\">\n<a class=\"cbox\" href=\"https:\/\/certustestlane.com\/cnt\/upld\/2014\/10\/Panorama2cmyk.jpg\"><img loading=\"lazy\" decoding=\"async\" src=\"https:\/\/certustestlane.com\/cnt\/upld\/2014\/10\/Panorama2cmyk-150x150.jpg\" width=\"150\" height=\"150\" alt=\"\" \/><\/a>\n<\/div>\n<div class=\"cell\">\n<a class=\"cbox\" href=\"https:\/\/certustestlane.com\/cnt\/upld\/2014\/10\/DSC_0089cmyk.jpg\"><img loading=\"lazy\" decoding=\"async\" src=\"https:\/\/certustestlane.com\/cnt\/upld\/2014\/10\/DSC_0089cmyk-150x150.jpg\" width=\"150\" height=\"150\" alt=\"\" \/><\/a>\n<\/div>\n<div class=\"cell\">\n<a class=\"cbox\" href=\"https:\/\/certustestlane.com\/cnt\/upld\/2014\/10\/DSC_0055.jpg\"><img loading=\"lazy\" decoding=\"async\" src=\"https:\/\/certustestlane.com\/cnt\/upld\/2014\/10\/DSC_0055-150x150.jpg\" width=\"150\" height=\"150\" alt=\"\" \/><\/a>\n<\/div>\n<div class=\"cell\">\n<a class=\"cbox\" href=\"https:\/\/certustestlane.com\/cnt\/upld\/2014\/10\/aksel-plus-wnetrze.jpg\"><img loading=\"lazy\" decoding=\"async\" src=\"https:\/\/certustestlane.com\/cnt\/upld\/2014\/10\/aksel-plus-wnetrze-150x150.jpg\" width=\"150\" height=\"150\" alt=\"\" \/><\/a>\n<\/div>\n<div class=\"cell\">\n<a class=\"cbox\" href=\"https:\/\/certustestlane.com\/cnt\/upld\/2014\/10\/DSC_2363.jpg\"><img loading=\"lazy\" decoding=\"async\" src=\"https:\/\/certustestlane.com\/cnt\/upld\/2014\/10\/DSC_2363-150x150.jpg\" width=\"150\" height=\"150\" alt=\"\" \/><\/a>\n<\/div>\n<div class=\"cell\">\n<a class=\"cbox\" href=\"https:\/\/certustestlane.com\/cnt\/upld\/2014\/10\/DSC_2366.jpg\"><img loading=\"lazy\" decoding=\"async\" src=\"https:\/\/certustestlane.com\/cnt\/upld\/2014\/10\/DSC_2366-150x150.jpg\" width=\"150\" height=\"150\" alt=\"\" \/><\/a>\n<\/div>\n<div class=\"cell\">\n<a class=\"cbox\" href=\"https:\/\/certustestlane.com\/cnt\/upld\/2014\/10\/DSC_8192.jpg\"><img loading=\"lazy\" decoding=\"async\" src=\"https:\/\/certustestlane.com\/cnt\/upld\/2014\/10\/DSC_8192-150x150.jpg\" width=\"150\" height=\"150\" alt=\"\" \/><\/a>\n<\/div>\n<div class=\"cell\">\n<a class=\"cbox\" href=\"https:\/\/certustestlane.com\/cnt\/upld\/2014\/10\/IMG_9170.jpg\"><img loading=\"lazy\" decoding=\"async\" src=\"https:\/\/certustestlane.com\/cnt\/upld\/2014\/10\/IMG_9170-150x150.jpg\" width=\"150\" height=\"150\" alt=\"\" \/><\/a>\n<\/div>\n<div class=\"cell\">\n<a class=\"cbox\" href=\"https:\/\/certustestlane.com\/cnt\/upld\/2014\/10\/IMG_9215.jpg\"><img loading=\"lazy\" decoding=\"async\" src=\"https:\/\/certustestlane.com\/cnt\/upld\/2014\/10\/IMG_9215-150x150.jpg\" width=\"150\" height=\"150\" alt=\"\" \/><\/a>\n<\/div>\n<div class=\"cell\">\n<a class=\"cbox\" href=\"https:\/\/certustestlane.com\/cnt\/upld\/2014\/10\/IMG_9227.jpg\"><img loading=\"lazy\" decoding=\"async\" src=\"https:\/\/certustestlane.com\/cnt\/upld\/2014\/10\/IMG_9227-150x150.jpg\" width=\"150\" height=\"150\" alt=\"\" \/><\/a>\n<\/div>\n<\/div>\n\n","protected":false},"excerpt":{"rendered":"<p>Junto con CERTUS\u00a03, lanzamos la tercera generaci\u00f3n de estos equipos al mercado. Gracias a soluciones t\u00e9cnicas modernas continuamente perfeccionadas y al dise\u00f1o atractivo, nuestras l\u00edneas mejoran la competitividad de los talleres en los que se instalan. CERTUS se desarrolla incesamente y est\u00e1 abierto a cambios. Sus usuarios pueden estar seguros de que, en caso de [&hellip;]<\/p>\n","protected":false},"author":1,"featured_media":0,"parent":0,"menu_order":7,"comment_status":"closed","ping_status":"closed","template":"","meta":{"footnotes":""},"class_list":["post-6474","page","type-page","status-publish","hentry"],"yoast_head":"<!-- This site is optimized with the Yoast SEO plugin v26.9 - https:\/\/yoast.com\/product\/yoast-seo-wordpress\/ -->\n<title>Trabajando con CERTUS - Certus 3<\/title>\n<meta name=\"robots\" content=\"index, follow, max-snippet:-1, max-image-preview:large, max-video-preview:-1\" \/>\n<link rel=\"canonical\" href=\"https:\/\/certustestlane.com\/es\/trabajando-con-certus\/\" \/>\n<meta property=\"og:locale\" content=\"es_ES\" \/>\n<meta property=\"og:type\" content=\"article\" \/>\n<meta property=\"og:title\" content=\"Trabajando con CERTUS - Certus 3\" \/>\n<meta property=\"og:description\" content=\"Junto con CERTUS\u00a03, lanzamos la tercera generaci\u00f3n de estos equipos al mercado. Gracias a soluciones t\u00e9cnicas modernas continuamente perfeccionadas y al dise\u00f1o atractivo, nuestras l\u00edneas mejoran la competitividad de los talleres en los que se instalan. CERTUS se desarrolla incesamente y est\u00e1 abierto a cambios. Sus usuarios pueden estar seguros de que, en caso de [&hellip;]\" \/>\n<meta property=\"og:url\" content=\"https:\/\/certustestlane.com\/es\/trabajando-con-certus\/\" \/>\n<meta property=\"og:site_name\" content=\"Certus 3\" \/>\n<meta property=\"og:image\" content=\"https:\/\/certustestlane.com\/cnt\/upld\/2014\/10\/Panorama14cmyk-150x150.jpg\" \/>\n<meta name=\"twitter:card\" content=\"summary_large_image\" \/>\n<meta name=\"twitter:label1\" content=\"Tiempo de lectura\" \/>\n\t<meta name=\"twitter:data1\" content=\"1 minuto\" \/>\n<script type=\"application\/ld+json\" class=\"yoast-schema-graph\">{\"@context\":\"https:\/\/schema.org\",\"@graph\":[{\"@type\":\"WebPage\",\"@id\":\"https:\/\/certustestlane.com\/es\/trabajando-con-certus\/\",\"url\":\"https:\/\/certustestlane.com\/es\/trabajando-con-certus\/\",\"name\":\"Trabajando con CERTUS - Certus 3\",\"isPartOf\":{\"@id\":\"https:\/\/certustestlane.com\/#website\"},\"datePublished\":\"2017-10-19T09:19:26+00:00\",\"breadcrumb\":{\"@id\":\"https:\/\/certustestlane.com\/es\/trabajando-con-certus\/#breadcrumb\"},\"inLanguage\":\"es\",\"potentialAction\":[{\"@type\":\"ReadAction\",\"target\":[\"https:\/\/certustestlane.com\/es\/trabajando-con-certus\/\"]}]},{\"@type\":\"BreadcrumbList\",\"@id\":\"https:\/\/certustestlane.com\/es\/trabajando-con-certus\/#breadcrumb\",\"itemListElement\":[{\"@type\":\"ListItem\",\"position\":1,\"name\":\"Home\",\"item\":\"https:\/\/certustestlane.com\/es\/\"},{\"@type\":\"ListItem\",\"position\":2,\"name\":\"Trabajando con CERTUS\"}]},{\"@type\":\"WebSite\",\"@id\":\"https:\/\/certustestlane.com\/#website\",\"url\":\"https:\/\/certustestlane.com\/\",\"name\":\"Certus 3\",\"description\":\"vehicle test lanes\",\"potentialAction\":[{\"@type\":\"SearchAction\",\"target\":{\"@type\":\"EntryPoint\",\"urlTemplate\":\"https:\/\/certustestlane.com\/?s={search_term_string}\"},\"query-input\":{\"@type\":\"PropertyValueSpecification\",\"valueRequired\":true,\"valueName\":\"search_term_string\"}}],\"inLanguage\":\"es\"}]}<\/script>\n<!-- \/ Yoast SEO plugin. -->","yoast_head_json":{"title":"Trabajando con CERTUS - Certus 3","robots":{"index":"index","follow":"follow","max-snippet":"max-snippet:-1","max-image-preview":"max-image-preview:large","max-video-preview":"max-video-preview:-1"},"canonical":"https:\/\/certustestlane.com\/es\/trabajando-con-certus\/","og_locale":"es_ES","og_type":"article","og_title":"Trabajando con CERTUS - Certus 3","og_description":"Junto con CERTUS\u00a03, lanzamos la tercera generaci\u00f3n de estos equipos al mercado. Gracias a soluciones t\u00e9cnicas modernas continuamente perfeccionadas y al dise\u00f1o atractivo, nuestras l\u00edneas mejoran la competitividad de los talleres en los que se instalan. CERTUS se desarrolla incesamente y est\u00e1 abierto a cambios. Sus usuarios pueden estar seguros de que, en caso de [&hellip;]","og_url":"https:\/\/certustestlane.com\/es\/trabajando-con-certus\/","og_site_name":"Certus 3","og_image":[{"url":"https:\/\/certustestlane.com\/cnt\/upld\/2014\/10\/Panorama14cmyk-150x150.jpg","type":"","width":"","height":""}],"twitter_card":"summary_large_image","twitter_misc":{"Tiempo de lectura":"1 minuto"},"schema":{"@context":"https:\/\/schema.org","@graph":[{"@type":"WebPage","@id":"https:\/\/certustestlane.com\/es\/trabajando-con-certus\/","url":"https:\/\/certustestlane.com\/es\/trabajando-con-certus\/","name":"Trabajando con CERTUS - Certus 3","isPartOf":{"@id":"https:\/\/certustestlane.com\/#website"},"datePublished":"2017-10-19T09:19:26+00:00","breadcrumb":{"@id":"https:\/\/certustestlane.com\/es\/trabajando-con-certus\/#breadcrumb"},"inLanguage":"es","potentialAction":[{"@type":"ReadAction","target":["https:\/\/certustestlane.com\/es\/trabajando-con-certus\/"]}]},{"@type":"BreadcrumbList","@id":"https:\/\/certustestlane.com\/es\/trabajando-con-certus\/#breadcrumb","itemListElement":[{"@type":"ListItem","position":1,"name":"Home","item":"https:\/\/certustestlane.com\/es\/"},{"@type":"ListItem","position":2,"name":"Trabajando con CERTUS"}]},{"@type":"WebSite","@id":"https:\/\/certustestlane.com\/#website","url":"https:\/\/certustestlane.com\/","name":"Certus 3","description":"vehicle test lanes","potentialAction":[{"@type":"SearchAction","target":{"@type":"EntryPoint","urlTemplate":"https:\/\/certustestlane.com\/?s={search_term_string}"},"query-input":{"@type":"PropertyValueSpecification","valueRequired":true,"valueName":"search_term_string"}}],"inLanguage":"es"}]}},"_links":{"self":[{"href":"https:\/\/certustestlane.com\/es\/wp-json\/wp\/v2\/pages\/6474","targetHints":{"allow":["GET"]}}],"collection":[{"href":"https:\/\/certustestlane.com\/es\/wp-json\/wp\/v2\/pages"}],"about":[{"href":"https:\/\/certustestlane.com\/es\/wp-json\/wp\/v2\/types\/page"}],"author":[{"embeddable":true,"href":"https:\/\/certustestlane.com\/es\/wp-json\/wp\/v2\/users\/1"}],"replies":[{"embeddable":true,"href":"https:\/\/certustestlane.com\/es\/wp-json\/wp\/v2\/comments?post=6474"}],"version-history":[{"count":0,"href":"https:\/\/certustestlane.com\/es\/wp-json\/wp\/v2\/pages\/6474\/revisions"}],"wp:attachment":[{"href":"https:\/\/certustestlane.com\/es\/wp-json\/wp\/v2\/media?parent=6474"}],"curies":[{"name":"wp","href":"https:\/\/api.w.org\/{rel}","templated":true}]}}