{"id":6504,"date":"2017-10-19T09:25:13","date_gmt":"2017-10-19T09:25:13","guid":{"rendered":"http:\/\/certustestlane.com\/?page_id=6504"},"modified":"2017-10-19T09:25:13","modified_gmt":"2017-10-19T09:25:13","slug":"estamos-buscando-distribuidores","status":"publish","type":"page","link":"https:\/\/certustestlane.com\/es\/estamos-buscando-distribuidores\/","title":{"rendered":"Estamos buscando distribuidores"},"content":{"rendered":"<p><strong>Si est\u00e1s buscando un producto fiable y comprobado, est\u00e1s en el lugar adecuado. Estamos buscando distribuidores para nuestra l\u00ednea de inspecci\u00f3n CERTUS, fabricada por nosotros. <\/strong><\/p>\n<p>Nuestra empresa goza de amplia experiencia de cooperaci\u00f3n con muchos fabricantes extranjeros, por lo tanto sabemos qu\u00e9 tipo de apoyo resulta m\u00e1s valioso para los distribuidores. Queremos ayudarles a los distribuidores a construir su \u00e9xito y optamos por relaciones comerciales a largo plazo.<\/p>\n<h2>Ofrecemos:<\/h2>\n<ul>\n<li>equipos comprobados, fiables y modernos,<\/li>\n<li>voluntad de desarrollar los equipos para cumplir con las necesidades de mercados locales,<\/li>\n<li>sistema de conexi\u00f3n en l\u00ednea con equipos durante su operaci\u00f3n (hot-line para el distribuidor),<\/li>\n<li>cursos de formaci\u00f3n para los empleados comerciales y t\u00e9cnicos,<\/li>\n<li>apoyo en cada etapa de cooperaci\u00f3n.<\/li>\n<\/ul>\n<h2>Persona de contacto:<\/h2>\n<p><strong>Tomasz Wasylewicz<\/strong><br \/>\ntel\u00e9fono: +48 32\u00a0332 49 30 \/ m\u00f3vil: +48 660 495\u00a0287<br \/>\ncorreo electr\u00f3nico: <a href=\"&#x6d;&#x61;&#105;&#108;&#116;o&#x3a;&#x69;&#x6e;&#102;&#111;&#64;w&#x73;&#x6f;&#x70;&#46;&#112;l\">info [at] wsop.pl<\/a> \/ <a href=\"&#109;&#x61;&#x69;&#108;&#x74;&#x6f;&#58;&#x74;&#x2e;&#119;&#x61;&#x73;&#121;&#x6c;&#x65;&#119;&#x69;&#x63;&#122;&#x40;&#x77;&#115;&#x6f;&#x70;&#46;&#x70;&#x6c;\">t.wasylewicz [at] wsop.pl<\/a><\/p>\n","protected":false},"excerpt":{"rendered":"<p>Si est\u00e1s buscando un producto fiable y comprobado, est\u00e1s en el lugar adecuado. Estamos buscando distribuidores para nuestra l\u00ednea de inspecci\u00f3n CERTUS, fabricada por nosotros. Nuestra empresa goza de amplia experiencia de cooperaci\u00f3n con muchos fabricantes extranjeros, por lo tanto sabemos qu\u00e9 tipo de apoyo resulta m\u00e1s valioso para los distribuidores. Queremos ayudarles a los [&hellip;]<\/p>\n","protected":false},"author":1,"featured_media":0,"parent":0,"menu_order":9,"comment_status":"closed","ping_status":"closed","template":"","meta":{"footnotes":""},"class_list":["post-6504","page","type-page","status-publish","hentry"],"yoast_head":"<!-- This site is optimized with the Yoast SEO plugin v26.9 - https:\/\/yoast.com\/product\/yoast-seo-wordpress\/ -->\n<title>Estamos buscando distribuidores - Certus 3<\/title>\n<meta name=\"robots\" content=\"index, follow, max-snippet:-1, max-image-preview:large, max-video-preview:-1\" \/>\n<link rel=\"canonical\" href=\"https:\/\/certustestlane.com\/es\/estamos-buscando-distribuidores\/\" \/>\n<meta property=\"og:locale\" content=\"es_ES\" \/>\n<meta property=\"og:type\" content=\"article\" \/>\n<meta property=\"og:title\" content=\"Estamos buscando distribuidores - Certus 3\" \/>\n<meta property=\"og:description\" content=\"Si est\u00e1s buscando un producto fiable y comprobado, est\u00e1s en el lugar adecuado. Estamos buscando distribuidores para nuestra l\u00ednea de inspecci\u00f3n CERTUS, fabricada por nosotros. Nuestra empresa goza de amplia experiencia de cooperaci\u00f3n con muchos fabricantes extranjeros, por lo tanto sabemos qu\u00e9 tipo de apoyo resulta m\u00e1s valioso para los distribuidores. Queremos ayudarles a los [&hellip;]\" \/>\n<meta property=\"og:url\" content=\"https:\/\/certustestlane.com\/es\/estamos-buscando-distribuidores\/\" \/>\n<meta property=\"og:site_name\" content=\"Certus 3\" \/>\n<meta name=\"twitter:card\" content=\"summary_large_image\" \/>\n<meta name=\"twitter:label1\" content=\"Tiempo de lectura\" \/>\n\t<meta name=\"twitter:data1\" content=\"1 minuto\" \/>\n<script type=\"application\/ld+json\" class=\"yoast-schema-graph\">{\"@context\":\"https:\/\/schema.org\",\"@graph\":[{\"@type\":\"WebPage\",\"@id\":\"https:\/\/certustestlane.com\/es\/estamos-buscando-distribuidores\/\",\"url\":\"https:\/\/certustestlane.com\/es\/estamos-buscando-distribuidores\/\",\"name\":\"Estamos buscando distribuidores - Certus 3\",\"isPartOf\":{\"@id\":\"https:\/\/certustestlane.com\/#website\"},\"datePublished\":\"2017-10-19T09:25:13+00:00\",\"breadcrumb\":{\"@id\":\"https:\/\/certustestlane.com\/es\/estamos-buscando-distribuidores\/#breadcrumb\"},\"inLanguage\":\"es\",\"potentialAction\":[{\"@type\":\"ReadAction\",\"target\":[\"https:\/\/certustestlane.com\/es\/estamos-buscando-distribuidores\/\"]}]},{\"@type\":\"BreadcrumbList\",\"@id\":\"https:\/\/certustestlane.com\/es\/estamos-buscando-distribuidores\/#breadcrumb\",\"itemListElement\":[{\"@type\":\"ListItem\",\"position\":1,\"name\":\"Home\",\"item\":\"https:\/\/certustestlane.com\/es\/\"},{\"@type\":\"ListItem\",\"position\":2,\"name\":\"Estamos buscando distribuidores\"}]},{\"@type\":\"WebSite\",\"@id\":\"https:\/\/certustestlane.com\/#website\",\"url\":\"https:\/\/certustestlane.com\/\",\"name\":\"Certus 3\",\"description\":\"vehicle test lanes\",\"potentialAction\":[{\"@type\":\"SearchAction\",\"target\":{\"@type\":\"EntryPoint\",\"urlTemplate\":\"https:\/\/certustestlane.com\/?s={search_term_string}\"},\"query-input\":{\"@type\":\"PropertyValueSpecification\",\"valueRequired\":true,\"valueName\":\"search_term_string\"}}],\"inLanguage\":\"es\"}]}<\/script>\n<!-- \/ Yoast SEO plugin. -->","yoast_head_json":{"title":"Estamos buscando distribuidores - Certus 3","robots":{"index":"index","follow":"follow","max-snippet":"max-snippet:-1","max-image-preview":"max-image-preview:large","max-video-preview":"max-video-preview:-1"},"canonical":"https:\/\/certustestlane.com\/es\/estamos-buscando-distribuidores\/","og_locale":"es_ES","og_type":"article","og_title":"Estamos buscando distribuidores - Certus 3","og_description":"Si est\u00e1s buscando un producto fiable y comprobado, est\u00e1s en el lugar adecuado. Estamos buscando distribuidores para nuestra l\u00ednea de inspecci\u00f3n CERTUS, fabricada por nosotros. Nuestra empresa goza de amplia experiencia de cooperaci\u00f3n con muchos fabricantes extranjeros, por lo tanto sabemos qu\u00e9 tipo de apoyo resulta m\u00e1s valioso para los distribuidores. Queremos ayudarles a los [&hellip;]","og_url":"https:\/\/certustestlane.com\/es\/estamos-buscando-distribuidores\/","og_site_name":"Certus 3","twitter_card":"summary_large_image","twitter_misc":{"Tiempo de lectura":"1 minuto"},"schema":{"@context":"https:\/\/schema.org","@graph":[{"@type":"WebPage","@id":"https:\/\/certustestlane.com\/es\/estamos-buscando-distribuidores\/","url":"https:\/\/certustestlane.com\/es\/estamos-buscando-distribuidores\/","name":"Estamos buscando distribuidores - Certus 3","isPartOf":{"@id":"https:\/\/certustestlane.com\/#website"},"datePublished":"2017-10-19T09:25:13+00:00","breadcrumb":{"@id":"https:\/\/certustestlane.com\/es\/estamos-buscando-distribuidores\/#breadcrumb"},"inLanguage":"es","potentialAction":[{"@type":"ReadAction","target":["https:\/\/certustestlane.com\/es\/estamos-buscando-distribuidores\/"]}]},{"@type":"BreadcrumbList","@id":"https:\/\/certustestlane.com\/es\/estamos-buscando-distribuidores\/#breadcrumb","itemListElement":[{"@type":"ListItem","position":1,"name":"Home","item":"https:\/\/certustestlane.com\/es\/"},{"@type":"ListItem","position":2,"name":"Estamos buscando distribuidores"}]},{"@type":"WebSite","@id":"https:\/\/certustestlane.com\/#website","url":"https:\/\/certustestlane.com\/","name":"Certus 3","description":"vehicle test lanes","potentialAction":[{"@type":"SearchAction","target":{"@type":"EntryPoint","urlTemplate":"https:\/\/certustestlane.com\/?s={search_term_string}"},"query-input":{"@type":"PropertyValueSpecification","valueRequired":true,"valueName":"search_term_string"}}],"inLanguage":"es"}]}},"_links":{"self":[{"href":"https:\/\/certustestlane.com\/es\/wp-json\/wp\/v2\/pages\/6504","targetHints":{"allow":["GET"]}}],"collection":[{"href":"https:\/\/certustestlane.com\/es\/wp-json\/wp\/v2\/pages"}],"about":[{"href":"https:\/\/certustestlane.com\/es\/wp-json\/wp\/v2\/types\/page"}],"author":[{"embeddable":true,"href":"https:\/\/certustestlane.com\/es\/wp-json\/wp\/v2\/users\/1"}],"replies":[{"embeddable":true,"href":"https:\/\/certustestlane.com\/es\/wp-json\/wp\/v2\/comments?post=6504"}],"version-history":[{"count":0,"href":"https:\/\/certustestlane.com\/es\/wp-json\/wp\/v2\/pages\/6504\/revisions"}],"wp:attachment":[{"href":"https:\/\/certustestlane.com\/es\/wp-json\/wp\/v2\/media?parent=6504"}],"curies":[{"name":"wp","href":"https:\/\/api.w.org\/{rel}","templated":true}]}}