{"id":6505,"date":"2017-10-19T09:26:56","date_gmt":"2017-10-19T09:26:56","guid":{"rendered":"http:\/\/certustestlane.com\/?page_id=6505"},"modified":"2017-10-19T09:26:56","modified_gmt":"2017-10-19T09:26:56","slug":"sobre-wsop","status":"publish","type":"page","link":"https:\/\/certustestlane.com\/es\/sobre-wsop\/","title":{"rendered":"Sobre WSOP"},"content":{"rendered":"<p class=\"lead\">WSOP Sp. z o.o.<\/p>\n<p><strong>WSOP es el fabricante de la l\u00ednea de inspecci\u00f3n CERTUS, l\u00edder en el equipamiento de talleres de inspecci\u00f3n t\u00e9cnica de veh\u00edculos en Polonia. La empresa se fund\u00f3 en 1994, desde entonces hemos equipado m\u00e1s de 1900 talleres de inspecci\u00f3n y cientos de talleres mec\u00e1nicos.<\/strong><\/p>\n<a class=\"cbox\" href=\"http:\/\/www.wsop.pl\/cnt\/upld\/2014\/10\/certus3-can-connection.jpg\"><img loading=\"lazy\" decoding=\"async\" class=\"alignnone wp-image-4683 size-large\" src=\"http:\/\/www.wsop.pl\/cnt\/upld\/2014\/10\/certus3-can-connection-1024x452.jpg\" sizes=\"auto, (max-width: 1024px) 100vw, 1024px\" srcset=\"http:\/\/www.wsop.pl\/cnt\/upld\/2014\/10\/certus3-can-connection-1024x452.jpg 1024w, http:\/\/www.wsop.pl\/cnt\/upld\/2014\/10\/certus3-can-connection-205x90.jpg 205w, http:\/\/www.wsop.pl\/cnt\/upld\/2014\/10\/certus3-can-connection-300x132.jpg 300w, http:\/\/www.wsop.pl\/cnt\/upld\/2014\/10\/certus3-can-connection.jpg 1280w\" alt=\"certus3-can-connection\" width=\"1024\" height=\"452\" \/><\/a>\n<p>Somos un fabricante, pero tenemos tambi\u00e9n mucha experiencia como distribuidor de l\u00edneas de inspecci\u00f3n de otros fabricantes. A base de a\u00f1os de pr\u00e1ctica hemos creado nuestro propio producto con la marca CERTUS, y lo desarrollamos continuamente.<\/p>\n<p><strong>Fabricamos:<\/strong><\/p>\n<ul>\n<li>L\u00edneas de inspecci\u00f3n completas (para turismos, veh\u00edculos industriales y en versi\u00f3n universal),<\/li>\n<li>Fren\u00f3metros de rodillos,<\/li>\n<li>Bancos de suspensiones,<\/li>\n<li>Alineadores al paso.<\/li>\n<\/ul>\n<p>La l\u00ednea diagn\u00f3stica CERTUS se usa para diagnosticar el estado t\u00e9cnico de veh\u00edculos. Dispone de los certificados requeridos por la ley que permiten utilizarla en talleres de inspecci\u00f3n t\u00e9cnica de veh\u00edculos.<\/p>\n<p><a class=\"cbox\" href=\"http:\/\/www.wsop.pl\/cnt\/upld\/2010\/01\/bmw-katowice.jpg\"><img loading=\"lazy\" decoding=\"async\" class=\"alignleft wp-image-4573 size-thumbnail\" src=\"http:\/\/www.wsop.pl\/cnt\/upld\/2010\/01\/bmw-katowice-205x120.jpg\" sizes=\"auto, (max-width: 205px) 100vw, 205px\" srcset=\"http:\/\/www.wsop.pl\/cnt\/upld\/2010\/01\/bmw-katowice-205x120.jpg 205w, http:\/\/www.wsop.pl\/cnt\/upld\/2010\/01\/bmw-katowice-300x176.jpg 300w, http:\/\/www.wsop.pl\/cnt\/upld\/2010\/01\/bmw-katowice-1024x604.jpg 1024w, http:\/\/www.wsop.pl\/cnt\/upld\/2010\/01\/bmw-katowice.jpg 1280w\" alt=\"bmw-katowice\" width=\"205\" height=\"120\" \/><\/a>CERTUS opera tambi\u00e9n en talleres mec\u00e1nicos (sobre todo los autorizados, como: BMW, MAN, Skoda, Seat y otros), sirviendo como una herramienta de diagn\u00f3stico de veh\u00edculos antes de repararlos.<\/p>\n<p>La l\u00ednea de inspecci\u00f3n CERTUS se utiliza tambi\u00e9n en centros de investigaci\u00f3n y desarrollo (por ej. la Polit\u00e9cnica Silesiana) como una herramienta especializada para un diagn\u00f3stico global de veh\u00edculos.<\/p>\n<p>Construimos relaciones a largo plazo con nuestros clientes. Proveemos servicio de garant\u00eda y post-garant\u00eda, as\u00ed como apoyo t\u00e9cnico continuo.<br \/>\nEn la etapa de inversi\u00f3n ofrecemos la asistencia de un asesor dedicado y suministramos dise\u00f1os tecnol\u00f3gicos y arquitect\u00f3nicos completos.<\/p>\n<a class=\"cbox\" href=\"http:\/\/www.wsop.pl\/cnt\/upld\/2013\/11\/Panorama51.jpg\"><img loading=\"lazy\" decoding=\"async\" class=\"alignnone wp-image-4265 size-full\" src=\"http:\/\/www.wsop.pl\/cnt\/upld\/2013\/11\/Panorama51.jpg\" sizes=\"auto, (max-width: 1024px) 100vw, 1024px\" srcset=\"http:\/\/www.wsop.pl\/cnt\/upld\/2013\/11\/Panorama51.jpg 1024w, http:\/\/www.wsop.pl\/cnt\/upld\/2013\/11\/Panorama51-205x119.jpg 205w, http:\/\/www.wsop.pl\/cnt\/upld\/2013\/11\/Panorama51-300x174.jpg 300w\" alt=\"Panorama51\" width=\"1024\" height=\"597\" \/><\/a>\n","protected":false},"excerpt":{"rendered":"<p>WSOP Sp. z o.o. WSOP es el fabricante de la l\u00ednea de inspecci\u00f3n CERTUS, l\u00edder en el equipamiento de talleres de inspecci\u00f3n t\u00e9cnica de veh\u00edculos en Polonia. La empresa se fund\u00f3 en 1994, desde entonces hemos equipado m\u00e1s de 1900 talleres de inspecci\u00f3n y cientos de talleres mec\u00e1nicos. Somos un fabricante, pero tenemos tambi\u00e9n mucha [&hellip;]<\/p>\n","protected":false},"author":1,"featured_media":0,"parent":0,"menu_order":10,"comment_status":"closed","ping_status":"closed","template":"","meta":{"footnotes":""},"class_list":["post-6505","page","type-page","status-publish","hentry"],"yoast_head":"<!-- This site is optimized with the Yoast SEO plugin v26.9 - https:\/\/yoast.com\/product\/yoast-seo-wordpress\/ -->\n<title>Sobre WSOP - Certus 3<\/title>\n<meta name=\"robots\" content=\"index, follow, max-snippet:-1, max-image-preview:large, max-video-preview:-1\" \/>\n<link rel=\"canonical\" href=\"https:\/\/certustestlane.com\/es\/sobre-wsop\/\" \/>\n<meta property=\"og:locale\" content=\"es_ES\" \/>\n<meta property=\"og:type\" content=\"article\" \/>\n<meta property=\"og:title\" content=\"Sobre WSOP - Certus 3\" \/>\n<meta property=\"og:description\" content=\"WSOP Sp. z o.o. WSOP es el fabricante de la l\u00ednea de inspecci\u00f3n CERTUS, l\u00edder en el equipamiento de talleres de inspecci\u00f3n t\u00e9cnica de veh\u00edculos en Polonia. La empresa se fund\u00f3 en 1994, desde entonces hemos equipado m\u00e1s de 1900 talleres de inspecci\u00f3n y cientos de talleres mec\u00e1nicos. Somos un fabricante, pero tenemos tambi\u00e9n mucha [&hellip;]\" \/>\n<meta property=\"og:url\" content=\"https:\/\/certustestlane.com\/es\/sobre-wsop\/\" \/>\n<meta property=\"og:site_name\" content=\"Certus 3\" \/>\n<meta property=\"og:image\" content=\"http:\/\/www.wsop.pl\/cnt\/upld\/2014\/10\/certus3-can-connection-1024x452.jpg\" \/>\n<meta name=\"twitter:card\" content=\"summary_large_image\" \/>\n<meta name=\"twitter:label1\" content=\"Tiempo de lectura\" \/>\n\t<meta name=\"twitter:data1\" content=\"1 minuto\" \/>\n<script type=\"application\/ld+json\" class=\"yoast-schema-graph\">{\"@context\":\"https:\/\/schema.org\",\"@graph\":[{\"@type\":\"WebPage\",\"@id\":\"https:\/\/certustestlane.com\/es\/sobre-wsop\/\",\"url\":\"https:\/\/certustestlane.com\/es\/sobre-wsop\/\",\"name\":\"Sobre WSOP - Certus 3\",\"isPartOf\":{\"@id\":\"https:\/\/certustestlane.com\/#website\"},\"primaryImageOfPage\":{\"@id\":\"https:\/\/certustestlane.com\/es\/sobre-wsop\/#primaryimage\"},\"image\":{\"@id\":\"https:\/\/certustestlane.com\/es\/sobre-wsop\/#primaryimage\"},\"thumbnailUrl\":\"http:\/\/www.wsop.pl\/cnt\/upld\/2014\/10\/certus3-can-connection-1024x452.jpg\",\"datePublished\":\"2017-10-19T09:26:56+00:00\",\"breadcrumb\":{\"@id\":\"https:\/\/certustestlane.com\/es\/sobre-wsop\/#breadcrumb\"},\"inLanguage\":\"es\",\"potentialAction\":[{\"@type\":\"ReadAction\",\"target\":[\"https:\/\/certustestlane.com\/es\/sobre-wsop\/\"]}]},{\"@type\":\"ImageObject\",\"inLanguage\":\"es\",\"@id\":\"https:\/\/certustestlane.com\/es\/sobre-wsop\/#primaryimage\",\"url\":\"http:\/\/www.wsop.pl\/cnt\/upld\/2014\/10\/certus3-can-connection-1024x452.jpg\",\"contentUrl\":\"http:\/\/www.wsop.pl\/cnt\/upld\/2014\/10\/certus3-can-connection-1024x452.jpg\"},{\"@type\":\"BreadcrumbList\",\"@id\":\"https:\/\/certustestlane.com\/es\/sobre-wsop\/#breadcrumb\",\"itemListElement\":[{\"@type\":\"ListItem\",\"position\":1,\"name\":\"Home\",\"item\":\"https:\/\/certustestlane.com\/es\/\"},{\"@type\":\"ListItem\",\"position\":2,\"name\":\"Sobre WSOP\"}]},{\"@type\":\"WebSite\",\"@id\":\"https:\/\/certustestlane.com\/#website\",\"url\":\"https:\/\/certustestlane.com\/\",\"name\":\"Certus 3\",\"description\":\"vehicle test lanes\",\"potentialAction\":[{\"@type\":\"SearchAction\",\"target\":{\"@type\":\"EntryPoint\",\"urlTemplate\":\"https:\/\/certustestlane.com\/?s={search_term_string}\"},\"query-input\":{\"@type\":\"PropertyValueSpecification\",\"valueRequired\":true,\"valueName\":\"search_term_string\"}}],\"inLanguage\":\"es\"}]}<\/script>\n<!-- \/ Yoast SEO plugin. -->","yoast_head_json":{"title":"Sobre WSOP - Certus 3","robots":{"index":"index","follow":"follow","max-snippet":"max-snippet:-1","max-image-preview":"max-image-preview:large","max-video-preview":"max-video-preview:-1"},"canonical":"https:\/\/certustestlane.com\/es\/sobre-wsop\/","og_locale":"es_ES","og_type":"article","og_title":"Sobre WSOP - Certus 3","og_description":"WSOP Sp. z o.o. WSOP es el fabricante de la l\u00ednea de inspecci\u00f3n CERTUS, l\u00edder en el equipamiento de talleres de inspecci\u00f3n t\u00e9cnica de veh\u00edculos en Polonia. La empresa se fund\u00f3 en 1994, desde entonces hemos equipado m\u00e1s de 1900 talleres de inspecci\u00f3n y cientos de talleres mec\u00e1nicos. Somos un fabricante, pero tenemos tambi\u00e9n mucha [&hellip;]","og_url":"https:\/\/certustestlane.com\/es\/sobre-wsop\/","og_site_name":"Certus 3","og_image":[{"url":"http:\/\/www.wsop.pl\/cnt\/upld\/2014\/10\/certus3-can-connection-1024x452.jpg","type":"","width":"","height":""}],"twitter_card":"summary_large_image","twitter_misc":{"Tiempo de lectura":"1 minuto"},"schema":{"@context":"https:\/\/schema.org","@graph":[{"@type":"WebPage","@id":"https:\/\/certustestlane.com\/es\/sobre-wsop\/","url":"https:\/\/certustestlane.com\/es\/sobre-wsop\/","name":"Sobre WSOP - Certus 3","isPartOf":{"@id":"https:\/\/certustestlane.com\/#website"},"primaryImageOfPage":{"@id":"https:\/\/certustestlane.com\/es\/sobre-wsop\/#primaryimage"},"image":{"@id":"https:\/\/certustestlane.com\/es\/sobre-wsop\/#primaryimage"},"thumbnailUrl":"http:\/\/www.wsop.pl\/cnt\/upld\/2014\/10\/certus3-can-connection-1024x452.jpg","datePublished":"2017-10-19T09:26:56+00:00","breadcrumb":{"@id":"https:\/\/certustestlane.com\/es\/sobre-wsop\/#breadcrumb"},"inLanguage":"es","potentialAction":[{"@type":"ReadAction","target":["https:\/\/certustestlane.com\/es\/sobre-wsop\/"]}]},{"@type":"ImageObject","inLanguage":"es","@id":"https:\/\/certustestlane.com\/es\/sobre-wsop\/#primaryimage","url":"http:\/\/www.wsop.pl\/cnt\/upld\/2014\/10\/certus3-can-connection-1024x452.jpg","contentUrl":"http:\/\/www.wsop.pl\/cnt\/upld\/2014\/10\/certus3-can-connection-1024x452.jpg"},{"@type":"BreadcrumbList","@id":"https:\/\/certustestlane.com\/es\/sobre-wsop\/#breadcrumb","itemListElement":[{"@type":"ListItem","position":1,"name":"Home","item":"https:\/\/certustestlane.com\/es\/"},{"@type":"ListItem","position":2,"name":"Sobre WSOP"}]},{"@type":"WebSite","@id":"https:\/\/certustestlane.com\/#website","url":"https:\/\/certustestlane.com\/","name":"Certus 3","description":"vehicle test lanes","potentialAction":[{"@type":"SearchAction","target":{"@type":"EntryPoint","urlTemplate":"https:\/\/certustestlane.com\/?s={search_term_string}"},"query-input":{"@type":"PropertyValueSpecification","valueRequired":true,"valueName":"search_term_string"}}],"inLanguage":"es"}]}},"_links":{"self":[{"href":"https:\/\/certustestlane.com\/es\/wp-json\/wp\/v2\/pages\/6505","targetHints":{"allow":["GET"]}}],"collection":[{"href":"https:\/\/certustestlane.com\/es\/wp-json\/wp\/v2\/pages"}],"about":[{"href":"https:\/\/certustestlane.com\/es\/wp-json\/wp\/v2\/types\/page"}],"author":[{"embeddable":true,"href":"https:\/\/certustestlane.com\/es\/wp-json\/wp\/v2\/users\/1"}],"replies":[{"embeddable":true,"href":"https:\/\/certustestlane.com\/es\/wp-json\/wp\/v2\/comments?post=6505"}],"version-history":[{"count":0,"href":"https:\/\/certustestlane.com\/es\/wp-json\/wp\/v2\/pages\/6505\/revisions"}],"wp:attachment":[{"href":"https:\/\/certustestlane.com\/es\/wp-json\/wp\/v2\/media?parent=6505"}],"curies":[{"name":"wp","href":"https:\/\/api.w.org\/{rel}","templated":true}]}}