{"id":6282,"date":"2017-01-17T10:05:12","date_gmt":"2017-01-17T10:05:12","guid":{"rendered":"http:\/\/certustestlane.com\/?page_id=6282\/"},"modified":"2017-01-17T10:05:12","modified_gmt":"2017-01-17T10:05:12","slug":"ligne-certus-3-modernite-des-solutions-electroniques-et-stabilite-du-travail","status":"publish","type":"page","link":"https:\/\/certustestlane.com\/fr\/ligne-certus-3-modernite-des-solutions-electroniques-et-stabilite-du-travail\/","title":{"rendered":"Ligne CERTUS 3 &#8211; modernit\u00e9 des solutions \u00e9lectroniques et stabilit\u00e9 du travail"},"content":{"rendered":"<p><strong>CERTUS 3 can guarantee high accuracy of measurements due to frequent collection of the measured values. Software stability is reinforced by using a single concentrator connected with the main board of the control unit rather than sending the data separately from each device of the test lane to the central control unit. High quality electronic components ensure smooth software operation.<\/strong><\/p>\n<a class=\"cbox\" href=\"http:\/\/www.wsop.pl\/cnt\/upld\/2014\/10\/certus3-can-connection.jpg\"><img loading=\"lazy\" decoding=\"async\" class=\"alignnone size-large wp-image-4683\" src=\"http:\/\/www.wsop.pl\/cnt\/upld\/2014\/10\/certus3-can-connection-1024x452.jpg\" alt=\"certus3-can-connection\" width=\"1024\" height=\"452\" \/><\/a>\n<p><strong>Communications CAN<\/strong><br \/>\nLa transmission num\u00e9rique collecte les donn\u00e9es de mesurage au processeur principal et les s\u00e9curise contre les ing\u00e9rences ext\u00e9rieures.<\/p>\n<p><strong>Onduleurs uniques accessibles en standard<\/strong> dans un appareil \u00e0 rouleaux universel augmentent la durabilit\u00e9 de la transmission. Ils augment le confort de mesure, tout en permettant un spin up rouleau doux sans secousse lourde du v\u00e9hicule soumis \u00e0 l\u2019essai.<\/p>\n<p><strong><a class=\"cbox\" href=\"http:\/\/www.wsop.pl\/cnt\/upld\/2014\/10\/Certus3-modular.jpg\"><img loading=\"lazy\" decoding=\"async\" class=\"alignright size-thumbnail wp-image-4636\" src=\"http:\/\/www.wsop.pl\/cnt\/upld\/2014\/10\/Certus3-modular-205x55.jpg\" alt=\"Certus3-modular\" width=\"205\" height=\"55\" \/><\/a>Construction modulaire de la ligne<\/strong> permet \u00e0 toute configuration eu \u00e9gard aux besoins des utilisateurs. Il est possible de r\u00e9gler les appareils dans n\u2019importe quel ordre.<\/p>\n<p><strong>Communication sans fil ZigBee\u00ae<\/strong> sert \u00e0 la transmission des donn\u00e9es du manom\u00e8tre et des capteurs de pression \u00e0 l\u2019unit\u00e9 de commande centrale. ZigBee\u00ae est un syst\u00e8me moderne de communications sans fil. Il est caract\u00e9ris\u00e9 par une faible consommation d\u2019\u00e9nergie, le d\u00e9bit jusqu\u2019\u00e0 256 kbps et  la port\u00e9e entre les n\u0153uds jusqu\u2019\u00e0 100 m\u00e8tres.<\/p>\n<p><strong><a class=\"cbox\" href=\"http:\/\/www.wsop.pl\/cnt\/upld\/2014\/10\/Certus3-zigbee.jpg\"><img loading=\"lazy\" decoding=\"async\" class=\"alignleft size-thumbnail wp-image-4637\" src=\"http:\/\/www.wsop.pl\/cnt\/upld\/2014\/10\/Certus3-zigbee-166x137.jpg\" alt=\"Certus3-zigbee\" width=\"166\" height=\"137\" \/><\/a>T\u00e9l\u00e9commande pour faire fonctionner CERTUS<\/strong> se distingue par la simplicit\u00e9 et la facilit\u00e9 d\u2019utilisation. Elle est petite, ergonomique et muni seulement de quelques boutons essentiels. Elle permet de naviguer vite et intuitivement dans le menu \u00e0 \u00e9cran. Elle permet au diagnosticien d\u2019ajuster le cycle de l\u2019essai \u00e0 ses besoins, d\u2019interrompre ou de r\u00e9p\u00e9ter l\u2019essai en tout ou en partie. La t\u00e9l\u00e9commande fonctionne partout dans le hall. La batterie suffit pour quelques mois de travail sans qu\u2019il soit n\u00e9cessaire de la charger.<\/p>\n","protected":false},"excerpt":{"rendered":"<p>CERTUS 3 can guarantee high accuracy of measurements due to frequent collection of the measured values. Software stability is reinforced by using a single concentrator connected with the main board of the control unit rather than sending the data separately from each device of the test lane to the central control unit. High quality electronic [&hellip;]<\/p>\n","protected":false},"author":1,"featured_media":0,"parent":0,"menu_order":2,"comment_status":"closed","ping_status":"closed","template":"","meta":{"footnotes":""},"class_list":["post-6282","page","type-page","status-publish","hentry"],"yoast_head":"<!-- This site is optimized with the Yoast SEO plugin v26.9 - https:\/\/yoast.com\/product\/yoast-seo-wordpress\/ -->\n<title>Ligne CERTUS 3 - modernit\u00e9 des solutions \u00e9lectroniques et stabilit\u00e9 du travail - Certus 3<\/title>\n<meta name=\"robots\" content=\"index, follow, max-snippet:-1, max-image-preview:large, max-video-preview:-1\" \/>\n<link rel=\"canonical\" href=\"https:\/\/certustestlane.com\/fr\/ligne-certus-3-modernite-des-solutions-electroniques-et-stabilite-du-travail\/\" \/>\n<meta property=\"og:locale\" content=\"fr_FR\" \/>\n<meta property=\"og:type\" content=\"article\" \/>\n<meta property=\"og:title\" content=\"Ligne CERTUS 3 - modernit\u00e9 des solutions \u00e9lectroniques et stabilit\u00e9 du travail - Certus 3\" \/>\n<meta property=\"og:description\" content=\"CERTUS 3 can guarantee high accuracy of measurements due to frequent collection of the measured values. Software stability is reinforced by using a single concentrator connected with the main board of the control unit rather than sending the data separately from each device of the test lane to the central control unit. High quality electronic [&hellip;]\" \/>\n<meta property=\"og:url\" content=\"https:\/\/certustestlane.com\/fr\/ligne-certus-3-modernite-des-solutions-electroniques-et-stabilite-du-travail\/\" \/>\n<meta property=\"og:site_name\" content=\"Certus 3\" \/>\n<meta property=\"og:image\" content=\"http:\/\/www.wsop.pl\/cnt\/upld\/2014\/10\/certus3-can-connection-1024x452.jpg\" \/>\n<meta name=\"twitter:card\" content=\"summary_large_image\" \/>\n<meta name=\"twitter:label1\" content=\"Dur\u00e9e de lecture estim\u00e9e\" \/>\n\t<meta name=\"twitter:data1\" content=\"2 minutes\" \/>\n<script type=\"application\/ld+json\" class=\"yoast-schema-graph\">{\"@context\":\"https:\/\/schema.org\",\"@graph\":[{\"@type\":\"WebPage\",\"@id\":\"https:\/\/certustestlane.com\/fr\/ligne-certus-3-modernite-des-solutions-electroniques-et-stabilite-du-travail\/\",\"url\":\"https:\/\/certustestlane.com\/fr\/ligne-certus-3-modernite-des-solutions-electroniques-et-stabilite-du-travail\/\",\"name\":\"Ligne CERTUS 3 - modernit\u00e9 des solutions \u00e9lectroniques et stabilit\u00e9 du travail - Certus 3\",\"isPartOf\":{\"@id\":\"https:\/\/certustestlane.com\/#website\"},\"primaryImageOfPage\":{\"@id\":\"https:\/\/certustestlane.com\/fr\/ligne-certus-3-modernite-des-solutions-electroniques-et-stabilite-du-travail\/#primaryimage\"},\"image\":{\"@id\":\"https:\/\/certustestlane.com\/fr\/ligne-certus-3-modernite-des-solutions-electroniques-et-stabilite-du-travail\/#primaryimage\"},\"thumbnailUrl\":\"http:\/\/www.wsop.pl\/cnt\/upld\/2014\/10\/certus3-can-connection-1024x452.jpg\",\"datePublished\":\"2017-01-17T10:05:12+00:00\",\"breadcrumb\":{\"@id\":\"https:\/\/certustestlane.com\/fr\/ligne-certus-3-modernite-des-solutions-electroniques-et-stabilite-du-travail\/#breadcrumb\"},\"inLanguage\":\"fr-FR\",\"potentialAction\":[{\"@type\":\"ReadAction\",\"target\":[\"https:\/\/certustestlane.com\/fr\/ligne-certus-3-modernite-des-solutions-electroniques-et-stabilite-du-travail\/\"]}]},{\"@type\":\"ImageObject\",\"inLanguage\":\"fr-FR\",\"@id\":\"https:\/\/certustestlane.com\/fr\/ligne-certus-3-modernite-des-solutions-electroniques-et-stabilite-du-travail\/#primaryimage\",\"url\":\"http:\/\/www.wsop.pl\/cnt\/upld\/2014\/10\/certus3-can-connection-1024x452.jpg\",\"contentUrl\":\"http:\/\/www.wsop.pl\/cnt\/upld\/2014\/10\/certus3-can-connection-1024x452.jpg\"},{\"@type\":\"BreadcrumbList\",\"@id\":\"https:\/\/certustestlane.com\/fr\/ligne-certus-3-modernite-des-solutions-electroniques-et-stabilite-du-travail\/#breadcrumb\",\"itemListElement\":[{\"@type\":\"ListItem\",\"position\":1,\"name\":\"Home\",\"item\":\"https:\/\/certustestlane.com\/fr\/\"},{\"@type\":\"ListItem\",\"position\":2,\"name\":\"Ligne CERTUS 3 &#8211; modernit\u00e9 des solutions \u00e9lectroniques et stabilit\u00e9 du travail\"}]},{\"@type\":\"WebSite\",\"@id\":\"https:\/\/certustestlane.com\/#website\",\"url\":\"https:\/\/certustestlane.com\/\",\"name\":\"Certus 3\",\"description\":\"vehicle test lanes\",\"potentialAction\":[{\"@type\":\"SearchAction\",\"target\":{\"@type\":\"EntryPoint\",\"urlTemplate\":\"https:\/\/certustestlane.com\/?s={search_term_string}\"},\"query-input\":{\"@type\":\"PropertyValueSpecification\",\"valueRequired\":true,\"valueName\":\"search_term_string\"}}],\"inLanguage\":\"fr-FR\"}]}<\/script>\n<!-- \/ Yoast SEO plugin. -->","yoast_head_json":{"title":"Ligne CERTUS 3 - modernit\u00e9 des solutions \u00e9lectroniques et stabilit\u00e9 du travail - Certus 3","robots":{"index":"index","follow":"follow","max-snippet":"max-snippet:-1","max-image-preview":"max-image-preview:large","max-video-preview":"max-video-preview:-1"},"canonical":"https:\/\/certustestlane.com\/fr\/ligne-certus-3-modernite-des-solutions-electroniques-et-stabilite-du-travail\/","og_locale":"fr_FR","og_type":"article","og_title":"Ligne CERTUS 3 - modernit\u00e9 des solutions \u00e9lectroniques et stabilit\u00e9 du travail - Certus 3","og_description":"CERTUS 3 can guarantee high accuracy of measurements due to frequent collection of the measured values. Software stability is reinforced by using a single concentrator connected with the main board of the control unit rather than sending the data separately from each device of the test lane to the central control unit. High quality electronic [&hellip;]","og_url":"https:\/\/certustestlane.com\/fr\/ligne-certus-3-modernite-des-solutions-electroniques-et-stabilite-du-travail\/","og_site_name":"Certus 3","og_image":[{"url":"http:\/\/www.wsop.pl\/cnt\/upld\/2014\/10\/certus3-can-connection-1024x452.jpg","type":"","width":"","height":""}],"twitter_card":"summary_large_image","twitter_misc":{"Dur\u00e9e de lecture estim\u00e9e":"2 minutes"},"schema":{"@context":"https:\/\/schema.org","@graph":[{"@type":"WebPage","@id":"https:\/\/certustestlane.com\/fr\/ligne-certus-3-modernite-des-solutions-electroniques-et-stabilite-du-travail\/","url":"https:\/\/certustestlane.com\/fr\/ligne-certus-3-modernite-des-solutions-electroniques-et-stabilite-du-travail\/","name":"Ligne CERTUS 3 - modernit\u00e9 des solutions \u00e9lectroniques et stabilit\u00e9 du travail - Certus 3","isPartOf":{"@id":"https:\/\/certustestlane.com\/#website"},"primaryImageOfPage":{"@id":"https:\/\/certustestlane.com\/fr\/ligne-certus-3-modernite-des-solutions-electroniques-et-stabilite-du-travail\/#primaryimage"},"image":{"@id":"https:\/\/certustestlane.com\/fr\/ligne-certus-3-modernite-des-solutions-electroniques-et-stabilite-du-travail\/#primaryimage"},"thumbnailUrl":"http:\/\/www.wsop.pl\/cnt\/upld\/2014\/10\/certus3-can-connection-1024x452.jpg","datePublished":"2017-01-17T10:05:12+00:00","breadcrumb":{"@id":"https:\/\/certustestlane.com\/fr\/ligne-certus-3-modernite-des-solutions-electroniques-et-stabilite-du-travail\/#breadcrumb"},"inLanguage":"fr-FR","potentialAction":[{"@type":"ReadAction","target":["https:\/\/certustestlane.com\/fr\/ligne-certus-3-modernite-des-solutions-electroniques-et-stabilite-du-travail\/"]}]},{"@type":"ImageObject","inLanguage":"fr-FR","@id":"https:\/\/certustestlane.com\/fr\/ligne-certus-3-modernite-des-solutions-electroniques-et-stabilite-du-travail\/#primaryimage","url":"http:\/\/www.wsop.pl\/cnt\/upld\/2014\/10\/certus3-can-connection-1024x452.jpg","contentUrl":"http:\/\/www.wsop.pl\/cnt\/upld\/2014\/10\/certus3-can-connection-1024x452.jpg"},{"@type":"BreadcrumbList","@id":"https:\/\/certustestlane.com\/fr\/ligne-certus-3-modernite-des-solutions-electroniques-et-stabilite-du-travail\/#breadcrumb","itemListElement":[{"@type":"ListItem","position":1,"name":"Home","item":"https:\/\/certustestlane.com\/fr\/"},{"@type":"ListItem","position":2,"name":"Ligne CERTUS 3 &#8211; modernit\u00e9 des solutions \u00e9lectroniques et stabilit\u00e9 du travail"}]},{"@type":"WebSite","@id":"https:\/\/certustestlane.com\/#website","url":"https:\/\/certustestlane.com\/","name":"Certus 3","description":"vehicle test lanes","potentialAction":[{"@type":"SearchAction","target":{"@type":"EntryPoint","urlTemplate":"https:\/\/certustestlane.com\/?s={search_term_string}"},"query-input":{"@type":"PropertyValueSpecification","valueRequired":true,"valueName":"search_term_string"}}],"inLanguage":"fr-FR"}]}},"_links":{"self":[{"href":"https:\/\/certustestlane.com\/fr\/wp-json\/wp\/v2\/pages\/6282","targetHints":{"allow":["GET"]}}],"collection":[{"href":"https:\/\/certustestlane.com\/fr\/wp-json\/wp\/v2\/pages"}],"about":[{"href":"https:\/\/certustestlane.com\/fr\/wp-json\/wp\/v2\/types\/page"}],"author":[{"embeddable":true,"href":"https:\/\/certustestlane.com\/fr\/wp-json\/wp\/v2\/users\/1"}],"replies":[{"embeddable":true,"href":"https:\/\/certustestlane.com\/fr\/wp-json\/wp\/v2\/comments?post=6282"}],"version-history":[{"count":0,"href":"https:\/\/certustestlane.com\/fr\/wp-json\/wp\/v2\/pages\/6282\/revisions"}],"wp:attachment":[{"href":"https:\/\/certustestlane.com\/fr\/wp-json\/wp\/v2\/media?parent=6282"}],"curies":[{"name":"wp","href":"https:\/\/api.w.org\/{rel}","templated":true}]}}