{"id":6283,"date":"2017-01-17T10:07:18","date_gmt":"2017-01-17T10:07:18","guid":{"rendered":"http:\/\/certustestlane.com\/?page_id=6283\/"},"modified":"2017-01-17T10:07:18","modified_gmt":"2017-01-17T10:07:18","slug":"ligne-certus-3-conviviale-pour-lutilisateur","status":"publish","type":"page","link":"https:\/\/certustestlane.com\/fr\/ligne-certus-3-conviviale-pour-lutilisateur\/","title":{"rendered":"Ligne CERTUS 3 \u2013 conviviale pour l\u2019utilisateur"},"content":{"rendered":"<p><a class=\"cbox\" href=\"http:\/\/www.wsop.pl\/cnt\/upld\/2014\/10\/certus3-DSC_67931.jpg\"><img loading=\"lazy\" decoding=\"async\" class=\"alignleft wp-image-4639 size-thumbnail\" src=\"http:\/\/www.wsop.pl\/cnt\/upld\/2014\/10\/certus3-DSC_67931-205x101.jpg\" alt=\"certus3-DSC_67931\" width=\"205\" height=\"101\" \/><\/a><strong>Le logiciel de la ligne CERTUS a \u00e9t\u00e9 con\u00e7u de telle sorte que, en \u00e9tablissant un dialogue avec le diagnosticien il devienne un outil intelligent permettant d\u2019effectuer des mesures efficaces et rapides et la pr\u00e9sentation de l\u2019\u00e9valuation de l\u2019\u00e9tat du v\u00e9hicule.<\/strong><\/p>\n<p>Intuitivement le logiciel\u00a0m\u00e8ne le diagnosticien \u00e0 travers les diff\u00e9rentes \u00e9tapes du processus de l\u2019essai du v\u00e9hicule.<\/p>\n<div class=\"grid-x grid-padding-x small-up-2 medium-up-3 large-up-4 gallery\">\n<div class=\"cell\">\n<a class=\"cbox\" href=\"https:\/\/certustestlane.com\/cnt\/upld\/2014\/10\/certus3-tryb-pomiaru-ang.jpg\"><img loading=\"lazy\" decoding=\"async\" src=\"https:\/\/certustestlane.com\/cnt\/upld\/2014\/10\/certus3-tryb-pomiaru-ang-150x150.jpg\" width=\"150\" height=\"150\" alt=\"\" \/><\/a>\n<\/div>\n<div class=\"cell\">\n<a class=\"cbox\" href=\"https:\/\/certustestlane.com\/cnt\/upld\/2014\/10\/certus3-rozpocznij-badanie-ang.jpg\"><img loading=\"lazy\" decoding=\"async\" src=\"https:\/\/certustestlane.com\/cnt\/upld\/2014\/10\/certus3-rozpocznij-badanie-ang-150x150.jpg\" width=\"150\" height=\"150\" alt=\"\" \/><\/a>\n<\/div>\n<div class=\"cell\">\n<a class=\"cbox\" href=\"https:\/\/certustestlane.com\/cnt\/upld\/2014\/10\/certus3-przegladanie-wynikow-zegary-ang.jpg\"><img loading=\"lazy\" decoding=\"async\" src=\"https:\/\/certustestlane.com\/cnt\/upld\/2014\/10\/certus3-przegladanie-wynikow-zegary-ang-150x150.jpg\" width=\"150\" height=\"150\" alt=\"\" \/><\/a>\n<\/div>\n<\/div>\n\n<p><strong><a class=\"cbox\" href=\"http:\/\/www.wsop.pl\/cnt\/upld\/2014\/10\/certus3-badanie-w-toku-ang.jpg\"><img loading=\"lazy\" decoding=\"async\" class=\"alignright size-thumbnail wp-image-4641\" src=\"http:\/\/www.wsop.pl\/cnt\/upld\/2014\/10\/certus3-badanie-w-toku-ang-205x115.jpg\" alt=\"certus3-badanie-w-toku-ang\" width=\"205\" height=\"115\" \/><\/a>\u00c9cran \u00ab Essai en cours \u00bb est une solution unique mise au point pour le confort du diagnosticien. <\/strong><br \/>\nIl informe pendant l\u2019essai des mesures d\u00e9j\u00e0 effectu\u00e9es sur chaque appareil, en sugg\u00e9rant quelles donn\u00e9es ont \u00e9t\u00e9 enregistr\u00e9es et \u00e9valu\u00e9es.<\/p>\n<p><strong>Le logiciel non seulement mesure mais \u00e9galement appr\u00e9cie <\/strong><br \/>\nLe diagnosticien ne doit pas profiter des tableaux externes de conversion et effectuer lui-m\u00eame les calculs sur la base des valeurs mesur\u00e9es.<\/p>\n<p>L\u2019\u00e9valuation de la valeur de l\u2019amortissement de la roue gauche et de la roue droite ainsi que de la diff\u00e9rence entre ses valeurs:<\/p>\n<a class=\"cbox\" href=\"http:\/\/www.wsop.pl\/cnt\/upld\/2014\/10\/certus3-assessment.jpg\"><img loading=\"lazy\" decoding=\"async\" class=\"alignnone size-large wp-image-4640\" src=\"http:\/\/www.wsop.pl\/cnt\/upld\/2014\/10\/certus3-assessment-1024x296.jpg\" alt=\"certus3-assessment\" width=\"1024\" height=\"296\" \/><\/a>\n<p>Le logiciel calcule spontan\u00e9ment le WSH (Abremsung?) des essieux et WSH du v\u00e9hicule par rapport \u00e0 masse r\u00e9elle et\/ou totale et compare les r\u00e9sultats obtenus aux valeurs limites pour un genre\/type du v\u00e9hicule donn\u00e9<\/p>\n<p><strong>Essai ergonomique sans obstacles. <\/strong><br \/>\n<a class=\"cbox\" href=\"http:\/\/www.wsop.pl\/cnt\/upld\/2014\/10\/DSC_2220A.jpg\"><img loading=\"lazy\" decoding=\"async\" class=\"alignright size-thumbnail wp-image-4682\" src=\"http:\/\/www.wsop.pl\/cnt\/upld\/2014\/10\/DSC_2220A-205x137.jpg\" alt=\"DSC_2220A\" width=\"205\" height=\"137\" \/><\/a>Le renforcement du testeur d\u2019amortisseurs permet le placement du camion sans qu\u2019il soit n\u00e9cessaire d\u2019enfiler les capots de protection.<\/p>\n<h2>Vehicle inspection line CERTUS 3 \u2013 the three levels of comfort<\/h2>\n<p><strong>The inspector<\/strong> is provided with intuitive and user friendly software, capable of making calculations automatically. A remote control simplifies the performance of the tests. The inspector is also able to stop the test, save it and return to it at any time.<\/p>\n<p><strong>The serviceman<\/strong> will appreciate the simplicity of use of the service software, which leads him step-by-step through the process of setting the parameters for the device performance. Thanks to an online connection with the producer\u2019s service center, it is possible to fully diagnose the entire line at any time.<\/p>\n<p><strong>The driver<\/strong> will certainly notice the high aesthetic appeal of the testing devices, while the clear visualization enables him to readily understand the technical condition of his vehicle.<\/p>\n","protected":false},"excerpt":{"rendered":"<p>Le logiciel de la ligne CERTUS a \u00e9t\u00e9 con\u00e7u de telle sorte que, en \u00e9tablissant un dialogue avec le diagnosticien il devienne un outil intelligent permettant d\u2019effectuer des mesures efficaces et rapides et la pr\u00e9sentation de l\u2019\u00e9valuation de l\u2019\u00e9tat du v\u00e9hicule. Intuitivement le logiciel\u00a0m\u00e8ne le diagnosticien \u00e0 travers les diff\u00e9rentes \u00e9tapes du processus de l\u2019essai [&hellip;]<\/p>\n","protected":false},"author":1,"featured_media":0,"parent":0,"menu_order":3,"comment_status":"closed","ping_status":"closed","template":"","meta":{"footnotes":""},"class_list":["post-6283","page","type-page","status-publish","hentry"],"yoast_head":"<!-- This site is optimized with the Yoast SEO plugin v26.9 - https:\/\/yoast.com\/product\/yoast-seo-wordpress\/ -->\n<title>Ligne CERTUS 3 \u2013 conviviale pour l\u2019utilisateur - Certus 3<\/title>\n<meta name=\"robots\" content=\"index, follow, max-snippet:-1, max-image-preview:large, max-video-preview:-1\" \/>\n<link rel=\"canonical\" href=\"https:\/\/certustestlane.com\/fr\/ligne-certus-3-conviviale-pour-lutilisateur\/\" \/>\n<meta property=\"og:locale\" content=\"fr_FR\" \/>\n<meta property=\"og:type\" content=\"article\" \/>\n<meta property=\"og:title\" content=\"Ligne CERTUS 3 \u2013 conviviale pour l\u2019utilisateur - Certus 3\" \/>\n<meta property=\"og:description\" content=\"Le logiciel de la ligne CERTUS a \u00e9t\u00e9 con\u00e7u de telle sorte que, en \u00e9tablissant un dialogue avec le diagnosticien il devienne un outil intelligent permettant d\u2019effectuer des mesures efficaces et rapides et la pr\u00e9sentation de l\u2019\u00e9valuation de l\u2019\u00e9tat du v\u00e9hicule. Intuitivement le logiciel\u00a0m\u00e8ne le diagnosticien \u00e0 travers les diff\u00e9rentes \u00e9tapes du processus de l\u2019essai [&hellip;]\" \/>\n<meta property=\"og:url\" content=\"https:\/\/certustestlane.com\/fr\/ligne-certus-3-conviviale-pour-lutilisateur\/\" \/>\n<meta property=\"og:site_name\" content=\"Certus 3\" \/>\n<meta property=\"og:image\" content=\"https:\/\/certustestlane.com\/cnt\/upld\/2014\/10\/certus3-tryb-pomiaru-ang-150x150.jpg\" \/>\n<meta name=\"twitter:card\" content=\"summary_large_image\" \/>\n<meta name=\"twitter:label1\" content=\"Dur\u00e9e de lecture estim\u00e9e\" \/>\n\t<meta name=\"twitter:data1\" content=\"2 minutes\" \/>\n<script type=\"application\/ld+json\" class=\"yoast-schema-graph\">{\"@context\":\"https:\/\/schema.org\",\"@graph\":[{\"@type\":\"WebPage\",\"@id\":\"https:\/\/certustestlane.com\/fr\/ligne-certus-3-conviviale-pour-lutilisateur\/\",\"url\":\"https:\/\/certustestlane.com\/fr\/ligne-certus-3-conviviale-pour-lutilisateur\/\",\"name\":\"Ligne CERTUS 3 \u2013 conviviale pour l\u2019utilisateur - Certus 3\",\"isPartOf\":{\"@id\":\"https:\/\/certustestlane.com\/#website\"},\"primaryImageOfPage\":{\"@id\":\"https:\/\/certustestlane.com\/fr\/ligne-certus-3-conviviale-pour-lutilisateur\/#primaryimage\"},\"image\":{\"@id\":\"https:\/\/certustestlane.com\/fr\/ligne-certus-3-conviviale-pour-lutilisateur\/#primaryimage\"},\"thumbnailUrl\":\"http:\/\/www.wsop.pl\/cnt\/upld\/2014\/10\/certus3-DSC_67931-205x101.jpg\",\"datePublished\":\"2017-01-17T10:07:18+00:00\",\"breadcrumb\":{\"@id\":\"https:\/\/certustestlane.com\/fr\/ligne-certus-3-conviviale-pour-lutilisateur\/#breadcrumb\"},\"inLanguage\":\"fr-FR\",\"potentialAction\":[{\"@type\":\"ReadAction\",\"target\":[\"https:\/\/certustestlane.com\/fr\/ligne-certus-3-conviviale-pour-lutilisateur\/\"]}]},{\"@type\":\"ImageObject\",\"inLanguage\":\"fr-FR\",\"@id\":\"https:\/\/certustestlane.com\/fr\/ligne-certus-3-conviviale-pour-lutilisateur\/#primaryimage\",\"url\":\"http:\/\/www.wsop.pl\/cnt\/upld\/2014\/10\/certus3-DSC_67931-205x101.jpg\",\"contentUrl\":\"http:\/\/www.wsop.pl\/cnt\/upld\/2014\/10\/certus3-DSC_67931-205x101.jpg\"},{\"@type\":\"BreadcrumbList\",\"@id\":\"https:\/\/certustestlane.com\/fr\/ligne-certus-3-conviviale-pour-lutilisateur\/#breadcrumb\",\"itemListElement\":[{\"@type\":\"ListItem\",\"position\":1,\"name\":\"Home\",\"item\":\"https:\/\/certustestlane.com\/fr\/\"},{\"@type\":\"ListItem\",\"position\":2,\"name\":\"Ligne CERTUS 3 \u2013 conviviale pour l\u2019utilisateur\"}]},{\"@type\":\"WebSite\",\"@id\":\"https:\/\/certustestlane.com\/#website\",\"url\":\"https:\/\/certustestlane.com\/\",\"name\":\"Certus 3\",\"description\":\"vehicle test lanes\",\"potentialAction\":[{\"@type\":\"SearchAction\",\"target\":{\"@type\":\"EntryPoint\",\"urlTemplate\":\"https:\/\/certustestlane.com\/?s={search_term_string}\"},\"query-input\":{\"@type\":\"PropertyValueSpecification\",\"valueRequired\":true,\"valueName\":\"search_term_string\"}}],\"inLanguage\":\"fr-FR\"}]}<\/script>\n<!-- \/ Yoast SEO plugin. -->","yoast_head_json":{"title":"Ligne CERTUS 3 \u2013 conviviale pour l\u2019utilisateur - Certus 3","robots":{"index":"index","follow":"follow","max-snippet":"max-snippet:-1","max-image-preview":"max-image-preview:large","max-video-preview":"max-video-preview:-1"},"canonical":"https:\/\/certustestlane.com\/fr\/ligne-certus-3-conviviale-pour-lutilisateur\/","og_locale":"fr_FR","og_type":"article","og_title":"Ligne CERTUS 3 \u2013 conviviale pour l\u2019utilisateur - Certus 3","og_description":"Le logiciel de la ligne CERTUS a \u00e9t\u00e9 con\u00e7u de telle sorte que, en \u00e9tablissant un dialogue avec le diagnosticien il devienne un outil intelligent permettant d\u2019effectuer des mesures efficaces et rapides et la pr\u00e9sentation de l\u2019\u00e9valuation de l\u2019\u00e9tat du v\u00e9hicule. Intuitivement le logiciel\u00a0m\u00e8ne le diagnosticien \u00e0 travers les diff\u00e9rentes \u00e9tapes du processus de l\u2019essai [&hellip;]","og_url":"https:\/\/certustestlane.com\/fr\/ligne-certus-3-conviviale-pour-lutilisateur\/","og_site_name":"Certus 3","og_image":[{"url":"https:\/\/certustestlane.com\/cnt\/upld\/2014\/10\/certus3-tryb-pomiaru-ang-150x150.jpg","type":"","width":"","height":""}],"twitter_card":"summary_large_image","twitter_misc":{"Dur\u00e9e de lecture estim\u00e9e":"2 minutes"},"schema":{"@context":"https:\/\/schema.org","@graph":[{"@type":"WebPage","@id":"https:\/\/certustestlane.com\/fr\/ligne-certus-3-conviviale-pour-lutilisateur\/","url":"https:\/\/certustestlane.com\/fr\/ligne-certus-3-conviviale-pour-lutilisateur\/","name":"Ligne CERTUS 3 \u2013 conviviale pour l\u2019utilisateur - Certus 3","isPartOf":{"@id":"https:\/\/certustestlane.com\/#website"},"primaryImageOfPage":{"@id":"https:\/\/certustestlane.com\/fr\/ligne-certus-3-conviviale-pour-lutilisateur\/#primaryimage"},"image":{"@id":"https:\/\/certustestlane.com\/fr\/ligne-certus-3-conviviale-pour-lutilisateur\/#primaryimage"},"thumbnailUrl":"http:\/\/www.wsop.pl\/cnt\/upld\/2014\/10\/certus3-DSC_67931-205x101.jpg","datePublished":"2017-01-17T10:07:18+00:00","breadcrumb":{"@id":"https:\/\/certustestlane.com\/fr\/ligne-certus-3-conviviale-pour-lutilisateur\/#breadcrumb"},"inLanguage":"fr-FR","potentialAction":[{"@type":"ReadAction","target":["https:\/\/certustestlane.com\/fr\/ligne-certus-3-conviviale-pour-lutilisateur\/"]}]},{"@type":"ImageObject","inLanguage":"fr-FR","@id":"https:\/\/certustestlane.com\/fr\/ligne-certus-3-conviviale-pour-lutilisateur\/#primaryimage","url":"http:\/\/www.wsop.pl\/cnt\/upld\/2014\/10\/certus3-DSC_67931-205x101.jpg","contentUrl":"http:\/\/www.wsop.pl\/cnt\/upld\/2014\/10\/certus3-DSC_67931-205x101.jpg"},{"@type":"BreadcrumbList","@id":"https:\/\/certustestlane.com\/fr\/ligne-certus-3-conviviale-pour-lutilisateur\/#breadcrumb","itemListElement":[{"@type":"ListItem","position":1,"name":"Home","item":"https:\/\/certustestlane.com\/fr\/"},{"@type":"ListItem","position":2,"name":"Ligne CERTUS 3 \u2013 conviviale pour l\u2019utilisateur"}]},{"@type":"WebSite","@id":"https:\/\/certustestlane.com\/#website","url":"https:\/\/certustestlane.com\/","name":"Certus 3","description":"vehicle test lanes","potentialAction":[{"@type":"SearchAction","target":{"@type":"EntryPoint","urlTemplate":"https:\/\/certustestlane.com\/?s={search_term_string}"},"query-input":{"@type":"PropertyValueSpecification","valueRequired":true,"valueName":"search_term_string"}}],"inLanguage":"fr-FR"}]}},"_links":{"self":[{"href":"https:\/\/certustestlane.com\/fr\/wp-json\/wp\/v2\/pages\/6283","targetHints":{"allow":["GET"]}}],"collection":[{"href":"https:\/\/certustestlane.com\/fr\/wp-json\/wp\/v2\/pages"}],"about":[{"href":"https:\/\/certustestlane.com\/fr\/wp-json\/wp\/v2\/types\/page"}],"author":[{"embeddable":true,"href":"https:\/\/certustestlane.com\/fr\/wp-json\/wp\/v2\/users\/1"}],"replies":[{"embeddable":true,"href":"https:\/\/certustestlane.com\/fr\/wp-json\/wp\/v2\/comments?post=6283"}],"version-history":[{"count":0,"href":"https:\/\/certustestlane.com\/fr\/wp-json\/wp\/v2\/pages\/6283\/revisions"}],"wp:attachment":[{"href":"https:\/\/certustestlane.com\/fr\/wp-json\/wp\/v2\/media?parent=6283"}],"curies":[{"name":"wp","href":"https:\/\/api.w.org\/{rel}","templated":true}]}}