{"id":6284,"date":"2017-01-17T10:10:01","date_gmt":"2017-01-17T10:10:01","guid":{"rendered":"http:\/\/certustestlane.com\/?page_id=6284\/"},"modified":"2017-01-17T10:10:01","modified_gmt":"2017-01-17T10:10:01","slug":"ligne-certus-3-options-supplementaires","status":"publish","type":"page","link":"https:\/\/certustestlane.com\/fr\/ligne-certus-3-options-supplementaires\/","title":{"rendered":"Ligne CERTUS 3 \u2013 options suppl\u00e9mentaires"},"content":{"rendered":"<p><strong>L\u2019investisseur qui choisit la ligne CERTUS 3 pour ses installations obtient plusieurs avantages qui ont pour l\u2019effet la certitude du travail, la diminution des frais et l\u2019ouverture pour la poursuite du d\u00e9veloppement. Pour une station de contr\u00f4le CERTUS 3 constitue un outil moderne de contr\u00f4le rapide et fiable. Les lignes CERTUS offrent aux garages agr\u00e9es la possibilit\u00e9 d\u2019un diagnostic approfondi du v\u00e9hicule et d\u2019adapter le logiciel, l\u2019ensemble d\u2019options suppl\u00e9mentaires et les couleurs des appareils aux exigences de chaque marque.<\/strong><\/p>\n<div class=\"grid-x grid-padding-x small-up-2 medium-up-3 large-up-4 gallery\">\n<div class=\"cell\">\n<a class=\"cbox\" href=\"https:\/\/certustestlane.com\/cnt\/upld\/2014\/10\/DSC_5925-cmyk.jpg\"><img loading=\"lazy\" decoding=\"async\" src=\"https:\/\/certustestlane.com\/cnt\/upld\/2014\/10\/DSC_5925-cmyk-150x150.jpg\" width=\"150\" height=\"150\" alt=\"\" \/><\/a>\n<\/div>\n<div class=\"cell\">\n<a class=\"cbox\" href=\"https:\/\/certustestlane.com\/cnt\/upld\/2014\/10\/DSC_2224.jpg\"><img loading=\"lazy\" decoding=\"async\" src=\"https:\/\/certustestlane.com\/cnt\/upld\/2014\/10\/DSC_2224-150x150.jpg\" width=\"150\" height=\"150\" alt=\"\" \/><\/a>\n<\/div>\n<div class=\"cell\">\n<a class=\"cbox\" href=\"https:\/\/certustestlane.com\/cnt\/upld\/2014\/10\/DSC_00551.jpg\"><img loading=\"lazy\" decoding=\"async\" src=\"https:\/\/certustestlane.com\/cnt\/upld\/2014\/10\/DSC_00551-150x150.jpg\" width=\"150\" height=\"150\" alt=\"\" \/><\/a>\n<\/div>\n<\/div>\n\n<h2><img loading=\"lazy\" decoding=\"async\" class=\"alignleft size-full wp-image-4645\" style=\"margin-bottom: 7em;\" src=\"http:\/\/www.wsop.pl\/cnt\/upld\/2014\/10\/i-4x4.jpg\" alt=\"i-4x4\" width=\"102\" height=\"102\" \/>Essai 4&#215;4<\/h2>\n<p><a class=\"cbox\" href=\"http:\/\/www.wsop.pl\/cnt\/upld\/2014\/10\/certus3-hamulce-zegary-przegladanie-ang.jpg\"><img loading=\"lazy\" decoding=\"async\" class=\"alignright size-thumbnail wp-image-4653\" src=\"http:\/\/www.wsop.pl\/cnt\/upld\/2014\/10\/certus3-hamulce-zegary-przegladanie-ang-205x115.jpg\" alt=\"certus3-hamulce-zegary-przegladanie-ang\" width=\"205\" height=\"115\" \/><\/a>L\u2019option de l\u2019essai 4&#215;4 permet d\u2019effectuer une\u00a0mesure correcte des forces de freinage dans la plupart des v\u00e9hicules de ce type fabriqu\u00e9es \u00e0 l\u2019heure actuelle (y compris les camions). La mesure 4&#215;4 \u00e0 l\u2019aide du logiciel CERTUS \u00e9limine la n\u00e9cessit\u00e9 d\u2019utilisation des rouleaux \u00e0 basse vitesse ou du d\u00e9c\u00e9lom\u00e8tre. Cette fonction permet de contr\u00f4le la force de freinage s\u00e9par\u00e9ment pour chaque roue et d\u2019\u00e9valuer avec plus de pr\u00e9cision l\u2019\u00e9tat technique du v\u00e9hicule.<\/p>\n<h2><img loading=\"lazy\" decoding=\"async\" class=\"alignleft size-full wp-image-4648\" style=\"margin-bottom: 9em;\" src=\"http:\/\/www.wsop.pl\/cnt\/upld\/2014\/10\/i-kartka.jpg\" alt=\"i-kartka\" width=\"102\" height=\"102\" \/>Pr\u00e9sentation plus \u00e9tendue des r\u00e9sultats des mesures<\/h2>\n<p><a class=\"cbox\" href=\"http:\/\/www.wsop.pl\/cnt\/upld\/2014\/10\/certus3-przegladanie-wynikow-charakterystyka-hamulca-ang.jpg\"><img loading=\"lazy\" decoding=\"async\" class=\"alignright size-thumbnail wp-image-4654\" src=\"http:\/\/www.wsop.pl\/cnt\/upld\/2014\/10\/certus3-przegladanie-wynikow-charakterystyka-hamulca-ang-205x115.jpg\" alt=\"certus3-przegladanie-wynikow-charakterystyka-hamulca-ang\" width=\"205\" height=\"115\" \/><\/a>CERTUS fait une pr\u00e9sentation de base et une pr\u00e9sentation \u00e9largie les r\u00e9sultats de chaque mesure effectu\u00e9e. Cette fonction est notamment utile pour les garages agr\u00e9es, parce qu\u2019elle rend possible d\u2019effectuer un essai d\u00e9taill\u00e9 de l\u2019\u00e9tat technique du v\u00e9hicule. Le diagnosticien a \u00e0 sa disposition des rapports \u00e9largis de tous les appareils faisant partie de la ligne comprenant des graphiques d\u00e9taill\u00e9es. Ce sont des imprim\u00e9s du contr\u00f4le des freins, de la suspension et le positionnement des roues. Un imprim\u00e9 \u00e9largi \u2013 dans le cas du contr\u00f4le des roues \u2013 comprend entre autres : la r\u00e9sistance au roulement, les fluctuations des forces de freinage, masse\/charge statique et dynamique, le WSH par rapport \u00e0 la masse statique\/dynamique et beaucoup d\u2019autres.<\/p>\n<h2><img loading=\"lazy\" decoding=\"async\" class=\"alignleft size-full wp-image-4649\" style=\"margin-bottom: 2em;\" src=\"http:\/\/www.wsop.pl\/cnt\/upld\/2014\/10\/i-krzyzyk.jpg\" alt=\"i-krzyzyk\" width=\"102\" height=\"102\" \/>Sortie assist\u00e9e des rouleaux<\/h2>\n<p>Beaucoup de diagnosticiens ont des probl\u00e8mes li\u00e9s \u00e0 la sortie des essieux moteurs de certains v\u00e9hicules (p.ex. des tracteurs) du bancs d\u2019essai \u00e0 rouleaux apr\u00e8s l\u2019essai. Avec CERTUS 3 ce probl\u00e8me a \u00e9t\u00e9 r\u00e9solu gr\u00e2ce \u00e0 une proc\u00e9dure sp\u00e9ciale de d\u00e9part assist\u00e9 effectu\u00e9e \u00e0 l\u2019aide des onduleurs. Par contre, dans le cas d\u2019une ligne personnelle cette option fonctionne par le d\u00e9marrage automatique du moteur des rouleaux, ce qui est utile notamment pendant l\u2019essai des v\u00e9hicules dot\u00e9es d&rsquo;une bo\u00eete de vitesses\u00a0automatique et des fourgonnettes.<\/p>\n<h2><img loading=\"lazy\" decoding=\"async\" class=\"alignleft size-full wp-image-4651\" style=\"margin-bottom: 7em;\" src=\"http:\/\/www.wsop.pl\/cnt\/upld\/2014\/10\/i-waga.jpg\" alt=\"i-waga\" width=\"102\" height=\"102\" \/>Balance<\/h2>\n<p><a class=\"cbox\" href=\"http:\/\/www.wsop.pl\/cnt\/upld\/2014\/10\/certus3_waga-cmy1k.jpg\"><img loading=\"lazy\" decoding=\"async\" class=\"alignright size-thumbnail wp-image-4655\" src=\"http:\/\/www.wsop.pl\/cnt\/upld\/2014\/10\/certus3_waga-cmy1k-205x115.jpg\" alt=\"certus3_waga-cmy1k\" width=\"205\" height=\"115\" \/><\/a>La fonction de balance rend possible une \u00e9valuation pr\u00e9cise de l\u2019\u00e9tat technique du v\u00e9hicule gr\u00e2ce \u00e0 l\u2019utilisation de mesure de la masse n\u00e9cessaire aux calculs de WSH. Ceci permet d\u2019obtenir des r\u00e9sultats extr\u00eamement pr\u00e9cis. La mesure de la masse des essieux est \u00e9galement utile dans les bases de transport et dans d\u2019autres points o\u00f9 des ensembles des v\u00e9hicules sont souvent sont pes\u00e9s en ce qui concerne le d\u00e9passement des massas maximales admissibles par essieux.<\/p>\n<h2><img loading=\"lazy\" decoding=\"async\" class=\"alignleft size-full wp-image-4646\" style=\"margin-bottom: 3em;\" src=\"http:\/\/www.wsop.pl\/cnt\/upld\/2014\/10\/i-ampli.jpg\" alt=\"i-ampli\" width=\"102\" height=\"102\" \/>Aide du diagnostic des frappements et bruits ind\u00e9sirables<\/h2>\n<p>Tester d\u2019amortissement des suspensions peut servir d\u2019outil pratique de diagnostic des bruits dans certains \u00e9l\u00e9ments de la suspension et de la carrosserie des v\u00e9hicules. Gr\u00e2ce \u00e0 la t\u00e9l\u00e9commande il est possible d\u2019actionner pendant un certain temps la source d\u2019\u00e9nergie de l\u2019appareil tout en provoquant la vibration des roues dont la fr\u00e9quence et l\u2019amplitude serait semblable aux conditions pendant la conduite. Ceci permet de trouver les sources des frappements, des grincements et des bruits ind\u00e9sirables difficiles \u00e0 diagnostiquer qui apparaissent dans la suspension et dans la carrosserie lors de la conduite. Dans le cas de l\u2019option plus avanc\u00e9e la fr\u00e9quence d\u2019excitation peut tre modifi\u00e9e tous les 2 Hz.<\/p>\n<h2><img loading=\"lazy\" decoding=\"async\" class=\"alignleft size-full wp-image-4647\" src=\"http:\/\/www.wsop.pl\/cnt\/upld\/2014\/10\/i-archi.jpg\" alt=\"i-archi\" width=\"102\" height=\"102\" \/>Archivage et impression des r\u00e9sultats la mesures<\/h2>\n<p>CERTUS permet d\u2019archiver globalement les r\u00e9sultats des essais. Par ailleurs, il rend possible la saisie manuelle des r\u00e9sultats des mesures de n\u2019importe quel appareil p\u00e9riph\u00e9rique qui n\u2019est pas connect\u00e9 \u00e0 la ligne de diagnostic (p.ex. l\u2019opacim\u00e8tre, l\u2019analyseur de gaz de combustion, jauge de profondeur de bande de roulement, etc.), leur archivage et l\u2019impression compl\u00e8te.<\/p>\n<h2><img loading=\"lazy\" decoding=\"async\" class=\"alignleft size-full wp-image-4650\" style=\"margin-bottom: 7em;\" src=\"http:\/\/www.wsop.pl\/cnt\/upld\/2014\/10\/i-new.jpg\" alt=\"i-new\" width=\"102\" height=\"102\" \/>Ouverture aux nouveaux d\u00e9fis techniques<\/h2>\n<p>Gr\u00e2ce \u00e0 la structure moderne du logiciel de la ligne, CERTUS 3 rend possible une introduction rapide des\u00a0modifications tout en adaptant les appareils aux besoins sp\u00e9cifiques des utilisateurs. Par ailleurs, cette solution les prot\u00e8ge contre le risque de co\u00fbts \u00e9lev\u00e9s dans le cas o\u00f9 il serait n\u00e9cessaire d\u2019adapter les appareils \u00e0 la nouvelle r\u00e9glementation. CERTUS s\u2019adapte rapidement aux nouveaux besoins et les mises \u00e0 jour cycliques du logiciel assurent \u00e0 ses utilisateurs l\u2019adaptation facile des appareils d\u2019ancienne g\u00e9n\u00e9ration \u00e0 leurs versions nouvelles.<\/p>\n","protected":false},"excerpt":{"rendered":"<p>L\u2019investisseur qui choisit la ligne CERTUS 3 pour ses installations obtient plusieurs avantages qui ont pour l\u2019effet la certitude du travail, la diminution des frais et l\u2019ouverture pour la poursuite du d\u00e9veloppement. Pour une station de contr\u00f4le CERTUS 3 constitue un outil moderne de contr\u00f4le rapide et fiable. Les lignes CERTUS offrent aux garages agr\u00e9es [&hellip;]<\/p>\n","protected":false},"author":1,"featured_media":0,"parent":0,"menu_order":4,"comment_status":"closed","ping_status":"closed","template":"","meta":{"footnotes":""},"class_list":["post-6284","page","type-page","status-publish","hentry"],"yoast_head":"<!-- This site is optimized with the Yoast SEO plugin v26.9 - https:\/\/yoast.com\/product\/yoast-seo-wordpress\/ -->\n<title>Ligne CERTUS 3 \u2013 options suppl\u00e9mentaires - Certus 3<\/title>\n<meta name=\"robots\" content=\"index, follow, max-snippet:-1, max-image-preview:large, max-video-preview:-1\" \/>\n<link rel=\"canonical\" href=\"https:\/\/certustestlane.com\/fr\/ligne-certus-3-options-supplementaires\/\" \/>\n<meta property=\"og:locale\" content=\"fr_FR\" \/>\n<meta property=\"og:type\" content=\"article\" \/>\n<meta property=\"og:title\" content=\"Ligne CERTUS 3 \u2013 options suppl\u00e9mentaires - Certus 3\" \/>\n<meta property=\"og:description\" content=\"L\u2019investisseur qui choisit la ligne CERTUS 3 pour ses installations obtient plusieurs avantages qui ont pour l\u2019effet la certitude du travail, la diminution des frais et l\u2019ouverture pour la poursuite du d\u00e9veloppement. Pour une station de contr\u00f4le CERTUS 3 constitue un outil moderne de contr\u00f4le rapide et fiable. Les lignes CERTUS offrent aux garages agr\u00e9es [&hellip;]\" \/>\n<meta property=\"og:url\" content=\"https:\/\/certustestlane.com\/fr\/ligne-certus-3-options-supplementaires\/\" \/>\n<meta property=\"og:site_name\" content=\"Certus 3\" \/>\n<meta property=\"og:image\" content=\"https:\/\/certustestlane.com\/cnt\/upld\/2014\/10\/DSC_5925-cmyk-150x150.jpg\" \/>\n<meta name=\"twitter:card\" content=\"summary_large_image\" \/>\n<meta name=\"twitter:label1\" content=\"Dur\u00e9e de lecture estim\u00e9e\" \/>\n\t<meta name=\"twitter:data1\" content=\"4 minutes\" \/>\n<script type=\"application\/ld+json\" class=\"yoast-schema-graph\">{\"@context\":\"https:\/\/schema.org\",\"@graph\":[{\"@type\":\"WebPage\",\"@id\":\"https:\/\/certustestlane.com\/fr\/ligne-certus-3-options-supplementaires\/\",\"url\":\"https:\/\/certustestlane.com\/fr\/ligne-certus-3-options-supplementaires\/\",\"name\":\"Ligne CERTUS 3 \u2013 options suppl\u00e9mentaires - Certus 3\",\"isPartOf\":{\"@id\":\"https:\/\/certustestlane.com\/#website\"},\"primaryImageOfPage\":{\"@id\":\"https:\/\/certustestlane.com\/fr\/ligne-certus-3-options-supplementaires\/#primaryimage\"},\"image\":{\"@id\":\"https:\/\/certustestlane.com\/fr\/ligne-certus-3-options-supplementaires\/#primaryimage\"},\"thumbnailUrl\":\"http:\/\/www.wsop.pl\/cnt\/upld\/2014\/10\/i-4x4.jpg\",\"datePublished\":\"2017-01-17T10:10:01+00:00\",\"breadcrumb\":{\"@id\":\"https:\/\/certustestlane.com\/fr\/ligne-certus-3-options-supplementaires\/#breadcrumb\"},\"inLanguage\":\"fr-FR\",\"potentialAction\":[{\"@type\":\"ReadAction\",\"target\":[\"https:\/\/certustestlane.com\/fr\/ligne-certus-3-options-supplementaires\/\"]}]},{\"@type\":\"ImageObject\",\"inLanguage\":\"fr-FR\",\"@id\":\"https:\/\/certustestlane.com\/fr\/ligne-certus-3-options-supplementaires\/#primaryimage\",\"url\":\"http:\/\/www.wsop.pl\/cnt\/upld\/2014\/10\/i-4x4.jpg\",\"contentUrl\":\"http:\/\/www.wsop.pl\/cnt\/upld\/2014\/10\/i-4x4.jpg\"},{\"@type\":\"BreadcrumbList\",\"@id\":\"https:\/\/certustestlane.com\/fr\/ligne-certus-3-options-supplementaires\/#breadcrumb\",\"itemListElement\":[{\"@type\":\"ListItem\",\"position\":1,\"name\":\"Home\",\"item\":\"https:\/\/certustestlane.com\/fr\/\"},{\"@type\":\"ListItem\",\"position\":2,\"name\":\"Ligne CERTUS 3 \u2013 options suppl\u00e9mentaires\"}]},{\"@type\":\"WebSite\",\"@id\":\"https:\/\/certustestlane.com\/#website\",\"url\":\"https:\/\/certustestlane.com\/\",\"name\":\"Certus 3\",\"description\":\"vehicle test lanes\",\"potentialAction\":[{\"@type\":\"SearchAction\",\"target\":{\"@type\":\"EntryPoint\",\"urlTemplate\":\"https:\/\/certustestlane.com\/?s={search_term_string}\"},\"query-input\":{\"@type\":\"PropertyValueSpecification\",\"valueRequired\":true,\"valueName\":\"search_term_string\"}}],\"inLanguage\":\"fr-FR\"}]}<\/script>\n<!-- \/ Yoast SEO plugin. -->","yoast_head_json":{"title":"Ligne CERTUS 3 \u2013 options suppl\u00e9mentaires - Certus 3","robots":{"index":"index","follow":"follow","max-snippet":"max-snippet:-1","max-image-preview":"max-image-preview:large","max-video-preview":"max-video-preview:-1"},"canonical":"https:\/\/certustestlane.com\/fr\/ligne-certus-3-options-supplementaires\/","og_locale":"fr_FR","og_type":"article","og_title":"Ligne CERTUS 3 \u2013 options suppl\u00e9mentaires - Certus 3","og_description":"L\u2019investisseur qui choisit la ligne CERTUS 3 pour ses installations obtient plusieurs avantages qui ont pour l\u2019effet la certitude du travail, la diminution des frais et l\u2019ouverture pour la poursuite du d\u00e9veloppement. Pour une station de contr\u00f4le CERTUS 3 constitue un outil moderne de contr\u00f4le rapide et fiable. Les lignes CERTUS offrent aux garages agr\u00e9es [&hellip;]","og_url":"https:\/\/certustestlane.com\/fr\/ligne-certus-3-options-supplementaires\/","og_site_name":"Certus 3","og_image":[{"url":"https:\/\/certustestlane.com\/cnt\/upld\/2014\/10\/DSC_5925-cmyk-150x150.jpg","type":"","width":"","height":""}],"twitter_card":"summary_large_image","twitter_misc":{"Dur\u00e9e de lecture estim\u00e9e":"4 minutes"},"schema":{"@context":"https:\/\/schema.org","@graph":[{"@type":"WebPage","@id":"https:\/\/certustestlane.com\/fr\/ligne-certus-3-options-supplementaires\/","url":"https:\/\/certustestlane.com\/fr\/ligne-certus-3-options-supplementaires\/","name":"Ligne CERTUS 3 \u2013 options suppl\u00e9mentaires - Certus 3","isPartOf":{"@id":"https:\/\/certustestlane.com\/#website"},"primaryImageOfPage":{"@id":"https:\/\/certustestlane.com\/fr\/ligne-certus-3-options-supplementaires\/#primaryimage"},"image":{"@id":"https:\/\/certustestlane.com\/fr\/ligne-certus-3-options-supplementaires\/#primaryimage"},"thumbnailUrl":"http:\/\/www.wsop.pl\/cnt\/upld\/2014\/10\/i-4x4.jpg","datePublished":"2017-01-17T10:10:01+00:00","breadcrumb":{"@id":"https:\/\/certustestlane.com\/fr\/ligne-certus-3-options-supplementaires\/#breadcrumb"},"inLanguage":"fr-FR","potentialAction":[{"@type":"ReadAction","target":["https:\/\/certustestlane.com\/fr\/ligne-certus-3-options-supplementaires\/"]}]},{"@type":"ImageObject","inLanguage":"fr-FR","@id":"https:\/\/certustestlane.com\/fr\/ligne-certus-3-options-supplementaires\/#primaryimage","url":"http:\/\/www.wsop.pl\/cnt\/upld\/2014\/10\/i-4x4.jpg","contentUrl":"http:\/\/www.wsop.pl\/cnt\/upld\/2014\/10\/i-4x4.jpg"},{"@type":"BreadcrumbList","@id":"https:\/\/certustestlane.com\/fr\/ligne-certus-3-options-supplementaires\/#breadcrumb","itemListElement":[{"@type":"ListItem","position":1,"name":"Home","item":"https:\/\/certustestlane.com\/fr\/"},{"@type":"ListItem","position":2,"name":"Ligne CERTUS 3 \u2013 options suppl\u00e9mentaires"}]},{"@type":"WebSite","@id":"https:\/\/certustestlane.com\/#website","url":"https:\/\/certustestlane.com\/","name":"Certus 3","description":"vehicle test lanes","potentialAction":[{"@type":"SearchAction","target":{"@type":"EntryPoint","urlTemplate":"https:\/\/certustestlane.com\/?s={search_term_string}"},"query-input":{"@type":"PropertyValueSpecification","valueRequired":true,"valueName":"search_term_string"}}],"inLanguage":"fr-FR"}]}},"_links":{"self":[{"href":"https:\/\/certustestlane.com\/fr\/wp-json\/wp\/v2\/pages\/6284","targetHints":{"allow":["GET"]}}],"collection":[{"href":"https:\/\/certustestlane.com\/fr\/wp-json\/wp\/v2\/pages"}],"about":[{"href":"https:\/\/certustestlane.com\/fr\/wp-json\/wp\/v2\/types\/page"}],"author":[{"embeddable":true,"href":"https:\/\/certustestlane.com\/fr\/wp-json\/wp\/v2\/users\/1"}],"replies":[{"embeddable":true,"href":"https:\/\/certustestlane.com\/fr\/wp-json\/wp\/v2\/comments?post=6284"}],"version-history":[{"count":0,"href":"https:\/\/certustestlane.com\/fr\/wp-json\/wp\/v2\/pages\/6284\/revisions"}],"wp:attachment":[{"href":"https:\/\/certustestlane.com\/fr\/wp-json\/wp\/v2\/media?parent=6284"}],"curies":[{"name":"wp","href":"https:\/\/api.w.org\/{rel}","templated":true}]}}