{"id":6285,"date":"2017-01-17T10:12:51","date_gmt":"2017-01-17T10:12:51","guid":{"rendered":"http:\/\/certustestlane.com\/?page_id=6285\/"},"modified":"2017-01-17T10:12:51","modified_gmt":"2017-01-17T10:12:51","slug":"certus-3-durabilite-et-qualite-des-solutions-mecaniques","status":"publish","type":"page","link":"https:\/\/certustestlane.com\/fr\/certus-3-durabilite-et-qualite-des-solutions-mecaniques\/","title":{"rendered":"CERTUS 3 \u2013 durabilit\u00e9 et qualit\u00e9 des solutions m\u00e9caniques"},"content":{"rendered":"<p><strong>L\u2019objectif principal des constructeurs de la ligne CERTUS 3 \u00e9tait d\u2019obtenir une haute durabilit\u00e9 des appareils. \u00c0 cette fin ont \u00e9t\u00e9 s\u00e9lectionn\u00e9s avec soin les objectifs de construction et les param\u00e8tres des mat\u00e9riaux ainsi que la qualit\u00e9 des composants utilis\u00e9s. La partie m\u00e9canique ainsi ex\u00e9cut\u00e9e constitue un bon compl\u00e9ment des composants \u00e9lectroniques modernes.<\/strong><\/p>\n<h2>Structure solide<\/h2>\n<p><a class=\"cbox\" href=\"http:\/\/www.wsop.pl\/cnt\/upld\/2014\/10\/certus3-rolki_hamulcowe-cmyk.jpg\"><img loading=\"lazy\" decoding=\"async\" class=\"alignright size-thumbnail wp-image-4658\" src=\"http:\/\/www.wsop.pl\/cnt\/upld\/2014\/10\/certus3-rolki_hamulcowe-cmyk-205x102.jpg\" alt=\"certus3-rolki_hamulcowe-cmyk\" width=\"205\" height=\"102\" \/><\/a>Les appareils CERTUS, notamment le banc de freinage \u00e0 rouleaux, poss\u00e8dent une construction externe renforc\u00e9e en acier de haute qualit\u00e9. Les pi\u00e8ces m\u00e9caniques sont prot\u00e9g\u00e9es contre la d\u00e9gradation du m\u00e9tal par un syst\u00e8me sp\u00e9cial de protections contre la corrosion bas\u00e9 sur les peintures en poudre de haute qualit\u00e9.<\/p>\n<h2>Composants provenant des meilleurs fabricants<\/h2>\n<p><a class=\"cbox\" href=\"http:\/\/www.wsop.pl\/cnt\/upld\/2014\/10\/certus3-projekt-rolek-przekladnia2cz.jpg\"><img loading=\"lazy\" decoding=\"async\" class=\"alignleft size-thumbnail wp-image-4660\" src=\"http:\/\/www.wsop.pl\/cnt\/upld\/2014\/10\/certus3-projekt-rolek-przekladnia2cz-205x110.jpg\" alt=\"certus3-projekt-rolek-przekladnia2cz\" width=\"205\" height=\"110\" \/><\/a>Les composants s\u00e9lectionn\u00e9 lors de la conception de chaque appareil proviennent des meilleurs fabricants europ\u00e9ens. Les \u00e9l\u00e9ments les plus importants (tels que moteur et l\u2019engrenage) peuvent \u00eatre r\u00e9par\u00e9s s\u00e9par\u00e9ment, a non \u00e9chang\u00e9s dans un ensemble, ce qui fait diminuer les frais potentiels du services apr\u00e8s-vente.<\/p>\n<h2>Moteur et engrenages \u2013 fonctionnement stable et calme<\/h2>\n<p><a class=\"cbox\" href=\"http:\/\/www.wsop.pl\/cnt\/upld\/2014\/10\/certus3-trybiki.jpg\"><img loading=\"lazy\" decoding=\"async\" class=\"alignright size-thumbnail wp-image-4656\" src=\"http:\/\/www.wsop.pl\/cnt\/upld\/2014\/10\/certus3-trybiki-205x137.jpg\" alt=\"certus3-trybiki\" width=\"205\" height=\"137\" \/><\/a>Les engrenages plan\u00e9taires utilis\u00e9s en standard dans un appareil universel \u00e0 rouleaux font augmenter la durabilit\u00e9 de la transmission. Gr\u00e2ce \u00e0 un rapport \u00e9lev\u00e9 ils permettent de mesurer les forces de freinage beaucoup plus \u00e9lev\u00e9es que dans les dispositifs avec un engrenage de roulement traditionnel. Les moteurs et les vibro-isolateurs s\u00e9lectionn\u00e9s avec soin affectent le travail stable et calme des dispositifs. Le moteur des rouleaux de freinage pour les voitures particuli\u00e8res peut \u00eatre fourni avec le frein \u00e9lectromagn\u00e9tique qui facilite la sortie en douceur aux v\u00e9hicules 4&#215;4 et aux fourgonnettes.<\/p>\n<h2>Boge peut plus<\/h2>\n<p><a class=\"cbox\" href=\"http:\/\/www.wsop.pl\/cnt\/upld\/2014\/10\/certus3-tester_amortyzatorowa11-cmyk.jpg\"><img loading=\"lazy\" decoding=\"async\" class=\"alignleft wp-image-4657 size-thumbnail\" src=\"http:\/\/www.wsop.pl\/cnt\/upld\/2014\/10\/certus3-tester_amortyzatorowa11-cmyk-e1413188626925-205x83.jpg\" alt=\"certus3-tester_amortyzatorowa11-cmyk\" width=\"205\" height=\"83\" \/><\/a>Le testeur des amortisseurs CERTUS fonctionne selon la <strong>m\u00e9thode BOGE<\/strong>. Cette\u00a0m\u00e9thode offre plus de possibilit\u00e9s de diagnostic que la m\u00e9thode Eusama en \u00e9valuant uniquement la traction au sol.<br \/>\nLa m\u00e9thode BOGE est \u00e9galement moins sensible au type et la raideur de la suspension et \u00e0 la pression des pneus du v\u00e9hicule soumis \u00e0 l\u2019essai.<\/p>\n<h2>Rouleau de pr\u00e9sence de grand diam\u00e8tre<\/h2>\n<p><a class=\"cbox\" href=\"http:\/\/www.wsop.pl\/cnt\/upld\/2014\/10\/certus3-rolka_srodkowa1-cmyk.jpg\"><img loading=\"lazy\" decoding=\"async\" class=\"alignright size-thumbnail wp-image-4659\" src=\"http:\/\/www.wsop.pl\/cnt\/upld\/2014\/10\/certus3-rolka_srodkowa1-cmyk-205x130.jpg\" alt=\"certus3-rolka_srodkowa1-cmyk\" width=\"205\" height=\"130\" \/><\/a>Rouleau de pr\u00e9sence du banc d\u2019essai a un diam\u00e8tre plus grand afin d\u2019\u00e9viter le glissement incontr\u00f4l\u00e9 de la roue soumis \u00e0 l\u2019essai. Gr\u00e2ce \u00e0 ceci, l\u2019appareil r\u00e9agit plus vite au glissement de la roue pendant la mesure des forces de freinage.<\/p>\n<h2>Couverture des rouleaux<\/h2>\n<p><a class=\"cbox\" href=\"http:\/\/www.wsop.pl\/cnt\/upld\/2014\/10\/certus3-roller-coating.jpg\"><img loading=\"lazy\" decoding=\"async\" class=\"alignleft size-thumbnail wp-image-4661\" src=\"http:\/\/www.wsop.pl\/cnt\/upld\/2014\/10\/certus3-roller-coating-205x91.jpg\" alt=\"certus3-roller-coating\" width=\"205\" height=\"91\" \/><\/a>La durabilit\u00e9 de la couverture des rouleaux joue un r\u00f4le important dans le maintien de la pr\u00e9cision des essais, mais elle a \u00e9galement l\u2019importance esth\u00e9tique. Le mat\u00e9riel dont sont couverts les tourets pr\u00e9sente des propri\u00e9t\u00e9s m\u00e9caniques sup\u00e9rieures et une grande r\u00e9sistance \u00e0 l\u2019usure.<\/p>\n","protected":false},"excerpt":{"rendered":"<p>L\u2019objectif principal des constructeurs de la ligne CERTUS 3 \u00e9tait d\u2019obtenir une haute durabilit\u00e9 des appareils. \u00c0 cette fin ont \u00e9t\u00e9 s\u00e9lectionn\u00e9s avec soin les objectifs de construction et les param\u00e8tres des mat\u00e9riaux ainsi que la qualit\u00e9 des composants utilis\u00e9s. La partie m\u00e9canique ainsi ex\u00e9cut\u00e9e constitue un bon compl\u00e9ment des composants \u00e9lectroniques modernes. Structure solide [&hellip;]<\/p>\n","protected":false},"author":1,"featured_media":0,"parent":0,"menu_order":5,"comment_status":"closed","ping_status":"closed","template":"","meta":{"footnotes":""},"class_list":["post-6285","page","type-page","status-publish","hentry"],"yoast_head":"<!-- This site is optimized with the Yoast SEO plugin v26.9 - https:\/\/yoast.com\/product\/yoast-seo-wordpress\/ -->\n<title>CERTUS 3 \u2013 durabilit\u00e9 et qualit\u00e9 des solutions m\u00e9caniques - Certus 3<\/title>\n<meta name=\"robots\" content=\"index, follow, max-snippet:-1, max-image-preview:large, max-video-preview:-1\" \/>\n<link rel=\"canonical\" href=\"https:\/\/certustestlane.com\/fr\/certus-3-durabilite-et-qualite-des-solutions-mecaniques\/\" \/>\n<meta property=\"og:locale\" content=\"fr_FR\" \/>\n<meta property=\"og:type\" content=\"article\" \/>\n<meta property=\"og:title\" content=\"CERTUS 3 \u2013 durabilit\u00e9 et qualit\u00e9 des solutions m\u00e9caniques - Certus 3\" \/>\n<meta property=\"og:description\" content=\"L\u2019objectif principal des constructeurs de la ligne CERTUS 3 \u00e9tait d\u2019obtenir une haute durabilit\u00e9 des appareils. \u00c0 cette fin ont \u00e9t\u00e9 s\u00e9lectionn\u00e9s avec soin les objectifs de construction et les param\u00e8tres des mat\u00e9riaux ainsi que la qualit\u00e9 des composants utilis\u00e9s. La partie m\u00e9canique ainsi ex\u00e9cut\u00e9e constitue un bon compl\u00e9ment des composants \u00e9lectroniques modernes. Structure solide [&hellip;]\" \/>\n<meta property=\"og:url\" content=\"https:\/\/certustestlane.com\/fr\/certus-3-durabilite-et-qualite-des-solutions-mecaniques\/\" \/>\n<meta property=\"og:site_name\" content=\"Certus 3\" \/>\n<meta property=\"og:image\" content=\"http:\/\/www.wsop.pl\/cnt\/upld\/2014\/10\/certus3-rolki_hamulcowe-cmyk-205x102.jpg\" \/>\n<meta name=\"twitter:card\" content=\"summary_large_image\" \/>\n<meta name=\"twitter:label1\" content=\"Dur\u00e9e de lecture estim\u00e9e\" \/>\n\t<meta name=\"twitter:data1\" content=\"2 minutes\" \/>\n<script type=\"application\/ld+json\" class=\"yoast-schema-graph\">{\"@context\":\"https:\/\/schema.org\",\"@graph\":[{\"@type\":\"WebPage\",\"@id\":\"https:\/\/certustestlane.com\/fr\/certus-3-durabilite-et-qualite-des-solutions-mecaniques\/\",\"url\":\"https:\/\/certustestlane.com\/fr\/certus-3-durabilite-et-qualite-des-solutions-mecaniques\/\",\"name\":\"CERTUS 3 \u2013 durabilit\u00e9 et qualit\u00e9 des solutions m\u00e9caniques - Certus 3\",\"isPartOf\":{\"@id\":\"https:\/\/certustestlane.com\/#website\"},\"primaryImageOfPage\":{\"@id\":\"https:\/\/certustestlane.com\/fr\/certus-3-durabilite-et-qualite-des-solutions-mecaniques\/#primaryimage\"},\"image\":{\"@id\":\"https:\/\/certustestlane.com\/fr\/certus-3-durabilite-et-qualite-des-solutions-mecaniques\/#primaryimage\"},\"thumbnailUrl\":\"http:\/\/www.wsop.pl\/cnt\/upld\/2014\/10\/certus3-rolki_hamulcowe-cmyk-205x102.jpg\",\"datePublished\":\"2017-01-17T10:12:51+00:00\",\"breadcrumb\":{\"@id\":\"https:\/\/certustestlane.com\/fr\/certus-3-durabilite-et-qualite-des-solutions-mecaniques\/#breadcrumb\"},\"inLanguage\":\"fr-FR\",\"potentialAction\":[{\"@type\":\"ReadAction\",\"target\":[\"https:\/\/certustestlane.com\/fr\/certus-3-durabilite-et-qualite-des-solutions-mecaniques\/\"]}]},{\"@type\":\"ImageObject\",\"inLanguage\":\"fr-FR\",\"@id\":\"https:\/\/certustestlane.com\/fr\/certus-3-durabilite-et-qualite-des-solutions-mecaniques\/#primaryimage\",\"url\":\"http:\/\/www.wsop.pl\/cnt\/upld\/2014\/10\/certus3-rolki_hamulcowe-cmyk-205x102.jpg\",\"contentUrl\":\"http:\/\/www.wsop.pl\/cnt\/upld\/2014\/10\/certus3-rolki_hamulcowe-cmyk-205x102.jpg\"},{\"@type\":\"BreadcrumbList\",\"@id\":\"https:\/\/certustestlane.com\/fr\/certus-3-durabilite-et-qualite-des-solutions-mecaniques\/#breadcrumb\",\"itemListElement\":[{\"@type\":\"ListItem\",\"position\":1,\"name\":\"Home\",\"item\":\"https:\/\/certustestlane.com\/fr\/\"},{\"@type\":\"ListItem\",\"position\":2,\"name\":\"CERTUS 3 \u2013 durabilit\u00e9 et qualit\u00e9 des solutions m\u00e9caniques\"}]},{\"@type\":\"WebSite\",\"@id\":\"https:\/\/certustestlane.com\/#website\",\"url\":\"https:\/\/certustestlane.com\/\",\"name\":\"Certus 3\",\"description\":\"vehicle test lanes\",\"potentialAction\":[{\"@type\":\"SearchAction\",\"target\":{\"@type\":\"EntryPoint\",\"urlTemplate\":\"https:\/\/certustestlane.com\/?s={search_term_string}\"},\"query-input\":{\"@type\":\"PropertyValueSpecification\",\"valueRequired\":true,\"valueName\":\"search_term_string\"}}],\"inLanguage\":\"fr-FR\"}]}<\/script>\n<!-- \/ Yoast SEO plugin. -->","yoast_head_json":{"title":"CERTUS 3 \u2013 durabilit\u00e9 et qualit\u00e9 des solutions m\u00e9caniques - Certus 3","robots":{"index":"index","follow":"follow","max-snippet":"max-snippet:-1","max-image-preview":"max-image-preview:large","max-video-preview":"max-video-preview:-1"},"canonical":"https:\/\/certustestlane.com\/fr\/certus-3-durabilite-et-qualite-des-solutions-mecaniques\/","og_locale":"fr_FR","og_type":"article","og_title":"CERTUS 3 \u2013 durabilit\u00e9 et qualit\u00e9 des solutions m\u00e9caniques - Certus 3","og_description":"L\u2019objectif principal des constructeurs de la ligne CERTUS 3 \u00e9tait d\u2019obtenir une haute durabilit\u00e9 des appareils. \u00c0 cette fin ont \u00e9t\u00e9 s\u00e9lectionn\u00e9s avec soin les objectifs de construction et les param\u00e8tres des mat\u00e9riaux ainsi que la qualit\u00e9 des composants utilis\u00e9s. La partie m\u00e9canique ainsi ex\u00e9cut\u00e9e constitue un bon compl\u00e9ment des composants \u00e9lectroniques modernes. Structure solide [&hellip;]","og_url":"https:\/\/certustestlane.com\/fr\/certus-3-durabilite-et-qualite-des-solutions-mecaniques\/","og_site_name":"Certus 3","og_image":[{"url":"http:\/\/www.wsop.pl\/cnt\/upld\/2014\/10\/certus3-rolki_hamulcowe-cmyk-205x102.jpg","type":"","width":"","height":""}],"twitter_card":"summary_large_image","twitter_misc":{"Dur\u00e9e de lecture estim\u00e9e":"2 minutes"},"schema":{"@context":"https:\/\/schema.org","@graph":[{"@type":"WebPage","@id":"https:\/\/certustestlane.com\/fr\/certus-3-durabilite-et-qualite-des-solutions-mecaniques\/","url":"https:\/\/certustestlane.com\/fr\/certus-3-durabilite-et-qualite-des-solutions-mecaniques\/","name":"CERTUS 3 \u2013 durabilit\u00e9 et qualit\u00e9 des solutions m\u00e9caniques - Certus 3","isPartOf":{"@id":"https:\/\/certustestlane.com\/#website"},"primaryImageOfPage":{"@id":"https:\/\/certustestlane.com\/fr\/certus-3-durabilite-et-qualite-des-solutions-mecaniques\/#primaryimage"},"image":{"@id":"https:\/\/certustestlane.com\/fr\/certus-3-durabilite-et-qualite-des-solutions-mecaniques\/#primaryimage"},"thumbnailUrl":"http:\/\/www.wsop.pl\/cnt\/upld\/2014\/10\/certus3-rolki_hamulcowe-cmyk-205x102.jpg","datePublished":"2017-01-17T10:12:51+00:00","breadcrumb":{"@id":"https:\/\/certustestlane.com\/fr\/certus-3-durabilite-et-qualite-des-solutions-mecaniques\/#breadcrumb"},"inLanguage":"fr-FR","potentialAction":[{"@type":"ReadAction","target":["https:\/\/certustestlane.com\/fr\/certus-3-durabilite-et-qualite-des-solutions-mecaniques\/"]}]},{"@type":"ImageObject","inLanguage":"fr-FR","@id":"https:\/\/certustestlane.com\/fr\/certus-3-durabilite-et-qualite-des-solutions-mecaniques\/#primaryimage","url":"http:\/\/www.wsop.pl\/cnt\/upld\/2014\/10\/certus3-rolki_hamulcowe-cmyk-205x102.jpg","contentUrl":"http:\/\/www.wsop.pl\/cnt\/upld\/2014\/10\/certus3-rolki_hamulcowe-cmyk-205x102.jpg"},{"@type":"BreadcrumbList","@id":"https:\/\/certustestlane.com\/fr\/certus-3-durabilite-et-qualite-des-solutions-mecaniques\/#breadcrumb","itemListElement":[{"@type":"ListItem","position":1,"name":"Home","item":"https:\/\/certustestlane.com\/fr\/"},{"@type":"ListItem","position":2,"name":"CERTUS 3 \u2013 durabilit\u00e9 et qualit\u00e9 des solutions m\u00e9caniques"}]},{"@type":"WebSite","@id":"https:\/\/certustestlane.com\/#website","url":"https:\/\/certustestlane.com\/","name":"Certus 3","description":"vehicle test lanes","potentialAction":[{"@type":"SearchAction","target":{"@type":"EntryPoint","urlTemplate":"https:\/\/certustestlane.com\/?s={search_term_string}"},"query-input":{"@type":"PropertyValueSpecification","valueRequired":true,"valueName":"search_term_string"}}],"inLanguage":"fr-FR"}]}},"_links":{"self":[{"href":"https:\/\/certustestlane.com\/fr\/wp-json\/wp\/v2\/pages\/6285","targetHints":{"allow":["GET"]}}],"collection":[{"href":"https:\/\/certustestlane.com\/fr\/wp-json\/wp\/v2\/pages"}],"about":[{"href":"https:\/\/certustestlane.com\/fr\/wp-json\/wp\/v2\/types\/page"}],"author":[{"embeddable":true,"href":"https:\/\/certustestlane.com\/fr\/wp-json\/wp\/v2\/users\/1"}],"replies":[{"embeddable":true,"href":"https:\/\/certustestlane.com\/fr\/wp-json\/wp\/v2\/comments?post=6285"}],"version-history":[{"count":0,"href":"https:\/\/certustestlane.com\/fr\/wp-json\/wp\/v2\/pages\/6285\/revisions"}],"wp:attachment":[{"href":"https:\/\/certustestlane.com\/fr\/wp-json\/wp\/v2\/media?parent=6285"}],"curies":[{"name":"wp","href":"https:\/\/api.w.org\/{rel}","templated":true}]}}