{"id":6289,"date":"2017-01-17T10:45:22","date_gmt":"2017-01-17T10:45:22","guid":{"rendered":"http:\/\/certustestlane.com\/?page_id=6289\/"},"modified":"2017-08-22T12:09:00","modified_gmt":"2017-08-22T12:09:00","slug":"we-are-looking-for-distributors","status":"publish","type":"page","link":"https:\/\/certustestlane.com\/fr\/we-are-looking-for-distributors\/","title":{"rendered":"Nous recherchons des distributeurs dans le monde entier"},"content":{"rendered":"<p><strong>Si tu cherches un produit \u00e9prouv\u00e9 pour ton offre, \u00e7a\u00a0tombe bien, parce que nous cherchons des distributeurs de la ligne diagnostic CERTUS que nous fabriquons.<\/strong><\/p>\n<p>Notre entreprise a acquis une riche exp\u00e9rience concernant la coop\u00e9ration avec beaucoup de fabricants \u00e9trangers et nous savons bien quel est le soutien dont a besoin un distributeur. Nous souhaitons aider les distributeurs dans la construction de leur succ\u00e8s et nous sommes ax\u00e9s sur la cr\u00e9ation des relations commerciales qui dureront plusieurs ann\u00e9es.<\/p>\n<h2>Nous offrons :<\/h2>\n<ul>\n<li>Un mat\u00e9riel \u00e9prouv\u00e9, solide et moderne,<\/li>\n<li>La volont\u00e9 de d\u00e9velopper le mat\u00e9riel pour les besoins de march\u00e9s locaux,<\/li>\n<li>Un syst\u00e8me de connexion en ligne avec le mat\u00e9riel en fonctionnement (une hotline pour le distributeur),<\/li>\n<li>La formation du personnel commercial et technique,<\/li>\n<li>Le soutien \u00e0 chaque \u00e9tape de coop\u00e9ration.<\/li>\n<\/ul>\n<h2>Personne de contact :<\/h2>\n<p><strong>Tomasz Wasylewicz<\/strong><br \/>\nt\u00e9l. +48 32\u00a0332 49 30 \/ portable +48 660 495\u00a0287<br \/>\ne-mail: <a href=\"&#x6d;&#x61;&#x69;&#108;&#116;o:&#x69;&#x6e;&#x66;&#111;&#64;ws&#x6f;&#x70;&#x2e;&#112;&#108;\">info [at] wsop.pl<\/a> \/ <a href=\"&#x6d;a&#x69;&#108;t&#x6f;&#58;&#x74;&#46;w&#x61;&#115;&#x79;&#108;e&#x77;&#105;&#x63;&#x7a;&#64;&#x77;&#115;o&#x70;&#46;&#x70;&#108;\">t.wasylewicz [at] wsop.pl<\/a><\/p>\n","protected":false},"excerpt":{"rendered":"<p>Si tu cherches un produit \u00e9prouv\u00e9 pour ton offre, \u00e7a\u00a0tombe bien, parce que nous cherchons des distributeurs de la ligne diagnostic CERTUS que nous fabriquons. Notre entreprise a acquis une riche exp\u00e9rience concernant la coop\u00e9ration avec beaucoup de fabricants \u00e9trangers et nous savons bien quel est le soutien dont a besoin un distributeur. Nous souhaitons [&hellip;]<\/p>\n","protected":false},"author":1,"featured_media":0,"parent":0,"menu_order":9,"comment_status":"closed","ping_status":"closed","template":"","meta":{"footnotes":""},"class_list":["post-6289","page","type-page","status-publish","hentry"],"yoast_head":"<!-- This site is optimized with the Yoast SEO plugin v26.9 - https:\/\/yoast.com\/product\/yoast-seo-wordpress\/ -->\n<title>Nous recherchons des distributeurs dans le monde entier - Certus 3<\/title>\n<meta name=\"robots\" content=\"index, follow, max-snippet:-1, max-image-preview:large, max-video-preview:-1\" \/>\n<link rel=\"canonical\" href=\"https:\/\/certustestlane.com\/fr\/we-are-looking-for-distributors\/\" \/>\n<meta property=\"og:locale\" content=\"fr_FR\" \/>\n<meta property=\"og:type\" content=\"article\" \/>\n<meta property=\"og:title\" content=\"Nous recherchons des distributeurs dans le monde entier - Certus 3\" \/>\n<meta property=\"og:description\" content=\"Si tu cherches un produit \u00e9prouv\u00e9 pour ton offre, \u00e7a\u00a0tombe bien, parce que nous cherchons des distributeurs de la ligne diagnostic CERTUS que nous fabriquons. Notre entreprise a acquis une riche exp\u00e9rience concernant la coop\u00e9ration avec beaucoup de fabricants \u00e9trangers et nous savons bien quel est le soutien dont a besoin un distributeur. Nous souhaitons [&hellip;]\" \/>\n<meta property=\"og:url\" content=\"https:\/\/certustestlane.com\/fr\/we-are-looking-for-distributors\/\" \/>\n<meta property=\"og:site_name\" content=\"Certus 3\" \/>\n<meta property=\"article:modified_time\" content=\"2017-08-22T12:09:00+00:00\" \/>\n<meta name=\"twitter:card\" content=\"summary_large_image\" \/>\n<meta name=\"twitter:label1\" content=\"Dur\u00e9e de lecture estim\u00e9e\" \/>\n\t<meta name=\"twitter:data1\" content=\"1 minute\" \/>\n<script type=\"application\/ld+json\" class=\"yoast-schema-graph\">{\"@context\":\"https:\/\/schema.org\",\"@graph\":[{\"@type\":\"WebPage\",\"@id\":\"https:\/\/certustestlane.com\/fr\/we-are-looking-for-distributors\/\",\"url\":\"https:\/\/certustestlane.com\/fr\/we-are-looking-for-distributors\/\",\"name\":\"Nous recherchons des distributeurs dans le monde entier - Certus 3\",\"isPartOf\":{\"@id\":\"https:\/\/certustestlane.com\/#website\"},\"datePublished\":\"2017-01-17T10:45:22+00:00\",\"dateModified\":\"2017-08-22T12:09:00+00:00\",\"breadcrumb\":{\"@id\":\"https:\/\/certustestlane.com\/fr\/we-are-looking-for-distributors\/#breadcrumb\"},\"inLanguage\":\"fr-FR\",\"potentialAction\":[{\"@type\":\"ReadAction\",\"target\":[\"https:\/\/certustestlane.com\/fr\/we-are-looking-for-distributors\/\"]}]},{\"@type\":\"BreadcrumbList\",\"@id\":\"https:\/\/certustestlane.com\/fr\/we-are-looking-for-distributors\/#breadcrumb\",\"itemListElement\":[{\"@type\":\"ListItem\",\"position\":1,\"name\":\"Home\",\"item\":\"https:\/\/certustestlane.com\/fr\/\"},{\"@type\":\"ListItem\",\"position\":2,\"name\":\"Nous recherchons des distributeurs dans le monde entier\"}]},{\"@type\":\"WebSite\",\"@id\":\"https:\/\/certustestlane.com\/#website\",\"url\":\"https:\/\/certustestlane.com\/\",\"name\":\"Certus 3\",\"description\":\"vehicle test lanes\",\"potentialAction\":[{\"@type\":\"SearchAction\",\"target\":{\"@type\":\"EntryPoint\",\"urlTemplate\":\"https:\/\/certustestlane.com\/?s={search_term_string}\"},\"query-input\":{\"@type\":\"PropertyValueSpecification\",\"valueRequired\":true,\"valueName\":\"search_term_string\"}}],\"inLanguage\":\"fr-FR\"}]}<\/script>\n<!-- \/ Yoast SEO plugin. -->","yoast_head_json":{"title":"Nous recherchons des distributeurs dans le monde entier - Certus 3","robots":{"index":"index","follow":"follow","max-snippet":"max-snippet:-1","max-image-preview":"max-image-preview:large","max-video-preview":"max-video-preview:-1"},"canonical":"https:\/\/certustestlane.com\/fr\/we-are-looking-for-distributors\/","og_locale":"fr_FR","og_type":"article","og_title":"Nous recherchons des distributeurs dans le monde entier - Certus 3","og_description":"Si tu cherches un produit \u00e9prouv\u00e9 pour ton offre, \u00e7a\u00a0tombe bien, parce que nous cherchons des distributeurs de la ligne diagnostic CERTUS que nous fabriquons. Notre entreprise a acquis une riche exp\u00e9rience concernant la coop\u00e9ration avec beaucoup de fabricants \u00e9trangers et nous savons bien quel est le soutien dont a besoin un distributeur. Nous souhaitons [&hellip;]","og_url":"https:\/\/certustestlane.com\/fr\/we-are-looking-for-distributors\/","og_site_name":"Certus 3","article_modified_time":"2017-08-22T12:09:00+00:00","twitter_card":"summary_large_image","twitter_misc":{"Dur\u00e9e de lecture estim\u00e9e":"1 minute"},"schema":{"@context":"https:\/\/schema.org","@graph":[{"@type":"WebPage","@id":"https:\/\/certustestlane.com\/fr\/we-are-looking-for-distributors\/","url":"https:\/\/certustestlane.com\/fr\/we-are-looking-for-distributors\/","name":"Nous recherchons des distributeurs dans le monde entier - Certus 3","isPartOf":{"@id":"https:\/\/certustestlane.com\/#website"},"datePublished":"2017-01-17T10:45:22+00:00","dateModified":"2017-08-22T12:09:00+00:00","breadcrumb":{"@id":"https:\/\/certustestlane.com\/fr\/we-are-looking-for-distributors\/#breadcrumb"},"inLanguage":"fr-FR","potentialAction":[{"@type":"ReadAction","target":["https:\/\/certustestlane.com\/fr\/we-are-looking-for-distributors\/"]}]},{"@type":"BreadcrumbList","@id":"https:\/\/certustestlane.com\/fr\/we-are-looking-for-distributors\/#breadcrumb","itemListElement":[{"@type":"ListItem","position":1,"name":"Home","item":"https:\/\/certustestlane.com\/fr\/"},{"@type":"ListItem","position":2,"name":"Nous recherchons des distributeurs dans le monde entier"}]},{"@type":"WebSite","@id":"https:\/\/certustestlane.com\/#website","url":"https:\/\/certustestlane.com\/","name":"Certus 3","description":"vehicle test lanes","potentialAction":[{"@type":"SearchAction","target":{"@type":"EntryPoint","urlTemplate":"https:\/\/certustestlane.com\/?s={search_term_string}"},"query-input":{"@type":"PropertyValueSpecification","valueRequired":true,"valueName":"search_term_string"}}],"inLanguage":"fr-FR"}]}},"_links":{"self":[{"href":"https:\/\/certustestlane.com\/fr\/wp-json\/wp\/v2\/pages\/6289","targetHints":{"allow":["GET"]}}],"collection":[{"href":"https:\/\/certustestlane.com\/fr\/wp-json\/wp\/v2\/pages"}],"about":[{"href":"https:\/\/certustestlane.com\/fr\/wp-json\/wp\/v2\/types\/page"}],"author":[{"embeddable":true,"href":"https:\/\/certustestlane.com\/fr\/wp-json\/wp\/v2\/users\/1"}],"replies":[{"embeddable":true,"href":"https:\/\/certustestlane.com\/fr\/wp-json\/wp\/v2\/comments?post=6289"}],"version-history":[{"count":0,"href":"https:\/\/certustestlane.com\/fr\/wp-json\/wp\/v2\/pages\/6289\/revisions"}],"wp:attachment":[{"href":"https:\/\/certustestlane.com\/fr\/wp-json\/wp\/v2\/media?parent=6289"}],"curies":[{"name":"wp","href":"https:\/\/api.w.org\/{rel}","templated":true}]}}