{"id":6290,"date":"2017-01-17T10:45:26","date_gmt":"2017-01-17T10:45:26","guid":{"rendered":"http:\/\/certustestlane.com\/?page_id=6290\/"},"modified":"2017-01-19T11:57:26","modified_gmt":"2017-01-19T11:57:26","slug":"about-wsop","status":"publish","type":"page","link":"https:\/\/certustestlane.com\/fr\/about-wsop\/","title":{"rendered":"Sur WSOP"},"content":{"rendered":"<p class=\"lead\">WSOP Sp. z o.o.<\/p>\n<p><strong>WSOP est un fabricant de la ligne de diagnostic CERTUS, premier acteur dans le domaine de l\u2019\u00e9quipement de centres de contr\u00f4le des v\u00e9hicules en Pologne. L\u2019entreprise existe depuis 1994. D\u00e8s lors, nous avons \u00e9quip\u00e9 plus de 1900 centres de contr\u00f4le et plusieurs centaines de garages.<\/strong><\/p>\n<a class=\"cbox\" href=\"http:\/\/www.wsop.pl\/cnt\/upld\/2014\/10\/certus3-can-connection.jpg\"><img loading=\"lazy\" decoding=\"async\" class=\"alignnone wp-image-4683 size-large\" src=\"http:\/\/www.wsop.pl\/cnt\/upld\/2014\/10\/certus3-can-connection-1024x452.jpg\" sizes=\"auto, (max-width: 1024px) 100vw, 1024px\" srcset=\"http:\/\/www.wsop.pl\/cnt\/upld\/2014\/10\/certus3-can-connection-1024x452.jpg 1024w, http:\/\/www.wsop.pl\/cnt\/upld\/2014\/10\/certus3-can-connection-205x90.jpg 205w, http:\/\/www.wsop.pl\/cnt\/upld\/2014\/10\/certus3-can-connection-300x132.jpg 300w, http:\/\/www.wsop.pl\/cnt\/upld\/2014\/10\/certus3-can-connection.jpg 1280w\" alt=\"certus3-can-connection\" width=\"1024\" height=\"452\" \/><\/a>\n<p>Nous sommes fabricant mais nous avons \u00e9galement acquis beaucoup d\u2019exp\u00e9rience comme distributeur de lignes de diagnostic d\u2019autres fabricants. Fort d&rsquo;une\u00a0exp\u00e9rience\u00a0de\u00a0plusieurs ann\u00e9es nous avons cr\u00e9e notre propre produit sous la marque CERTUS, que nous d\u00e9veloppons constamment.<\/p>\n<p>Nous fabriquons :<\/p>\n<ul>\n<li>Des lignes de diagnostic compl\u00e8tes (pour des voitures particuli\u00e8res, utilitaire et dans la version universelle),<\/li>\n<li>Rouleaux de freinage,<\/li>\n<li>Testeurs pour l\u2019essai d\u2019amortisseurs,<\/li>\n<li>Plaques de convergence.<\/li>\n<\/ul>\n<p>La ligne de diagnostic CERTUS est utilis\u00e9e pour effectuer le diagnostic de l\u2019\u00e9tat technique de v\u00e9hicules. Elle est munie de certificats requis par la loi en vigueur qui permettent leur utilisation par les centre de contr\u00f4le technique polonais.<\/p>\n<p><a class=\"cbox\" href=\"http:\/\/www.wsop.pl\/cnt\/upld\/2010\/01\/bmw-katowice.jpg\"><img loading=\"lazy\" decoding=\"async\" class=\"alignleft wp-image-4573 size-thumbnail\" src=\"http:\/\/www.wsop.pl\/cnt\/upld\/2010\/01\/bmw-katowice-205x120.jpg\" sizes=\"auto, (max-width: 205px) 100vw, 205px\" srcset=\"http:\/\/www.wsop.pl\/cnt\/upld\/2010\/01\/bmw-katowice-205x120.jpg 205w, http:\/\/www.wsop.pl\/cnt\/upld\/2010\/01\/bmw-katowice-300x176.jpg 300w, http:\/\/www.wsop.pl\/cnt\/upld\/2010\/01\/bmw-katowice-1024x604.jpg 1024w, http:\/\/www.wsop.pl\/cnt\/upld\/2010\/01\/bmw-katowice.jpg 1280w\" alt=\"bmw-katowice\" width=\"205\" height=\"120\" \/><\/a>CERTUS travaille \u00e9galement dans des garages (notamment chez les concessionnaires tels que BMW, MAN, Skoda, Seat et autres) en servant d\u2019outil pour le diagnostic du v\u00e9hicule avant son acceptation \u00e0 la r\u00e9paration.<\/p>\n<p>Par ailleurs, la ligne de diagnostic CERTUS est utilis\u00e9e par les \u00e9tablissements de recherche et de d\u00e9veloppement (p.ex. l\u2019\u00c9cole polytechnique de Sil\u00e9sie) en tant qu\u2019outil sp\u00e9cialis\u00e9 de diagnostic complet de v\u00e9hicules.<\/p>\n<p>Nous cr\u00e9ons avec nos clients des relations commerciales qui durent plusieurs ann\u00e9es. Nous offrons des services de garantie et d\u2019apr\u00e8s-garantie ainsi que le soutien technique continu.<\/p>\n<p>Au stade de l\u2019investissement, nous offrons l\u2019assistance d\u2019un conseiller\u00a0client\u00e8le\u00a0d\u00e9di\u00e9 et nous fournissons les projets technologiques et architectoniques complets.<\/p>\n<a class=\"cbox\" href=\"http:\/\/www.wsop.pl\/cnt\/upld\/2013\/11\/Panorama51.jpg\"><img loading=\"lazy\" decoding=\"async\" class=\"alignnone wp-image-4265 size-full\" src=\"http:\/\/www.wsop.pl\/cnt\/upld\/2013\/11\/Panorama51.jpg\" sizes=\"auto, (max-width: 1024px) 100vw, 1024px\" srcset=\"http:\/\/www.wsop.pl\/cnt\/upld\/2013\/11\/Panorama51.jpg 1024w, http:\/\/www.wsop.pl\/cnt\/upld\/2013\/11\/Panorama51-205x119.jpg 205w, http:\/\/www.wsop.pl\/cnt\/upld\/2013\/11\/Panorama51-300x174.jpg 300w\" alt=\"Panorama51\" width=\"1024\" height=\"597\" \/><\/a>\n","protected":false},"excerpt":{"rendered":"<p>WSOP Sp. z o.o. WSOP est un fabricant de la ligne de diagnostic CERTUS, premier acteur dans le domaine de l\u2019\u00e9quipement de centres de contr\u00f4le des v\u00e9hicules en Pologne. L\u2019entreprise existe depuis 1994. D\u00e8s lors, nous avons \u00e9quip\u00e9 plus de 1900 centres de contr\u00f4le et plusieurs centaines de garages. Nous sommes fabricant mais nous avons [&hellip;]<\/p>\n","protected":false},"author":1,"featured_media":0,"parent":0,"menu_order":10,"comment_status":"closed","ping_status":"closed","template":"","meta":{"footnotes":""},"class_list":["post-6290","page","type-page","status-publish","hentry"],"yoast_head":"<!-- This site is optimized with the Yoast SEO plugin v26.9 - https:\/\/yoast.com\/product\/yoast-seo-wordpress\/ -->\n<title>Sur WSOP - Certus 3<\/title>\n<meta name=\"robots\" content=\"index, follow, max-snippet:-1, max-image-preview:large, max-video-preview:-1\" \/>\n<link rel=\"canonical\" href=\"https:\/\/certustestlane.com\/fr\/about-wsop\/\" \/>\n<meta property=\"og:locale\" content=\"fr_FR\" \/>\n<meta property=\"og:type\" content=\"article\" \/>\n<meta property=\"og:title\" content=\"Sur WSOP - Certus 3\" \/>\n<meta property=\"og:description\" content=\"WSOP Sp. z o.o. WSOP est un fabricant de la ligne de diagnostic CERTUS, premier acteur dans le domaine de l\u2019\u00e9quipement de centres de contr\u00f4le des v\u00e9hicules en Pologne. L\u2019entreprise existe depuis 1994. D\u00e8s lors, nous avons \u00e9quip\u00e9 plus de 1900 centres de contr\u00f4le et plusieurs centaines de garages. Nous sommes fabricant mais nous avons [&hellip;]\" \/>\n<meta property=\"og:url\" content=\"https:\/\/certustestlane.com\/fr\/about-wsop\/\" \/>\n<meta property=\"og:site_name\" content=\"Certus 3\" \/>\n<meta property=\"article:modified_time\" content=\"2017-01-19T11:57:26+00:00\" \/>\n<meta property=\"og:image\" content=\"http:\/\/www.wsop.pl\/cnt\/upld\/2014\/10\/certus3-can-connection-1024x452.jpg\" \/>\n<meta name=\"twitter:card\" content=\"summary_large_image\" \/>\n<meta name=\"twitter:label1\" content=\"Dur\u00e9e de lecture estim\u00e9e\" \/>\n\t<meta name=\"twitter:data1\" content=\"2 minutes\" \/>\n<script type=\"application\/ld+json\" class=\"yoast-schema-graph\">{\"@context\":\"https:\/\/schema.org\",\"@graph\":[{\"@type\":\"WebPage\",\"@id\":\"https:\/\/certustestlane.com\/fr\/about-wsop\/\",\"url\":\"https:\/\/certustestlane.com\/fr\/about-wsop\/\",\"name\":\"Sur WSOP - Certus 3\",\"isPartOf\":{\"@id\":\"https:\/\/certustestlane.com\/#website\"},\"primaryImageOfPage\":{\"@id\":\"https:\/\/certustestlane.com\/fr\/about-wsop\/#primaryimage\"},\"image\":{\"@id\":\"https:\/\/certustestlane.com\/fr\/about-wsop\/#primaryimage\"},\"thumbnailUrl\":\"http:\/\/www.wsop.pl\/cnt\/upld\/2014\/10\/certus3-can-connection-1024x452.jpg\",\"datePublished\":\"2017-01-17T10:45:26+00:00\",\"dateModified\":\"2017-01-19T11:57:26+00:00\",\"breadcrumb\":{\"@id\":\"https:\/\/certustestlane.com\/fr\/about-wsop\/#breadcrumb\"},\"inLanguage\":\"fr-FR\",\"potentialAction\":[{\"@type\":\"ReadAction\",\"target\":[\"https:\/\/certustestlane.com\/fr\/about-wsop\/\"]}]},{\"@type\":\"ImageObject\",\"inLanguage\":\"fr-FR\",\"@id\":\"https:\/\/certustestlane.com\/fr\/about-wsop\/#primaryimage\",\"url\":\"http:\/\/www.wsop.pl\/cnt\/upld\/2014\/10\/certus3-can-connection-1024x452.jpg\",\"contentUrl\":\"http:\/\/www.wsop.pl\/cnt\/upld\/2014\/10\/certus3-can-connection-1024x452.jpg\"},{\"@type\":\"BreadcrumbList\",\"@id\":\"https:\/\/certustestlane.com\/fr\/about-wsop\/#breadcrumb\",\"itemListElement\":[{\"@type\":\"ListItem\",\"position\":1,\"name\":\"Home\",\"item\":\"https:\/\/certustestlane.com\/fr\/\"},{\"@type\":\"ListItem\",\"position\":2,\"name\":\"Sur WSOP\"}]},{\"@type\":\"WebSite\",\"@id\":\"https:\/\/certustestlane.com\/#website\",\"url\":\"https:\/\/certustestlane.com\/\",\"name\":\"Certus 3\",\"description\":\"vehicle test lanes\",\"potentialAction\":[{\"@type\":\"SearchAction\",\"target\":{\"@type\":\"EntryPoint\",\"urlTemplate\":\"https:\/\/certustestlane.com\/?s={search_term_string}\"},\"query-input\":{\"@type\":\"PropertyValueSpecification\",\"valueRequired\":true,\"valueName\":\"search_term_string\"}}],\"inLanguage\":\"fr-FR\"}]}<\/script>\n<!-- \/ Yoast SEO plugin. -->","yoast_head_json":{"title":"Sur WSOP - Certus 3","robots":{"index":"index","follow":"follow","max-snippet":"max-snippet:-1","max-image-preview":"max-image-preview:large","max-video-preview":"max-video-preview:-1"},"canonical":"https:\/\/certustestlane.com\/fr\/about-wsop\/","og_locale":"fr_FR","og_type":"article","og_title":"Sur WSOP - Certus 3","og_description":"WSOP Sp. z o.o. WSOP est un fabricant de la ligne de diagnostic CERTUS, premier acteur dans le domaine de l\u2019\u00e9quipement de centres de contr\u00f4le des v\u00e9hicules en Pologne. L\u2019entreprise existe depuis 1994. D\u00e8s lors, nous avons \u00e9quip\u00e9 plus de 1900 centres de contr\u00f4le et plusieurs centaines de garages. Nous sommes fabricant mais nous avons [&hellip;]","og_url":"https:\/\/certustestlane.com\/fr\/about-wsop\/","og_site_name":"Certus 3","article_modified_time":"2017-01-19T11:57:26+00:00","og_image":[{"url":"http:\/\/www.wsop.pl\/cnt\/upld\/2014\/10\/certus3-can-connection-1024x452.jpg","type":"","width":"","height":""}],"twitter_card":"summary_large_image","twitter_misc":{"Dur\u00e9e de lecture estim\u00e9e":"2 minutes"},"schema":{"@context":"https:\/\/schema.org","@graph":[{"@type":"WebPage","@id":"https:\/\/certustestlane.com\/fr\/about-wsop\/","url":"https:\/\/certustestlane.com\/fr\/about-wsop\/","name":"Sur WSOP - Certus 3","isPartOf":{"@id":"https:\/\/certustestlane.com\/#website"},"primaryImageOfPage":{"@id":"https:\/\/certustestlane.com\/fr\/about-wsop\/#primaryimage"},"image":{"@id":"https:\/\/certustestlane.com\/fr\/about-wsop\/#primaryimage"},"thumbnailUrl":"http:\/\/www.wsop.pl\/cnt\/upld\/2014\/10\/certus3-can-connection-1024x452.jpg","datePublished":"2017-01-17T10:45:26+00:00","dateModified":"2017-01-19T11:57:26+00:00","breadcrumb":{"@id":"https:\/\/certustestlane.com\/fr\/about-wsop\/#breadcrumb"},"inLanguage":"fr-FR","potentialAction":[{"@type":"ReadAction","target":["https:\/\/certustestlane.com\/fr\/about-wsop\/"]}]},{"@type":"ImageObject","inLanguage":"fr-FR","@id":"https:\/\/certustestlane.com\/fr\/about-wsop\/#primaryimage","url":"http:\/\/www.wsop.pl\/cnt\/upld\/2014\/10\/certus3-can-connection-1024x452.jpg","contentUrl":"http:\/\/www.wsop.pl\/cnt\/upld\/2014\/10\/certus3-can-connection-1024x452.jpg"},{"@type":"BreadcrumbList","@id":"https:\/\/certustestlane.com\/fr\/about-wsop\/#breadcrumb","itemListElement":[{"@type":"ListItem","position":1,"name":"Home","item":"https:\/\/certustestlane.com\/fr\/"},{"@type":"ListItem","position":2,"name":"Sur WSOP"}]},{"@type":"WebSite","@id":"https:\/\/certustestlane.com\/#website","url":"https:\/\/certustestlane.com\/","name":"Certus 3","description":"vehicle test lanes","potentialAction":[{"@type":"SearchAction","target":{"@type":"EntryPoint","urlTemplate":"https:\/\/certustestlane.com\/?s={search_term_string}"},"query-input":{"@type":"PropertyValueSpecification","valueRequired":true,"valueName":"search_term_string"}}],"inLanguage":"fr-FR"}]}},"_links":{"self":[{"href":"https:\/\/certustestlane.com\/fr\/wp-json\/wp\/v2\/pages\/6290","targetHints":{"allow":["GET"]}}],"collection":[{"href":"https:\/\/certustestlane.com\/fr\/wp-json\/wp\/v2\/pages"}],"about":[{"href":"https:\/\/certustestlane.com\/fr\/wp-json\/wp\/v2\/types\/page"}],"author":[{"embeddable":true,"href":"https:\/\/certustestlane.com\/fr\/wp-json\/wp\/v2\/users\/1"}],"replies":[{"embeddable":true,"href":"https:\/\/certustestlane.com\/fr\/wp-json\/wp\/v2\/comments?post=6290"}],"version-history":[{"count":0,"href":"https:\/\/certustestlane.com\/fr\/wp-json\/wp\/v2\/pages\/6290\/revisions"}],"wp:attachment":[{"href":"https:\/\/certustestlane.com\/fr\/wp-json\/wp\/v2\/media?parent=6290"}],"curies":[{"name":"wp","href":"https:\/\/api.w.org\/{rel}","templated":true}]}}