{"id":6869,"date":"2023-08-18T06:39:42","date_gmt":"2023-08-18T06:39:42","guid":{"rendered":"https:\/\/certustestlane.com\/?page_id=6869"},"modified":"2023-08-18T06:39:42","modified_gmt":"2023-08-18T06:39:42","slug":"wybrane-etapy-produkcji-rzut-oka-na-hale-produkcyjna","status":"publish","type":"page","link":"https:\/\/certustestlane.com\/pl\/wybrane-etapy-produkcji-rzut-oka-na-hale-produkcyjna\/","title":{"rendered":"Wybrane etapy produkcji (rzut oka na hal\u0119 produkcyjn\u0105)"},"content":{"rendered":"<p><strong>Ka\u017cdy etap procesu produkcyjnego wykonywany jest z dba\u0142o\u015bci\u0105 o detale. Pracownicy dzia\u0142u produkcji maj\u0105 du\u017ce do\u015bwiadczenie zawodowe, s\u0105 regularnie szkoleni i dysponuj\u0105 nowoczesnym sprz\u0119tem renomowanych producent\u00f3w.<\/strong><\/p>\n<figure class=\"wp-block-image alignleft\"><a class=\"cbox\" href=\"https:\/\/certustestlane.com\/cnt\/upld\/2023\/08\/zdj-1-Spawalnia-300x200.jpg\"><img loading=\"lazy\" decoding=\"async\" class=\"alignnone wp-image-6819\" src=\"https:\/\/certustestlane.com\/cnt\/upld\/2023\/08\/zdj-1-Spawalnia-300x200.jpg\" alt=\"\" width=\"200\" height=\"133\" srcset=\"https:\/\/certustestlane.com\/cnt\/upld\/2023\/08\/zdj-1-Spawalnia-300x200.jpg 300w, https:\/\/certustestlane.com\/cnt\/upld\/2023\/08\/zdj-1-Spawalnia-1024x683.jpg 1024w, https:\/\/certustestlane.com\/cnt\/upld\/2023\/08\/zdj-1-Spawalnia-768x512.jpg 768w, https:\/\/certustestlane.com\/cnt\/upld\/2023\/08\/zdj-1-Spawalnia-272x182.jpg 272w, https:\/\/certustestlane.com\/cnt\/upld\/2023\/08\/zdj-1-Spawalnia.jpg 1200w\" sizes=\"auto, (max-width: 200px) 100vw, 200px\" \/><\/a><\/figure>\n<p>Wyci\u0119te i uformowane elementy z blach i profili stalowych trafiaj\u0105 na stanowiska spawalnicze, gdzie s\u0105 kontrolowane, a nast\u0119pnie precyzyjnie dopasowane i zespawane. U\u017cywamy nowoczesnych spawarek pozwalaj\u0105cych na spawanie element\u00f3w o r\u00f3\u017cnych kszta\u0142tach i grubo\u015bci.<\/p>\n<figure class=\"wp-block-image alignright\"><a class=\"cbox\" href=\"https:\/\/certustestlane.com\/cnt\/upld\/2023\/08\/zdj-2-Przygotowanie-powierzchni-do-malowania-300x200.jpg\"><img loading=\"lazy\" decoding=\"async\" class=\"alignnone wp-image-6827\" src=\"https:\/\/certustestlane.com\/cnt\/upld\/2023\/08\/zdj-2-Przygotowanie-powierzchni-do-malowania-300x200.jpg\" alt=\"\" width=\"200\" height=\"133\" srcset=\"https:\/\/certustestlane.com\/cnt\/upld\/2023\/08\/zdj-2-Przygotowanie-powierzchni-do-malowania-300x200.jpg 300w, https:\/\/certustestlane.com\/cnt\/upld\/2023\/08\/zdj-2-Przygotowanie-powierzchni-do-malowania-1024x683.jpg 1024w, https:\/\/certustestlane.com\/cnt\/upld\/2023\/08\/zdj-2-Przygotowanie-powierzchni-do-malowania-768x512.jpg 768w, https:\/\/certustestlane.com\/cnt\/upld\/2023\/08\/zdj-2-Przygotowanie-powierzchni-do-malowania-272x182.jpg 272w, https:\/\/certustestlane.com\/cnt\/upld\/2023\/08\/zdj-2-Przygotowanie-powierzchni-do-malowania.jpg 1200w\" sizes=\"auto, (max-width: 200px) 100vw, 200px\" \/><\/a><\/figure>\n<p>Zespawane korpusy urz\u0105dze\u0144 trafiaj\u0105 albo do ocynku ogniowego, albo do naszej malarni proszkowej. Na pocz\u0105tku powierzchnia nowych element\u00f3w jest przygotowywana chemicznie w procesie fosforanowania.<\/p>\n<figure class=\"wp-block-image alignleft\"><a class=\"cbox\" href=\"https:\/\/certustestlane.com\/cnt\/upld\/2023\/08\/Zdj-3-Nakladanie-proszku-aplikatorem-300x200.jpg\"><img loading=\"lazy\" decoding=\"async\" class=\"alignnone wp-image-6834\" src=\"https:\/\/certustestlane.com\/cnt\/upld\/2023\/08\/Zdj-3-Nakladanie-proszku-aplikatorem-300x200.jpg\" alt=\"\" width=\"200\" height=\"133\" srcset=\"https:\/\/certustestlane.com\/cnt\/upld\/2023\/08\/Zdj-3-Nakladanie-proszku-aplikatorem-300x200.jpg 300w, https:\/\/certustestlane.com\/cnt\/upld\/2023\/08\/Zdj-3-Nakladanie-proszku-aplikatorem-1024x683.jpg 1024w, https:\/\/certustestlane.com\/cnt\/upld\/2023\/08\/Zdj-3-Nakladanie-proszku-aplikatorem-768x512.jpg 768w, https:\/\/certustestlane.com\/cnt\/upld\/2023\/08\/Zdj-3-Nakladanie-proszku-aplikatorem-272x182.jpg 272w, https:\/\/certustestlane.com\/cnt\/upld\/2023\/08\/Zdj-3-Nakladanie-proszku-aplikatorem.jpg 1200w\" sizes=\"auto, (max-width: 200px) 100vw, 200px\" \/><\/a><\/figure>\n<p>Na przygotowane, suche i odt\u0142uszczone powierzchnie nak\u0142adany jest proszek za pomoc\u0105 aplikatora. Dok\u0142adne pokrycie malowanych powierzchni uzyskuje si\u0119 dzi\u0119ki efektowi elektrostatycznemu. Stosujemy wysokiej jako\u015bci proszki zgodnie z zaleceniami ich producenta. Nadmiar proszku usuwany jest przez filtry i wysokiej wydajno\u015bci wentylacj\u0119 mechaniczn\u0105.<\/p>\n<figure class=\"wp-block-image alignright\"><a class=\"cbox\" href=\"https:\/\/certustestlane.com\/cnt\/upld\/2023\/08\/zdj-4-Transport-elementow-do-pieca-300x200.jpg\"><img loading=\"lazy\" decoding=\"async\" class=\"alignnone wp-image-6841\" src=\"https:\/\/certustestlane.com\/cnt\/upld\/2023\/08\/zdj-4-Transport-elementow-do-pieca-300x200.jpg\" alt=\"\" width=\"200\" height=\"133\" srcset=\"https:\/\/certustestlane.com\/cnt\/upld\/2023\/08\/zdj-4-Transport-elementow-do-pieca-300x200.jpg 300w, https:\/\/certustestlane.com\/cnt\/upld\/2023\/08\/zdj-4-Transport-elementow-do-pieca-1024x683.jpg 1024w, https:\/\/certustestlane.com\/cnt\/upld\/2023\/08\/zdj-4-Transport-elementow-do-pieca-768x512.jpg 768w, https:\/\/certustestlane.com\/cnt\/upld\/2023\/08\/zdj-4-Transport-elementow-do-pieca-272x182.jpg 272w, https:\/\/certustestlane.com\/cnt\/upld\/2023\/08\/zdj-4-Transport-elementow-do-pieca.jpg 1200w\" sizes=\"auto, (max-width: 200px) 100vw, 200px\" \/><\/a><\/figure>\n<p>Na\u0142o\u017cona pow\u0142oka uzyskuje docelowe parametry w procesie wygrzewania w specjalnym piecu. Wygrzewanie jest zgodnie z technologiami malowania zalecanymi przez producent\u00f3w\u00a0farb (proszk\u00f3w). Nast\u0119pnie elementy stygn\u0105 w specjalnej strefie odstawczej, a nast\u0119pnie przewo\u017cone s\u0105 do strefy monta\u017cu ko\u0144cowego.<\/p>\n<figure class=\"wp-block-image alignleft\"><a class=\"cbox\" href=\"https:\/\/certustestlane.com\/cnt\/upld\/2023\/08\/zdj-5-Magazyn-czesci-300x200.jpg\"><img loading=\"lazy\" decoding=\"async\" class=\"alignnone wp-image-6848\" src=\"https:\/\/certustestlane.com\/cnt\/upld\/2023\/08\/zdj-5-Magazyn-czesci-300x200.jpg\" alt=\"\" width=\"200\" height=\"133\" srcset=\"https:\/\/certustestlane.com\/cnt\/upld\/2023\/08\/zdj-5-Magazyn-czesci-300x200.jpg 300w, https:\/\/certustestlane.com\/cnt\/upld\/2023\/08\/zdj-5-Magazyn-czesci-1024x683.jpg 1024w, https:\/\/certustestlane.com\/cnt\/upld\/2023\/08\/zdj-5-Magazyn-czesci-768x512.jpg 768w, https:\/\/certustestlane.com\/cnt\/upld\/2023\/08\/zdj-5-Magazyn-czesci-272x182.jpg 272w, https:\/\/certustestlane.com\/cnt\/upld\/2023\/08\/zdj-5-Magazyn-czesci.jpg 1200w\" sizes=\"auto, (max-width: 200px) 100vw, 200px\" \/><\/a><\/figure>\n<p>Cz\u0119\u015bci do monta\u017cu i dla serwisu przechowywane s\u0105 w magazynie. Odpowiedni system informatyczny zapewnia monitorowanie stan\u00f3w magazynowych i przygotowanie zestaw\u00f3w cz\u0119\u015bci i podzespo\u0142\u00f3w dla produkcji i serwisu.<\/p>\n<figure class=\"wp-block-image alignright\"><a class=\"cbox\" href=\"https:\/\/certustestlane.com\/cnt\/upld\/2023\/08\/zdj-6-Zdjecie-produkcja-300x200.jpg\"><img loading=\"lazy\" decoding=\"async\" class=\"alignnone wp-image-6855\" src=\"https:\/\/certustestlane.com\/cnt\/upld\/2023\/08\/zdj-6-Zdjecie-produkcja-300x200.jpg\" alt=\"\" width=\"200\" height=\"133\" srcset=\"https:\/\/certustestlane.com\/cnt\/upld\/2023\/08\/zdj-6-Zdjecie-produkcja-300x200.jpg 300w, https:\/\/certustestlane.com\/cnt\/upld\/2023\/08\/zdj-6-Zdjecie-produkcja-1024x683.jpg 1024w, https:\/\/certustestlane.com\/cnt\/upld\/2023\/08\/zdj-6-Zdjecie-produkcja-768x512.jpg 768w, https:\/\/certustestlane.com\/cnt\/upld\/2023\/08\/zdj-6-Zdjecie-produkcja-272x182.jpg 272w, https:\/\/certustestlane.com\/cnt\/upld\/2023\/08\/zdj-6-Zdjecie-produkcja.jpg 1200w\" sizes=\"auto, (max-width: 200px) 100vw, 200px\" \/><\/a><\/figure>\n<p>Polakierowane obudowy urz\u0105dze\u0144 transportowane s\u0105 na gniazdowe stanowiska monta\u017cu ko\u0144cowego, gdzie s\u0105 kompletowane wg listy generowanej przez system obs\u0142ugi produkcji.<\/p>\n<figure class=\"wp-block-image alignleft\"><a class=\"cbox\" href=\"https:\/\/certustestlane.com\/cnt\/upld\/2023\/08\/zdj-7-300x180.jpg\"><img loading=\"lazy\" decoding=\"async\" class=\"alignnone wp-image-6862\" src=\"https:\/\/certustestlane.com\/cnt\/upld\/2023\/08\/zdj-7-300x180.jpg\" alt=\"\" width=\"200\" height=\"120\" srcset=\"https:\/\/certustestlane.com\/cnt\/upld\/2023\/08\/zdj-7-300x180.jpg 300w, https:\/\/certustestlane.com\/cnt\/upld\/2023\/08\/zdj-7-1024x614.jpg 1024w, https:\/\/certustestlane.com\/cnt\/upld\/2023\/08\/zdj-7-768x460.jpg 768w, https:\/\/certustestlane.com\/cnt\/upld\/2023\/08\/zdj-7.jpg 1200w\" sizes=\"auto, (max-width: 200px) 100vw, 200px\" \/><\/a><\/figure>\n<p>Zmontowane urz\u0105dzenia s\u0105 odpowiednio pakowane, etykietowane i umieszczane na rega\u0142ach oczekuj\u0105c na za\u0142adunek i wysy\u0142k\u0119 do odbiorc\u00f3w.<\/p>\n","protected":false},"excerpt":{"rendered":"<p>Ka\u017cdy etap procesu produkcyjnego wykonywany jest z dba\u0142o\u015bci\u0105 o detale. Pracownicy dzia\u0142u produkcji maj\u0105 du\u017ce do\u015bwiadczenie zawodowe, s\u0105 regularnie szkoleni i dysponuj\u0105 nowoczesnym sprz\u0119tem renomowanych producent\u00f3w. Wyci\u0119te i uformowane elementy z blach i profili stalowych trafiaj\u0105 na stanowiska spawalnicze, gdzie s\u0105 kontrolowane, a nast\u0119pnie precyzyjnie dopasowane i zespawane. U\u017cywamy nowoczesnych spawarek pozwalaj\u0105cych na spawanie element\u00f3w [&hellip;]<\/p>\n","protected":false},"author":1,"featured_media":0,"parent":0,"menu_order":0,"comment_status":"closed","ping_status":"closed","template":"","meta":{"footnotes":""},"class_list":["post-6869","page","type-page","status-publish","hentry"],"yoast_head":"<!-- This site is optimized with the Yoast SEO plugin v26.9 - https:\/\/yoast.com\/product\/yoast-seo-wordpress\/ -->\n<title>Wybrane etapy produkcji (rzut oka na hal\u0119 produkcyjn\u0105) - Certus 3<\/title>\n<meta name=\"robots\" content=\"index, follow, max-snippet:-1, max-image-preview:large, max-video-preview:-1\" \/>\n<link rel=\"canonical\" href=\"https:\/\/certustestlane.com\/pl\/wybrane-etapy-produkcji-rzut-oka-na-hale-produkcyjna\/\" \/>\n<meta property=\"og:locale\" content=\"pl_PL\" \/>\n<meta property=\"og:type\" content=\"article\" \/>\n<meta property=\"og:title\" content=\"Wybrane etapy produkcji (rzut oka na hal\u0119 produkcyjn\u0105) - Certus 3\" \/>\n<meta property=\"og:description\" content=\"Ka\u017cdy etap procesu produkcyjnego wykonywany jest z dba\u0142o\u015bci\u0105 o detale. Pracownicy dzia\u0142u produkcji maj\u0105 du\u017ce do\u015bwiadczenie zawodowe, s\u0105 regularnie szkoleni i dysponuj\u0105 nowoczesnym sprz\u0119tem renomowanych producent\u00f3w. Wyci\u0119te i uformowane elementy z blach i profili stalowych trafiaj\u0105 na stanowiska spawalnicze, gdzie s\u0105 kontrolowane, a nast\u0119pnie precyzyjnie dopasowane i zespawane. U\u017cywamy nowoczesnych spawarek pozwalaj\u0105cych na spawanie element\u00f3w [&hellip;]\" \/>\n<meta property=\"og:url\" content=\"https:\/\/certustestlane.com\/pl\/wybrane-etapy-produkcji-rzut-oka-na-hale-produkcyjna\/\" \/>\n<meta property=\"og:site_name\" content=\"Certus 3\" \/>\n<meta property=\"og:image\" content=\"https:\/\/certustestlane.com\/cnt\/upld\/2023\/08\/zdj-1-Spawalnia-300x200.jpg\" \/>\n<meta name=\"twitter:card\" content=\"summary_large_image\" \/>\n<meta name=\"twitter:label1\" content=\"Szacowany czas czytania\" \/>\n\t<meta name=\"twitter:data1\" content=\"3 minuty\" \/>\n<script type=\"application\/ld+json\" class=\"yoast-schema-graph\">{\"@context\":\"https:\/\/schema.org\",\"@graph\":[{\"@type\":\"WebPage\",\"@id\":\"https:\/\/certustestlane.com\/pl\/wybrane-etapy-produkcji-rzut-oka-na-hale-produkcyjna\/\",\"url\":\"https:\/\/certustestlane.com\/pl\/wybrane-etapy-produkcji-rzut-oka-na-hale-produkcyjna\/\",\"name\":\"Wybrane etapy produkcji (rzut oka na hal\u0119 produkcyjn\u0105) - Certus 3\",\"isPartOf\":{\"@id\":\"https:\/\/certustestlane.com\/#website\"},\"primaryImageOfPage\":{\"@id\":\"https:\/\/certustestlane.com\/pl\/wybrane-etapy-produkcji-rzut-oka-na-hale-produkcyjna\/#primaryimage\"},\"image\":{\"@id\":\"https:\/\/certustestlane.com\/pl\/wybrane-etapy-produkcji-rzut-oka-na-hale-produkcyjna\/#primaryimage\"},\"thumbnailUrl\":\"https:\/\/certustestlane.com\/cnt\/upld\/2023\/08\/zdj-1-Spawalnia-300x200.jpg\",\"datePublished\":\"2023-08-18T06:39:42+00:00\",\"breadcrumb\":{\"@id\":\"https:\/\/certustestlane.com\/pl\/wybrane-etapy-produkcji-rzut-oka-na-hale-produkcyjna\/#breadcrumb\"},\"inLanguage\":\"pl-PL\",\"potentialAction\":[{\"@type\":\"ReadAction\",\"target\":[\"https:\/\/certustestlane.com\/pl\/wybrane-etapy-produkcji-rzut-oka-na-hale-produkcyjna\/\"]}]},{\"@type\":\"ImageObject\",\"inLanguage\":\"pl-PL\",\"@id\":\"https:\/\/certustestlane.com\/pl\/wybrane-etapy-produkcji-rzut-oka-na-hale-produkcyjna\/#primaryimage\",\"url\":\"https:\/\/certustestlane.com\/cnt\/upld\/2023\/08\/zdj-1-Spawalnia-300x200.jpg\",\"contentUrl\":\"https:\/\/certustestlane.com\/cnt\/upld\/2023\/08\/zdj-1-Spawalnia-300x200.jpg\"},{\"@type\":\"BreadcrumbList\",\"@id\":\"https:\/\/certustestlane.com\/pl\/wybrane-etapy-produkcji-rzut-oka-na-hale-produkcyjna\/#breadcrumb\",\"itemListElement\":[{\"@type\":\"ListItem\",\"position\":1,\"name\":\"Home\",\"item\":\"https:\/\/certustestlane.com\/pl\/\"},{\"@type\":\"ListItem\",\"position\":2,\"name\":\"Wybrane etapy produkcji (rzut oka na hal\u0119 produkcyjn\u0105)\"}]},{\"@type\":\"WebSite\",\"@id\":\"https:\/\/certustestlane.com\/#website\",\"url\":\"https:\/\/certustestlane.com\/\",\"name\":\"Certus 3\",\"description\":\"vehicle test lanes\",\"potentialAction\":[{\"@type\":\"SearchAction\",\"target\":{\"@type\":\"EntryPoint\",\"urlTemplate\":\"https:\/\/certustestlane.com\/?s={search_term_string}\"},\"query-input\":{\"@type\":\"PropertyValueSpecification\",\"valueRequired\":true,\"valueName\":\"search_term_string\"}}],\"inLanguage\":\"pl-PL\"}]}<\/script>\n<!-- \/ Yoast SEO plugin. -->","yoast_head_json":{"title":"Wybrane etapy produkcji (rzut oka na hal\u0119 produkcyjn\u0105) - Certus 3","robots":{"index":"index","follow":"follow","max-snippet":"max-snippet:-1","max-image-preview":"max-image-preview:large","max-video-preview":"max-video-preview:-1"},"canonical":"https:\/\/certustestlane.com\/pl\/wybrane-etapy-produkcji-rzut-oka-na-hale-produkcyjna\/","og_locale":"pl_PL","og_type":"article","og_title":"Wybrane etapy produkcji (rzut oka na hal\u0119 produkcyjn\u0105) - Certus 3","og_description":"Ka\u017cdy etap procesu produkcyjnego wykonywany jest z dba\u0142o\u015bci\u0105 o detale. Pracownicy dzia\u0142u produkcji maj\u0105 du\u017ce do\u015bwiadczenie zawodowe, s\u0105 regularnie szkoleni i dysponuj\u0105 nowoczesnym sprz\u0119tem renomowanych producent\u00f3w. Wyci\u0119te i uformowane elementy z blach i profili stalowych trafiaj\u0105 na stanowiska spawalnicze, gdzie s\u0105 kontrolowane, a nast\u0119pnie precyzyjnie dopasowane i zespawane. U\u017cywamy nowoczesnych spawarek pozwalaj\u0105cych na spawanie element\u00f3w [&hellip;]","og_url":"https:\/\/certustestlane.com\/pl\/wybrane-etapy-produkcji-rzut-oka-na-hale-produkcyjna\/","og_site_name":"Certus 3","og_image":[{"url":"https:\/\/certustestlane.com\/cnt\/upld\/2023\/08\/zdj-1-Spawalnia-300x200.jpg","type":"","width":"","height":""}],"twitter_card":"summary_large_image","twitter_misc":{"Szacowany czas czytania":"3 minuty"},"schema":{"@context":"https:\/\/schema.org","@graph":[{"@type":"WebPage","@id":"https:\/\/certustestlane.com\/pl\/wybrane-etapy-produkcji-rzut-oka-na-hale-produkcyjna\/","url":"https:\/\/certustestlane.com\/pl\/wybrane-etapy-produkcji-rzut-oka-na-hale-produkcyjna\/","name":"Wybrane etapy produkcji (rzut oka na hal\u0119 produkcyjn\u0105) - Certus 3","isPartOf":{"@id":"https:\/\/certustestlane.com\/#website"},"primaryImageOfPage":{"@id":"https:\/\/certustestlane.com\/pl\/wybrane-etapy-produkcji-rzut-oka-na-hale-produkcyjna\/#primaryimage"},"image":{"@id":"https:\/\/certustestlane.com\/pl\/wybrane-etapy-produkcji-rzut-oka-na-hale-produkcyjna\/#primaryimage"},"thumbnailUrl":"https:\/\/certustestlane.com\/cnt\/upld\/2023\/08\/zdj-1-Spawalnia-300x200.jpg","datePublished":"2023-08-18T06:39:42+00:00","breadcrumb":{"@id":"https:\/\/certustestlane.com\/pl\/wybrane-etapy-produkcji-rzut-oka-na-hale-produkcyjna\/#breadcrumb"},"inLanguage":"pl-PL","potentialAction":[{"@type":"ReadAction","target":["https:\/\/certustestlane.com\/pl\/wybrane-etapy-produkcji-rzut-oka-na-hale-produkcyjna\/"]}]},{"@type":"ImageObject","inLanguage":"pl-PL","@id":"https:\/\/certustestlane.com\/pl\/wybrane-etapy-produkcji-rzut-oka-na-hale-produkcyjna\/#primaryimage","url":"https:\/\/certustestlane.com\/cnt\/upld\/2023\/08\/zdj-1-Spawalnia-300x200.jpg","contentUrl":"https:\/\/certustestlane.com\/cnt\/upld\/2023\/08\/zdj-1-Spawalnia-300x200.jpg"},{"@type":"BreadcrumbList","@id":"https:\/\/certustestlane.com\/pl\/wybrane-etapy-produkcji-rzut-oka-na-hale-produkcyjna\/#breadcrumb","itemListElement":[{"@type":"ListItem","position":1,"name":"Home","item":"https:\/\/certustestlane.com\/pl\/"},{"@type":"ListItem","position":2,"name":"Wybrane etapy produkcji (rzut oka na hal\u0119 produkcyjn\u0105)"}]},{"@type":"WebSite","@id":"https:\/\/certustestlane.com\/#website","url":"https:\/\/certustestlane.com\/","name":"Certus 3","description":"vehicle test lanes","potentialAction":[{"@type":"SearchAction","target":{"@type":"EntryPoint","urlTemplate":"https:\/\/certustestlane.com\/?s={search_term_string}"},"query-input":{"@type":"PropertyValueSpecification","valueRequired":true,"valueName":"search_term_string"}}],"inLanguage":"pl-PL"}]}},"_links":{"self":[{"href":"https:\/\/certustestlane.com\/pl\/wp-json\/wp\/v2\/pages\/6869","targetHints":{"allow":["GET"]}}],"collection":[{"href":"https:\/\/certustestlane.com\/pl\/wp-json\/wp\/v2\/pages"}],"about":[{"href":"https:\/\/certustestlane.com\/pl\/wp-json\/wp\/v2\/types\/page"}],"author":[{"embeddable":true,"href":"https:\/\/certustestlane.com\/pl\/wp-json\/wp\/v2\/users\/1"}],"replies":[{"embeddable":true,"href":"https:\/\/certustestlane.com\/pl\/wp-json\/wp\/v2\/comments?post=6869"}],"version-history":[{"count":0,"href":"https:\/\/certustestlane.com\/pl\/wp-json\/wp\/v2\/pages\/6869\/revisions"}],"wp:attachment":[{"href":"https:\/\/certustestlane.com\/pl\/wp-json\/wp\/v2\/media?parent=6869"}],"curies":[{"name":"wp","href":"https:\/\/api.w.org\/{rel}","templated":true}]}}