{"id":6541,"date":"2017-11-06T08:42:31","date_gmt":"2017-11-06T08:42:31","guid":{"rendered":"http:\/\/certustestlane.com\/?page_id=6541"},"modified":"2017-11-06T08:42:31","modified_gmt":"2017-11-06T08:42:31","slug":"linha-certus-3-de-inspecao-veicular-solucoes-classe-premium","status":"publish","type":"page","link":"https:\/\/certustestlane.com\/pt-pt\/linha-certus-3-de-inspecao-veicular-solucoes-classe-premium\/","title":{"rendered":"Linha \u201cCERTUS 3\u201d de inspe\u00e7\u00e3o veicular: solu\u00e7\u00f5es classe premium"},"content":{"rendered":"<p><strong>As linhas CERTUS de inspe\u00e7\u00e3o veicular surgiram da nossa paix\u00e3o por carro.<\/strong><\/p>\n<a class=\"cbox\" href=\"http:\/\/www.wsop.pl\/cnt\/upld\/2014\/10\/Logo-Certus3.png\"><img loading=\"lazy\" decoding=\"async\" class=\"alignnone size-full wp-image-4677\" src=\"http:\/\/www.wsop.pl\/cnt\/upld\/2014\/10\/Logo-Certus3.png\" alt=\"Logo-Certus3\" width=\"800\" height=\"200\" \/><\/a>\n<p><a class=\"cbox\" href=\"http:\/\/www.wsop.pl\/cnt\/upld\/2014\/10\/certus3_szafa.jpg\"><img loading=\"lazy\" decoding=\"async\" class=\"alignright wp-image-4634 size-medium\" src=\"http:\/\/www.wsop.pl\/cnt\/upld\/2014\/10\/certus3_szafa-144x300.jpg\" alt=\"certus3_szafa\" width=\"144\" height=\"300\" \/><\/a>A terceira gera\u00e7\u00e3o \u2013 CERTUS 3 \u2013 combina solu\u00e7\u00f5es eletr\u00f4nicas modernas, elementos mec\u00e2nicos dur\u00e1veis e design atraente. Al\u00e9m da experi\u00eancia das duas gera\u00e7\u00f5es anteriores, CERTUS 3 faz pleno uso de tudo o que em inspe\u00e7\u00e3o veicular pode oferecer a t\u00e9cnica contempor\u00e2nea. CERTUS 3 tem, ent\u00e3o, tudo para concorrer a status de equipamento de classe premium. Venha conhec\u00ea-lo melhor!<\/p>\n<p><strong>Escolhendo CERTUS 3 voc\u00ea ter\u00e1 a CERTEZA de:<\/strong><\/p>\n<ul>\n<li>Resultados de medi\u00e7\u00f5es<\/li>\n<li>Qualidade<\/li>\n<li>Conforto de trabalho<\/li>\n<li>Design atraente<\/li>\n<li>Desenvolvimento<\/li>\n<\/ul>\n<a class=\"cbox\" href=\"http:\/\/www.wsop.pl\/cnt\/upld\/2014\/10\/certus3_01a.jpg\"><img loading=\"lazy\" decoding=\"async\" class=\"alignnone size-full wp-image-4633\" src=\"http:\/\/www.wsop.pl\/cnt\/upld\/2014\/10\/certus3_01a.jpg\" alt=\"certus3_01a\" width=\"800\" height=\"112\" \/><\/a>\n","protected":false},"excerpt":{"rendered":"<p>As linhas CERTUS de inspe\u00e7\u00e3o veicular surgiram da nossa paix\u00e3o por carro. A terceira gera\u00e7\u00e3o \u2013 CERTUS 3 \u2013 combina solu\u00e7\u00f5es eletr\u00f4nicas modernas, elementos mec\u00e2nicos dur\u00e1veis e design atraente. Al\u00e9m da experi\u00eancia das duas gera\u00e7\u00f5es anteriores, CERTUS 3 faz pleno uso de tudo o que em inspe\u00e7\u00e3o veicular pode oferecer a t\u00e9cnica contempor\u00e2nea. CERTUS 3 [&hellip;]<\/p>\n","protected":false},"author":1,"featured_media":0,"parent":0,"menu_order":1,"comment_status":"closed","ping_status":"closed","template":"","meta":{"footnotes":""},"class_list":["post-6541","page","type-page","status-publish","hentry"],"yoast_head":"<!-- This site is optimized with the Yoast SEO plugin v26.9 - https:\/\/yoast.com\/product\/yoast-seo-wordpress\/ -->\n<title>Linha \u201cCERTUS 3\u201d de inspe\u00e7\u00e3o veicular: solu\u00e7\u00f5es classe premium - Certus 3<\/title>\n<meta name=\"robots\" content=\"index, follow, max-snippet:-1, max-image-preview:large, max-video-preview:-1\" \/>\n<link rel=\"canonical\" href=\"https:\/\/certustestlane.com\/pt-pt\/linha-certus-3-de-inspecao-veicular-solucoes-classe-premium\/\" \/>\n<meta property=\"og:locale\" content=\"pt_PT\" \/>\n<meta property=\"og:type\" content=\"article\" \/>\n<meta property=\"og:title\" content=\"Linha \u201cCERTUS 3\u201d de inspe\u00e7\u00e3o veicular: solu\u00e7\u00f5es classe premium - Certus 3\" \/>\n<meta property=\"og:description\" content=\"As linhas CERTUS de inspe\u00e7\u00e3o veicular surgiram da nossa paix\u00e3o por carro. A terceira gera\u00e7\u00e3o \u2013 CERTUS 3 \u2013 combina solu\u00e7\u00f5es eletr\u00f4nicas modernas, elementos mec\u00e2nicos dur\u00e1veis e design atraente. Al\u00e9m da experi\u00eancia das duas gera\u00e7\u00f5es anteriores, CERTUS 3 faz pleno uso de tudo o que em inspe\u00e7\u00e3o veicular pode oferecer a t\u00e9cnica contempor\u00e2nea. CERTUS 3 [&hellip;]\" \/>\n<meta property=\"og:url\" content=\"https:\/\/certustestlane.com\/pt-pt\/linha-certus-3-de-inspecao-veicular-solucoes-classe-premium\/\" \/>\n<meta property=\"og:site_name\" content=\"Certus 3\" \/>\n<meta property=\"og:image\" content=\"http:\/\/www.wsop.pl\/cnt\/upld\/2014\/10\/Logo-Certus3.png\" \/>\n<meta name=\"twitter:card\" content=\"summary_large_image\" \/>\n<script type=\"application\/ld+json\" class=\"yoast-schema-graph\">{\"@context\":\"https:\/\/schema.org\",\"@graph\":[{\"@type\":\"WebPage\",\"@id\":\"https:\/\/certustestlane.com\/pt-pt\/linha-certus-3-de-inspecao-veicular-solucoes-classe-premium\/\",\"url\":\"https:\/\/certustestlane.com\/pt-pt\/linha-certus-3-de-inspecao-veicular-solucoes-classe-premium\/\",\"name\":\"Linha \u201cCERTUS 3\u201d de inspe\u00e7\u00e3o veicular: solu\u00e7\u00f5es classe premium - Certus 3\",\"isPartOf\":{\"@id\":\"https:\/\/certustestlane.com\/#website\"},\"primaryImageOfPage\":{\"@id\":\"https:\/\/certustestlane.com\/pt-pt\/linha-certus-3-de-inspecao-veicular-solucoes-classe-premium\/#primaryimage\"},\"image\":{\"@id\":\"https:\/\/certustestlane.com\/pt-pt\/linha-certus-3-de-inspecao-veicular-solucoes-classe-premium\/#primaryimage\"},\"thumbnailUrl\":\"http:\/\/www.wsop.pl\/cnt\/upld\/2014\/10\/Logo-Certus3.png\",\"datePublished\":\"2017-11-06T08:42:31+00:00\",\"breadcrumb\":{\"@id\":\"https:\/\/certustestlane.com\/pt-pt\/linha-certus-3-de-inspecao-veicular-solucoes-classe-premium\/#breadcrumb\"},\"inLanguage\":\"pt-PT\",\"potentialAction\":[{\"@type\":\"ReadAction\",\"target\":[\"https:\/\/certustestlane.com\/pt-pt\/linha-certus-3-de-inspecao-veicular-solucoes-classe-premium\/\"]}]},{\"@type\":\"ImageObject\",\"inLanguage\":\"pt-PT\",\"@id\":\"https:\/\/certustestlane.com\/pt-pt\/linha-certus-3-de-inspecao-veicular-solucoes-classe-premium\/#primaryimage\",\"url\":\"http:\/\/www.wsop.pl\/cnt\/upld\/2014\/10\/Logo-Certus3.png\",\"contentUrl\":\"http:\/\/www.wsop.pl\/cnt\/upld\/2014\/10\/Logo-Certus3.png\"},{\"@type\":\"BreadcrumbList\",\"@id\":\"https:\/\/certustestlane.com\/pt-pt\/linha-certus-3-de-inspecao-veicular-solucoes-classe-premium\/#breadcrumb\",\"itemListElement\":[{\"@type\":\"ListItem\",\"position\":1,\"name\":\"Home\",\"item\":\"https:\/\/certustestlane.com\/pt-pt\/linha-de-inspecao-veicular-frenometro-de-rolos-placa-de-verificacao-de-folgas-equipamento-para-teste-de-suspensao-certus\/\"},{\"@type\":\"ListItem\",\"position\":2,\"name\":\"Linha \u201cCERTUS 3\u201d de inspe\u00e7\u00e3o veicular: solu\u00e7\u00f5es classe premium\"}]},{\"@type\":\"WebSite\",\"@id\":\"https:\/\/certustestlane.com\/#website\",\"url\":\"https:\/\/certustestlane.com\/\",\"name\":\"Certus 3\",\"description\":\"vehicle test lanes\",\"potentialAction\":[{\"@type\":\"SearchAction\",\"target\":{\"@type\":\"EntryPoint\",\"urlTemplate\":\"https:\/\/certustestlane.com\/?s={search_term_string}\"},\"query-input\":{\"@type\":\"PropertyValueSpecification\",\"valueRequired\":true,\"valueName\":\"search_term_string\"}}],\"inLanguage\":\"pt-PT\"}]}<\/script>\n<!-- \/ Yoast SEO plugin. -->","yoast_head_json":{"title":"Linha \u201cCERTUS 3\u201d de inspe\u00e7\u00e3o veicular: solu\u00e7\u00f5es classe premium - Certus 3","robots":{"index":"index","follow":"follow","max-snippet":"max-snippet:-1","max-image-preview":"max-image-preview:large","max-video-preview":"max-video-preview:-1"},"canonical":"https:\/\/certustestlane.com\/pt-pt\/linha-certus-3-de-inspecao-veicular-solucoes-classe-premium\/","og_locale":"pt_PT","og_type":"article","og_title":"Linha \u201cCERTUS 3\u201d de inspe\u00e7\u00e3o veicular: solu\u00e7\u00f5es classe premium - Certus 3","og_description":"As linhas CERTUS de inspe\u00e7\u00e3o veicular surgiram da nossa paix\u00e3o por carro. A terceira gera\u00e7\u00e3o \u2013 CERTUS 3 \u2013 combina solu\u00e7\u00f5es eletr\u00f4nicas modernas, elementos mec\u00e2nicos dur\u00e1veis e design atraente. Al\u00e9m da experi\u00eancia das duas gera\u00e7\u00f5es anteriores, CERTUS 3 faz pleno uso de tudo o que em inspe\u00e7\u00e3o veicular pode oferecer a t\u00e9cnica contempor\u00e2nea. CERTUS 3 [&hellip;]","og_url":"https:\/\/certustestlane.com\/pt-pt\/linha-certus-3-de-inspecao-veicular-solucoes-classe-premium\/","og_site_name":"Certus 3","og_image":[{"url":"http:\/\/www.wsop.pl\/cnt\/upld\/2014\/10\/Logo-Certus3.png","type":"","width":"","height":""}],"twitter_card":"summary_large_image","schema":{"@context":"https:\/\/schema.org","@graph":[{"@type":"WebPage","@id":"https:\/\/certustestlane.com\/pt-pt\/linha-certus-3-de-inspecao-veicular-solucoes-classe-premium\/","url":"https:\/\/certustestlane.com\/pt-pt\/linha-certus-3-de-inspecao-veicular-solucoes-classe-premium\/","name":"Linha \u201cCERTUS 3\u201d de inspe\u00e7\u00e3o veicular: solu\u00e7\u00f5es classe premium - Certus 3","isPartOf":{"@id":"https:\/\/certustestlane.com\/#website"},"primaryImageOfPage":{"@id":"https:\/\/certustestlane.com\/pt-pt\/linha-certus-3-de-inspecao-veicular-solucoes-classe-premium\/#primaryimage"},"image":{"@id":"https:\/\/certustestlane.com\/pt-pt\/linha-certus-3-de-inspecao-veicular-solucoes-classe-premium\/#primaryimage"},"thumbnailUrl":"http:\/\/www.wsop.pl\/cnt\/upld\/2014\/10\/Logo-Certus3.png","datePublished":"2017-11-06T08:42:31+00:00","breadcrumb":{"@id":"https:\/\/certustestlane.com\/pt-pt\/linha-certus-3-de-inspecao-veicular-solucoes-classe-premium\/#breadcrumb"},"inLanguage":"pt-PT","potentialAction":[{"@type":"ReadAction","target":["https:\/\/certustestlane.com\/pt-pt\/linha-certus-3-de-inspecao-veicular-solucoes-classe-premium\/"]}]},{"@type":"ImageObject","inLanguage":"pt-PT","@id":"https:\/\/certustestlane.com\/pt-pt\/linha-certus-3-de-inspecao-veicular-solucoes-classe-premium\/#primaryimage","url":"http:\/\/www.wsop.pl\/cnt\/upld\/2014\/10\/Logo-Certus3.png","contentUrl":"http:\/\/www.wsop.pl\/cnt\/upld\/2014\/10\/Logo-Certus3.png"},{"@type":"BreadcrumbList","@id":"https:\/\/certustestlane.com\/pt-pt\/linha-certus-3-de-inspecao-veicular-solucoes-classe-premium\/#breadcrumb","itemListElement":[{"@type":"ListItem","position":1,"name":"Home","item":"https:\/\/certustestlane.com\/pt-pt\/linha-de-inspecao-veicular-frenometro-de-rolos-placa-de-verificacao-de-folgas-equipamento-para-teste-de-suspensao-certus\/"},{"@type":"ListItem","position":2,"name":"Linha \u201cCERTUS 3\u201d de inspe\u00e7\u00e3o veicular: solu\u00e7\u00f5es classe premium"}]},{"@type":"WebSite","@id":"https:\/\/certustestlane.com\/#website","url":"https:\/\/certustestlane.com\/","name":"Certus 3","description":"vehicle test lanes","potentialAction":[{"@type":"SearchAction","target":{"@type":"EntryPoint","urlTemplate":"https:\/\/certustestlane.com\/?s={search_term_string}"},"query-input":{"@type":"PropertyValueSpecification","valueRequired":true,"valueName":"search_term_string"}}],"inLanguage":"pt-PT"}]}},"_links":{"self":[{"href":"https:\/\/certustestlane.com\/pt-pt\/wp-json\/wp\/v2\/pages\/6541","targetHints":{"allow":["GET"]}}],"collection":[{"href":"https:\/\/certustestlane.com\/pt-pt\/wp-json\/wp\/v2\/pages"}],"about":[{"href":"https:\/\/certustestlane.com\/pt-pt\/wp-json\/wp\/v2\/types\/page"}],"author":[{"embeddable":true,"href":"https:\/\/certustestlane.com\/pt-pt\/wp-json\/wp\/v2\/users\/1"}],"replies":[{"embeddable":true,"href":"https:\/\/certustestlane.com\/pt-pt\/wp-json\/wp\/v2\/comments?post=6541"}],"version-history":[{"count":0,"href":"https:\/\/certustestlane.com\/pt-pt\/wp-json\/wp\/v2\/pages\/6541\/revisions"}],"wp:attachment":[{"href":"https:\/\/certustestlane.com\/pt-pt\/wp-json\/wp\/v2\/media?parent=6541"}],"curies":[{"name":"wp","href":"https:\/\/api.w.org\/{rel}","templated":true}]}}