{"id":6544,"date":"2017-11-06T08:47:42","date_gmt":"2017-11-06T08:47:42","guid":{"rendered":"http:\/\/certustestlane.com\/?page_id=6544"},"modified":"2017-11-06T08:47:42","modified_gmt":"2017-11-06T08:47:42","slug":"linha-certus-3-amigavel-para-o-tecnico-de-inspecao-veicular","status":"publish","type":"page","link":"https:\/\/certustestlane.com\/pt-pt\/linha-certus-3-amigavel-para-o-tecnico-de-inspecao-veicular\/","title":{"rendered":"Linha CERTUS 3 \u2013 amig\u00e1vel para o  t\u00e9cnico de inspe\u00e7\u00e3o veicular"},"content":{"rendered":"<p><a class=\"cbox\" href=\"http:\/\/www.wsop.pl\/cnt\/upld\/2014\/10\/certus3-DSC_67931.jpg\"><img loading=\"lazy\" decoding=\"async\" class=\"alignleft wp-image-4639 size-thumbnail\" src=\"http:\/\/www.wsop.pl\/cnt\/upld\/2014\/10\/certus3-DSC_67931-205x101.jpg\" alt=\"certus3-DSC_67931\" width=\"205\" height=\"101\" \/><\/a><strong>O software da linha CERTUS foi projetado como uma ferramenta inteligente que, ao interagir com o t\u00e9cnico de inspe\u00e7\u00e3o veicular, \u00e9 capaz de efetuar as medi\u00e7\u00f5es e testes necess\u00e1rios de forma r\u00e1pida e eficaz, e apresentar uma avalia\u00e7\u00e3o precisa da condi\u00e7\u00e3o do ve\u00edculo.<\/strong><\/p>\n<p>De forma intuitiva, o software conduz o t\u00e9cnico de inspe\u00e7\u00e3o veicular passo a passo pelo processo de avalia\u00e7\u00e3o das condi\u00e7\u00f5es t\u00e9cnicas do ve\u00edculo.<\/p>\n<div class=\"grid-x grid-padding-x small-up-2 medium-up-3 large-up-4 gallery\">\n<div class=\"cell\">\n<a class=\"cbox\" href=\"https:\/\/certustestlane.com\/cnt\/upld\/2014\/10\/certus3-tryb-pomiaru-ang.jpg\"><img loading=\"lazy\" decoding=\"async\" src=\"https:\/\/certustestlane.com\/cnt\/upld\/2014\/10\/certus3-tryb-pomiaru-ang-150x150.jpg\" width=\"150\" height=\"150\" alt=\"\" \/><\/a>\n<\/div>\n<div class=\"cell\">\n<a class=\"cbox\" href=\"https:\/\/certustestlane.com\/cnt\/upld\/2014\/10\/certus3-rozpocznij-badanie-ang.jpg\"><img loading=\"lazy\" decoding=\"async\" src=\"https:\/\/certustestlane.com\/cnt\/upld\/2014\/10\/certus3-rozpocznij-badanie-ang-150x150.jpg\" width=\"150\" height=\"150\" alt=\"\" \/><\/a>\n<\/div>\n<div class=\"cell\">\n<a class=\"cbox\" href=\"https:\/\/certustestlane.com\/cnt\/upld\/2014\/10\/certus3-przegladanie-wynikow-zegary-ang.jpg\"><img loading=\"lazy\" decoding=\"async\" src=\"https:\/\/certustestlane.com\/cnt\/upld\/2014\/10\/certus3-przegladanie-wynikow-zegary-ang-150x150.jpg\" width=\"150\" height=\"150\" alt=\"\" \/><\/a>\n<\/div>\n<\/div>\n\n<p><strong><a class=\"cbox\" href=\"http:\/\/www.wsop.pl\/cnt\/upld\/2014\/10\/certus3-badanie-w-toku-ang.jpg\"><img loading=\"lazy\" decoding=\"async\" class=\"alignright size-thumbnail wp-image-4641\" src=\"http:\/\/www.wsop.pl\/cnt\/upld\/2014\/10\/certus3-badanie-w-toku-ang-205x115.jpg\" alt=\"certus3-badanie-w-toku-ang\" width=\"205\" height=\"115\" \/><\/a><\/strong><\/p>\n<p><strong>A tela \u201cinspe\u00e7\u00e3o em andamento\u201d- \u00e9 uma solu\u00e7\u00e3o \u00fanica introduzida para maximizar o conforto do t\u00e9cnico de inspe\u00e7\u00e3o veicular.<\/strong> Durante o processo de inspe\u00e7\u00e3o informa as medi\u00e7\u00f5es realizadas em cada um dos dispositivos da linha, relacionando dados j\u00e1 registrados e avaliados.<\/p>\n<p><strong>O software n\u00e3o apenas pode medir mas tamb\u00e9m avalia os dados<\/strong><br \/>\nO t\u00e9cnico de inspe\u00e7\u00e3o veicular n\u00e3o necessita de tabelas para fazer os c\u00e1lculos com base nos valores medidos.<\/p>\n<p>Avalia\u00e7\u00e3o do amortecedor da roda esquerda e direita com diferen\u00e7a entre esses valores:<\/p>\n<a class=\"cbox\" href=\"http:\/\/www.wsop.pl\/cnt\/upld\/2014\/10\/certus3-assessment.jpg\"><img loading=\"lazy\" decoding=\"async\" class=\"alignnone size-large wp-image-4640\" src=\"http:\/\/www.wsop.pl\/cnt\/upld\/2014\/10\/certus3-assessment-1024x296.jpg\" alt=\"certus3-assessment\" width=\"1024\" height=\"296\" \/><\/a>\n<p>O software calcula automaticamente o coeficiente da for\u00e7a de frenagem do ve\u00edculo, bem como coeficiente da for\u00e7a de frenagem padr\u00e3o e compara resultados com valores limite definidos pelo tipo de ve\u00edculo e sua primeira data de registro.<\/p>\n<p><strong>Inspe\u00e7\u00e3o ergon\u00f4mica sem limites.<\/strong><br \/>\n<a class=\"cbox\" href=\"http:\/\/www.wsop.pl\/cnt\/upld\/2014\/10\/DSC_2220A.jpg\"><img loading=\"lazy\" decoding=\"async\" class=\"alignright size-thumbnail wp-image-4682\" src=\"http:\/\/www.wsop.pl\/cnt\/upld\/2014\/10\/DSC_2220A-205x137.jpg\" alt=\"DSC_2220A\" width=\"205\" height=\"137\" \/><\/a> O refor\u00e7ado equipamento para teste de suspens\u00e3o torna poss\u00edvel que um caminh\u00e3o seja inspecionado sem a necessidade do uso de capas protetoras.<\/p>\n<h2>Linha CERTUS 3 de inspe\u00e7\u00e3o de ve\u00edculos \u2013 tr\u00eas n\u00edveis de comforto<\/h2>\n<p><strong>O t\u00e9cnico de inspe\u00e7\u00e3o veicular<\/strong> \u00e9 provido de um software intuitivo e amig\u00e1vel, capaz de fazer os c\u00e1lculos de forma totalmente autom\u00e1tica. O controle remoto simplifica os testes tornando tudo mais confort\u00e1vel. O Inspetor de diagn\u00f3stico tem a possibilidade de interromper um teste, salvar os dados e continuar em outro momento.<\/p>\n<p><strong>O operador t\u00e9cnico<\/strong> vai valorizar a simplicidade de manejo do software de servi\u00e7o, que, passo a passo, o guia atrav\u00e9s do processo de configura\u00e7\u00e3o de todos os par\u00e2metros t\u00e9cnicos do dispositivo. Gra\u00e7as \u00e0 conex\u00e3o online com a assist\u00eancia t\u00e9cnica WSOP, \u00e9 poss\u00edvel um diagn\u00f3stico completo de toda linha a qualquer momento.<\/p>\n<p><strong>O motorista<\/strong> certamente vai perceber a elevada est\u00e9tica dos equipamentos de inspe\u00e7\u00e3o veicular enquanto a visualiza\u00e7\u00e3o clara permite que ele entenda o estado t\u00e9cnico de seu ve\u00edculo.<\/p>\n<p>&nbsp;<\/p>\n","protected":false},"excerpt":{"rendered":"<p>O software da linha CERTUS foi projetado como uma ferramenta inteligente que, ao interagir com o t\u00e9cnico de inspe\u00e7\u00e3o veicular, \u00e9 capaz de efetuar as medi\u00e7\u00f5es e testes necess\u00e1rios de forma r\u00e1pida e eficaz, e apresentar uma avalia\u00e7\u00e3o precisa da condi\u00e7\u00e3o do ve\u00edculo. De forma intuitiva, o software conduz o t\u00e9cnico de inspe\u00e7\u00e3o veicular passo [&hellip;]<\/p>\n","protected":false},"author":1,"featured_media":0,"parent":0,"menu_order":3,"comment_status":"closed","ping_status":"closed","template":"","meta":{"footnotes":""},"class_list":["post-6544","page","type-page","status-publish","hentry"],"yoast_head":"<!-- This site is optimized with the Yoast SEO plugin v26.9 - https:\/\/yoast.com\/product\/yoast-seo-wordpress\/ -->\n<title>Linha CERTUS 3 \u2013 amig\u00e1vel para o t\u00e9cnico de inspe\u00e7\u00e3o veicular - Certus 3<\/title>\n<meta name=\"robots\" content=\"index, follow, max-snippet:-1, max-image-preview:large, max-video-preview:-1\" \/>\n<link rel=\"canonical\" href=\"https:\/\/certustestlane.com\/pt-pt\/linha-certus-3-amigavel-para-o-tecnico-de-inspecao-veicular\/\" \/>\n<meta property=\"og:locale\" content=\"pt_PT\" \/>\n<meta property=\"og:type\" content=\"article\" \/>\n<meta property=\"og:title\" content=\"Linha CERTUS 3 \u2013 amig\u00e1vel para o t\u00e9cnico de inspe\u00e7\u00e3o veicular - Certus 3\" \/>\n<meta property=\"og:description\" content=\"O software da linha CERTUS foi projetado como uma ferramenta inteligente que, ao interagir com o t\u00e9cnico de inspe\u00e7\u00e3o veicular, \u00e9 capaz de efetuar as medi\u00e7\u00f5es e testes necess\u00e1rios de forma r\u00e1pida e eficaz, e apresentar uma avalia\u00e7\u00e3o precisa da condi\u00e7\u00e3o do ve\u00edculo. De forma intuitiva, o software conduz o t\u00e9cnico de inspe\u00e7\u00e3o veicular passo [&hellip;]\" \/>\n<meta property=\"og:url\" content=\"https:\/\/certustestlane.com\/pt-pt\/linha-certus-3-amigavel-para-o-tecnico-de-inspecao-veicular\/\" \/>\n<meta property=\"og:site_name\" content=\"Certus 3\" \/>\n<meta property=\"og:image\" content=\"https:\/\/certustestlane.com\/cnt\/upld\/2014\/10\/certus3-tryb-pomiaru-ang-150x150.jpg\" \/>\n<meta name=\"twitter:card\" content=\"summary_large_image\" \/>\n<meta name=\"twitter:label1\" content=\"Tempo estimado de leitura\" \/>\n\t<meta name=\"twitter:data1\" content=\"2 minutos\" \/>\n<script type=\"application\/ld+json\" class=\"yoast-schema-graph\">{\"@context\":\"https:\/\/schema.org\",\"@graph\":[{\"@type\":\"WebPage\",\"@id\":\"https:\/\/certustestlane.com\/pt-pt\/linha-certus-3-amigavel-para-o-tecnico-de-inspecao-veicular\/\",\"url\":\"https:\/\/certustestlane.com\/pt-pt\/linha-certus-3-amigavel-para-o-tecnico-de-inspecao-veicular\/\",\"name\":\"Linha CERTUS 3 \u2013 amig\u00e1vel para o t\u00e9cnico de inspe\u00e7\u00e3o veicular - Certus 3\",\"isPartOf\":{\"@id\":\"https:\/\/certustestlane.com\/#website\"},\"primaryImageOfPage\":{\"@id\":\"https:\/\/certustestlane.com\/pt-pt\/linha-certus-3-amigavel-para-o-tecnico-de-inspecao-veicular\/#primaryimage\"},\"image\":{\"@id\":\"https:\/\/certustestlane.com\/pt-pt\/linha-certus-3-amigavel-para-o-tecnico-de-inspecao-veicular\/#primaryimage\"},\"thumbnailUrl\":\"http:\/\/www.wsop.pl\/cnt\/upld\/2014\/10\/certus3-DSC_67931-205x101.jpg\",\"datePublished\":\"2017-11-06T08:47:42+00:00\",\"breadcrumb\":{\"@id\":\"https:\/\/certustestlane.com\/pt-pt\/linha-certus-3-amigavel-para-o-tecnico-de-inspecao-veicular\/#breadcrumb\"},\"inLanguage\":\"pt-PT\",\"potentialAction\":[{\"@type\":\"ReadAction\",\"target\":[\"https:\/\/certustestlane.com\/pt-pt\/linha-certus-3-amigavel-para-o-tecnico-de-inspecao-veicular\/\"]}]},{\"@type\":\"ImageObject\",\"inLanguage\":\"pt-PT\",\"@id\":\"https:\/\/certustestlane.com\/pt-pt\/linha-certus-3-amigavel-para-o-tecnico-de-inspecao-veicular\/#primaryimage\",\"url\":\"http:\/\/www.wsop.pl\/cnt\/upld\/2014\/10\/certus3-DSC_67931-205x101.jpg\",\"contentUrl\":\"http:\/\/www.wsop.pl\/cnt\/upld\/2014\/10\/certus3-DSC_67931-205x101.jpg\"},{\"@type\":\"BreadcrumbList\",\"@id\":\"https:\/\/certustestlane.com\/pt-pt\/linha-certus-3-amigavel-para-o-tecnico-de-inspecao-veicular\/#breadcrumb\",\"itemListElement\":[{\"@type\":\"ListItem\",\"position\":1,\"name\":\"Home\",\"item\":\"https:\/\/certustestlane.com\/pt-pt\/linha-de-inspecao-veicular-frenometro-de-rolos-placa-de-verificacao-de-folgas-equipamento-para-teste-de-suspensao-certus\/\"},{\"@type\":\"ListItem\",\"position\":2,\"name\":\"Linha CERTUS 3 \u2013 amig\u00e1vel para o t\u00e9cnico de inspe\u00e7\u00e3o veicular\"}]},{\"@type\":\"WebSite\",\"@id\":\"https:\/\/certustestlane.com\/#website\",\"url\":\"https:\/\/certustestlane.com\/\",\"name\":\"Certus 3\",\"description\":\"vehicle test lanes\",\"potentialAction\":[{\"@type\":\"SearchAction\",\"target\":{\"@type\":\"EntryPoint\",\"urlTemplate\":\"https:\/\/certustestlane.com\/?s={search_term_string}\"},\"query-input\":{\"@type\":\"PropertyValueSpecification\",\"valueRequired\":true,\"valueName\":\"search_term_string\"}}],\"inLanguage\":\"pt-PT\"}]}<\/script>\n<!-- \/ Yoast SEO plugin. -->","yoast_head_json":{"title":"Linha CERTUS 3 \u2013 amig\u00e1vel para o t\u00e9cnico de inspe\u00e7\u00e3o veicular - Certus 3","robots":{"index":"index","follow":"follow","max-snippet":"max-snippet:-1","max-image-preview":"max-image-preview:large","max-video-preview":"max-video-preview:-1"},"canonical":"https:\/\/certustestlane.com\/pt-pt\/linha-certus-3-amigavel-para-o-tecnico-de-inspecao-veicular\/","og_locale":"pt_PT","og_type":"article","og_title":"Linha CERTUS 3 \u2013 amig\u00e1vel para o t\u00e9cnico de inspe\u00e7\u00e3o veicular - Certus 3","og_description":"O software da linha CERTUS foi projetado como uma ferramenta inteligente que, ao interagir com o t\u00e9cnico de inspe\u00e7\u00e3o veicular, \u00e9 capaz de efetuar as medi\u00e7\u00f5es e testes necess\u00e1rios de forma r\u00e1pida e eficaz, e apresentar uma avalia\u00e7\u00e3o precisa da condi\u00e7\u00e3o do ve\u00edculo. De forma intuitiva, o software conduz o t\u00e9cnico de inspe\u00e7\u00e3o veicular passo [&hellip;]","og_url":"https:\/\/certustestlane.com\/pt-pt\/linha-certus-3-amigavel-para-o-tecnico-de-inspecao-veicular\/","og_site_name":"Certus 3","og_image":[{"url":"https:\/\/certustestlane.com\/cnt\/upld\/2014\/10\/certus3-tryb-pomiaru-ang-150x150.jpg","type":"","width":"","height":""}],"twitter_card":"summary_large_image","twitter_misc":{"Tempo estimado de leitura":"2 minutos"},"schema":{"@context":"https:\/\/schema.org","@graph":[{"@type":"WebPage","@id":"https:\/\/certustestlane.com\/pt-pt\/linha-certus-3-amigavel-para-o-tecnico-de-inspecao-veicular\/","url":"https:\/\/certustestlane.com\/pt-pt\/linha-certus-3-amigavel-para-o-tecnico-de-inspecao-veicular\/","name":"Linha CERTUS 3 \u2013 amig\u00e1vel para o t\u00e9cnico de inspe\u00e7\u00e3o veicular - Certus 3","isPartOf":{"@id":"https:\/\/certustestlane.com\/#website"},"primaryImageOfPage":{"@id":"https:\/\/certustestlane.com\/pt-pt\/linha-certus-3-amigavel-para-o-tecnico-de-inspecao-veicular\/#primaryimage"},"image":{"@id":"https:\/\/certustestlane.com\/pt-pt\/linha-certus-3-amigavel-para-o-tecnico-de-inspecao-veicular\/#primaryimage"},"thumbnailUrl":"http:\/\/www.wsop.pl\/cnt\/upld\/2014\/10\/certus3-DSC_67931-205x101.jpg","datePublished":"2017-11-06T08:47:42+00:00","breadcrumb":{"@id":"https:\/\/certustestlane.com\/pt-pt\/linha-certus-3-amigavel-para-o-tecnico-de-inspecao-veicular\/#breadcrumb"},"inLanguage":"pt-PT","potentialAction":[{"@type":"ReadAction","target":["https:\/\/certustestlane.com\/pt-pt\/linha-certus-3-amigavel-para-o-tecnico-de-inspecao-veicular\/"]}]},{"@type":"ImageObject","inLanguage":"pt-PT","@id":"https:\/\/certustestlane.com\/pt-pt\/linha-certus-3-amigavel-para-o-tecnico-de-inspecao-veicular\/#primaryimage","url":"http:\/\/www.wsop.pl\/cnt\/upld\/2014\/10\/certus3-DSC_67931-205x101.jpg","contentUrl":"http:\/\/www.wsop.pl\/cnt\/upld\/2014\/10\/certus3-DSC_67931-205x101.jpg"},{"@type":"BreadcrumbList","@id":"https:\/\/certustestlane.com\/pt-pt\/linha-certus-3-amigavel-para-o-tecnico-de-inspecao-veicular\/#breadcrumb","itemListElement":[{"@type":"ListItem","position":1,"name":"Home","item":"https:\/\/certustestlane.com\/pt-pt\/linha-de-inspecao-veicular-frenometro-de-rolos-placa-de-verificacao-de-folgas-equipamento-para-teste-de-suspensao-certus\/"},{"@type":"ListItem","position":2,"name":"Linha CERTUS 3 \u2013 amig\u00e1vel para o t\u00e9cnico de inspe\u00e7\u00e3o veicular"}]},{"@type":"WebSite","@id":"https:\/\/certustestlane.com\/#website","url":"https:\/\/certustestlane.com\/","name":"Certus 3","description":"vehicle test lanes","potentialAction":[{"@type":"SearchAction","target":{"@type":"EntryPoint","urlTemplate":"https:\/\/certustestlane.com\/?s={search_term_string}"},"query-input":{"@type":"PropertyValueSpecification","valueRequired":true,"valueName":"search_term_string"}}],"inLanguage":"pt-PT"}]}},"_links":{"self":[{"href":"https:\/\/certustestlane.com\/pt-pt\/wp-json\/wp\/v2\/pages\/6544","targetHints":{"allow":["GET"]}}],"collection":[{"href":"https:\/\/certustestlane.com\/pt-pt\/wp-json\/wp\/v2\/pages"}],"about":[{"href":"https:\/\/certustestlane.com\/pt-pt\/wp-json\/wp\/v2\/types\/page"}],"author":[{"embeddable":true,"href":"https:\/\/certustestlane.com\/pt-pt\/wp-json\/wp\/v2\/users\/1"}],"replies":[{"embeddable":true,"href":"https:\/\/certustestlane.com\/pt-pt\/wp-json\/wp\/v2\/comments?post=6544"}],"version-history":[{"count":0,"href":"https:\/\/certustestlane.com\/pt-pt\/wp-json\/wp\/v2\/pages\/6544\/revisions"}],"wp:attachment":[{"href":"https:\/\/certustestlane.com\/pt-pt\/wp-json\/wp\/v2\/media?parent=6544"}],"curies":[{"name":"wp","href":"https:\/\/api.w.org\/{rel}","templated":true}]}}