{"id":6548,"date":"2017-11-06T08:50:54","date_gmt":"2017-11-06T08:50:54","guid":{"rendered":"http:\/\/certustestlane.com\/?page_id=6548"},"modified":"2017-11-06T08:50:54","modified_gmt":"2017-11-06T08:50:54","slug":"linha-certus-3-opcionais","status":"publish","type":"page","link":"https:\/\/certustestlane.com\/pt-pt\/linha-certus-3-opcionais\/","title":{"rendered":"Linha CERTUS 3 \u2013 opcionais"},"content":{"rendered":"<p><strong>Ao escolher a linha CERTUS 3 de inspe\u00e7\u00e3o veicular, o investidor tem ao seu servi\u00e7o uma grande quantidade de benef\u00edcios, incluindo estabilidade operacional, redu\u00e7\u00e3o dos custos e possibilidade de desenvolvimento futuro. As oficinas de inspe\u00e7\u00e3o veicular tem \u00e0 disposi\u00e7\u00e3o em CERTUS 3 uma ferramenta moderna para uma inspe\u00e7\u00e3o r\u00e1pida e confi\u00e1vel do ve\u00edculo. E as assist\u00eancias t\u00e9cnicas autorizadas podem desfrutar da ampla gama de oportunidades de diagn\u00f3stico e ajustes de software, bem como a capacidade de escolher entre uma grande variedade de op\u00e7\u00f5es e cores adicionais para atender \u00e0s necessidades de cada carro espec\u00edfico.<\/strong><\/p>\n<div class=\"grid-x grid-padding-x small-up-2 medium-up-3 large-up-4 gallery\">\n<div class=\"cell\">\n<a class=\"cbox\" href=\"https:\/\/certustestlane.com\/cnt\/upld\/2014\/10\/DSC_5925-cmyk.jpg\"><img loading=\"lazy\" decoding=\"async\" src=\"https:\/\/certustestlane.com\/cnt\/upld\/2014\/10\/DSC_5925-cmyk-150x150.jpg\" width=\"150\" height=\"150\" alt=\"\" \/><\/a>\n<\/div>\n<div class=\"cell\">\n<a class=\"cbox\" href=\"https:\/\/certustestlane.com\/cnt\/upld\/2014\/10\/DSC_2224.jpg\"><img loading=\"lazy\" decoding=\"async\" src=\"https:\/\/certustestlane.com\/cnt\/upld\/2014\/10\/DSC_2224-150x150.jpg\" width=\"150\" height=\"150\" alt=\"\" \/><\/a>\n<\/div>\n<div class=\"cell\">\n<a class=\"cbox\" href=\"https:\/\/certustestlane.com\/cnt\/upld\/2014\/10\/DSC_00551.jpg\"><img loading=\"lazy\" decoding=\"async\" src=\"https:\/\/certustestlane.com\/cnt\/upld\/2014\/10\/DSC_00551-150x150.jpg\" width=\"150\" height=\"150\" alt=\"\" \/><\/a>\n<\/div>\n<\/div>\n\n<h2><img loading=\"lazy\" decoding=\"async\" class=\"alignleft size-full wp-image-4645\" style=\"margin-bottom: 7em;\" src=\"http:\/\/www.wsop.pl\/cnt\/upld\/2014\/10\/i-4x4.jpg\" alt=\"i-4x4\" width=\"102\" height=\"102\" \/>Inspe\u00e7\u00e3o 4&#215;4<\/h2>\n<p><a class=\"cbox\" href=\"http:\/\/www.wsop.pl\/cnt\/upld\/2014\/10\/certus3-hamulce-zegary-przegladanie-ang.jpg\"><img loading=\"lazy\" decoding=\"async\" class=\"alignright size-thumbnail wp-image-4653\" src=\"http:\/\/www.wsop.pl\/cnt\/upld\/2014\/10\/certus3-hamulce-zegary-przegladanie-ang-205x115.jpg\" alt=\"certus3-hamulce-zegary-przegladanie-ang\" width=\"205\" height=\"115\" \/><\/a>A op\u00e7\u00e3o de inspe\u00e7\u00e3o 4&#215;4 possibilita tamb\u00e9m obter uma medida precisa da for\u00e7a de frenagem na maioria dos carros deste tipo (incluindo caminh\u00f5es) produzidos hoje em dia. O teste 4&#215;4 usando o software CERTUS elimina a necessidade de usar rolos de funcionamento lento ou desaceler\u00f4metro. A fun\u00e7\u00e3o permite testar a for\u00e7a de frenagem de cada roda separadamente, o que significa uma inspe\u00e7\u00e3o mais completa da condi\u00e7\u00e3o t\u00e9cnica do carro.<\/p>\n<h2><img loading=\"lazy\" decoding=\"async\" class=\"alignleft size-full wp-image-4648\" style=\"margin-bottom: 9em;\" src=\"http:\/\/www.wsop.pl\/cnt\/upld\/2014\/10\/i-kartka.jpg\" alt=\"i-kartka\" width=\"102\" height=\"102\" \/>Apresenta\u00e7\u00e3o ampliada dos resultados das medi\u00e7\u00f5es<\/h2>\n<p><a class=\"cbox\" href=\"http:\/\/www.wsop.pl\/cnt\/upld\/2014\/10\/certus3-przegladanie-wynikow-charakterystyka-hamulca-ang.jpg\"><img loading=\"lazy\" decoding=\"async\" class=\"alignright size-thumbnail wp-image-4654\" src=\"http:\/\/www.wsop.pl\/cnt\/upld\/2014\/10\/certus3-przegladanie-wynikow-charakterystyka-hamulca-ang-205x115.jpg\" alt=\"certus3-przegladanie-wynikow-charakterystyka-hamulca-ang\" width=\"205\" height=\"115\" \/><\/a>O CERTUS pode apresentar os resultados de cada medi\u00e7\u00e3o tanto de forma b\u00e1sica como ampliada. Esta fun\u00e7\u00e3o \u00e9 particularmente \u00fatil para oficinas de assist\u00eancias t\u00e9cnica autorizadas, pois permite uma inspe\u00e7\u00e3o muito detalhada do estado t\u00e9cnico do ve\u00edculo testado. O t\u00e9cnico de inspe\u00e7\u00e3o veicular tem \u00e0 sua disposi\u00e7\u00e3o relat\u00f3rios extensivos dos diferentes equipamentos da pista de teste, acompanhados de diagramas detalhados, podendo imprimir relat\u00f3rios das medi\u00e7\u00f5es: dos testes de freio, dos testes de suspens\u00e3o e alinhamento das rodas.<br \/>\nA impress\u00e3o ampliada \u2013 no caso de um teste de freio \u2013 inclui dados como resist\u00eancia ao rolamento, ovaliza\u00e7\u00e3o, peso est\u00e1tico e din\u00e2mico, coeficiente da for\u00e7a de frenagem do ve\u00edculo em rela\u00e7\u00e3o ao peso est\u00e1tico\/din\u00e2mico e muitos outros.<\/p>\n<h2><img loading=\"lazy\" decoding=\"async\" class=\"alignleft size-full wp-image-4649\" style=\"margin-bottom: 2em;\" src=\"http:\/\/www.wsop.pl\/cnt\/upld\/2014\/10\/i-krzyzyk.jpg\" alt=\"i-krzyzyk\" width=\"102\" height=\"102\" \/>Assistente de sa\u00edda dos rolos<\/h2>\n<p>Muitos inspetores de inspe\u00e7\u00e3o veicular enfrentam dificuldades em retirar o eixo de tra\u00e7\u00e3o de alguns ve\u00edculos (por exemplo, cavalo mec\u00e2nico) n\u00e3o conseguindo sair da \u00e1rea do rolo do fren\u00f4metro ao encerrarem a inspe\u00e7\u00e3o. Na pista de teste CERTUS 3, o problema foi resolvido usando um procedimento especial de assist\u00eancia de sa\u00edda de rolo baseado em inversores. No caso dos autom\u00f3veis de passageiros, o efeito \u00e9 alcan\u00e7ado ativando-se automaticamente o rolo, o que \u00e9 particularmente \u00fatil para testar ve\u00edculos com c\u00e2mbio autom\u00e1tico e vans de entrega.<\/p>\n<h2><img loading=\"lazy\" decoding=\"async\" class=\"alignleft size-full wp-image-4651\" style=\"margin-bottom: 7em;\" src=\"http:\/\/www.wsop.pl\/cnt\/upld\/2014\/10\/i-waga.jpg\" alt=\"i-waga\" width=\"102\" height=\"102\" \/>Balan\u00e7a<\/h2>\n<p><a class=\"cbox\" href=\"http:\/\/www.wsop.pl\/cnt\/upld\/2014\/10\/certus3_waga-cmy1k.jpg\"><img loading=\"lazy\" decoding=\"async\" class=\"alignright size-thumbnail wp-image-4655\" src=\"http:\/\/www.wsop.pl\/cnt\/upld\/2014\/10\/certus3_waga-cmy1k-205x115.jpg\" alt=\"certus3_waga-cmy1k\" width=\"205\" height=\"115\" \/><\/a>A op\u00e7\u00e3o balan\u00e7a permite uma avalia\u00e7\u00e3o minuciosa do estado t\u00e9cnico de um ve\u00edculo usando o resultado da medida do peso para o coeficiente da for\u00e7a de frenagem, possibilitando que t\u00e9cnico de inspe\u00e7\u00e3o veicular obtenha resultados extremamente precisos. A medida do peso do eixo tamb\u00e9m \u00e9 \u00fatil em frotas de transporte e outros locais onde os ve\u00edculos s\u00e3o frequentemente pesados para n\u00e3o ultrapassar os limites de carga do eixo.<\/p>\n<h2><img loading=\"lazy\" decoding=\"async\" class=\"alignleft size-full wp-image-4646\" style=\"margin-bottom: 3em;\" src=\"http:\/\/www.wsop.pl\/cnt\/upld\/2014\/10\/i-ampli.jpg\" alt=\"i-ampli\" width=\"102\" height=\"102\" \/>Ajuda no diagn\u00f3stico de batidas e ru\u00eddos<\/h2>\n<p>O equipamento de teste de suspens\u00e3o pode ser usado como uma ferramenta \u00fatil para se descobrir a causa de batidas no sistema de amortecimento e no corpo do ve\u00edculo. Por meio de um controle remoto, \u00e9 poss\u00edvel acionar o equipamento por um momento para que ele gere vibra\u00e7\u00f5es nas rodas, de frequ\u00eancia e amplitude que simulem as condi\u00e7\u00f5es da estrada. Isso permite encontrar a fontes de batidas, guinchos e outros ru\u00eddos indesej\u00e1veis gerados na suspens\u00e3o e na carroceria durante o ato de conduzir. Em uma op\u00e7\u00e3o mais avan\u00e7ada, a fun\u00e7\u00e3o de entrada pode ser alterada em passos de 2 Hz.<\/p>\n<h2><img loading=\"lazy\" decoding=\"async\" class=\"alignleft size-full wp-image-4647\" src=\"http:\/\/www.wsop.pl\/cnt\/upld\/2014\/10\/i-archi.jpg\" alt=\"i-archi\" width=\"102\" height=\"102\" \/>Arquivamento e impress\u00e3o de resultados das medi\u00e7\u00f5es<\/h2>\n<p>O CERTUS permite arquivar resultados de testes de forma abrangente. Tamb\u00e9m permite que o usu\u00e1rio coloque resultados de teste a partir de dispositivos externos \u00e0 pista de teste usando um teclado (por exemplo: opac\u00edmetro, analisador de gases de escape, medidor de profundidade de sulcos do pneu etc.) e depois arquivar e imprimir tudo.<\/p>\n<h2><img loading=\"lazy\" decoding=\"async\" class=\"alignleft size-full wp-image-4650\" style=\"margin-bottom: 7em;\" src=\"http:\/\/www.wsop.pl\/cnt\/upld\/2014\/10\/i-new.jpg\" alt=\"i-new\" width=\"102\" height=\"102\" \/>Abertura para novos desafios t\u00e9cnicos<\/h2>\n<p>Gra\u00e7as \u00e0 estrutura moderna do software da linha CERTUS 3, \u00e9 poss\u00edvel introduzir mudan\u00e7as no sistema e ajustar os dispositivos \u00e0s necessidades particulares do t\u00e9cnico de inspe\u00e7\u00e3o veicular. Essa solu\u00e7\u00e3o protege contra o risco de custos elevados se a necessidade de adaptar os dispositivos \u00e0 nova legisla\u00e7\u00e3o surgir. O CERTUS pode ser facilmente ajustado para novos requisitos e as atualiza\u00e7\u00f5es peri\u00f3dicas do software garantem que seus usu\u00e1rios possam facilmente atualizar dispositivos antigos.<\/p>\n","protected":false},"excerpt":{"rendered":"<p>Ao escolher a linha CERTUS 3 de inspe\u00e7\u00e3o veicular, o investidor tem ao seu servi\u00e7o uma grande quantidade de benef\u00edcios, incluindo estabilidade operacional, redu\u00e7\u00e3o dos custos e possibilidade de desenvolvimento futuro. As oficinas de inspe\u00e7\u00e3o veicular tem \u00e0 disposi\u00e7\u00e3o em CERTUS 3 uma ferramenta moderna para uma inspe\u00e7\u00e3o r\u00e1pida e confi\u00e1vel do ve\u00edculo. E as [&hellip;]<\/p>\n","protected":false},"author":1,"featured_media":0,"parent":0,"menu_order":4,"comment_status":"closed","ping_status":"closed","template":"","meta":{"footnotes":""},"class_list":["post-6548","page","type-page","status-publish","hentry"],"yoast_head":"<!-- This site is optimized with the Yoast SEO plugin v26.9 - https:\/\/yoast.com\/product\/yoast-seo-wordpress\/ -->\n<title>Linha CERTUS 3 \u2013 opcionais - Certus 3<\/title>\n<meta name=\"robots\" content=\"index, follow, max-snippet:-1, max-image-preview:large, max-video-preview:-1\" \/>\n<link rel=\"canonical\" href=\"https:\/\/certustestlane.com\/pt-pt\/linha-certus-3-opcionais\/\" \/>\n<meta property=\"og:locale\" content=\"pt_PT\" \/>\n<meta property=\"og:type\" content=\"article\" \/>\n<meta property=\"og:title\" content=\"Linha CERTUS 3 \u2013 opcionais - Certus 3\" \/>\n<meta property=\"og:description\" content=\"Ao escolher a linha CERTUS 3 de inspe\u00e7\u00e3o veicular, o investidor tem ao seu servi\u00e7o uma grande quantidade de benef\u00edcios, incluindo estabilidade operacional, redu\u00e7\u00e3o dos custos e possibilidade de desenvolvimento futuro. As oficinas de inspe\u00e7\u00e3o veicular tem \u00e0 disposi\u00e7\u00e3o em CERTUS 3 uma ferramenta moderna para uma inspe\u00e7\u00e3o r\u00e1pida e confi\u00e1vel do ve\u00edculo. E as [&hellip;]\" \/>\n<meta property=\"og:url\" content=\"https:\/\/certustestlane.com\/pt-pt\/linha-certus-3-opcionais\/\" \/>\n<meta property=\"og:site_name\" content=\"Certus 3\" \/>\n<meta property=\"og:image\" content=\"https:\/\/certustestlane.com\/cnt\/upld\/2014\/10\/DSC_5925-cmyk-150x150.jpg\" \/>\n<meta name=\"twitter:card\" content=\"summary_large_image\" \/>\n<meta name=\"twitter:label1\" content=\"Tempo estimado de leitura\" \/>\n\t<meta name=\"twitter:data1\" content=\"4 minutos\" \/>\n<script type=\"application\/ld+json\" class=\"yoast-schema-graph\">{\"@context\":\"https:\/\/schema.org\",\"@graph\":[{\"@type\":\"WebPage\",\"@id\":\"https:\/\/certustestlane.com\/pt-pt\/linha-certus-3-opcionais\/\",\"url\":\"https:\/\/certustestlane.com\/pt-pt\/linha-certus-3-opcionais\/\",\"name\":\"Linha CERTUS 3 \u2013 opcionais - Certus 3\",\"isPartOf\":{\"@id\":\"https:\/\/certustestlane.com\/#website\"},\"primaryImageOfPage\":{\"@id\":\"https:\/\/certustestlane.com\/pt-pt\/linha-certus-3-opcionais\/#primaryimage\"},\"image\":{\"@id\":\"https:\/\/certustestlane.com\/pt-pt\/linha-certus-3-opcionais\/#primaryimage\"},\"thumbnailUrl\":\"http:\/\/www.wsop.pl\/cnt\/upld\/2014\/10\/i-4x4.jpg\",\"datePublished\":\"2017-11-06T08:50:54+00:00\",\"breadcrumb\":{\"@id\":\"https:\/\/certustestlane.com\/pt-pt\/linha-certus-3-opcionais\/#breadcrumb\"},\"inLanguage\":\"pt-PT\",\"potentialAction\":[{\"@type\":\"ReadAction\",\"target\":[\"https:\/\/certustestlane.com\/pt-pt\/linha-certus-3-opcionais\/\"]}]},{\"@type\":\"ImageObject\",\"inLanguage\":\"pt-PT\",\"@id\":\"https:\/\/certustestlane.com\/pt-pt\/linha-certus-3-opcionais\/#primaryimage\",\"url\":\"http:\/\/www.wsop.pl\/cnt\/upld\/2014\/10\/i-4x4.jpg\",\"contentUrl\":\"http:\/\/www.wsop.pl\/cnt\/upld\/2014\/10\/i-4x4.jpg\"},{\"@type\":\"BreadcrumbList\",\"@id\":\"https:\/\/certustestlane.com\/pt-pt\/linha-certus-3-opcionais\/#breadcrumb\",\"itemListElement\":[{\"@type\":\"ListItem\",\"position\":1,\"name\":\"Home\",\"item\":\"https:\/\/certustestlane.com\/pt-pt\/linha-de-inspecao-veicular-frenometro-de-rolos-placa-de-verificacao-de-folgas-equipamento-para-teste-de-suspensao-certus\/\"},{\"@type\":\"ListItem\",\"position\":2,\"name\":\"Linha CERTUS 3 \u2013 opcionais\"}]},{\"@type\":\"WebSite\",\"@id\":\"https:\/\/certustestlane.com\/#website\",\"url\":\"https:\/\/certustestlane.com\/\",\"name\":\"Certus 3\",\"description\":\"vehicle test lanes\",\"potentialAction\":[{\"@type\":\"SearchAction\",\"target\":{\"@type\":\"EntryPoint\",\"urlTemplate\":\"https:\/\/certustestlane.com\/?s={search_term_string}\"},\"query-input\":{\"@type\":\"PropertyValueSpecification\",\"valueRequired\":true,\"valueName\":\"search_term_string\"}}],\"inLanguage\":\"pt-PT\"}]}<\/script>\n<!-- \/ Yoast SEO plugin. -->","yoast_head_json":{"title":"Linha CERTUS 3 \u2013 opcionais - Certus 3","robots":{"index":"index","follow":"follow","max-snippet":"max-snippet:-1","max-image-preview":"max-image-preview:large","max-video-preview":"max-video-preview:-1"},"canonical":"https:\/\/certustestlane.com\/pt-pt\/linha-certus-3-opcionais\/","og_locale":"pt_PT","og_type":"article","og_title":"Linha CERTUS 3 \u2013 opcionais - Certus 3","og_description":"Ao escolher a linha CERTUS 3 de inspe\u00e7\u00e3o veicular, o investidor tem ao seu servi\u00e7o uma grande quantidade de benef\u00edcios, incluindo estabilidade operacional, redu\u00e7\u00e3o dos custos e possibilidade de desenvolvimento futuro. As oficinas de inspe\u00e7\u00e3o veicular tem \u00e0 disposi\u00e7\u00e3o em CERTUS 3 uma ferramenta moderna para uma inspe\u00e7\u00e3o r\u00e1pida e confi\u00e1vel do ve\u00edculo. E as [&hellip;]","og_url":"https:\/\/certustestlane.com\/pt-pt\/linha-certus-3-opcionais\/","og_site_name":"Certus 3","og_image":[{"url":"https:\/\/certustestlane.com\/cnt\/upld\/2014\/10\/DSC_5925-cmyk-150x150.jpg","type":"","width":"","height":""}],"twitter_card":"summary_large_image","twitter_misc":{"Tempo estimado de leitura":"4 minutos"},"schema":{"@context":"https:\/\/schema.org","@graph":[{"@type":"WebPage","@id":"https:\/\/certustestlane.com\/pt-pt\/linha-certus-3-opcionais\/","url":"https:\/\/certustestlane.com\/pt-pt\/linha-certus-3-opcionais\/","name":"Linha CERTUS 3 \u2013 opcionais - Certus 3","isPartOf":{"@id":"https:\/\/certustestlane.com\/#website"},"primaryImageOfPage":{"@id":"https:\/\/certustestlane.com\/pt-pt\/linha-certus-3-opcionais\/#primaryimage"},"image":{"@id":"https:\/\/certustestlane.com\/pt-pt\/linha-certus-3-opcionais\/#primaryimage"},"thumbnailUrl":"http:\/\/www.wsop.pl\/cnt\/upld\/2014\/10\/i-4x4.jpg","datePublished":"2017-11-06T08:50:54+00:00","breadcrumb":{"@id":"https:\/\/certustestlane.com\/pt-pt\/linha-certus-3-opcionais\/#breadcrumb"},"inLanguage":"pt-PT","potentialAction":[{"@type":"ReadAction","target":["https:\/\/certustestlane.com\/pt-pt\/linha-certus-3-opcionais\/"]}]},{"@type":"ImageObject","inLanguage":"pt-PT","@id":"https:\/\/certustestlane.com\/pt-pt\/linha-certus-3-opcionais\/#primaryimage","url":"http:\/\/www.wsop.pl\/cnt\/upld\/2014\/10\/i-4x4.jpg","contentUrl":"http:\/\/www.wsop.pl\/cnt\/upld\/2014\/10\/i-4x4.jpg"},{"@type":"BreadcrumbList","@id":"https:\/\/certustestlane.com\/pt-pt\/linha-certus-3-opcionais\/#breadcrumb","itemListElement":[{"@type":"ListItem","position":1,"name":"Home","item":"https:\/\/certustestlane.com\/pt-pt\/linha-de-inspecao-veicular-frenometro-de-rolos-placa-de-verificacao-de-folgas-equipamento-para-teste-de-suspensao-certus\/"},{"@type":"ListItem","position":2,"name":"Linha CERTUS 3 \u2013 opcionais"}]},{"@type":"WebSite","@id":"https:\/\/certustestlane.com\/#website","url":"https:\/\/certustestlane.com\/","name":"Certus 3","description":"vehicle test lanes","potentialAction":[{"@type":"SearchAction","target":{"@type":"EntryPoint","urlTemplate":"https:\/\/certustestlane.com\/?s={search_term_string}"},"query-input":{"@type":"PropertyValueSpecification","valueRequired":true,"valueName":"search_term_string"}}],"inLanguage":"pt-PT"}]}},"_links":{"self":[{"href":"https:\/\/certustestlane.com\/pt-pt\/wp-json\/wp\/v2\/pages\/6548","targetHints":{"allow":["GET"]}}],"collection":[{"href":"https:\/\/certustestlane.com\/pt-pt\/wp-json\/wp\/v2\/pages"}],"about":[{"href":"https:\/\/certustestlane.com\/pt-pt\/wp-json\/wp\/v2\/types\/page"}],"author":[{"embeddable":true,"href":"https:\/\/certustestlane.com\/pt-pt\/wp-json\/wp\/v2\/users\/1"}],"replies":[{"embeddable":true,"href":"https:\/\/certustestlane.com\/pt-pt\/wp-json\/wp\/v2\/comments?post=6548"}],"version-history":[{"count":0,"href":"https:\/\/certustestlane.com\/pt-pt\/wp-json\/wp\/v2\/pages\/6548\/revisions"}],"wp:attachment":[{"href":"https:\/\/certustestlane.com\/pt-pt\/wp-json\/wp\/v2\/media?parent=6548"}],"curies":[{"name":"wp","href":"https:\/\/api.w.org\/{rel}","templated":true}]}}