{"id":6552,"date":"2017-11-06T08:53:11","date_gmt":"2017-11-06T08:53:11","guid":{"rendered":"http:\/\/certustestlane.com\/?page_id=6552"},"modified":"2017-11-06T08:53:11","modified_gmt":"2017-11-06T08:53:11","slug":"linha-certus-3-de-inspecao-veicular-durabilidade-e-qualidade-em-solucoes-mecanicas","status":"publish","type":"page","link":"https:\/\/certustestlane.com\/pt-pt\/linha-certus-3-de-inspecao-veicular-durabilidade-e-qualidade-em-solucoes-mecanicas\/","title":{"rendered":"Linha \u201cCERTUS 3\u201d de inspe\u00e7\u00e3o veicular &#8211; durabilidade e qualidade em solu\u00e7\u00f5es mec\u00e2nicas"},"content":{"rendered":"<p><strong>O objetivo principal dos designers da linha de teste do CERTUS 3 foi alcan\u00e7ar alta durabilidade dos equipamentos mediante uma escolha cuidadosa dos pressupostos de constru\u00e7\u00e3o, dos par\u00e2metros dos materiais e da qualidade dos componentes utilizados. Assim, as pe\u00e7as mec\u00e2nicas perfeitamente fabricadas complementam os componentes eletr\u00f4nicos de ponta.<\/strong><\/p>\n<h2>Constru\u00e7\u00e3o s\u00f3lida<\/h2>\n<p><a class=\"cbox\" href=\"http:\/\/www.wsop.pl\/cnt\/upld\/2014\/10\/certus3-rolki_hamulcowe-cmyk.jpg\"><img loading=\"lazy\" decoding=\"async\" class=\"alignright size-thumbnail wp-image-4658\" src=\"http:\/\/www.wsop.pl\/cnt\/upld\/2014\/10\/certus3-rolki_hamulcowe-cmyk-205x102.jpg\" alt=\"certus3-rolki_hamulcowe-cmyk\" width=\"205\" height=\"102\" \/><\/a>Os equipamentos CERTUS, especialmente os fren\u00f4metros de rolos, possuem uma constru\u00e7\u00e3o externa especialmente refor\u00e7ada feita de a\u00e7o de alta qualidade. Um sistema anticorrosivo especial baseado em tintas de revestimento em p\u00f3 de alto padr\u00e3o protege as pe\u00e7as mec\u00e2nicas da degrada\u00e7\u00e3o do metal.<\/p>\n<h2>Componentes dos melhores fabricantes<\/h2>\n<p><a class=\"cbox\" href=\"http:\/\/www.wsop.pl\/cnt\/upld\/2014\/10\/certus3-projekt-rolek-przekladnia2cz.jpg\"><img loading=\"lazy\" decoding=\"async\" class=\"alignleft size-thumbnail wp-image-4660\" src=\"http:\/\/www.wsop.pl\/cnt\/upld\/2014\/10\/certus3-projekt-rolek-przekladnia2cz-205x110.jpg\" alt=\"certus3-projekt-rolek-przekladnia2cz\" width=\"205\" height=\"110\" \/><\/a>Na fase de projeto dos diferentes equipamentos, os melhores componentes foram selecionados dos principais fabricantes europeus. Os elementos-chave (como o motor e a engrenagem de transmiss\u00e3o) podem ser reparados separadamente o que reduz os custos potenciais do servi\u00e7o p\u00f3s-garantia.<\/p>\n<h2>Motor e transmiss\u00e3o \u2013 funcionamento est\u00e1vel e silencioso<\/h2>\n<p><a class=\"cbox\" href=\"http:\/\/www.wsop.pl\/cnt\/upld\/2014\/10\/certus3-trybiki.jpg\"><img loading=\"lazy\" decoding=\"async\" class=\"alignright size-thumbnail wp-image-4656\" src=\"http:\/\/www.wsop.pl\/cnt\/upld\/2014\/10\/certus3-trybiki-205x137.jpg\" alt=\"certus3-trybiki\" width=\"205\" height=\"137\" \/><\/a>A transmiss\u00e3o planet\u00e1ria usada como padr\u00e3o no equipamento de rolo universal melhora a durabilidade do sistema de transmiss\u00e3o. Em compara\u00e7\u00e3o aos dispositivos que fazem uso de transmiss\u00f5es cil\u00edndricas tradicionais, o CERTUS 3 pode medir for\u00e7as de frenagem muito maiores devido \u00e0 sua elevada taxa de transmiss\u00e3o. Motores cuidadosamente selecionados e isoladores de vibra\u00e7\u00e3o garantem um funcionamento est\u00e1vel e silencioso do equipamento. O motor do fren\u00f4metro de rolo para carros de passageiros pode ser fornecido com um freio eletromagn\u00e9tico, o que facilita a sa\u00edda suave para ve\u00edculos 4&#215;4 e vans de entrega.<\/p>\n<h2>Boge pode mais<\/h2>\n<p><a class=\"cbox\" href=\"http:\/\/www.wsop.pl\/cnt\/upld\/2014\/10\/certus3-tester_amortyzatorowa11-cmyk.jpg\"><img loading=\"lazy\" decoding=\"async\" class=\"alignleft wp-image-4657 size-thumbnail\" src=\"http:\/\/www.wsop.pl\/cnt\/upld\/2014\/10\/certus3-tester_amortyzatorowa11-cmyk-e1413188626925-205x83.jpg\" alt=\"certus3-tester_amortyzatorowa11-cmyk\" width=\"205\" height=\"83\" \/><\/a>O equipamento de testes de suspens\u00e3o funciona com base no m\u00e9todo BOGE, que oferece possibilidades diagn\u00f3sticas mais extensas do que a baseada no princ\u00edpio Eusama, que testa somente a ader\u00eancia ao solo. O m\u00e9todo BOGE tamb\u00e9m \u00e9 menos sens\u00edvel ao tipo e rigidez da suspens\u00e3o e \u00e0 press\u00e3o dos pneus do ve\u00edculo testado.<\/p>\n<h2>Rolo m\u00e9dio de grande di\u00e2metro<\/h2>\n<p><a class=\"cbox\" href=\"http:\/\/www.wsop.pl\/cnt\/upld\/2014\/10\/certus3-rolka_srodkowa1-cmyk.jpg\"><img loading=\"lazy\" decoding=\"async\" class=\"alignright size-thumbnail wp-image-4659\" src=\"http:\/\/www.wsop.pl\/cnt\/upld\/2014\/10\/certus3-rolka_srodkowa1-cmyk-205x130.jpg\" alt=\"certus3-rolka_srodkowa1-cmyk\" width=\"205\" height=\"130\" \/><\/a>O terceiro rolo do fren\u00f4metro universal de rolo tem um di\u00e2metro maior para evitar o deslizamento descontrolado da roda testada. Assim, o equipamento pode reagir mais r\u00e1pido caso a roda deslize durante um teste de for\u00e7a de frenagem.<\/p>\n<h2>Cobertura dos rolos<\/h2>\n<p><a class=\"cbox\" href=\"http:\/\/www.wsop.pl\/cnt\/upld\/2014\/10\/certus3-roller-coating.jpg\"><img loading=\"lazy\" decoding=\"async\" class=\"alignleft size-thumbnail wp-image-4661\" src=\"http:\/\/www.wsop.pl\/cnt\/upld\/2014\/10\/certus3-roller-coating-205x91.jpg\" alt=\"certus3-roller-coating\" width=\"205\" height=\"91\" \/><\/a>A durabilidade do revestimento do rolo \u00e9 um fator importante para manter a precis\u00e3o dos testes, mas tamb\u00e9m \u00e9 importante como um recurso est\u00e9tico do dispositivo.<br \/>\nO material usado para cobrir o tambor tem caracter\u00edsticas mec\u00e2nicas excepcionais e garante alta durabilidade.<\/p>\n","protected":false},"excerpt":{"rendered":"<p>O objetivo principal dos designers da linha de teste do CERTUS 3 foi alcan\u00e7ar alta durabilidade dos equipamentos mediante uma escolha cuidadosa dos pressupostos de constru\u00e7\u00e3o, dos par\u00e2metros dos materiais e da qualidade dos componentes utilizados. Assim, as pe\u00e7as mec\u00e2nicas perfeitamente fabricadas complementam os componentes eletr\u00f4nicos de ponta. Constru\u00e7\u00e3o s\u00f3lida Os equipamentos CERTUS, especialmente os [&hellip;]<\/p>\n","protected":false},"author":1,"featured_media":0,"parent":0,"menu_order":5,"comment_status":"closed","ping_status":"closed","template":"","meta":{"footnotes":""},"class_list":["post-6552","page","type-page","status-publish","hentry"],"yoast_head":"<!-- This site is optimized with the Yoast SEO plugin v26.9 - https:\/\/yoast.com\/product\/yoast-seo-wordpress\/ -->\n<title>Linha \u201cCERTUS 3\u201d de inspe\u00e7\u00e3o veicular - durabilidade e qualidade em solu\u00e7\u00f5es mec\u00e2nicas - Certus 3<\/title>\n<meta name=\"robots\" content=\"index, follow, max-snippet:-1, max-image-preview:large, max-video-preview:-1\" \/>\n<link rel=\"canonical\" href=\"https:\/\/certustestlane.com\/pt-pt\/linha-certus-3-de-inspecao-veicular-durabilidade-e-qualidade-em-solucoes-mecanicas\/\" \/>\n<meta property=\"og:locale\" content=\"pt_PT\" \/>\n<meta property=\"og:type\" content=\"article\" \/>\n<meta property=\"og:title\" content=\"Linha \u201cCERTUS 3\u201d de inspe\u00e7\u00e3o veicular - durabilidade e qualidade em solu\u00e7\u00f5es mec\u00e2nicas - Certus 3\" \/>\n<meta property=\"og:description\" content=\"O objetivo principal dos designers da linha de teste do CERTUS 3 foi alcan\u00e7ar alta durabilidade dos equipamentos mediante uma escolha cuidadosa dos pressupostos de constru\u00e7\u00e3o, dos par\u00e2metros dos materiais e da qualidade dos componentes utilizados. Assim, as pe\u00e7as mec\u00e2nicas perfeitamente fabricadas complementam os componentes eletr\u00f4nicos de ponta. Constru\u00e7\u00e3o s\u00f3lida Os equipamentos CERTUS, especialmente os [&hellip;]\" \/>\n<meta property=\"og:url\" content=\"https:\/\/certustestlane.com\/pt-pt\/linha-certus-3-de-inspecao-veicular-durabilidade-e-qualidade-em-solucoes-mecanicas\/\" \/>\n<meta property=\"og:site_name\" content=\"Certus 3\" \/>\n<meta property=\"og:image\" content=\"http:\/\/www.wsop.pl\/cnt\/upld\/2014\/10\/certus3-rolki_hamulcowe-cmyk-205x102.jpg\" \/>\n<meta name=\"twitter:card\" content=\"summary_large_image\" \/>\n<meta name=\"twitter:label1\" content=\"Tempo estimado de leitura\" \/>\n\t<meta name=\"twitter:data1\" content=\"2 minutos\" \/>\n<script type=\"application\/ld+json\" class=\"yoast-schema-graph\">{\"@context\":\"https:\/\/schema.org\",\"@graph\":[{\"@type\":\"WebPage\",\"@id\":\"https:\/\/certustestlane.com\/pt-pt\/linha-certus-3-de-inspecao-veicular-durabilidade-e-qualidade-em-solucoes-mecanicas\/\",\"url\":\"https:\/\/certustestlane.com\/pt-pt\/linha-certus-3-de-inspecao-veicular-durabilidade-e-qualidade-em-solucoes-mecanicas\/\",\"name\":\"Linha \u201cCERTUS 3\u201d de inspe\u00e7\u00e3o veicular - durabilidade e qualidade em solu\u00e7\u00f5es mec\u00e2nicas - Certus 3\",\"isPartOf\":{\"@id\":\"https:\/\/certustestlane.com\/#website\"},\"primaryImageOfPage\":{\"@id\":\"https:\/\/certustestlane.com\/pt-pt\/linha-certus-3-de-inspecao-veicular-durabilidade-e-qualidade-em-solucoes-mecanicas\/#primaryimage\"},\"image\":{\"@id\":\"https:\/\/certustestlane.com\/pt-pt\/linha-certus-3-de-inspecao-veicular-durabilidade-e-qualidade-em-solucoes-mecanicas\/#primaryimage\"},\"thumbnailUrl\":\"http:\/\/www.wsop.pl\/cnt\/upld\/2014\/10\/certus3-rolki_hamulcowe-cmyk-205x102.jpg\",\"datePublished\":\"2017-11-06T08:53:11+00:00\",\"breadcrumb\":{\"@id\":\"https:\/\/certustestlane.com\/pt-pt\/linha-certus-3-de-inspecao-veicular-durabilidade-e-qualidade-em-solucoes-mecanicas\/#breadcrumb\"},\"inLanguage\":\"pt-PT\",\"potentialAction\":[{\"@type\":\"ReadAction\",\"target\":[\"https:\/\/certustestlane.com\/pt-pt\/linha-certus-3-de-inspecao-veicular-durabilidade-e-qualidade-em-solucoes-mecanicas\/\"]}]},{\"@type\":\"ImageObject\",\"inLanguage\":\"pt-PT\",\"@id\":\"https:\/\/certustestlane.com\/pt-pt\/linha-certus-3-de-inspecao-veicular-durabilidade-e-qualidade-em-solucoes-mecanicas\/#primaryimage\",\"url\":\"http:\/\/www.wsop.pl\/cnt\/upld\/2014\/10\/certus3-rolki_hamulcowe-cmyk-205x102.jpg\",\"contentUrl\":\"http:\/\/www.wsop.pl\/cnt\/upld\/2014\/10\/certus3-rolki_hamulcowe-cmyk-205x102.jpg\"},{\"@type\":\"BreadcrumbList\",\"@id\":\"https:\/\/certustestlane.com\/pt-pt\/linha-certus-3-de-inspecao-veicular-durabilidade-e-qualidade-em-solucoes-mecanicas\/#breadcrumb\",\"itemListElement\":[{\"@type\":\"ListItem\",\"position\":1,\"name\":\"Home\",\"item\":\"https:\/\/certustestlane.com\/pt-pt\/linha-de-inspecao-veicular-frenometro-de-rolos-placa-de-verificacao-de-folgas-equipamento-para-teste-de-suspensao-certus\/\"},{\"@type\":\"ListItem\",\"position\":2,\"name\":\"Linha \u201cCERTUS 3\u201d de inspe\u00e7\u00e3o veicular &#8211; durabilidade e qualidade em solu\u00e7\u00f5es mec\u00e2nicas\"}]},{\"@type\":\"WebSite\",\"@id\":\"https:\/\/certustestlane.com\/#website\",\"url\":\"https:\/\/certustestlane.com\/\",\"name\":\"Certus 3\",\"description\":\"vehicle test lanes\",\"potentialAction\":[{\"@type\":\"SearchAction\",\"target\":{\"@type\":\"EntryPoint\",\"urlTemplate\":\"https:\/\/certustestlane.com\/?s={search_term_string}\"},\"query-input\":{\"@type\":\"PropertyValueSpecification\",\"valueRequired\":true,\"valueName\":\"search_term_string\"}}],\"inLanguage\":\"pt-PT\"}]}<\/script>\n<!-- \/ Yoast SEO plugin. -->","yoast_head_json":{"title":"Linha \u201cCERTUS 3\u201d de inspe\u00e7\u00e3o veicular - durabilidade e qualidade em solu\u00e7\u00f5es mec\u00e2nicas - Certus 3","robots":{"index":"index","follow":"follow","max-snippet":"max-snippet:-1","max-image-preview":"max-image-preview:large","max-video-preview":"max-video-preview:-1"},"canonical":"https:\/\/certustestlane.com\/pt-pt\/linha-certus-3-de-inspecao-veicular-durabilidade-e-qualidade-em-solucoes-mecanicas\/","og_locale":"pt_PT","og_type":"article","og_title":"Linha \u201cCERTUS 3\u201d de inspe\u00e7\u00e3o veicular - durabilidade e qualidade em solu\u00e7\u00f5es mec\u00e2nicas - Certus 3","og_description":"O objetivo principal dos designers da linha de teste do CERTUS 3 foi alcan\u00e7ar alta durabilidade dos equipamentos mediante uma escolha cuidadosa dos pressupostos de constru\u00e7\u00e3o, dos par\u00e2metros dos materiais e da qualidade dos componentes utilizados. Assim, as pe\u00e7as mec\u00e2nicas perfeitamente fabricadas complementam os componentes eletr\u00f4nicos de ponta. Constru\u00e7\u00e3o s\u00f3lida Os equipamentos CERTUS, especialmente os [&hellip;]","og_url":"https:\/\/certustestlane.com\/pt-pt\/linha-certus-3-de-inspecao-veicular-durabilidade-e-qualidade-em-solucoes-mecanicas\/","og_site_name":"Certus 3","og_image":[{"url":"http:\/\/www.wsop.pl\/cnt\/upld\/2014\/10\/certus3-rolki_hamulcowe-cmyk-205x102.jpg","type":"","width":"","height":""}],"twitter_card":"summary_large_image","twitter_misc":{"Tempo estimado de leitura":"2 minutos"},"schema":{"@context":"https:\/\/schema.org","@graph":[{"@type":"WebPage","@id":"https:\/\/certustestlane.com\/pt-pt\/linha-certus-3-de-inspecao-veicular-durabilidade-e-qualidade-em-solucoes-mecanicas\/","url":"https:\/\/certustestlane.com\/pt-pt\/linha-certus-3-de-inspecao-veicular-durabilidade-e-qualidade-em-solucoes-mecanicas\/","name":"Linha \u201cCERTUS 3\u201d de inspe\u00e7\u00e3o veicular - durabilidade e qualidade em solu\u00e7\u00f5es mec\u00e2nicas - Certus 3","isPartOf":{"@id":"https:\/\/certustestlane.com\/#website"},"primaryImageOfPage":{"@id":"https:\/\/certustestlane.com\/pt-pt\/linha-certus-3-de-inspecao-veicular-durabilidade-e-qualidade-em-solucoes-mecanicas\/#primaryimage"},"image":{"@id":"https:\/\/certustestlane.com\/pt-pt\/linha-certus-3-de-inspecao-veicular-durabilidade-e-qualidade-em-solucoes-mecanicas\/#primaryimage"},"thumbnailUrl":"http:\/\/www.wsop.pl\/cnt\/upld\/2014\/10\/certus3-rolki_hamulcowe-cmyk-205x102.jpg","datePublished":"2017-11-06T08:53:11+00:00","breadcrumb":{"@id":"https:\/\/certustestlane.com\/pt-pt\/linha-certus-3-de-inspecao-veicular-durabilidade-e-qualidade-em-solucoes-mecanicas\/#breadcrumb"},"inLanguage":"pt-PT","potentialAction":[{"@type":"ReadAction","target":["https:\/\/certustestlane.com\/pt-pt\/linha-certus-3-de-inspecao-veicular-durabilidade-e-qualidade-em-solucoes-mecanicas\/"]}]},{"@type":"ImageObject","inLanguage":"pt-PT","@id":"https:\/\/certustestlane.com\/pt-pt\/linha-certus-3-de-inspecao-veicular-durabilidade-e-qualidade-em-solucoes-mecanicas\/#primaryimage","url":"http:\/\/www.wsop.pl\/cnt\/upld\/2014\/10\/certus3-rolki_hamulcowe-cmyk-205x102.jpg","contentUrl":"http:\/\/www.wsop.pl\/cnt\/upld\/2014\/10\/certus3-rolki_hamulcowe-cmyk-205x102.jpg"},{"@type":"BreadcrumbList","@id":"https:\/\/certustestlane.com\/pt-pt\/linha-certus-3-de-inspecao-veicular-durabilidade-e-qualidade-em-solucoes-mecanicas\/#breadcrumb","itemListElement":[{"@type":"ListItem","position":1,"name":"Home","item":"https:\/\/certustestlane.com\/pt-pt\/linha-de-inspecao-veicular-frenometro-de-rolos-placa-de-verificacao-de-folgas-equipamento-para-teste-de-suspensao-certus\/"},{"@type":"ListItem","position":2,"name":"Linha \u201cCERTUS 3\u201d de inspe\u00e7\u00e3o veicular &#8211; durabilidade e qualidade em solu\u00e7\u00f5es mec\u00e2nicas"}]},{"@type":"WebSite","@id":"https:\/\/certustestlane.com\/#website","url":"https:\/\/certustestlane.com\/","name":"Certus 3","description":"vehicle test lanes","potentialAction":[{"@type":"SearchAction","target":{"@type":"EntryPoint","urlTemplate":"https:\/\/certustestlane.com\/?s={search_term_string}"},"query-input":{"@type":"PropertyValueSpecification","valueRequired":true,"valueName":"search_term_string"}}],"inLanguage":"pt-PT"}]}},"_links":{"self":[{"href":"https:\/\/certustestlane.com\/pt-pt\/wp-json\/wp\/v2\/pages\/6552","targetHints":{"allow":["GET"]}}],"collection":[{"href":"https:\/\/certustestlane.com\/pt-pt\/wp-json\/wp\/v2\/pages"}],"about":[{"href":"https:\/\/certustestlane.com\/pt-pt\/wp-json\/wp\/v2\/types\/page"}],"author":[{"embeddable":true,"href":"https:\/\/certustestlane.com\/pt-pt\/wp-json\/wp\/v2\/users\/1"}],"replies":[{"embeddable":true,"href":"https:\/\/certustestlane.com\/pt-pt\/wp-json\/wp\/v2\/comments?post=6552"}],"version-history":[{"count":0,"href":"https:\/\/certustestlane.com\/pt-pt\/wp-json\/wp\/v2\/pages\/6552\/revisions"}],"wp:attachment":[{"href":"https:\/\/certustestlane.com\/pt-pt\/wp-json\/wp\/v2\/media?parent=6552"}],"curies":[{"name":"wp","href":"https:\/\/api.w.org\/{rel}","templated":true}]}}