{"id":6557,"date":"2017-11-06T09:17:47","date_gmt":"2017-11-06T09:17:47","guid":{"rendered":"http:\/\/certustestlane.com\/?page_id=6557"},"modified":"2017-11-06T09:17:47","modified_gmt":"2017-11-06T09:17:47","slug":"certus-em-funcionamento","status":"publish","type":"page","link":"https:\/\/certustestlane.com\/pt-pt\/certus-em-funcionamento\/","title":{"rendered":"CERTUS em funcionamento"},"content":{"rendered":"<p>CERTUS 3 introduz uma nova gera\u00e7\u00e3o de linhas de inspe\u00e7\u00e3o veicular no mercado. Devido \u00e0s suas solu\u00e7\u00f5es t\u00e9cnicas modernas, continuamente aprimoradas e repensadas, bem como um design atraente, os equipamentos da CERTUS melhoram a competitividade das oficinas de inspe\u00e7\u00e3o veicular onde est\u00e3o instalados. CERTUS est\u00e1 em constante desenvolvimento e aberto \u00e0 mudan\u00e7as. Seus usu\u00e1rios podem ter certeza de que, se necess\u00e1rio, eles poder\u00e3o obter novas solu\u00e7\u00f5es alinhadas com as expectativas dos clientes e com novas regulamenta\u00e7\u00f5es legais sem aumento significativo de custos.<\/p>\n<p>At\u00e9 agora, mais de 500 usu\u00e1rios colocaram sua confian\u00e7a na atual marca CERTUS. <\/p>\n<p>Por que n\u00e3o se juntar a eles?<\/p>\n<div class=\"grid-x grid-padding-x small-up-2 medium-up-3 large-up-4 gallery\">\n<div class=\"cell\">\n<a class=\"cbox\" href=\"https:\/\/certustestlane.com\/cnt\/upld\/2014\/10\/Panorama14cmyk.jpg\"><img loading=\"lazy\" decoding=\"async\" src=\"https:\/\/certustestlane.com\/cnt\/upld\/2014\/10\/Panorama14cmyk-150x150.jpg\" width=\"150\" height=\"150\" alt=\"\" \/><\/a>\n<\/div>\n<div class=\"cell\">\n<a class=\"cbox\" href=\"https:\/\/certustestlane.com\/cnt\/upld\/2014\/10\/Panorama8cmyk.jpg\"><img loading=\"lazy\" decoding=\"async\" src=\"https:\/\/certustestlane.com\/cnt\/upld\/2014\/10\/Panorama8cmyk-150x150.jpg\" width=\"150\" height=\"150\" alt=\"\" \/><\/a>\n<\/div>\n<div class=\"cell\">\n<a class=\"cbox\" href=\"https:\/\/certustestlane.com\/cnt\/upld\/2014\/10\/Panorama6.jpg\"><img loading=\"lazy\" decoding=\"async\" src=\"https:\/\/certustestlane.com\/cnt\/upld\/2014\/10\/Panorama6-150x150.jpg\" width=\"150\" height=\"150\" alt=\"\" \/><\/a>\n<\/div>\n<div class=\"cell\">\n<a class=\"cbox\" href=\"https:\/\/certustestlane.com\/cnt\/upld\/2014\/10\/Panorama2cmyk.jpg\"><img loading=\"lazy\" decoding=\"async\" src=\"https:\/\/certustestlane.com\/cnt\/upld\/2014\/10\/Panorama2cmyk-150x150.jpg\" width=\"150\" height=\"150\" alt=\"\" \/><\/a>\n<\/div>\n<div class=\"cell\">\n<a class=\"cbox\" href=\"https:\/\/certustestlane.com\/cnt\/upld\/2014\/10\/DSC_0089cmyk.jpg\"><img loading=\"lazy\" decoding=\"async\" src=\"https:\/\/certustestlane.com\/cnt\/upld\/2014\/10\/DSC_0089cmyk-150x150.jpg\" width=\"150\" height=\"150\" alt=\"\" \/><\/a>\n<\/div>\n<div class=\"cell\">\n<a class=\"cbox\" href=\"https:\/\/certustestlane.com\/cnt\/upld\/2014\/10\/DSC_0055.jpg\"><img loading=\"lazy\" decoding=\"async\" src=\"https:\/\/certustestlane.com\/cnt\/upld\/2014\/10\/DSC_0055-150x150.jpg\" width=\"150\" height=\"150\" alt=\"\" \/><\/a>\n<\/div>\n<div class=\"cell\">\n<a class=\"cbox\" href=\"https:\/\/certustestlane.com\/cnt\/upld\/2014\/10\/aksel-plus-wnetrze.jpg\"><img loading=\"lazy\" decoding=\"async\" src=\"https:\/\/certustestlane.com\/cnt\/upld\/2014\/10\/aksel-plus-wnetrze-150x150.jpg\" width=\"150\" height=\"150\" alt=\"\" \/><\/a>\n<\/div>\n<div class=\"cell\">\n<a class=\"cbox\" href=\"https:\/\/certustestlane.com\/cnt\/upld\/2014\/10\/DSC_2363.jpg\"><img loading=\"lazy\" decoding=\"async\" src=\"https:\/\/certustestlane.com\/cnt\/upld\/2014\/10\/DSC_2363-150x150.jpg\" width=\"150\" height=\"150\" alt=\"\" \/><\/a>\n<\/div>\n<div class=\"cell\">\n<a class=\"cbox\" href=\"https:\/\/certustestlane.com\/cnt\/upld\/2014\/10\/DSC_2366.jpg\"><img loading=\"lazy\" decoding=\"async\" src=\"https:\/\/certustestlane.com\/cnt\/upld\/2014\/10\/DSC_2366-150x150.jpg\" width=\"150\" height=\"150\" alt=\"\" \/><\/a>\n<\/div>\n<div class=\"cell\">\n<a class=\"cbox\" href=\"https:\/\/certustestlane.com\/cnt\/upld\/2014\/10\/DSC_8192.jpg\"><img loading=\"lazy\" decoding=\"async\" src=\"https:\/\/certustestlane.com\/cnt\/upld\/2014\/10\/DSC_8192-150x150.jpg\" width=\"150\" height=\"150\" alt=\"\" \/><\/a>\n<\/div>\n<div class=\"cell\">\n<a class=\"cbox\" href=\"https:\/\/certustestlane.com\/cnt\/upld\/2014\/10\/IMG_9170.jpg\"><img loading=\"lazy\" decoding=\"async\" src=\"https:\/\/certustestlane.com\/cnt\/upld\/2014\/10\/IMG_9170-150x150.jpg\" width=\"150\" height=\"150\" alt=\"\" \/><\/a>\n<\/div>\n<div class=\"cell\">\n<a class=\"cbox\" href=\"https:\/\/certustestlane.com\/cnt\/upld\/2014\/10\/IMG_9215.jpg\"><img loading=\"lazy\" decoding=\"async\" src=\"https:\/\/certustestlane.com\/cnt\/upld\/2014\/10\/IMG_9215-150x150.jpg\" width=\"150\" height=\"150\" alt=\"\" \/><\/a>\n<\/div>\n<div class=\"cell\">\n<a class=\"cbox\" href=\"https:\/\/certustestlane.com\/cnt\/upld\/2014\/10\/IMG_9227.jpg\"><img loading=\"lazy\" decoding=\"async\" src=\"https:\/\/certustestlane.com\/cnt\/upld\/2014\/10\/IMG_9227-150x150.jpg\" width=\"150\" height=\"150\" alt=\"\" \/><\/a>\n<\/div>\n<\/div>\n\n","protected":false},"excerpt":{"rendered":"<p>CERTUS 3 introduz uma nova gera\u00e7\u00e3o de linhas de inspe\u00e7\u00e3o veicular no mercado. Devido \u00e0s suas solu\u00e7\u00f5es t\u00e9cnicas modernas, continuamente aprimoradas e repensadas, bem como um design atraente, os equipamentos da CERTUS melhoram a competitividade das oficinas de inspe\u00e7\u00e3o veicular onde est\u00e3o instalados. CERTUS est\u00e1 em constante desenvolvimento e aberto \u00e0 mudan\u00e7as. Seus usu\u00e1rios podem [&hellip;]<\/p>\n","protected":false},"author":1,"featured_media":0,"parent":0,"menu_order":7,"comment_status":"closed","ping_status":"closed","template":"","meta":{"footnotes":""},"class_list":["post-6557","page","type-page","status-publish","hentry"],"yoast_head":"<!-- This site is optimized with the Yoast SEO plugin v26.9 - https:\/\/yoast.com\/product\/yoast-seo-wordpress\/ -->\n<title>CERTUS em funcionamento - Certus 3<\/title>\n<meta name=\"robots\" content=\"index, follow, max-snippet:-1, max-image-preview:large, max-video-preview:-1\" \/>\n<link rel=\"canonical\" href=\"https:\/\/certustestlane.com\/pt-pt\/certus-em-funcionamento\/\" \/>\n<meta property=\"og:locale\" content=\"pt_PT\" \/>\n<meta property=\"og:type\" content=\"article\" \/>\n<meta property=\"og:title\" content=\"CERTUS em funcionamento - Certus 3\" \/>\n<meta property=\"og:description\" content=\"CERTUS 3 introduz uma nova gera\u00e7\u00e3o de linhas de inspe\u00e7\u00e3o veicular no mercado. Devido \u00e0s suas solu\u00e7\u00f5es t\u00e9cnicas modernas, continuamente aprimoradas e repensadas, bem como um design atraente, os equipamentos da CERTUS melhoram a competitividade das oficinas de inspe\u00e7\u00e3o veicular onde est\u00e3o instalados. CERTUS est\u00e1 em constante desenvolvimento e aberto \u00e0 mudan\u00e7as. Seus usu\u00e1rios podem [&hellip;]\" \/>\n<meta property=\"og:url\" content=\"https:\/\/certustestlane.com\/pt-pt\/certus-em-funcionamento\/\" \/>\n<meta property=\"og:site_name\" content=\"Certus 3\" \/>\n<meta property=\"og:image\" content=\"https:\/\/certustestlane.com\/cnt\/upld\/2014\/10\/Panorama14cmyk-150x150.jpg\" \/>\n<meta name=\"twitter:card\" content=\"summary_large_image\" \/>\n<meta name=\"twitter:label1\" content=\"Tempo estimado de leitura\" \/>\n\t<meta name=\"twitter:data1\" content=\"1 minuto\" \/>\n<script type=\"application\/ld+json\" class=\"yoast-schema-graph\">{\"@context\":\"https:\/\/schema.org\",\"@graph\":[{\"@type\":\"WebPage\",\"@id\":\"https:\/\/certustestlane.com\/pt-pt\/certus-em-funcionamento\/\",\"url\":\"https:\/\/certustestlane.com\/pt-pt\/certus-em-funcionamento\/\",\"name\":\"CERTUS em funcionamento - Certus 3\",\"isPartOf\":{\"@id\":\"https:\/\/certustestlane.com\/#website\"},\"datePublished\":\"2017-11-06T09:17:47+00:00\",\"breadcrumb\":{\"@id\":\"https:\/\/certustestlane.com\/pt-pt\/certus-em-funcionamento\/#breadcrumb\"},\"inLanguage\":\"pt-PT\",\"potentialAction\":[{\"@type\":\"ReadAction\",\"target\":[\"https:\/\/certustestlane.com\/pt-pt\/certus-em-funcionamento\/\"]}]},{\"@type\":\"BreadcrumbList\",\"@id\":\"https:\/\/certustestlane.com\/pt-pt\/certus-em-funcionamento\/#breadcrumb\",\"itemListElement\":[{\"@type\":\"ListItem\",\"position\":1,\"name\":\"Home\",\"item\":\"https:\/\/certustestlane.com\/pt-pt\/linha-de-inspecao-veicular-frenometro-de-rolos-placa-de-verificacao-de-folgas-equipamento-para-teste-de-suspensao-certus\/\"},{\"@type\":\"ListItem\",\"position\":2,\"name\":\"CERTUS em funcionamento\"}]},{\"@type\":\"WebSite\",\"@id\":\"https:\/\/certustestlane.com\/#website\",\"url\":\"https:\/\/certustestlane.com\/\",\"name\":\"Certus 3\",\"description\":\"vehicle test lanes\",\"potentialAction\":[{\"@type\":\"SearchAction\",\"target\":{\"@type\":\"EntryPoint\",\"urlTemplate\":\"https:\/\/certustestlane.com\/?s={search_term_string}\"},\"query-input\":{\"@type\":\"PropertyValueSpecification\",\"valueRequired\":true,\"valueName\":\"search_term_string\"}}],\"inLanguage\":\"pt-PT\"}]}<\/script>\n<!-- \/ Yoast SEO plugin. -->","yoast_head_json":{"title":"CERTUS em funcionamento - Certus 3","robots":{"index":"index","follow":"follow","max-snippet":"max-snippet:-1","max-image-preview":"max-image-preview:large","max-video-preview":"max-video-preview:-1"},"canonical":"https:\/\/certustestlane.com\/pt-pt\/certus-em-funcionamento\/","og_locale":"pt_PT","og_type":"article","og_title":"CERTUS em funcionamento - Certus 3","og_description":"CERTUS 3 introduz uma nova gera\u00e7\u00e3o de linhas de inspe\u00e7\u00e3o veicular no mercado. Devido \u00e0s suas solu\u00e7\u00f5es t\u00e9cnicas modernas, continuamente aprimoradas e repensadas, bem como um design atraente, os equipamentos da CERTUS melhoram a competitividade das oficinas de inspe\u00e7\u00e3o veicular onde est\u00e3o instalados. CERTUS est\u00e1 em constante desenvolvimento e aberto \u00e0 mudan\u00e7as. Seus usu\u00e1rios podem [&hellip;]","og_url":"https:\/\/certustestlane.com\/pt-pt\/certus-em-funcionamento\/","og_site_name":"Certus 3","og_image":[{"url":"https:\/\/certustestlane.com\/cnt\/upld\/2014\/10\/Panorama14cmyk-150x150.jpg","type":"","width":"","height":""}],"twitter_card":"summary_large_image","twitter_misc":{"Tempo estimado de leitura":"1 minuto"},"schema":{"@context":"https:\/\/schema.org","@graph":[{"@type":"WebPage","@id":"https:\/\/certustestlane.com\/pt-pt\/certus-em-funcionamento\/","url":"https:\/\/certustestlane.com\/pt-pt\/certus-em-funcionamento\/","name":"CERTUS em funcionamento - Certus 3","isPartOf":{"@id":"https:\/\/certustestlane.com\/#website"},"datePublished":"2017-11-06T09:17:47+00:00","breadcrumb":{"@id":"https:\/\/certustestlane.com\/pt-pt\/certus-em-funcionamento\/#breadcrumb"},"inLanguage":"pt-PT","potentialAction":[{"@type":"ReadAction","target":["https:\/\/certustestlane.com\/pt-pt\/certus-em-funcionamento\/"]}]},{"@type":"BreadcrumbList","@id":"https:\/\/certustestlane.com\/pt-pt\/certus-em-funcionamento\/#breadcrumb","itemListElement":[{"@type":"ListItem","position":1,"name":"Home","item":"https:\/\/certustestlane.com\/pt-pt\/linha-de-inspecao-veicular-frenometro-de-rolos-placa-de-verificacao-de-folgas-equipamento-para-teste-de-suspensao-certus\/"},{"@type":"ListItem","position":2,"name":"CERTUS em funcionamento"}]},{"@type":"WebSite","@id":"https:\/\/certustestlane.com\/#website","url":"https:\/\/certustestlane.com\/","name":"Certus 3","description":"vehicle test lanes","potentialAction":[{"@type":"SearchAction","target":{"@type":"EntryPoint","urlTemplate":"https:\/\/certustestlane.com\/?s={search_term_string}"},"query-input":{"@type":"PropertyValueSpecification","valueRequired":true,"valueName":"search_term_string"}}],"inLanguage":"pt-PT"}]}},"_links":{"self":[{"href":"https:\/\/certustestlane.com\/pt-pt\/wp-json\/wp\/v2\/pages\/6557","targetHints":{"allow":["GET"]}}],"collection":[{"href":"https:\/\/certustestlane.com\/pt-pt\/wp-json\/wp\/v2\/pages"}],"about":[{"href":"https:\/\/certustestlane.com\/pt-pt\/wp-json\/wp\/v2\/types\/page"}],"author":[{"embeddable":true,"href":"https:\/\/certustestlane.com\/pt-pt\/wp-json\/wp\/v2\/users\/1"}],"replies":[{"embeddable":true,"href":"https:\/\/certustestlane.com\/pt-pt\/wp-json\/wp\/v2\/comments?post=6557"}],"version-history":[{"count":0,"href":"https:\/\/certustestlane.com\/pt-pt\/wp-json\/wp\/v2\/pages\/6557\/revisions"}],"wp:attachment":[{"href":"https:\/\/certustestlane.com\/pt-pt\/wp-json\/wp\/v2\/media?parent=6557"}],"curies":[{"name":"wp","href":"https:\/\/api.w.org\/{rel}","templated":true}]}}