{"id":6592,"date":"2017-11-06T09:28:54","date_gmt":"2017-11-06T09:28:54","guid":{"rendered":"http:\/\/certustestlane.com\/?page_id=6592"},"modified":"2017-11-06T09:28:54","modified_gmt":"2017-11-06T09:28:54","slug":"estamos-procura-de-distribuidores","status":"publish","type":"page","link":"https:\/\/certustestlane.com\/pt-pt\/estamos-procura-de-distribuidores\/","title":{"rendered":"Estamos \u00e0 procura de distribuidores"},"content":{"rendered":"<p><strong>Se voc\u00ea est\u00e1 em busca de um produto comprovadamente testado para oferecer aos seus clientes, ent\u00e3o, voc\u00ea est\u00e1 no lugar certo porque estamos \u00e0 procura de distribuidores para a nossa linha CERTUS de inspe\u00e7\u00e3o de ve\u00edculos.<\/strong><\/p>\n<p>Nossa empresa tem uma rica experi\u00eancia em coopera\u00e7\u00e3o com muitas f\u00e1bricas de fora do pa\u00eds, ent\u00e3o, sabemos muito bem de que tipo de assist\u00eancia o distribuidor necessita. Queremos apoiar os distribuidores na constru\u00e7\u00e3o de um neg\u00f3cio de sucesso e estamos focados em rela\u00e7\u00f5es comerciais a longo prazo.<\/p>\n<h2>Oferecemos:<\/h2>\n<ul>\n<li>Dispositivos testados, s\u00f3lidos e modernos;<\/li>\n<li>Disponibilidade de desenvolvimento de equipamentos, conforme as necessidades do mercado local;<\/li>\n<li>Sistema de conex\u00e3o online com equipamentos j\u00e1 funcionados (hot-line para os distribuidores);<\/li>\n<li>Forma\u00e7\u00e3o para pessoal comercial e t\u00e9cnico;<\/li>\n<li>Apoio em cada uma das fases da coopera\u00e7\u00e3o.<\/li>\n<\/ul>\n<h2>Contato:<\/h2>\n<p><strong>Tomasz Wasylewicz<\/strong><br \/>\nTelefone:+48 32\u00a0332 49 30 \/ celular +48 660 495\u00a0287<br \/>\ne-mail: <a href=\"mai&#108;&#116;&#111;&#x3a;&#x69;&#x6e;&#x66;&#x6f;&#x40;wso&#112;&#46;&#112;&#108;\">info [at] wsop.pl<\/a> \/ <a href=\"&#x6d;&#x61;&#x69;&#x6c;&#x74;&#111;&#58;&#116;&#46;was&#x79;&#x6c;&#x65;&#x77;&#x69;&#x63;&#122;&#64;&#119;sop&#x2e;&#x70;&#x6c;\">t.wasylewicz [at] wsop.pl<\/a><\/p>\n","protected":false},"excerpt":{"rendered":"<p>Se voc\u00ea est\u00e1 em busca de um produto comprovadamente testado para oferecer aos seus clientes, ent\u00e3o, voc\u00ea est\u00e1 no lugar certo porque estamos \u00e0 procura de distribuidores para a nossa linha CERTUS de inspe\u00e7\u00e3o de ve\u00edculos. Nossa empresa tem uma rica experi\u00eancia em coopera\u00e7\u00e3o com muitas f\u00e1bricas de fora do pa\u00eds, ent\u00e3o, sabemos muito bem [&hellip;]<\/p>\n","protected":false},"author":1,"featured_media":0,"parent":0,"menu_order":9,"comment_status":"closed","ping_status":"closed","template":"","meta":{"footnotes":""},"class_list":["post-6592","page","type-page","status-publish","hentry"],"yoast_head":"<!-- This site is optimized with the Yoast SEO plugin v26.9 - https:\/\/yoast.com\/product\/yoast-seo-wordpress\/ -->\n<title>Estamos \u00e0 procura de distribuidores - Certus 3<\/title>\n<meta name=\"robots\" content=\"index, follow, max-snippet:-1, max-image-preview:large, max-video-preview:-1\" \/>\n<link rel=\"canonical\" href=\"https:\/\/certustestlane.com\/pt-pt\/estamos-procura-de-distribuidores\/\" \/>\n<meta property=\"og:locale\" content=\"pt_PT\" \/>\n<meta property=\"og:type\" content=\"article\" \/>\n<meta property=\"og:title\" content=\"Estamos \u00e0 procura de distribuidores - Certus 3\" \/>\n<meta property=\"og:description\" content=\"Se voc\u00ea est\u00e1 em busca de um produto comprovadamente testado para oferecer aos seus clientes, ent\u00e3o, voc\u00ea est\u00e1 no lugar certo porque estamos \u00e0 procura de distribuidores para a nossa linha CERTUS de inspe\u00e7\u00e3o de ve\u00edculos. Nossa empresa tem uma rica experi\u00eancia em coopera\u00e7\u00e3o com muitas f\u00e1bricas de fora do pa\u00eds, ent\u00e3o, sabemos muito bem [&hellip;]\" \/>\n<meta property=\"og:url\" content=\"https:\/\/certustestlane.com\/pt-pt\/estamos-procura-de-distribuidores\/\" \/>\n<meta property=\"og:site_name\" content=\"Certus 3\" \/>\n<meta name=\"twitter:card\" content=\"summary_large_image\" \/>\n<meta name=\"twitter:label1\" content=\"Tempo estimado de leitura\" \/>\n\t<meta name=\"twitter:data1\" content=\"1 minuto\" \/>\n<script type=\"application\/ld+json\" class=\"yoast-schema-graph\">{\"@context\":\"https:\/\/schema.org\",\"@graph\":[{\"@type\":\"WebPage\",\"@id\":\"https:\/\/certustestlane.com\/pt-pt\/estamos-procura-de-distribuidores\/\",\"url\":\"https:\/\/certustestlane.com\/pt-pt\/estamos-procura-de-distribuidores\/\",\"name\":\"Estamos \u00e0 procura de distribuidores - Certus 3\",\"isPartOf\":{\"@id\":\"https:\/\/certustestlane.com\/#website\"},\"datePublished\":\"2017-11-06T09:28:54+00:00\",\"breadcrumb\":{\"@id\":\"https:\/\/certustestlane.com\/pt-pt\/estamos-procura-de-distribuidores\/#breadcrumb\"},\"inLanguage\":\"pt-PT\",\"potentialAction\":[{\"@type\":\"ReadAction\",\"target\":[\"https:\/\/certustestlane.com\/pt-pt\/estamos-procura-de-distribuidores\/\"]}]},{\"@type\":\"BreadcrumbList\",\"@id\":\"https:\/\/certustestlane.com\/pt-pt\/estamos-procura-de-distribuidores\/#breadcrumb\",\"itemListElement\":[{\"@type\":\"ListItem\",\"position\":1,\"name\":\"Home\",\"item\":\"https:\/\/certustestlane.com\/pt-pt\/linha-de-inspecao-veicular-frenometro-de-rolos-placa-de-verificacao-de-folgas-equipamento-para-teste-de-suspensao-certus\/\"},{\"@type\":\"ListItem\",\"position\":2,\"name\":\"Estamos \u00e0 procura de distribuidores\"}]},{\"@type\":\"WebSite\",\"@id\":\"https:\/\/certustestlane.com\/#website\",\"url\":\"https:\/\/certustestlane.com\/\",\"name\":\"Certus 3\",\"description\":\"vehicle test lanes\",\"potentialAction\":[{\"@type\":\"SearchAction\",\"target\":{\"@type\":\"EntryPoint\",\"urlTemplate\":\"https:\/\/certustestlane.com\/?s={search_term_string}\"},\"query-input\":{\"@type\":\"PropertyValueSpecification\",\"valueRequired\":true,\"valueName\":\"search_term_string\"}}],\"inLanguage\":\"pt-PT\"}]}<\/script>\n<!-- \/ Yoast SEO plugin. -->","yoast_head_json":{"title":"Estamos \u00e0 procura de distribuidores - Certus 3","robots":{"index":"index","follow":"follow","max-snippet":"max-snippet:-1","max-image-preview":"max-image-preview:large","max-video-preview":"max-video-preview:-1"},"canonical":"https:\/\/certustestlane.com\/pt-pt\/estamos-procura-de-distribuidores\/","og_locale":"pt_PT","og_type":"article","og_title":"Estamos \u00e0 procura de distribuidores - Certus 3","og_description":"Se voc\u00ea est\u00e1 em busca de um produto comprovadamente testado para oferecer aos seus clientes, ent\u00e3o, voc\u00ea est\u00e1 no lugar certo porque estamos \u00e0 procura de distribuidores para a nossa linha CERTUS de inspe\u00e7\u00e3o de ve\u00edculos. Nossa empresa tem uma rica experi\u00eancia em coopera\u00e7\u00e3o com muitas f\u00e1bricas de fora do pa\u00eds, ent\u00e3o, sabemos muito bem [&hellip;]","og_url":"https:\/\/certustestlane.com\/pt-pt\/estamos-procura-de-distribuidores\/","og_site_name":"Certus 3","twitter_card":"summary_large_image","twitter_misc":{"Tempo estimado de leitura":"1 minuto"},"schema":{"@context":"https:\/\/schema.org","@graph":[{"@type":"WebPage","@id":"https:\/\/certustestlane.com\/pt-pt\/estamos-procura-de-distribuidores\/","url":"https:\/\/certustestlane.com\/pt-pt\/estamos-procura-de-distribuidores\/","name":"Estamos \u00e0 procura de distribuidores - Certus 3","isPartOf":{"@id":"https:\/\/certustestlane.com\/#website"},"datePublished":"2017-11-06T09:28:54+00:00","breadcrumb":{"@id":"https:\/\/certustestlane.com\/pt-pt\/estamos-procura-de-distribuidores\/#breadcrumb"},"inLanguage":"pt-PT","potentialAction":[{"@type":"ReadAction","target":["https:\/\/certustestlane.com\/pt-pt\/estamos-procura-de-distribuidores\/"]}]},{"@type":"BreadcrumbList","@id":"https:\/\/certustestlane.com\/pt-pt\/estamos-procura-de-distribuidores\/#breadcrumb","itemListElement":[{"@type":"ListItem","position":1,"name":"Home","item":"https:\/\/certustestlane.com\/pt-pt\/linha-de-inspecao-veicular-frenometro-de-rolos-placa-de-verificacao-de-folgas-equipamento-para-teste-de-suspensao-certus\/"},{"@type":"ListItem","position":2,"name":"Estamos \u00e0 procura de distribuidores"}]},{"@type":"WebSite","@id":"https:\/\/certustestlane.com\/#website","url":"https:\/\/certustestlane.com\/","name":"Certus 3","description":"vehicle test lanes","potentialAction":[{"@type":"SearchAction","target":{"@type":"EntryPoint","urlTemplate":"https:\/\/certustestlane.com\/?s={search_term_string}"},"query-input":{"@type":"PropertyValueSpecification","valueRequired":true,"valueName":"search_term_string"}}],"inLanguage":"pt-PT"}]}},"_links":{"self":[{"href":"https:\/\/certustestlane.com\/pt-pt\/wp-json\/wp\/v2\/pages\/6592","targetHints":{"allow":["GET"]}}],"collection":[{"href":"https:\/\/certustestlane.com\/pt-pt\/wp-json\/wp\/v2\/pages"}],"about":[{"href":"https:\/\/certustestlane.com\/pt-pt\/wp-json\/wp\/v2\/types\/page"}],"author":[{"embeddable":true,"href":"https:\/\/certustestlane.com\/pt-pt\/wp-json\/wp\/v2\/users\/1"}],"replies":[{"embeddable":true,"href":"https:\/\/certustestlane.com\/pt-pt\/wp-json\/wp\/v2\/comments?post=6592"}],"version-history":[{"count":0,"href":"https:\/\/certustestlane.com\/pt-pt\/wp-json\/wp\/v2\/pages\/6592\/revisions"}],"wp:attachment":[{"href":"https:\/\/certustestlane.com\/pt-pt\/wp-json\/wp\/v2\/media?parent=6592"}],"curies":[{"name":"wp","href":"https:\/\/api.w.org\/{rel}","templated":true}]}}